{"id":10069,"date":"2024-10-02T19:37:58","date_gmt":"2024-10-02T17:37:58","guid":{"rendered":"https:\/\/theprogthief.de\/?page_id=10069"},"modified":"2026-04-08T14:41:30","modified_gmt":"2026-04-08T12:41:30","slug":"the-final-experiment-by-ayreon","status":"publish","type":"page","link":"https:\/\/theprogthief.de\/en\/the-final-experiment-by-ayreon\/","title":{"rendered":"The Final Experiment by Ayreon"},"content":{"rendered":"\t\t<div data-elementor-type=\"wp-page\" data-elementor-id=\"10069\" class=\"elementor elementor-10069\" data-elementor-post-type=\"page\">\n\t\t\t\t<div class=\"elementor-element elementor-element-28542929 e-con-full e-flex e-con e-parent\" data-id=\"28542929\" data-element_type=\"container\" data-e-type=\"container\" data-settings=\"{&quot;background_background&quot;:&quot;classic&quot;}\">\n\t\t\t\t<div class=\"elementor-element elementor-element-2208984c elementor-widget elementor-widget-heading\" data-id=\"2208984c\" data-element_type=\"widget\" data-e-type=\"widget\" data-widget_type=\"heading.default\">\n\t\t\t\t<div class=\"elementor-widget-container\">\n\t\t\t\t\t<h2 class=\"elementor-heading-title elementor-size-default\"><a href=\"https:\/\/theprogthief.de\"> The Prog-Thief<\/a><\/h2>\t\t\t\t<\/div>\n\t\t\t\t<\/div>\n\t\t\t\t<\/div>\n\t\t<div class=\"elementor-element elementor-element-4119b954 e-con-full e-flex e-con e-parent\" data-id=\"4119b954\" data-element_type=\"container\" data-e-type=\"container\" data-settings=\"{&quot;background_background&quot;:&quot;classic&quot;}\">\n\t\t\t\t<div class=\"elementor-element elementor-element-925815b elementor-nav-menu--stretch elementor-widget__width-initial elementor-nav-menu__text-align-aside elementor-nav-menu--toggle elementor-nav-menu--burger elementor-invisible elementor-widget elementor-widget-global elementor-global-12513 elementor-widget-nav-menu\" data-id=\"925815b\" data-element_type=\"widget\" data-e-type=\"widget\" data-settings=\"{&quot;layout&quot;:&quot;dropdown&quot;,&quot;submenu_icon&quot;:{&quot;value&quot;:&quot;fas fa-chevron-down&quot;,&quot;library&quot;:&quot;fa-solid&quot;},&quot;full_width&quot;:&quot;stretch&quot;,&quot;_animation&quot;:&quot;fadeInUp&quot;,&quot;toggle&quot;:&quot;burger&quot;}\" data-widget_type=\"nav-menu.default\">\n\t\t\t\t<div class=\"elementor-widget-container\">\n\t\t\t\t\t\t\t<div class=\"elementor-menu-toggle\" role=\"button\" tabindex=\"0\" aria-label=\"Menu Toggle\" aria-expanded=\"false\">\n\t\t\t<i aria-hidden=\"true\" role=\"presentation\" class=\"elementor-menu-toggle__icon--open eicon-menu-bar\"><\/i><i aria-hidden=\"true\" role=\"presentation\" class=\"elementor-menu-toggle__icon--close eicon-close\"><\/i>\t\t<\/div>\n\t\t\t\t\t<nav class=\"elementor-nav-menu--dropdown elementor-nav-menu__container\" aria-hidden=\"true\">\n\t\t\t\t<ul id=\"menu-2-925815b\" class=\"elementor-nav-menu\"><li class=\"menu-item menu-item-type-post_type menu-item-object-page menu-item-home menu-item-12224\"><a href=\"https:\/\/theprogthief.de\/en\/\" class=\"elementor-item\" tabindex=\"-1\">Home<\/a><\/li>\n<li class=\"menu-item menu-item-type-post_type menu-item-object-page menu-item-24784\"><a href=\"https:\/\/theprogthief.de\/en\/ayreon-alben\/\" class=\"elementor-item\" tabindex=\"-1\">Ayreon<\/a><\/li>\n<li class=\"menu-item menu-item-type-post_type menu-item-object-page menu-item-24610\"><a href=\"https:\/\/theprogthief.de\/en\/porcupine-tree\/\" class=\"elementor-item\" tabindex=\"-1\">Porcupine Tree<\/a><\/li>\n<li class=\"menu-item menu-item-type-post_type menu-item-object-page menu-item-30976\"><a href=\"https:\/\/theprogthief.de\/en\/theatre-of-tragedy\/\" class=\"elementor-item\" tabindex=\"-1\">Theatre Of Tragedy<\/a><\/li>\n<li class=\"menu-item menu-item-type-post_type menu-item-object-page menu-item-has-children menu-item-12227\"><a rel=\"Keine\" href=\"https:\/\/theprogthief.de\/en\/rezensionen\/\" class=\"elementor-item\" tabindex=\"-1\">Rezensionen<\/a>\n<ul class=\"sub-menu elementor-nav-menu--dropdown\">\n\t<li class=\"menu-item menu-item-type-post_type menu-item-object-page menu-item-13299\"><a href=\"https:\/\/theprogthief.de\/en\/reviewsii\/\" class=\"elementor-sub-item\" tabindex=\"-1\">Reviews II<\/a><\/li>\n\t<li class=\"menu-item menu-item-type-post_type menu-item-object-page menu-item-13253\"><a href=\"https:\/\/theprogthief.de\/en\/reviews-iii\/\" class=\"elementor-sub-item\" tabindex=\"-1\">Reviews III<\/a><\/li>\n\t<li class=\"menu-item menu-item-type-post_type menu-item-object-page menu-item-20876\"><a href=\"https:\/\/theprogthief.de\/en\/reviews-iv\/\" class=\"elementor-sub-item\" tabindex=\"-1\">Reviews IV<\/a><\/li>\n\t<li class=\"menu-item menu-item-type-post_type menu-item-object-page menu-item-24240\"><a href=\"https:\/\/theprogthief.de\/en\/reviews-v\/\" class=\"elementor-sub-item\" tabindex=\"-1\">Reviews V<\/a><\/li>\n\t<li class=\"menu-item menu-item-type-post_type menu-item-object-page menu-item-24478\"><a href=\"https:\/\/theprogthief.de\/en\/rezensionen\/\" class=\"elementor-sub-item\" tabindex=\"-1\">Rezensionen A-Z<\/a><\/li>\n<\/ul>\n<\/li>\n<li class=\"menu-item menu-item-type-post_type menu-item-object-page menu-item-19217\"><a href=\"https:\/\/theprogthief.de\/en\/female-driven\/\" class=\"elementor-item\" tabindex=\"-1\">Female Driven<\/a><\/li>\n<li class=\"menu-item menu-item-type-post_type menu-item-object-page menu-item-12223\"><a href=\"https:\/\/theprogthief.de\/en\/was-ist-prog\/\" class=\"elementor-item\" tabindex=\"-1\">Was ist Prog?<\/a><\/li>\n<li class=\"menu-item menu-item-type-post_type menu-item-object-page menu-item-12222\"><a href=\"https:\/\/theprogthief.de\/en\/ueber-mich\/\" class=\"elementor-item\" tabindex=\"-1\">\u00dcber mich<\/a><\/li>\n<\/ul>\t\t\t<\/nav>\n\t\t\t\t\t\t<\/div>\n\t\t\t\t<\/div>\n\t\t\t\t<\/div>\n\t\t<div class=\"elementor-element elementor-element-682a5d53 e-flex e-con-boxed e-con e-parent\" data-id=\"682a5d53\" data-element_type=\"container\" data-e-type=\"container\" data-settings=\"{&quot;background_background&quot;:&quot;classic&quot;}\">\n\t\t\t\t\t<div class=\"e-con-inner\">\n\t\t<div class=\"elementor-element elementor-element-4b78ff14 e-con-full e-flex e-con e-child\" data-id=\"4b78ff14\" data-element_type=\"container\" data-e-type=\"container\">\n\t\t\t\t<\/div>\n\t\t<div class=\"elementor-element elementor-element-2bc200b9 e-con-full e-flex e-con e-child\" data-id=\"2bc200b9\" data-element_type=\"container\" data-e-type=\"container\">\n\t\t\t\t<div class=\"elementor-element elementor-element-43fa51c7 elementor-widget elementor-widget-text-editor\" data-id=\"43fa51c7\" data-element_type=\"widget\" data-e-type=\"widget\" data-widget_type=\"text-editor.default\">\n\t\t\t\t<div class=\"elementor-widget-container\">\n\t\t\t\t\t\t\t\t\t<p style=\"text-align: center;\">Ayreon<a href=\"https:\/\/theprogthief.de\/into-the-electric-castle-by-ayreon\/\"><img decoding=\"async\" class=\"aligncenter wp-image-9935\" src=\"https:\/\/theprogthief.de\/wp-content\/uploads\/2024\/09\/AITFC350.jpg\" alt=\"CD Into the Electric Castle by Ayreon, Frontcover\" width=\"100\" height=\"89\" srcset=\"https:\/\/theprogthief.de\/wp-content\/uploads\/2024\/09\/AITFC350.jpg 350w, https:\/\/theprogthief.de\/wp-content\/uploads\/2024\/09\/AITFC350-300x268.jpg 300w, https:\/\/theprogthief.de\/wp-content\/uploads\/2024\/09\/AITFC350-150x134.jpg 150w\" sizes=\"(max-width: 100px) 100vw, 100px\" \/><\/a>&#8222;Electric Castle&#8220;<\/p>\t\t\t\t\t\t\t\t<\/div>\n\t\t\t\t<\/div>\n\t\t\t\t<\/div>\n\t\t<div class=\"elementor-element elementor-element-1d38e9 e-con-full e-flex e-con e-child\" data-id=\"1d38e9\" data-element_type=\"container\" data-e-type=\"container\">\n\t\t\t\t<\/div>\n\t\t\t\t\t<\/div>\n\t\t\t\t<\/div>\n\t\t<div class=\"elementor-element elementor-element-1fab775b e-flex e-con-boxed e-con e-parent\" data-id=\"1fab775b\" data-element_type=\"container\" data-e-type=\"container\" data-settings=\"{&quot;background_background&quot;:&quot;classic&quot;}\">\n\t\t\t\t\t<div class=\"e-con-inner\">\n\t\t\t\t<div class=\"elementor-element elementor-element-4e78f71e elementor-widget elementor-widget-heading\" data-id=\"4e78f71e\" data-element_type=\"widget\" data-e-type=\"widget\" data-widget_type=\"heading.default\">\n\t\t\t\t<div class=\"elementor-widget-container\">\n\t\t\t\t\t<h2 class=\"elementor-heading-title elementor-size-default\">The Final Experiment by Ayreon<\/h2>\t\t\t\t<\/div>\n\t\t\t\t<\/div>\n\t\t\t\t\t<\/div>\n\t\t\t\t<\/div>\n\t\t<div class=\"elementor-element elementor-element-3663dd1e e-flex e-con-boxed e-con e-parent\" data-id=\"3663dd1e\" data-element_type=\"container\" data-e-type=\"container\" data-settings=\"{&quot;background_background&quot;:&quot;classic&quot;}\">\n\t\t\t\t\t<div class=\"e-con-inner\">\n\t\t<div class=\"elementor-element elementor-element-5fb9b0c3 e-con-full e-flex e-con e-child\" data-id=\"5fb9b0c3\" data-element_type=\"container\" data-e-type=\"container\">\n\t\t<div class=\"elementor-element elementor-element-175f47e e-flex e-con-boxed e-con e-child\" data-id=\"175f47e\" data-element_type=\"container\" data-e-type=\"container\">\n\t\t\t\t\t<div class=\"e-con-inner\">\n\t\t\t\t<div class=\"elementor-element elementor-element-fb81acc elementor-widget elementor-widget-text-editor\" data-id=\"fb81acc\" data-element_type=\"widget\" data-e-type=\"widget\" data-widget_type=\"text-editor.default\">\n\t\t\t\t<div class=\"elementor-widget-container\">\n\t\t\t\t\t\t\t\t\t<div class=\"wp-block-image\"><a href=\"https:\/\/theprogthief.de\/wp-content\/uploads\/2024\/11\/AFEFC1280.jpg\"><img fetchpriority=\"high\" decoding=\"async\" class=\"aligncenter wp-image-12057 size-full\" src=\"https:\/\/theprogthief.de\/wp-content\/uploads\/2024\/11\/AFEFCx350.jpg\" alt=\"Album The Final Experiment by Ayreon. CD Frontcover.\" width=\"350\" height=\"301\" srcset=\"https:\/\/theprogthief.de\/wp-content\/uploads\/2024\/11\/AFEFCx350.jpg 350w, https:\/\/theprogthief.de\/wp-content\/uploads\/2024\/11\/AFEFCx350-300x258.jpg 300w, https:\/\/theprogthief.de\/wp-content\/uploads\/2024\/11\/AFEFCx350-150x129.jpg 150w, https:\/\/theprogthief.de\/wp-content\/uploads\/2024\/11\/AFEFCx350-14x12.jpg 14w\" sizes=\"(max-width: 350px) 100vw, 350px\" \/><\/a><\/div><div class=\"wp-block-image\"><p><span style=\"text-decoration: underline;\"><a href=\"https:\/\/www.arjenlucassen.com\/content\/\" target=\"_blank\" rel=\"noopener\">Ayreon<\/a><br \/><\/span>&#8222;The Final Experiment&#8220;<br \/>Progressive Rock\/Metal. CD. 1995<\/p><\/div><p>1995 ver\u00f6ffentlichte Arjen Lucassen, ehemaliger Vengeance Gitarrist, sein erstes Album des eigenen Projektes Ayreon. Arjen heuerte f\u00fcr seine Projekte immer wieder namhafte Gastmusiker\/Innen an, um in den meisten F\u00e4llen Konzeptalben mit ihnen zu produzieren. Und wenn Arjen\u00a0 ruft, kommen sie auch. Was auf\u00a0 The Final Experiment noch nicht so ausgepr\u00e4gt war, wie auf den sp\u00e4teren Alben. Ian Perry, Edward Reekers und der Hamburger Lenny Wolf \u00fcbernahmen mit Arjen den Gesang. Viele der Instrumente spielte Arjen selbst ein. Insgesamt 6 Alben ergeben einen langen Erz\u00e4hlfaden, in dem die Geschichte der au\u00dferirdischen Forever\u00a0 erz\u00e4hlt wird. The Final Experiment ist das erste Album. Alle 6 Alben wurden von mir rezensiert. Die R\u00fcckseite zeigt uns die Liste an Musikern und Instrumenten.<\/p><p><a href=\"https:\/\/theprogthief.de\/wp-content\/uploads\/2024\/11\/AFEBC1280.jpg\"><img decoding=\"async\" class=\"aligncenter wp-image-11676 size-medium\" src=\"https:\/\/theprogthief.de\/wp-content\/uploads\/2024\/11\/AFEBC350-300x256.avif\" alt=\"Album The Final Experiment by Ayreon. CD Backcover.\" width=\"300\" height=\"256\" srcset=\"https:\/\/theprogthief.de\/wp-content\/uploads\/2024\/11\/AFEBC350-300x256.avif 300w, https:\/\/theprogthief.de\/wp-content\/uploads\/2024\/11\/AFEBC350-150x128.avif 150w, https:\/\/theprogthief.de\/wp-content\/uploads\/2024\/11\/AFEBC350-14x12.avif 14w, https:\/\/theprogthief.de\/wp-content\/uploads\/2024\/11\/AFEBC350.avif 350w\" sizes=\"(max-width: 300px) 100vw, 300px\" \/><\/a><\/p><p>2084 sieht es schlecht aus f\u00fcr die Menschen, droht doch die totale\u00a0 atomare Vernichtung. Wissenschaftler entwickelten eine Maschine die es erlaubt, Nachrichten in Form von Tr\u00e4umen in die Vergangenheit zu senden. Der blinde Minnes\u00e4nger Ayreon aus dem Mittelalter erh\u00e4lt diese Nachrichten und soll helfen, die drohende Katastrophe abzuwenden. Musikalisch gibt es progressiv-Rock, Symphonic Rock, mit allerlei musikalischen Finessen. Teils erinnert das an\u00a0 altert\u00fcmliche Musik (Ritter der Tafelrunde, Merlin), verwoben mit spacigem Ambiente.<\/p><p>Meine Highlights sind &#8222;Eyes of Time&#8220;, &#8222;Sail away To Avalon&#8220;, &#8222;Listen to the Waves&#8220;, &#8222;The Charm of the Seers&#8220; und &#8222;Ayreon&#8217;s Fate&#8220;. Das ist episch, spacig, folkig, rockig, matalig. Gesungen und gespielt von hervorragenden Musikern und Musikerinen.<\/p><p><a href=\"https:\/\/theprogthief.de\/wp-content\/uploads\/2024\/11\/AFEIC1280.jpg\"><img loading=\"lazy\" decoding=\"async\" class=\"aligncenter wp-image-11674 size-medium\" src=\"https:\/\/theprogthief.de\/wp-content\/uploads\/2024\/11\/AFEIC350-300x294.avif\" alt=\"Album The Final Experiment by Ayreon. CD Innencover.\" width=\"300\" height=\"294\" srcset=\"https:\/\/theprogthief.de\/wp-content\/uploads\/2024\/11\/AFEIC350-300x294.avif 300w, https:\/\/theprogthief.de\/wp-content\/uploads\/2024\/11\/AFEIC350-150x147.avif 150w, https:\/\/theprogthief.de\/wp-content\/uploads\/2024\/11\/AFEIC350-12x12.avif 12w, https:\/\/theprogthief.de\/wp-content\/uploads\/2024\/11\/AFEIC350.avif 350w\" sizes=\"(max-width: 300px) 100vw, 300px\" \/><\/a><\/p><p>Mein Fazit des Erstlings von Ayreon f\u00e4llt positiv aus. Es gibt den Ton an f\u00fcr die anderen 5 Alben, die noch folgten. Ich nenne es den &#8222;Forever Zyklus&#8220;. Die Produktion klingt perfekt, eines der Markenzeichen von Arjen Lucassen&#8217;s Ayreon Werken. Wer Rock Operas mag, den rate ich zum reinh\u00f6ren.<\/p><p>Reihenfolge der Alben des &#8222;Forever&#8220; Zyklus, wie ich ihn nenne.<\/p><p>1995 The Final Experiment<br \/><span style=\"text-decoration: underline;\"><a href=\"https:\/\/theprogthief.de\/into-the-electric-castle-by-ayreon\/\">1998 Into the Electric Castle<\/a><\/span><br \/><a href=\"https:\/\/theprogthief.de\/the-dream-sequencer-by-ayreon\/\"><span style=\"text-decoration: underline;\">2000 Universal Migrator Part I &#8222;The Dream Sequencer&#8220;<\/span><\/a><br \/><a href=\"https:\/\/theprogthief.de\/flight-of-the-migrator-by-ayreon\/\"><span style=\"text-decoration: underline;\">2000 Universal Migrator Part II &#8222;Flight of the Migrator&#8220;<\/span><\/a><br \/><a href=\"https:\/\/theprogthief.de\/the-human-equation-by-ayreon\/\"><span style=\"text-decoration: underline;\">2004 The Human Equation<\/span><\/a><br \/><a href=\"https:\/\/theprogthief.de\/010110001-by-ayreon\/\"><span style=\"text-decoration: underline;\">2008 01011001<\/span><\/a><\/p><p>Die Fotos stammen alle von meiner CD. Die Rechte aller Motive, Logos, Texte und Schriften, die auf den Fotos zu sehen sind, liegen nat\u00fcrlich beim Rechteinhaber.<\/p><p>No AI was used in the making of this Review.<br \/>\u00a901.11.2024<\/p>\t\t\t\t\t\t\t\t<\/div>\n\t\t\t\t<\/div>\n\t\t\t\t\t<\/div>\n\t\t\t\t<\/div>\n\t\t\t\t<\/div>\n\t\t\t\t\t<\/div>\n\t\t\t\t<\/div>\n\t\t<div class=\"elementor-element elementor-element-65d1743a e-flex e-con-boxed e-con e-parent\" data-id=\"65d1743a\" data-element_type=\"container\" data-e-type=\"container\" data-settings=\"{&quot;background_background&quot;:&quot;classic&quot;}\">\n\t\t\t\t\t<div class=\"e-con-inner\">\n\t\t<div class=\"elementor-element elementor-element-faf1bc6 e-con-full e-flex e-con e-child\" data-id=\"faf1bc6\" data-element_type=\"container\" data-e-type=\"container\">\n\t\t\t\t<div class=\"elementor-element elementor-element-12a628cd elementor-widget elementor-widget-video\" data-id=\"12a628cd\" data-element_type=\"widget\" data-e-type=\"widget\" data-settings=\"{&quot;youtube_url&quot;:&quot;https:\\\/\\\/youtu.be\\\/X4daJRdjTdY?list=PLHTo__bpnlYWpMQ2FwOcjEC0EQmTmq5S-&quot;,&quot;video_type&quot;:&quot;youtube&quot;,&quot;controls&quot;:&quot;yes&quot;}\" data-widget_type=\"video.default\">\n\t\t\t\t<div class=\"elementor-widget-container\">\n\t\t\t\t\t\t\t<div class=\"elementor-wrapper elementor-open-inline\">\n\t\t\t<div class=\"elementor-video\"><\/div>\t\t<\/div>\n\t\t\t\t\t\t<\/div>\n\t\t\t\t<\/div>\n\t\t\t\t<\/div>\n\t\t<div class=\"elementor-element elementor-element-1a3d83a1 e-con-full e-flex e-con e-child\" data-id=\"1a3d83a1\" data-element_type=\"container\" data-e-type=\"container\">\n\t\t\t\t<div class=\"elementor-element elementor-element-a34cd09 elementor-widget elementor-widget-video\" data-id=\"a34cd09\" data-element_type=\"widget\" data-e-type=\"widget\" data-settings=\"{&quot;youtube_url&quot;:&quot;https:\\\/\\\/youtu.be\\\/hxtgYqDkXMI?list=PLHTo__bpnlYWpMQ2FwOcjEC0EQmTmq5S-&quot;,&quot;video_type&quot;:&quot;youtube&quot;,&quot;controls&quot;:&quot;yes&quot;}\" data-widget_type=\"video.default\">\n\t\t\t\t<div class=\"elementor-widget-container\">\n\t\t\t\t\t\t\t<div class=\"elementor-wrapper elementor-open-inline\">\n\t\t\t<div class=\"elementor-video\"><\/div>\t\t<\/div>\n\t\t\t\t\t\t<\/div>\n\t\t\t\t<\/div>\n\t\t\t\t<\/div>\n\t\t<div class=\"elementor-element elementor-element-28e3a5af e-con-full e-flex e-con e-child\" data-id=\"28e3a5af\" data-element_type=\"container\" data-e-type=\"container\">\n\t\t\t\t<div class=\"elementor-element elementor-element-42b3e92c elementor-widget elementor-widget-video\" data-id=\"42b3e92c\" data-element_type=\"widget\" data-e-type=\"widget\" data-settings=\"{&quot;youtube_url&quot;:&quot;https:\\\/\\\/youtu.be\\\/fCu1ZYTTR8g?list=PLHTo__bpnlYWpMQ2FwOcjEC0EQmTmq5S-&quot;,&quot;video_type&quot;:&quot;youtube&quot;,&quot;controls&quot;:&quot;yes&quot;}\" data-widget_type=\"video.default\">\n\t\t\t\t<div class=\"elementor-widget-container\">\n\t\t\t\t\t\t\t<div class=\"elementor-wrapper elementor-open-inline\">\n\t\t\t<div class=\"elementor-video\"><\/div>\t\t<\/div>\n\t\t\t\t\t\t<\/div>\n\t\t\t\t<\/div>\n\t\t\t\t<\/div>\n\t\t\t\t\t<\/div>\n\t\t\t\t<\/div>\n\t\t<div class=\"elementor-element elementor-element-231239c8 e-flex e-con-boxed e-con e-parent\" data-id=\"231239c8\" data-element_type=\"container\" data-e-type=\"container\" data-settings=\"{&quot;background_background&quot;:&quot;classic&quot;}\">\n\t\t\t\t\t<div class=\"e-con-inner\">\n\t\t\t\t<div class=\"elementor-element elementor-element-7b69b530 elementor-widget elementor-widget-heading\" data-id=\"7b69b530\" data-element_type=\"widget\" data-e-type=\"widget\" data-widget_type=\"heading.default\">\n\t\t\t\t<div class=\"elementor-widget-container\">\n\t\t\t\t\t<h4 class=\"elementor-heading-title elementor-size-default\"><a href=\"https:\/\/www.hoeren-und-fuehlen.de\/\" target=\"_blank\">Interessiert an mehr Musik und Technik? Dann:<\/a><\/h4>\t\t\t\t<\/div>\n\t\t\t\t<\/div>\n\t\t\t\t<div class=\"elementor-element elementor-element-7c056491 elementor-widget elementor-widget-image\" data-id=\"7c056491\" data-element_type=\"widget\" data-e-type=\"widget\" data-widget_type=\"image.default\">\n\t\t\t\t<div class=\"elementor-widget-container\">\n\t\t\t\t\t\t\t\t\t\t\t\t\t\t\t\t<a href=\"https:\/\/www.hoeren-und-fuehlen.de\/\" target=\"_blank\">\n\t\t\t\t\t\t\t<img loading=\"lazy\" decoding=\"async\" width=\"150\" height=\"47\" src=\"https:\/\/theprogthief.de\/wp-content\/uploads\/2024\/06\/Banner-150x47.jpg\" class=\"attachment-thumbnail size-thumbnail wp-image-5580\" alt=\"\" srcset=\"https:\/\/theprogthief.de\/wp-content\/uploads\/2024\/06\/Banner-150x47.jpg 150w, https:\/\/theprogthief.de\/wp-content\/uploads\/2024\/06\/Banner-300x94.jpg 300w, https:\/\/theprogthief.de\/wp-content\/uploads\/2024\/06\/Banner.jpg 320w\" sizes=\"(max-width: 150px) 100vw, 150px\" \/>\t\t\t\t\t\t\t\t<\/a>\n\t\t\t\t\t\t\t\t\t\t\t\t\t\t\t<\/div>\n\t\t\t\t<\/div>\n\t\t\t\t\t<\/div>\n\t\t\t\t<\/div>\n\t\t<div class=\"elementor-element elementor-element-515b68e4 e-con-full e-flex e-con e-parent\" data-id=\"515b68e4\" data-element_type=\"container\" data-e-type=\"container\" data-settings=\"{&quot;background_background&quot;:&quot;classic&quot;}\">\n\t\t\t\t<div class=\"elementor-element elementor-element-252e962d elementor-widget__width-initial elementor-widget-mobile__width-initial elementor-widget elementor-widget-text-editor\" data-id=\"252e962d\" data-element_type=\"widget\" data-e-type=\"widget\" data-widget_type=\"text-editor.default\">\n\t\t\t\t<div class=\"elementor-widget-container\">\n\t\t\t\t\t\t\t\t\t<p style=\"text-align: left;\"><span style=\"color: #000000;\"><strong><br \/><\/strong><\/span>[info@theprogthief.de]<\/p>\t\t\t\t\t\t\t\t<\/div>\n\t\t\t\t<\/div>\n\t\t\t\t<div class=\"elementor-element elementor-element-4acc6004 elementor-align-center elementor-widget elementor-widget-button\" data-id=\"4acc6004\" data-element_type=\"widget\" data-e-type=\"widget\" data-widget_type=\"button.default\">\n\t\t\t\t<div class=\"elementor-widget-container\">\n\t\t\t\t\t\t\t\t\t<div class=\"elementor-button-wrapper\">\n\t\t\t\t\t<a class=\"elementor-button elementor-button-link elementor-size-sm\" href=\"https:\/\/theprogthief.de\/impressum\/\">\n\t\t\t\t\t\t<span class=\"elementor-button-content-wrapper\">\n\t\t\t\t\t\t\t\t\t<span class=\"elementor-button-text\">Impressum<\/span>\n\t\t\t\t\t<\/span>\n\t\t\t\t\t<\/a>\n\t\t\t\t<\/div>\n\t\t\t\t\t\t\t\t<\/div>\n\t\t\t\t<\/div>\n\t\t\t\t<div class=\"elementor-element elementor-element-42bd610b elementor-align-center elementor-widget elementor-widget-button\" data-id=\"42bd610b\" data-element_type=\"widget\" data-e-type=\"widget\" data-widget_type=\"button.default\">\n\t\t\t\t<div class=\"elementor-widget-container\">\n\t\t\t\t\t\t\t\t\t<div class=\"elementor-button-wrapper\">\n\t\t\t\t\t<a class=\"elementor-button elementor-button-link elementor-size-sm\" href=\"https:\/\/theprogthief.de\/datenschutzerklaerung\/\">\n\t\t\t\t\t\t<span class=\"elementor-button-content-wrapper\">\n\t\t\t\t\t\t\t\t\t<span class=\"elementor-button-text\">Datenschutz<\/span>\n\t\t\t\t\t<\/span>\n\t\t\t\t\t<\/a>\n\t\t\t\t<\/div>\n\t\t\t\t\t\t\t\t<\/div>\n\t\t\t\t<\/div>\n\t\t\t\t<div class=\"elementor-element elementor-element-65b8090d elementor-align-center elementor-widget elementor-widget-button\" data-id=\"65b8090d\" data-element_type=\"widget\" data-e-type=\"widget\" data-widget_type=\"button.default\">\n\t\t\t\t<div class=\"elementor-widget-container\">\n\t\t\t\t\t\t\t\t\t<div class=\"elementor-button-wrapper\">\n\t\t\t\t\t<a class=\"elementor-button elementor-button-link elementor-size-sm\" href=\"https:\/\/theprogthief.de\/gender-hinweis\/\">\n\t\t\t\t\t\t<span class=\"elementor-button-content-wrapper\">\n\t\t\t\t\t\t\t\t\t<span class=\"elementor-button-text\">Gender-Hinweis<\/span>\n\t\t\t\t\t<\/span>\n\t\t\t\t\t<\/a>\n\t\t\t\t<\/div>\n\t\t\t\t\t\t\t\t<\/div>\n\t\t\t\t<\/div>\n\t\t\t\t<\/div>\n\t\t\t\t<\/div>\n\t\t","protected":false},"excerpt":{"rendered":"<p>Review of The Final Experiment. &#8222;Forever-Cycle&#8220;. Rock Opera. Progressive Rock\/Metal). 1995<\/p>","protected":false},"author":1,"featured_media":12057,"parent":0,"menu_order":0,"comment_status":"closed","ping_status":"closed","template":"","meta":{"ocean_post_layout":"full-screen","ocean_both_sidebars_style":"","ocean_both_sidebars_content_width":0,"ocean_both_sidebars_sidebars_width":0,"ocean_sidebar":"","ocean_second_sidebar":"","ocean_disable_margins":"enable","ocean_add_body_class":"","ocean_shortcode_before_top_bar":"","ocean_shortcode_after_top_bar":"","ocean_shortcode_before_header":"","ocean_shortcode_after_header":"","ocean_has_shortcode":"","ocean_shortcode_after_title":"","ocean_shortcode_before_footer_widgets":"","ocean_shortcode_after_footer_widgets":"","ocean_shortcode_before_footer_bottom":"","ocean_shortcode_after_footer_bottom":"","ocean_display_top_bar":"off","ocean_display_header":"off","ocean_header_style":"","ocean_center_header_left_menu":"","ocean_custom_header_template":"","ocean_custom_logo":0,"ocean_custom_retina_logo":0,"ocean_custom_logo_max_width":0,"ocean_custom_logo_tablet_max_width":0,"ocean_custom_logo_mobile_max_width":0,"ocean_custom_logo_max_height":0,"ocean_custom_logo_tablet_max_height":0,"ocean_custom_logo_mobile_max_height":0,"ocean_header_custom_menu":"","ocean_menu_typo_font_family":"","ocean_menu_typo_font_subset":"","ocean_menu_typo_font_size":0,"ocean_menu_typo_font_size_tablet":0,"ocean_menu_typo_font_size_mobile":0,"ocean_menu_typo_font_size_unit":"px","ocean_menu_typo_font_weight":"","ocean_menu_typo_font_weight_tablet":"","ocean_menu_typo_font_weight_mobile":"","ocean_menu_typo_transform":"","ocean_menu_typo_transform_tablet":"","ocean_menu_typo_transform_mobile":"","ocean_menu_typo_line_height":0,"ocean_menu_typo_line_height_tablet":0,"ocean_menu_typo_line_height_mobile":0,"ocean_menu_typo_line_height_unit":"","ocean_menu_typo_spacing":0,"ocean_menu_typo_spacing_tablet":0,"ocean_menu_typo_spacing_mobile":0,"ocean_menu_typo_spacing_unit":"","ocean_menu_link_color":"","ocean_menu_link_color_hover":"","ocean_menu_link_color_active":"","ocean_menu_link_background":"","ocean_menu_link_hover_background":"","ocean_menu_link_active_background":"","ocean_menu_social_links_bg":"","ocean_menu_social_hover_links_bg":"","ocean_menu_social_links_color":"","ocean_menu_social_hover_links_color":"","ocean_disable_title":"on","ocean_disable_heading":"default","ocean_post_title":"","ocean_post_subheading":"","ocean_post_title_style":"","ocean_post_title_background_color":"","ocean_post_title_background":0,"ocean_post_title_bg_image_position":"","ocean_post_title_bg_image_attachment":"","ocean_post_title_bg_image_repeat":"","ocean_post_title_bg_image_size":"","ocean_post_title_height":0,"ocean_post_title_bg_overlay":0.5,"ocean_post_title_bg_overlay_color":"","ocean_disable_breadcrumbs":"default","ocean_breadcrumbs_color":"","ocean_breadcrumbs_separator_color":"","ocean_breadcrumbs_links_color":"","ocean_breadcrumbs_links_hover_color":"","ocean_display_footer_widgets":"off","ocean_display_footer_bottom":"off","ocean_custom_footer_template":"","footnotes":""},"class_list":["post-10069","page","type-page","status-publish","has-post-thumbnail","hentry","entry","has-media"],"_links":{"self":[{"href":"https:\/\/theprogthief.de\/en\/wp-json\/wp\/v2\/pages\/10069","targetHints":{"allow":["GET"]}}],"collection":[{"href":"https:\/\/theprogthief.de\/en\/wp-json\/wp\/v2\/pages"}],"about":[{"href":"https:\/\/theprogthief.de\/en\/wp-json\/wp\/v2\/types\/page"}],"author":[{"embeddable":true,"href":"https:\/\/theprogthief.de\/en\/wp-json\/wp\/v2\/users\/1"}],"replies":[{"embeddable":true,"href":"https:\/\/theprogthief.de\/en\/wp-json\/wp\/v2\/comments?post=10069"}],"version-history":[{"count":10,"href":"https:\/\/theprogthief.de\/en\/wp-json\/wp\/v2\/pages\/10069\/revisions"}],"predecessor-version":[{"id":31553,"href":"https:\/\/theprogthief.de\/en\/wp-json\/wp\/v2\/pages\/10069\/revisions\/31553"}],"wp:featuredmedia":[{"embeddable":true,"href":"https:\/\/theprogthief.de\/en\/wp-json\/wp\/v2\/media\/12057"}],"wp:attachment":[{"href":"https:\/\/theprogthief.de\/en\/wp-json\/wp\/v2\/media?parent=10069"}],"curies":[{"name":"wp","href":"https:\/\/api.w.org\/{rel}","templated":true}]}}