{"id":10713,"date":"2024-10-16T13:48:42","date_gmt":"2024-10-16T11:48:42","guid":{"rendered":"https:\/\/theprogthief.de\/?page_id=10713"},"modified":"2026-04-08T14:20:58","modified_gmt":"2026-04-08T12:20:58","slug":"high-voltage-by-ac-dc","status":"publish","type":"page","link":"https:\/\/theprogthief.de\/en\/high-voltage-by-ac-dc\/","title":{"rendered":"High Voltage by AC\/DC"},"content":{"rendered":"\t\t<div data-elementor-type=\"wp-page\" data-elementor-id=\"10713\" class=\"elementor elementor-10713\" data-elementor-post-type=\"page\">\n\t\t\t\t<div class=\"elementor-element elementor-element-1bec541f e-con-full e-flex e-con e-parent\" data-id=\"1bec541f\" data-element_type=\"container\" data-e-type=\"container\" data-settings=\"{&quot;background_background&quot;:&quot;classic&quot;}\">\n\t\t\t\t<div class=\"elementor-element elementor-element-5ab54687 elementor-widget elementor-widget-heading\" data-id=\"5ab54687\" data-element_type=\"widget\" data-e-type=\"widget\" data-widget_type=\"heading.default\">\n\t\t\t\t<div class=\"elementor-widget-container\">\n\t\t\t\t\t<h2 class=\"elementor-heading-title elementor-size-default\"><a href=\"https:\/\/theprogthief.de\"> The Prog-Thief<\/a><\/h2>\t\t\t\t<\/div>\n\t\t\t\t<\/div>\n\t\t\t\t<\/div>\n\t\t<div class=\"elementor-element elementor-element-5da5f30c e-con-full e-flex e-con e-parent\" data-id=\"5da5f30c\" data-element_type=\"container\" data-e-type=\"container\" data-settings=\"{&quot;background_background&quot;:&quot;classic&quot;}\">\n\t\t\t\t<div class=\"elementor-element elementor-element-5b3167f elementor-nav-menu--stretch elementor-widget__width-initial elementor-nav-menu__text-align-aside elementor-nav-menu--toggle elementor-nav-menu--burger elementor-invisible elementor-widget elementor-widget-global elementor-global-12513 elementor-widget-nav-menu\" data-id=\"5b3167f\" data-element_type=\"widget\" data-e-type=\"widget\" data-settings=\"{&quot;layout&quot;:&quot;dropdown&quot;,&quot;submenu_icon&quot;:{&quot;value&quot;:&quot;fas fa-chevron-down&quot;,&quot;library&quot;:&quot;fa-solid&quot;},&quot;full_width&quot;:&quot;stretch&quot;,&quot;_animation&quot;:&quot;fadeInUp&quot;,&quot;toggle&quot;:&quot;burger&quot;}\" data-widget_type=\"nav-menu.default\">\n\t\t\t\t<div class=\"elementor-widget-container\">\n\t\t\t\t\t\t\t<div class=\"elementor-menu-toggle\" role=\"button\" tabindex=\"0\" aria-label=\"Menu Toggle\" aria-expanded=\"false\">\n\t\t\t<i aria-hidden=\"true\" role=\"presentation\" class=\"elementor-menu-toggle__icon--open eicon-menu-bar\"><\/i><i aria-hidden=\"true\" role=\"presentation\" class=\"elementor-menu-toggle__icon--close eicon-close\"><\/i>\t\t<\/div>\n\t\t\t\t\t<nav class=\"elementor-nav-menu--dropdown elementor-nav-menu__container\" aria-hidden=\"true\">\n\t\t\t\t<ul id=\"menu-2-5b3167f\" class=\"elementor-nav-menu\"><li class=\"menu-item menu-item-type-post_type menu-item-object-page menu-item-home menu-item-12224\"><a href=\"https:\/\/theprogthief.de\/en\/\" class=\"elementor-item\" tabindex=\"-1\">Home<\/a><\/li>\n<li class=\"menu-item menu-item-type-post_type menu-item-object-page menu-item-24784\"><a href=\"https:\/\/theprogthief.de\/en\/ayreon-alben\/\" class=\"elementor-item\" tabindex=\"-1\">Ayreon<\/a><\/li>\n<li class=\"menu-item menu-item-type-post_type menu-item-object-page menu-item-24610\"><a href=\"https:\/\/theprogthief.de\/en\/porcupine-tree\/\" class=\"elementor-item\" tabindex=\"-1\">Porcupine Tree<\/a><\/li>\n<li class=\"menu-item menu-item-type-post_type menu-item-object-page menu-item-30976\"><a href=\"https:\/\/theprogthief.de\/en\/theatre-of-tragedy\/\" class=\"elementor-item\" tabindex=\"-1\">Theatre Of Tragedy<\/a><\/li>\n<li class=\"menu-item menu-item-type-post_type menu-item-object-page menu-item-has-children menu-item-12227\"><a rel=\"Keine\" href=\"https:\/\/theprogthief.de\/en\/rezensionen\/\" class=\"elementor-item\" tabindex=\"-1\">Rezensionen<\/a>\n<ul class=\"sub-menu elementor-nav-menu--dropdown\">\n\t<li class=\"menu-item menu-item-type-post_type menu-item-object-page menu-item-13299\"><a href=\"https:\/\/theprogthief.de\/en\/reviewsii\/\" class=\"elementor-sub-item\" tabindex=\"-1\">Reviews II<\/a><\/li>\n\t<li class=\"menu-item menu-item-type-post_type menu-item-object-page menu-item-13253\"><a href=\"https:\/\/theprogthief.de\/en\/reviews-iii\/\" class=\"elementor-sub-item\" tabindex=\"-1\">Reviews III<\/a><\/li>\n\t<li class=\"menu-item menu-item-type-post_type menu-item-object-page menu-item-20876\"><a href=\"https:\/\/theprogthief.de\/en\/reviews-iv\/\" class=\"elementor-sub-item\" tabindex=\"-1\">Reviews IV<\/a><\/li>\n\t<li class=\"menu-item menu-item-type-post_type menu-item-object-page menu-item-24240\"><a href=\"https:\/\/theprogthief.de\/en\/reviews-v\/\" class=\"elementor-sub-item\" tabindex=\"-1\">Reviews V<\/a><\/li>\n\t<li class=\"menu-item menu-item-type-post_type menu-item-object-page menu-item-24478\"><a href=\"https:\/\/theprogthief.de\/en\/rezensionen\/\" class=\"elementor-sub-item\" tabindex=\"-1\">Rezensionen A-Z<\/a><\/li>\n<\/ul>\n<\/li>\n<li class=\"menu-item menu-item-type-post_type menu-item-object-page menu-item-19217\"><a href=\"https:\/\/theprogthief.de\/en\/female-driven\/\" class=\"elementor-item\" tabindex=\"-1\">Female Driven<\/a><\/li>\n<li class=\"menu-item menu-item-type-post_type menu-item-object-page menu-item-12223\"><a href=\"https:\/\/theprogthief.de\/en\/was-ist-prog\/\" class=\"elementor-item\" tabindex=\"-1\">Was ist Prog?<\/a><\/li>\n<li class=\"menu-item menu-item-type-post_type menu-item-object-page menu-item-12222\"><a href=\"https:\/\/theprogthief.de\/en\/ueber-mich\/\" class=\"elementor-item\" tabindex=\"-1\">\u00dcber mich<\/a><\/li>\n<\/ul>\t\t\t<\/nav>\n\t\t\t\t\t\t<\/div>\n\t\t\t\t<\/div>\n\t\t\t\t<\/div>\n\t\t<div class=\"elementor-element elementor-element-632fe1ec e-flex e-con-boxed e-con e-parent\" data-id=\"632fe1ec\" data-element_type=\"container\" data-e-type=\"container\" data-settings=\"{&quot;background_background&quot;:&quot;classic&quot;}\">\n\t\t\t\t\t<div class=\"e-con-inner\">\n\t\t<div class=\"elementor-element elementor-element-dc70aef e-con-full e-flex e-con e-child\" data-id=\"dc70aef\" data-element_type=\"container\" data-e-type=\"container\">\n\t\t\t\t<\/div>\n\t\t<div class=\"elementor-element elementor-element-3daf2126 e-con-full e-flex e-con e-child\" data-id=\"3daf2126\" data-element_type=\"container\" data-e-type=\"container\">\n\t\t\t\t<div class=\"elementor-element elementor-element-61b39207 elementor-widget elementor-widget-text-editor\" data-id=\"61b39207\" data-element_type=\"widget\" data-e-type=\"widget\" data-widget_type=\"text-editor.default\">\n\t\t\t\t<div class=\"elementor-widget-container\">\n\t\t\t\t\t\t\t\t\t<p style=\"text-align: center;\">AC\/DC<a href=\"https:\/\/theprogthief.de\/powerage-by-ac-dc\/\"><img decoding=\"async\" class=\"aligncenter wp-image-10967\" src=\"https:\/\/theprogthief.de\/wp-content\/uploads\/2024\/10\/PAFC350.jpg\" alt=\"Powerage by AC\/DC, Frontcover\" width=\"100\" height=\"99\" srcset=\"https:\/\/theprogthief.de\/wp-content\/uploads\/2024\/10\/PAFC350.jpg 350w, https:\/\/theprogthief.de\/wp-content\/uploads\/2024\/10\/PAFC350-300x298.jpg 300w, https:\/\/theprogthief.de\/wp-content\/uploads\/2024\/10\/PAFC350-150x150.jpg 150w, https:\/\/theprogthief.de\/wp-content\/uploads\/2024\/10\/PAFC350-12x12.jpg 12w\" sizes=\"(max-width: 100px) 100vw, 100px\" \/><\/a>&#8222;Powerage&#8220;<\/p>\t\t\t\t\t\t\t\t<\/div>\n\t\t\t\t<\/div>\n\t\t\t\t<\/div>\n\t\t<div class=\"elementor-element elementor-element-6b8e5cac e-con-full e-flex e-con e-child\" data-id=\"6b8e5cac\" data-element_type=\"container\" data-e-type=\"container\">\n\t\t\t\t<\/div>\n\t\t\t\t\t<\/div>\n\t\t\t\t<\/div>\n\t\t<div class=\"elementor-element elementor-element-164d4beb e-flex e-con-boxed e-con e-parent\" data-id=\"164d4beb\" data-element_type=\"container\" data-e-type=\"container\" data-settings=\"{&quot;background_background&quot;:&quot;classic&quot;}\">\n\t\t\t\t\t<div class=\"e-con-inner\">\n\t\t\t\t<div class=\"elementor-element elementor-element-74e7d2d9 elementor-widget elementor-widget-heading\" data-id=\"74e7d2d9\" data-element_type=\"widget\" data-e-type=\"widget\" data-widget_type=\"heading.default\">\n\t\t\t\t<div class=\"elementor-widget-container\">\n\t\t\t\t\t<h2 class=\"elementor-heading-title elementor-size-default\">High Voltage by AC\/DC<\/h2>\t\t\t\t<\/div>\n\t\t\t\t<\/div>\n\t\t\t\t\t<\/div>\n\t\t\t\t<\/div>\n\t\t<div class=\"elementor-element elementor-element-5fcacb4e e-flex e-con-boxed e-con e-parent\" data-id=\"5fcacb4e\" data-element_type=\"container\" data-e-type=\"container\" data-settings=\"{&quot;background_background&quot;:&quot;classic&quot;}\">\n\t\t\t\t\t<div class=\"e-con-inner\">\n\t\t<div class=\"elementor-element elementor-element-339d3a9a e-con-full e-flex e-con e-child\" data-id=\"339d3a9a\" data-element_type=\"container\" data-e-type=\"container\">\n\t\t<div class=\"elementor-element elementor-element-2d78483d e-flex e-con-boxed e-con e-child\" data-id=\"2d78483d\" data-element_type=\"container\" data-e-type=\"container\">\n\t\t\t\t\t<div class=\"e-con-inner\">\n\t\t\t\t<div class=\"elementor-element elementor-element-5eb4b095 elementor-widget elementor-widget-text-editor\" data-id=\"5eb4b095\" data-element_type=\"widget\" data-e-type=\"widget\" data-widget_type=\"text-editor.default\">\n\t\t\t\t<div class=\"elementor-widget-container\">\n\t\t\t\t\t\t\t\t\t<p><a href=\"https:\/\/theprogthief.de\/wp-content\/uploads\/2024\/10\/ACDCHVFC1280.jpg\"><img fetchpriority=\"high\" decoding=\"async\" class=\"aligncenter wp-image-10715 size-full\" src=\"https:\/\/theprogthief.de\/wp-content\/uploads\/2024\/10\/ACDCHVFC350.jpg\" alt=\"LP High Voltage by AC\/DC\" width=\"350\" height=\"349\" srcset=\"https:\/\/theprogthief.de\/wp-content\/uploads\/2024\/10\/ACDCHVFC350.jpg 350w, https:\/\/theprogthief.de\/wp-content\/uploads\/2024\/10\/ACDCHVFC350-300x300.jpg 300w, https:\/\/theprogthief.de\/wp-content\/uploads\/2024\/10\/ACDCHVFC350-150x150.jpg 150w\" sizes=\"(max-width: 350px) 100vw, 350px\" \/><\/a><\/p><p><a href=\"https:\/\/www.acdc.com\" target=\"_blank\" rel=\"noopener\"><span style=\"text-decoration: underline;\">AC\/DC<\/span><\/a><br \/>&#8222;High Voltage&#8220;<br \/>Hard-Rock, Blues-Rock. Remaster 2024 (1975)<\/p><p>Eine Reminiszenz.<\/p><p>Wer konnte ahnen, dass 1974 in Sydney eine Weltkarierre begann? Mit Malcolm und Angus Young an den Gitarren, Bon Scott als S\u00e4nger, Phil Rudd an den Drums und Mark Evans am Bass. Es war der noch frische, rohe, dreckige Rock-Blues, die gezielten Provokationen, die Unbek\u00fcmmerheit der Auftritte. AC\/DC war beileibe auch realistisch um zu wissen, das es ein langer weg nach oben war und harte Arbeit ben\u00f6tigte. Damit geht AC\/DC, wenn auch augenzwinkernd, mit um. &#8222;If you Think its easy doing one night stands, try playin in a rocking band&#8220;\u00a0 Und doch blieb AC\/DC uns erhalten, selbst dann noch, als Machisimo l\u00e4ngst out war und die Provokationen nur noch ein m\u00fcdes l\u00e4cheln weckten. Auch der Sound blieb gleich, wenn auch professioneller und weniger bluesig. Mehr gibt es \u00fcber AC\/DC nicht zu sagen, es wurde schon alles gesagt und geschrieben.<\/p><p><a href=\"https:\/\/theprogthief.de\/wp-content\/uploads\/2024\/10\/HVLPA1280.jpg\"><img decoding=\"async\" class=\"aligncenter wp-image-10719 size-full\" src=\"https:\/\/theprogthief.de\/wp-content\/uploads\/2024\/10\/HVLPA350.jpg\" alt=\"LP High Voltage by AC\/DC, goldenes Vinyl\" width=\"350\" height=\"346\" srcset=\"https:\/\/theprogthief.de\/wp-content\/uploads\/2024\/10\/HVLPA350.jpg 350w, https:\/\/theprogthief.de\/wp-content\/uploads\/2024\/10\/HVLPA350-300x297.jpg 300w, https:\/\/theprogthief.de\/wp-content\/uploads\/2024\/10\/HVLPA350-150x148.jpg 150w\" sizes=\"(max-width: 350px) 100vw, 350px\" \/><\/a><\/p><p>Also schreibe ich, was AC\/DC bei mir mit 14 Jahren ausl\u00f6ste. Ich wollte Gitarre spielen, wie Angus. Lange Haare haben, wie Malcolm. Ironisch, nonkonform und von den M\u00e4dchen umschw\u00e4rmt, wie Bon. Nat\u00fcrlich passierte das alles nicht, der leicht \u00fcbergewichtige Junge blieb allein und uncool. AC\/DC machte es in meiner Fantasie daf\u00fcr wett. Bon und Angus verschmolzen mit mir zu einer Person, ich sang wie er und spielte wie Angus, gleichzeitig. Ich will gar nicht zur\u00fcck in diese Zeit. Aber ich vermisse die Unbek\u00fcmmertheit. Die Entdeckung der Musik und die Abenteuer, welche gleich um die Ecke lagen. Knutschen zu Stiff little Fingers, der erste Sex in der Gartenlaube und der Nachbar spielte immer wieder Albatros von Fleetwood Mac. AC\/DC m\u00f6gen musikalisch simpel sein, doch sie geh\u00f6ren zu meinem Leben. Sie sind, wie Albatros und der politische Punk von Stiff little Fingers, in meine Emotionen ge\u00e4tzt. Auch wenn ich heute \u00fcber die Texte von AC\/DC herzlich lachen kann.<\/p><p><a href=\"https:\/\/theprogthief.de\/wp-content\/uploads\/2024\/10\/ACHc1280.jpg\"><img loading=\"lazy\" decoding=\"async\" class=\"aligncenter wp-image-10717 size-full\" src=\"https:\/\/theprogthief.de\/wp-content\/uploads\/2024\/10\/ACHc350.jpg\" alt=\"LP High Voltage by AC\/DC, Backcover\" width=\"350\" height=\"348\" srcset=\"https:\/\/theprogthief.de\/wp-content\/uploads\/2024\/10\/ACHc350.jpg 350w, https:\/\/theprogthief.de\/wp-content\/uploads\/2024\/10\/ACHc350-300x298.jpg 300w, https:\/\/theprogthief.de\/wp-content\/uploads\/2024\/10\/ACHc350-150x150.jpg 150w\" sizes=\"(max-width: 350px) 100vw, 350px\" \/><\/a><\/p><p>Fazit. Wer braucht diese Neuaflage in Gold? Alle, die noch keine Vinyl haben. Fans kaufen eh alles. Die Scheibe sieht cool aus, klingt sauber und ist durch den Remaster mit modernerer Technik nochmal klanglich deutlich besser. Anspielen solltet ihr nat\u00fcrlich T.N.T, Live Wire, The Jack und Rock&#8217;n&#8216; Roll Singer. Klassische Rock Musik. Geht immer, auch 50 Jahre sp\u00e4ter!<\/p><p>Die Bilder stammen alle von meiner LP. Die Rechte aller Motive, Logos, Texte und Schriften, die auf den Fotos zu sehen sind, liegen nat\u00fcrlich beim Rechteinhaber.<\/p><p>No AI was used in the making of this Review.<br \/>\u00a916.10.2024<\/p>\t\t\t\t\t\t\t\t<\/div>\n\t\t\t\t<\/div>\n\t\t\t\t\t<\/div>\n\t\t\t\t<\/div>\n\t\t\t\t<\/div>\n\t\t\t\t\t<\/div>\n\t\t\t\t<\/div>\n\t\t<div class=\"elementor-element elementor-element-774c42e8 e-flex e-con-boxed e-con e-parent\" data-id=\"774c42e8\" data-element_type=\"container\" data-e-type=\"container\" data-settings=\"{&quot;background_background&quot;:&quot;classic&quot;}\">\n\t\t\t\t\t<div class=\"e-con-inner\">\n\t\t<div class=\"elementor-element elementor-element-72778674 e-con-full e-flex e-con e-child\" data-id=\"72778674\" data-element_type=\"container\" data-e-type=\"container\">\n\t\t\t\t<div class=\"elementor-element elementor-element-6cc029ec elementor-widget elementor-widget-video\" data-id=\"6cc029ec\" data-element_type=\"widget\" data-e-type=\"widget\" data-settings=\"{&quot;youtube_url&quot;:&quot;https:\\\/\\\/youtu.be\\\/kq_GSIw0X0w&quot;,&quot;video_type&quot;:&quot;youtube&quot;,&quot;controls&quot;:&quot;yes&quot;}\" data-widget_type=\"video.default\">\n\t\t\t\t<div class=\"elementor-widget-container\">\n\t\t\t\t\t\t\t<div class=\"elementor-wrapper elementor-open-inline\">\n\t\t\t<div class=\"elementor-video\"><\/div>\t\t<\/div>\n\t\t\t\t\t\t<\/div>\n\t\t\t\t<\/div>\n\t\t\t\t<\/div>\n\t\t<div class=\"elementor-element elementor-element-4b646e09 e-con-full e-flex e-con e-child\" data-id=\"4b646e09\" data-element_type=\"container\" data-e-type=\"container\">\n\t\t\t\t<div class=\"elementor-element elementor-element-1b6fdf45 elementor-widget elementor-widget-video\" data-id=\"1b6fdf45\" data-element_type=\"widget\" data-e-type=\"widget\" data-settings=\"{&quot;youtube_url&quot;:&quot;https:\\\/\\\/www.youtube.com\\\/watch?v=1gtLgAYCf5Y&quot;,&quot;video_type&quot;:&quot;youtube&quot;,&quot;controls&quot;:&quot;yes&quot;}\" data-widget_type=\"video.default\">\n\t\t\t\t<div class=\"elementor-widget-container\">\n\t\t\t\t\t\t\t<div class=\"elementor-wrapper elementor-open-inline\">\n\t\t\t<div class=\"elementor-video\"><\/div>\t\t<\/div>\n\t\t\t\t\t\t<\/div>\n\t\t\t\t<\/div>\n\t\t\t\t<\/div>\n\t\t<div class=\"elementor-element elementor-element-6651aa42 e-con-full e-flex e-con e-child\" data-id=\"6651aa42\" data-element_type=\"container\" data-e-type=\"container\">\n\t\t\t\t<div class=\"elementor-element elementor-element-d22d228 elementor-widget elementor-widget-video\" data-id=\"d22d228\" data-element_type=\"widget\" data-e-type=\"widget\" data-settings=\"{&quot;youtube_url&quot;:&quot;https:\\\/\\\/youtu.be\\\/xxqCEPBDZxk?list=OLAK5uy_n0N_Ec9Ty5idFdyqsmmv3_Qcxom7EcTBA&quot;,&quot;video_type&quot;:&quot;youtube&quot;,&quot;controls&quot;:&quot;yes&quot;}\" data-widget_type=\"video.default\">\n\t\t\t\t<div class=\"elementor-widget-container\">\n\t\t\t\t\t\t\t<div class=\"elementor-wrapper elementor-open-inline\">\n\t\t\t<div class=\"elementor-video\"><\/div>\t\t<\/div>\n\t\t\t\t\t\t<\/div>\n\t\t\t\t<\/div>\n\t\t\t\t<\/div>\n\t\t\t\t\t<\/div>\n\t\t\t\t<\/div>\n\t\t<div class=\"elementor-element elementor-element-36d284ea e-flex e-con-boxed e-con e-parent\" data-id=\"36d284ea\" data-element_type=\"container\" data-e-type=\"container\" data-settings=\"{&quot;background_background&quot;:&quot;classic&quot;}\">\n\t\t\t\t\t<div class=\"e-con-inner\">\n\t\t\t\t<div class=\"elementor-element elementor-element-5c475a05 elementor-widget elementor-widget-heading\" data-id=\"5c475a05\" data-element_type=\"widget\" data-e-type=\"widget\" data-widget_type=\"heading.default\">\n\t\t\t\t<div class=\"elementor-widget-container\">\n\t\t\t\t\t<h4 class=\"elementor-heading-title elementor-size-default\"><a href=\"https:\/\/www.hoeren-und-fuehlen.de\/\" target=\"_blank\">Interessiert an mehr Musik und Technik? Dann:<\/a><\/h4>\t\t\t\t<\/div>\n\t\t\t\t<\/div>\n\t\t\t\t<div class=\"elementor-element elementor-element-206f934c elementor-widget elementor-widget-image\" data-id=\"206f934c\" data-element_type=\"widget\" data-e-type=\"widget\" data-widget_type=\"image.default\">\n\t\t\t\t<div class=\"elementor-widget-container\">\n\t\t\t\t\t\t\t\t\t\t\t\t\t\t\t\t<a href=\"https:\/\/www.hoeren-und-fuehlen.de\/\" target=\"_blank\">\n\t\t\t\t\t\t\t<img loading=\"lazy\" decoding=\"async\" width=\"150\" height=\"47\" src=\"https:\/\/theprogthief.de\/wp-content\/uploads\/2024\/06\/Banner-150x47.jpg\" class=\"attachment-thumbnail size-thumbnail wp-image-5580\" alt=\"\" srcset=\"https:\/\/theprogthief.de\/wp-content\/uploads\/2024\/06\/Banner-150x47.jpg 150w, https:\/\/theprogthief.de\/wp-content\/uploads\/2024\/06\/Banner-300x94.jpg 300w, https:\/\/theprogthief.de\/wp-content\/uploads\/2024\/06\/Banner.jpg 320w\" sizes=\"(max-width: 150px) 100vw, 150px\" \/>\t\t\t\t\t\t\t\t<\/a>\n\t\t\t\t\t\t\t\t\t\t\t\t\t\t\t<\/div>\n\t\t\t\t<\/div>\n\t\t\t\t\t<\/div>\n\t\t\t\t<\/div>\n\t\t<div class=\"elementor-element elementor-element-457c3831 e-con-full e-flex e-con e-parent\" data-id=\"457c3831\" data-element_type=\"container\" data-e-type=\"container\" data-settings=\"{&quot;background_background&quot;:&quot;classic&quot;}\">\n\t\t\t\t<div class=\"elementor-element elementor-element-2d6bbe06 elementor-widget__width-initial elementor-widget-mobile__width-initial elementor-widget elementor-widget-text-editor\" data-id=\"2d6bbe06\" data-element_type=\"widget\" data-e-type=\"widget\" data-widget_type=\"text-editor.default\">\n\t\t\t\t<div class=\"elementor-widget-container\">\n\t\t\t\t\t\t\t\t\t<p style=\"text-align: left;\"><span style=\"color: #000000;\"><strong><br \/><\/strong><\/span>[info@theprogthief.de]<\/p>\t\t\t\t\t\t\t\t<\/div>\n\t\t\t\t<\/div>\n\t\t\t\t<div class=\"elementor-element elementor-element-50eb7832 elementor-align-center elementor-widget elementor-widget-button\" data-id=\"50eb7832\" data-element_type=\"widget\" data-e-type=\"widget\" data-widget_type=\"button.default\">\n\t\t\t\t<div class=\"elementor-widget-container\">\n\t\t\t\t\t\t\t\t\t<div class=\"elementor-button-wrapper\">\n\t\t\t\t\t<a class=\"elementor-button elementor-button-link elementor-size-sm\" href=\"https:\/\/theprogthief.de\/impressum\/\">\n\t\t\t\t\t\t<span class=\"elementor-button-content-wrapper\">\n\t\t\t\t\t\t\t\t\t<span class=\"elementor-button-text\">Impressum<\/span>\n\t\t\t\t\t<\/span>\n\t\t\t\t\t<\/a>\n\t\t\t\t<\/div>\n\t\t\t\t\t\t\t\t<\/div>\n\t\t\t\t<\/div>\n\t\t\t\t<div class=\"elementor-element elementor-element-18b80e4a elementor-align-center elementor-widget elementor-widget-button\" data-id=\"18b80e4a\" data-element_type=\"widget\" data-e-type=\"widget\" data-widget_type=\"button.default\">\n\t\t\t\t<div class=\"elementor-widget-container\">\n\t\t\t\t\t\t\t\t\t<div class=\"elementor-button-wrapper\">\n\t\t\t\t\t<a class=\"elementor-button elementor-button-link elementor-size-sm\" href=\"https:\/\/theprogthief.de\/datenschutzerklaerung\/\">\n\t\t\t\t\t\t<span class=\"elementor-button-content-wrapper\">\n\t\t\t\t\t\t\t\t\t<span class=\"elementor-button-text\">Datenschutz<\/span>\n\t\t\t\t\t<\/span>\n\t\t\t\t\t<\/a>\n\t\t\t\t<\/div>\n\t\t\t\t\t\t\t\t<\/div>\n\t\t\t\t<\/div>\n\t\t\t\t<div class=\"elementor-element elementor-element-1c01b07c elementor-align-center elementor-widget elementor-widget-button\" data-id=\"1c01b07c\" data-element_type=\"widget\" data-e-type=\"widget\" data-widget_type=\"button.default\">\n\t\t\t\t<div class=\"elementor-widget-container\">\n\t\t\t\t\t\t\t\t\t<div class=\"elementor-button-wrapper\">\n\t\t\t\t\t<a class=\"elementor-button elementor-button-link elementor-size-sm\" href=\"https:\/\/theprogthief.de\/gender-hinweis\/\">\n\t\t\t\t\t\t<span class=\"elementor-button-content-wrapper\">\n\t\t\t\t\t\t\t\t\t<span class=\"elementor-button-text\">Gender-Hinweis<\/span>\n\t\t\t\t\t<\/span>\n\t\t\t\t\t<\/a>\n\t\t\t\t<\/div>\n\t\t\t\t\t\t\t\t<\/div>\n\t\t\t\t<\/div>\n\t\t\t\t<\/div>\n\t\t\t\t<\/div>\n\t\t","protected":false},"excerpt":{"rendered":"<p>Review of High Voltage (1974). Golden Vinyl. Remastered 2024.<\/p>","protected":false},"author":1,"featured_media":10715,"parent":0,"menu_order":0,"comment_status":"closed","ping_status":"closed","template":"","meta":{"ocean_post_layout":"full-screen","ocean_both_sidebars_style":"","ocean_both_sidebars_content_width":0,"ocean_both_sidebars_sidebars_width":0,"ocean_sidebar":"","ocean_second_sidebar":"","ocean_disable_margins":"enable","ocean_add_body_class":"","ocean_shortcode_before_top_bar":"","ocean_shortcode_after_top_bar":"","ocean_shortcode_before_header":"","ocean_shortcode_after_header":"","ocean_has_shortcode":"","ocean_shortcode_after_title":"","ocean_shortcode_before_footer_widgets":"","ocean_shortcode_after_footer_widgets":"","ocean_shortcode_before_footer_bottom":"","ocean_shortcode_after_footer_bottom":"","ocean_display_top_bar":"off","ocean_display_header":"off","ocean_header_style":"","ocean_center_header_left_menu":"","ocean_custom_header_template":"","ocean_custom_logo":0,"ocean_custom_retina_logo":0,"ocean_custom_logo_max_width":0,"ocean_custom_logo_tablet_max_width":0,"ocean_custom_logo_mobile_max_width":0,"ocean_custom_logo_max_height":0,"ocean_custom_logo_tablet_max_height":0,"ocean_custom_logo_mobile_max_height":0,"ocean_header_custom_menu":"","ocean_menu_typo_font_family":"","ocean_menu_typo_font_subset":"","ocean_menu_typo_font_size":0,"ocean_menu_typo_font_size_tablet":0,"ocean_menu_typo_font_size_mobile":0,"ocean_menu_typo_font_size_unit":"px","ocean_menu_typo_font_weight":"","ocean_menu_typo_font_weight_tablet":"","ocean_menu_typo_font_weight_mobile":"","ocean_menu_typo_transform":"","ocean_menu_typo_transform_tablet":"","ocean_menu_typo_transform_mobile":"","ocean_menu_typo_line_height":0,"ocean_menu_typo_line_height_tablet":0,"ocean_menu_typo_line_height_mobile":0,"ocean_menu_typo_line_height_unit":"","ocean_menu_typo_spacing":0,"ocean_menu_typo_spacing_tablet":0,"ocean_menu_typo_spacing_mobile":0,"ocean_menu_typo_spacing_unit":"","ocean_menu_link_color":"","ocean_menu_link_color_hover":"","ocean_menu_link_color_active":"","ocean_menu_link_background":"","ocean_menu_link_hover_background":"","ocean_menu_link_active_background":"","ocean_menu_social_links_bg":"","ocean_menu_social_hover_links_bg":"","ocean_menu_social_links_color":"","ocean_menu_social_hover_links_color":"","ocean_disable_title":"on","ocean_disable_heading":"default","ocean_post_title":"","ocean_post_subheading":"","ocean_post_title_style":"","ocean_post_title_background_color":"","ocean_post_title_background":0,"ocean_post_title_bg_image_position":"","ocean_post_title_bg_image_attachment":"","ocean_post_title_bg_image_repeat":"","ocean_post_title_bg_image_size":"","ocean_post_title_height":0,"ocean_post_title_bg_overlay":0.5,"ocean_post_title_bg_overlay_color":"","ocean_disable_breadcrumbs":"default","ocean_breadcrumbs_color":"","ocean_breadcrumbs_separator_color":"","ocean_breadcrumbs_links_color":"","ocean_breadcrumbs_links_hover_color":"","ocean_display_footer_widgets":"off","ocean_display_footer_bottom":"off","ocean_custom_footer_template":"","footnotes":""},"class_list":["post-10713","page","type-page","status-publish","has-post-thumbnail","hentry","entry","has-media"],"_links":{"self":[{"href":"https:\/\/theprogthief.de\/en\/wp-json\/wp\/v2\/pages\/10713","targetHints":{"allow":["GET"]}}],"collection":[{"href":"https:\/\/theprogthief.de\/en\/wp-json\/wp\/v2\/pages"}],"about":[{"href":"https:\/\/theprogthief.de\/en\/wp-json\/wp\/v2\/types\/page"}],"author":[{"embeddable":true,"href":"https:\/\/theprogthief.de\/en\/wp-json\/wp\/v2\/users\/1"}],"replies":[{"embeddable":true,"href":"https:\/\/theprogthief.de\/en\/wp-json\/wp\/v2\/comments?post=10713"}],"version-history":[{"count":10,"href":"https:\/\/theprogthief.de\/en\/wp-json\/wp\/v2\/pages\/10713\/revisions"}],"predecessor-version":[{"id":31513,"href":"https:\/\/theprogthief.de\/en\/wp-json\/wp\/v2\/pages\/10713\/revisions\/31513"}],"wp:featuredmedia":[{"embeddable":true,"href":"https:\/\/theprogthief.de\/en\/wp-json\/wp\/v2\/media\/10715"}],"wp:attachment":[{"href":"https:\/\/theprogthief.de\/en\/wp-json\/wp\/v2\/media?parent=10713"}],"curies":[{"name":"wp","href":"https:\/\/api.w.org\/{rel}","templated":true}]}}