{"id":1262,"date":"2024-03-08T16:24:30","date_gmt":"2024-03-08T15:24:30","guid":{"rendered":"https:\/\/theprogthief.de\/?page_id=1262"},"modified":"2025-07-23T16:49:11","modified_gmt":"2025-07-23T14:49:11","slug":"the-pineapple-thief-it-leads-to-this","status":"publish","type":"page","link":"https:\/\/theprogthief.de\/en\/the-pineapple-thief-it-leads-to-this\/","title":{"rendered":"The Pineapple Thief &#8211; It Leads to This"},"content":{"rendered":"<div data-elementor-type=\"wp-page\" data-elementor-id=\"1262\" class=\"elementor elementor-1262\" data-elementor-post-type=\"page\">\n\t\t\t\t<div class=\"elementor-element elementor-element-462f0ab0 e-con-full e-flex e-con e-parent\" data-id=\"462f0ab0\" data-element_type=\"container\" data-e-type=\"container\" data-settings=\"{&quot;background_background&quot;:&quot;classic&quot;}\">\n\t\t\t\t<div class=\"elementor-element elementor-element-1a072690 elementor-widget elementor-widget-heading\" data-id=\"1a072690\" data-element_type=\"widget\" data-e-type=\"widget\" data-widget_type=\"heading.default\">\n\t\t\t\t<div class=\"elementor-widget-container\">\n\t\t\t\t\t<h2 class=\"elementor-heading-title elementor-size-default\"><a href=\"https:\/\/theprogthief.de\/en\/\"> The Prog-Thief<\/a><\/h2>\t\t\t\t<\/div>\n\t\t\t\t<\/div>\n\t\t\t\t<\/div>\n\t\t<div class=\"elementor-element elementor-element-29dc2de8 e-con-full e-flex e-con e-parent\" data-id=\"29dc2de8\" data-element_type=\"container\" data-e-type=\"container\" data-settings=\"{&quot;background_background&quot;:&quot;classic&quot;}\">\n\t\t\t\t<div class=\"elementor-element elementor-element-4f6e63c elementor-nav-menu--stretch elementor-widget__width-initial elementor-nav-menu__text-align-aside elementor-nav-menu--toggle elementor-nav-menu--burger elementor-invisible elementor-widget elementor-widget-global elementor-global-12513 elementor-widget-nav-menu\" data-id=\"4f6e63c\" data-element_type=\"widget\" data-e-type=\"widget\" data-settings=\"{&quot;layout&quot;:&quot;dropdown&quot;,&quot;submenu_icon&quot;:{&quot;value&quot;:&quot;fas fa-chevron-down&quot;,&quot;library&quot;:&quot;fa-solid&quot;},&quot;full_width&quot;:&quot;stretch&quot;,&quot;_animation&quot;:&quot;fadeInUp&quot;,&quot;toggle&quot;:&quot;burger&quot;}\" data-widget_type=\"nav-menu.default\">\n\t\t\t\t<div class=\"elementor-widget-container\">\n\t\t\t\t\t\t\t<div class=\"elementor-menu-toggle\" role=\"button\" tabindex=\"0\" aria-label=\"Menu Toggle\" aria-expanded=\"false\">\n\t\t\t<i aria-hidden=\"true\" role=\"presentation\" class=\"elementor-menu-toggle__icon--open eicon-menu-bar\"><\/i><i aria-hidden=\"true\" role=\"presentation\" class=\"elementor-menu-toggle__icon--close eicon-close\"><\/i>\t\t<\/div>\n\t\t\t\t\t<nav class=\"elementor-nav-menu--dropdown elementor-nav-menu__container\" aria-hidden=\"true\">\n\t\t\t\t<ul id=\"menu-2-4f6e63c\" class=\"elementor-nav-menu\"><li class=\"menu-item menu-item-type-post_type menu-item-object-page menu-item-home menu-item-12224\"><a href=\"https:\/\/theprogthief.de\/en\/\" class=\"elementor-item\" tabindex=\"-1\">Home<\/a><\/li>\n<li class=\"menu-item menu-item-type-post_type menu-item-object-page menu-item-24784\"><a href=\"https:\/\/theprogthief.de\/en\/ayreon-alben\/\" class=\"elementor-item\" tabindex=\"-1\">Ayreon<\/a><\/li>\n<li class=\"menu-item menu-item-type-post_type menu-item-object-page menu-item-24610\"><a href=\"https:\/\/theprogthief.de\/en\/porcupine-tree\/\" class=\"elementor-item\" tabindex=\"-1\">Porcupine Tree<\/a><\/li>\n<li class=\"menu-item menu-item-type-post_type menu-item-object-page menu-item-30976\"><a href=\"https:\/\/theprogthief.de\/en\/theatre-of-tragedy\/\" class=\"elementor-item\" tabindex=\"-1\">Theatre Of Tragedy<\/a><\/li>\n<li class=\"menu-item menu-item-type-post_type menu-item-object-page menu-item-has-children menu-item-12227\"><a rel=\"Keine\" href=\"https:\/\/theprogthief.de\/en\/rezensionen\/\" class=\"elementor-item\" tabindex=\"-1\">Reviews<\/a>\n<ul class=\"sub-menu elementor-nav-menu--dropdown\">\n\t<li class=\"menu-item menu-item-type-post_type menu-item-object-page menu-item-13299\"><a href=\"https:\/\/theprogthief.de\/en\/reviewsii\/\" class=\"elementor-sub-item\" tabindex=\"-1\">Reviews II<\/a><\/li>\n\t<li class=\"menu-item menu-item-type-post_type menu-item-object-page menu-item-13253\"><a href=\"https:\/\/theprogthief.de\/en\/reviews-iii\/\" class=\"elementor-sub-item\" tabindex=\"-1\">Reviews III<\/a><\/li>\n\t<li class=\"menu-item menu-item-type-post_type menu-item-object-page menu-item-20876\"><a href=\"https:\/\/theprogthief.de\/en\/reviews-iv\/\" class=\"elementor-sub-item\" tabindex=\"-1\">Reviews IV<\/a><\/li>\n\t<li class=\"menu-item menu-item-type-post_type menu-item-object-page menu-item-24240\"><a href=\"https:\/\/theprogthief.de\/en\/reviews-v\/\" class=\"elementor-sub-item\" tabindex=\"-1\">Reviews V<\/a><\/li>\n\t<li class=\"menu-item menu-item-type-post_type menu-item-object-page menu-item-24478\"><a href=\"https:\/\/theprogthief.de\/en\/rezensionen\/\" class=\"elementor-sub-item\" tabindex=\"-1\">Reviews A-Z<\/a><\/li>\n<\/ul>\n<\/li>\n<li class=\"menu-item menu-item-type-post_type menu-item-object-page menu-item-19217\"><a href=\"https:\/\/theprogthief.de\/en\/female-driven\/\" class=\"elementor-item\" tabindex=\"-1\">Female Driven<\/a><\/li>\n<li class=\"menu-item menu-item-type-post_type menu-item-object-page menu-item-12223\"><a href=\"https:\/\/theprogthief.de\/en\/was-ist-prog\/\" class=\"elementor-item\" tabindex=\"-1\">What is \"Prog\"?<\/a><\/li>\n<li class=\"menu-item menu-item-type-post_type menu-item-object-page menu-item-12222\"><a href=\"https:\/\/theprogthief.de\/en\/ueber-mich\/\" class=\"elementor-item\" tabindex=\"-1\">About Me<\/a><\/li>\n<\/ul>\t\t\t<\/nav>\n\t\t\t\t\t\t<\/div>\n\t\t\t\t<\/div>\n\t\t\t\t<\/div>\n\t\t<div class=\"elementor-element elementor-element-a60a0ee e-flex e-con-boxed e-con e-parent\" data-id=\"a60a0ee\" data-element_type=\"container\" data-e-type=\"container\" data-settings=\"{&quot;background_background&quot;:&quot;classic&quot;}\">\n\t\t\t\t\t<div class=\"e-con-inner\">\n\t\t\t\t<div class=\"elementor-element elementor-element-8ba48b2 elementor-widget elementor-widget-heading\" data-id=\"8ba48b2\" data-element_type=\"widget\" data-e-type=\"widget\" data-widget_type=\"heading.default\">\n\t\t\t\t<div class=\"elementor-widget-container\">\n\t\t\t\t\t<h2 class=\"elementor-heading-title elementor-size-default\">It Leads to This  by The Pineapple Thief <\/h2>\t\t\t\t<\/div>\n\t\t\t\t<\/div>\n\t\t\t\t\t<\/div>\n\t\t\t\t<\/div>\n\t\t<div class=\"elementor-element elementor-element-e8647fe e-con-full e-flex e-con e-parent\" data-id=\"e8647fe\" data-element_type=\"container\" data-e-type=\"container\" data-settings=\"{&quot;background_background&quot;:&quot;classic&quot;}\">\n\t\t<div class=\"elementor-element elementor-element-35d9bfe0 e-con-full e-flex e-con e-child\" data-id=\"35d9bfe0\" data-element_type=\"container\" data-e-type=\"container\">\n\t\t<div class=\"elementor-element elementor-element-740c1e0c e-flex e-con-boxed e-con e-child\" data-id=\"740c1e0c\" data-element_type=\"container\" data-e-type=\"container\">\n\t\t\t\t\t<div class=\"e-con-inner\">\n\t\t\t\t<div class=\"elementor-element elementor-element-7e9cadae elementor-widget elementor-widget-text-editor\" data-id=\"7e9cadae\" data-element_type=\"widget\" data-e-type=\"widget\" data-widget_type=\"text-editor.default\">\n\t\t\t\t<div class=\"elementor-widget-container\">\n\t\t\t\t\t\t\t\t\t<p><br \/><a href=\"https:\/\/theprogthief.de\/wp-content\/uploads\/2024\/03\/FCpt1024x.jpg\"><img fetchpriority=\"high\" decoding=\"async\" class=\"aligncenter wp-image-1397 size-medium\" src=\"https:\/\/theprogthief.de\/wp-content\/uploads\/2024\/03\/FCpt350x-300x300.jpg\" alt=\"Vorderseite des Vinyl Albums &quot;It leads to This&quot; von The Pineapple Thief\" width=\"300\" height=\"300\" srcset=\"https:\/\/theprogthief.de\/wp-content\/uploads\/2024\/03\/FCpt350x-300x300.jpg 300w, https:\/\/theprogthief.de\/wp-content\/uploads\/2024\/03\/FCpt350x-150x150.jpg 150w, https:\/\/theprogthief.de\/wp-content\/uploads\/2024\/03\/FCpt350x.jpg 350w\" sizes=\"(max-width: 300px) 100vw, 300px\" \/><\/a><\/p><p>Bruce Soord, \u201cmastermind\u201d of the band The Pineapple Thief, delivers a sophisticated, delicate prog album. Quite straightforward and yet unmistakably prog. Here every cog meshes together and you can hear it. With Gavin Harrison on drums, a <span style=\"text-decoration: underline;\"><a href=\"https:\/\/porcupinetree.com\/\" target=\"_blank\" rel=\"noopener\">Porcupine Tree<\/a><\/span> Big-Head comes  to use, which has been around since \u201c<span style=\"text-decoration: underline;\"><a href=\"https:\/\/theprogthief.de\/en\/your-wilderness-by-the-pineapple-thief\/\">Your Wilderness<\/a><\/span>\u201c (2016).<\/p><p>Luckily, I went into Bruce Soord's music with an open mind, I only know \"Your Wilderness\" and this album. So I can't make any comparisons with the pre-Harrison era and I'm leaving Porcupine Tree out of it. It sounds melodic, melancholic, gently sung, with short \"outbursts\" on the instruments. It all sounds very smooth, clean and harmonious. The lyrics flow harmoniously. Short-Prog? Yes, but relievingly beautiful. Nevertheless, there is enough variety. The 8 songs on this LP are meant to be heard together. There is no long-runner.<\/p><p><a href=\"https:\/\/theprogthief.de\/wp-content\/uploads\/2024\/03\/BCpt1024x.jpg\"><img decoding=\"async\" class=\"aligncenter wp-image-1428 size-medium\" src=\"https:\/\/theprogthief.de\/wp-content\/uploads\/2024\/03\/BCpt350x-292x300.jpg\" alt=\"R\u00fcckseite des Albums &quot;It leads to This&quot; von The Pineapple Thief\" width=\"292\" height=\"300\" srcset=\"https:\/\/theprogthief.de\/wp-content\/uploads\/2024\/03\/BCpt350x-292x300.jpg 292w, https:\/\/theprogthief.de\/wp-content\/uploads\/2024\/03\/BCpt350x-146x150.jpg 146w, https:\/\/theprogthief.de\/wp-content\/uploads\/2024\/03\/BCpt350x.jpg 350w\" sizes=\"(max-width: 292px) 100vw, 292px\" \/><\/a><\/p><p>It starts gently with \u201cIt leads to This\u201d, the strongest part of which begins halfway through the song. Finely chiseled prog. \u201cRubicon\u201d brings a rocky note into play, with beautiful drums and guitar. I don't want to talk about highlights, as I see it as a facet of this LP. The title song brings us back with prog-in-a-nutshell, easy beginning, then picks me up. It has a slightly poppy sound for me, which doesn't bother me. There it is again, that bad word.<\/p><p>\u201cThe Frost\u201d is not my favorite song. It fits in, but It doesn't really work for me. And I've listened to the album often enough. \u201cAll that's Left\u201d flows along beautifully and then goes into a rocky middle section, before flowing beautifully again. Again briefly rocky and a quiet finish. Highlight? I can't get into the following \u201cNow it's Yours\u201d until the 3 minute mark, then it shows its true strength. \u201cEvery Trace of Us\u201d doesn't grab me at all, it's almost disturbing. It breaks the atmosphere a little, fits or isn't meant to fit in. \u201cTo Forget\u201d spoils the listener with prog, a successful throw-off.<\/p><p><a href=\"https:\/\/theprogthief.de\/wp-content\/uploads\/2024\/03\/LPA1024x.jpg\"><img decoding=\"async\" class=\"aligncenter wp-image-1426 size-medium\" src=\"https:\/\/theprogthief.de\/wp-content\/uploads\/2024\/03\/LPA350x-293x300.jpg\" alt=\"Seite A der Schallplatte &quot;It leads to This&quot; von The Pineapple Thief\" width=\"293\" height=\"300\" srcset=\"https:\/\/theprogthief.de\/wp-content\/uploads\/2024\/03\/LPA350x-293x300.jpg 293w, https:\/\/theprogthief.de\/wp-content\/uploads\/2024\/03\/LPA350x-147x150.jpg 147w, https:\/\/theprogthief.de\/wp-content\/uploads\/2024\/03\/LPA350x.jpg 350w\" sizes=\"(max-width: 293px) 100vw, 293px\" \/><\/a><\/p><p>As is often the case, Bruce Soord is concerned with the questions of life and where it all leads. How do we fit into constantly changing circumstances?<\/p><p>The record is of good quality, sits firmly on the plate and sounds as if it were made from a single piece.<\/p><p><span style=\"text-decoration: underline;\"><a href=\"https:\/\/www.pineapplethief.com\/\" target=\"_blank\" rel=\"noopener\">www.pineapplethief.com<\/a><\/span><\/p><p>Bruce Soord (guitar \/ vocals)<br \/>Jon Sykes (Bass \/ Backing Vocals)<br \/>Gavin Harrison (drums \/ percussion) <br \/>Steve Kitch (Keyboards)<\/p><p>Site A<br \/>Put it Right 05:30, Rubicon 04:37, It leads to This 04:43, The Frost 05:40<br \/>Site B<br \/>All thats Left 04:26, Now it&#8217;s Yours 05:59, Every trace of Us 04:30, To Forget 05:20<\/p><p>The photos are all from my LP. The rights to all motifs, logos, texts and fonts that can be seen in the photos are of course owned by the copyright holder.<\/p>\t\t\t\t\t\t\t\t<\/div>\n\t\t\t\t<\/div>\n\t\t\t\t\t<\/div>\n\t\t\t\t<\/div>\n\t\t\t\t<\/div>\n\t\t\t\t<\/div>\n\t\t<div class=\"elementor-element elementor-element-323ec224 e-flex e-con-boxed e-con e-parent\" data-id=\"323ec224\" data-element_type=\"container\" data-e-type=\"container\" data-settings=\"{&quot;background_background&quot;:&quot;classic&quot;}\">\n\t\t\t\t\t<div class=\"e-con-inner\">\n\t\t\t\t<div class=\"elementor-element elementor-element-518fc30d elementor-widget elementor-widget-heading\" data-id=\"518fc30d\" data-element_type=\"widget\" data-e-type=\"widget\" data-widget_type=\"heading.default\">\n\t\t\t\t<div class=\"elementor-widget-container\">\n\t\t\t\t\t<h2 class=\"elementor-heading-title elementor-size-default\">YouTube, official channel<\/h2>\t\t\t\t<\/div>\n\t\t\t\t<\/div>\n\t\t\t\t\t<\/div>\n\t\t\t\t<\/div>\n\t\t<div class=\"elementor-element elementor-element-3e8a54e9 e-flex e-con-boxed e-con e-parent\" data-id=\"3e8a54e9\" data-element_type=\"container\" data-e-type=\"container\" data-settings=\"{&quot;background_background&quot;:&quot;classic&quot;}\">\n\t\t\t\t\t<div class=\"e-con-inner\">\n\t\t<div class=\"elementor-element elementor-element-b36a4f8 e-con-full e-flex e-con e-child\" data-id=\"b36a4f8\" data-element_type=\"container\" data-e-type=\"container\">\n\t\t\t\t<div class=\"elementor-element elementor-element-7abf25fd elementor-widget elementor-widget-video\" data-id=\"7abf25fd\" data-element_type=\"widget\" data-e-type=\"widget\" data-settings=\"{&quot;youtube_url&quot;:&quot;https:\\\/\\\/youtu.be\\\/s-O8zyAEEUQ?list=OLAK5uy_nj8ELtgRQi1CTQezgA5RWPA7Qh2Gzmq34&quot;,&quot;video_type&quot;:&quot;youtube&quot;,&quot;controls&quot;:&quot;yes&quot;}\" data-widget_type=\"video.default\">\n\t\t\t\t<div class=\"elementor-widget-container\">\n\t\t\t\t\t\t\t<div class=\"elementor-wrapper elementor-open-inline\">\n\t\t\t<div class=\"elementor-video\"><\/div>\t\t<\/div>\n\t\t\t\t\t\t<\/div>\n\t\t\t\t<\/div>\n\t\t\t\t<\/div>\n\t\t<div class=\"elementor-element elementor-element-191f1c2a e-con-full e-flex e-con e-child\" data-id=\"191f1c2a\" data-element_type=\"container\" data-e-type=\"container\">\n\t\t\t\t<div class=\"elementor-element elementor-element-2a5d8b2b elementor-widget elementor-widget-video\" data-id=\"2a5d8b2b\" data-element_type=\"widget\" data-e-type=\"widget\" data-settings=\"{&quot;youtube_url&quot;:&quot;https:\\\/\\\/youtu.be\\\/78GXGNIHE6M?list=OLAK5uy_nj8ELtgRQi1CTQezgA5RWPA7Qh2Gzmq34&quot;,&quot;video_type&quot;:&quot;youtube&quot;,&quot;controls&quot;:&quot;yes&quot;}\" data-widget_type=\"video.default\">\n\t\t\t\t<div class=\"elementor-widget-container\">\n\t\t\t\t\t\t\t<div class=\"elementor-wrapper elementor-open-inline\">\n\t\t\t<div class=\"elementor-video\"><\/div>\t\t<\/div>\n\t\t\t\t\t\t<\/div>\n\t\t\t\t<\/div>\n\t\t\t\t<\/div>\n\t\t<div class=\"elementor-element elementor-element-777938de e-con-full e-flex e-con e-child\" data-id=\"777938de\" data-element_type=\"container\" data-e-type=\"container\">\n\t\t\t\t<div class=\"elementor-element elementor-element-6264040b elementor-widget elementor-widget-video\" data-id=\"6264040b\" data-element_type=\"widget\" data-e-type=\"widget\" data-settings=\"{&quot;youtube_url&quot;:&quot;https:\\\/\\\/youtu.be\\\/D4QTrxBDAIM?list=OLAK5uy_nj8ELtgRQi1CTQezgA5RWPA7Qh2Gzmq34&quot;,&quot;video_type&quot;:&quot;youtube&quot;,&quot;controls&quot;:&quot;yes&quot;}\" data-widget_type=\"video.default\">\n\t\t\t\t<div class=\"elementor-widget-container\">\n\t\t\t\t\t\t\t<div class=\"elementor-wrapper elementor-open-inline\">\n\t\t\t<div class=\"elementor-video\"><\/div>\t\t<\/div>\n\t\t\t\t\t\t<\/div>\n\t\t\t\t<\/div>\n\t\t\t\t<\/div>\n\t\t\t\t\t<\/div>\n\t\t\t\t<\/div>\n\t\t<div class=\"elementor-element elementor-element-735250da e-con-full e-flex e-con e-parent\" data-id=\"735250da\" data-element_type=\"container\" data-e-type=\"container\" data-settings=\"{&quot;background_background&quot;:&quot;classic&quot;}\">\n\t\t\t\t<div class=\"elementor-element elementor-element-31ee4681 elementor-widget__width-initial elementor-widget-mobile__width-initial elementor-widget elementor-widget-text-editor\" data-id=\"31ee4681\" data-element_type=\"widget\" data-e-type=\"widget\" data-widget_type=\"text-editor.default\">\n\t\t\t\t<div class=\"elementor-widget-container\">\n\t\t\t\t\t\t\t\t\t<p style=\"text-align: left;\"><span style=\"color: #000000;\"><strong>J. Specht<br \/><\/strong><\/span>info@theprogthief.de<\/p>\t\t\t\t\t\t\t\t<\/div>\n\t\t\t\t<\/div>\n\t\t\t\t<div class=\"elementor-element elementor-element-5b9ea0a7 elementor-align-center elementor-widget elementor-widget-button\" data-id=\"5b9ea0a7\" data-element_type=\"widget\" data-e-type=\"widget\" data-widget_type=\"button.default\">\n\t\t\t\t<div class=\"elementor-widget-container\">\n\t\t\t\t\t\t\t\t\t<div class=\"elementor-button-wrapper\">\n\t\t\t\t\t<a class=\"elementor-button elementor-button-link elementor-size-sm\" href=\"https:\/\/theprogthief.de\/en\/impressum\/\">\n\t\t\t\t\t\t<span class=\"elementor-button-content-wrapper\">\n\t\t\t\t\t\t\t\t\t<span class=\"elementor-button-text\">Imprint<\/span>\n\t\t\t\t\t<\/span>\n\t\t\t\t\t<\/a>\n\t\t\t\t<\/div>\n\t\t\t\t\t\t\t\t<\/div>\n\t\t\t\t<\/div>\n\t\t\t\t<div class=\"elementor-element elementor-element-19556cb3 elementor-align-center elementor-widget elementor-widget-button\" data-id=\"19556cb3\" data-element_type=\"widget\" data-e-type=\"widget\" data-widget_type=\"button.default\">\n\t\t\t\t<div class=\"elementor-widget-container\">\n\t\t\t\t\t\t\t\t\t<div class=\"elementor-button-wrapper\">\n\t\t\t\t\t<a class=\"elementor-button elementor-button-link elementor-size-sm\" href=\"https:\/\/theprogthief.de\/en\/datenschutzerklaerung\/\">\n\t\t\t\t\t\t<span class=\"elementor-button-content-wrapper\">\n\t\t\t\t\t\t\t\t\t<span class=\"elementor-button-text\">Privacy Policy<\/span>\n\t\t\t\t\t<\/span>\n\t\t\t\t\t<\/a>\n\t\t\t\t<\/div>\n\t\t\t\t\t\t\t\t<\/div>\n\t\t\t\t<\/div>\n\t\t\t\t<div class=\"elementor-element elementor-element-2c36b9fc elementor-align-center elementor-widget elementor-widget-button\" data-id=\"2c36b9fc\" data-element_type=\"widget\" data-e-type=\"widget\" data-widget_type=\"button.default\">\n\t\t\t\t<div class=\"elementor-widget-container\">\n\t\t\t\t\t\t\t\t\t<div class=\"elementor-button-wrapper\">\n\t\t\t\t\t<a class=\"elementor-button elementor-button-link elementor-size-sm\" href=\"https:\/\/theprogthief.de\/en\/gender-hinweis\/\">\n\t\t\t\t\t\t<span class=\"elementor-button-content-wrapper\">\n\t\t\t\t\t\t\t\t\t<span class=\"elementor-button-text\">Gender Reference<\/span>\n\t\t\t\t\t<\/span>\n\t\t\t\t\t<\/a>\n\t\t\t\t<\/div>\n\t\t\t\t\t\t\t\t<\/div>\n\t\t\t\t<\/div>\n\t\t\t\t<\/div>\n\t\t\t\t<\/div>","protected":false},"excerpt":{"rendered":"<p>The Prog-Thief It Leads to This by The Pineapple Thief Bruce Soord, &#8222;Mastermind&#8220; der Band The Pineapple Thief, liefert ein feingeistiges, feingliedriges Prog-Album ab. Recht schn\u00f6rkellos und dennoch unverkennbar Prog. Hier greift jedes Zahnr\u00e4dchen in einander und das kann man h\u00f6ren. Mit Gavin Harrison an den Drums kommt eine Porcupine Tree Gr\u00f6\u00dfe zum Einsatz, die [&hellip;]<\/p>\n","protected":false},"author":1,"featured_media":0,"parent":0,"menu_order":0,"comment_status":"closed","ping_status":"closed","template":"","meta":{"ocean_post_layout":"full-screen","ocean_both_sidebars_style":"","ocean_both_sidebars_content_width":0,"ocean_both_sidebars_sidebars_width":0,"ocean_sidebar":"","ocean_second_sidebar":"","ocean_disable_margins":"enable","ocean_add_body_class":"","ocean_shortcode_before_top_bar":"","ocean_shortcode_after_top_bar":"","ocean_shortcode_before_header":"","ocean_shortcode_after_header":"","ocean_has_shortcode":"","ocean_shortcode_after_title":"","ocean_shortcode_before_footer_widgets":"","ocean_shortcode_after_footer_widgets":"","ocean_shortcode_before_footer_bottom":"","ocean_shortcode_after_footer_bottom":"","ocean_display_top_bar":"off","ocean_display_header":"off","ocean_header_style":"","ocean_center_header_left_menu":"","ocean_custom_header_template":"","ocean_custom_logo":0,"ocean_custom_retina_logo":0,"ocean_custom_logo_max_width":0,"ocean_custom_logo_tablet_max_width":0,"ocean_custom_logo_mobile_max_width":0,"ocean_custom_logo_max_height":0,"ocean_custom_logo_tablet_max_height":0,"ocean_custom_logo_mobile_max_height":0,"ocean_header_custom_menu":"","ocean_menu_typo_font_family":"","ocean_menu_typo_font_subset":"","ocean_menu_typo_font_size":0,"ocean_menu_typo_font_size_tablet":0,"ocean_menu_typo_font_size_mobile":0,"ocean_menu_typo_font_size_unit":"px","ocean_menu_typo_font_weight":"","ocean_menu_typo_font_weight_tablet":"","ocean_menu_typo_font_weight_mobile":"","ocean_menu_typo_transform":"","ocean_menu_typo_transform_tablet":"","ocean_menu_typo_transform_mobile":"","ocean_menu_typo_line_height":0,"ocean_menu_typo_line_height_tablet":0,"ocean_menu_typo_line_height_mobile":0,"ocean_menu_typo_line_height_unit":"","ocean_menu_typo_spacing":0,"ocean_menu_typo_spacing_tablet":0,"ocean_menu_typo_spacing_mobile":0,"ocean_menu_typo_spacing_unit":"","ocean_menu_link_color":"","ocean_menu_link_color_hover":"","ocean_menu_link_color_active":"","ocean_menu_link_background":"","ocean_menu_link_hover_background":"","ocean_menu_link_active_background":"","ocean_menu_social_links_bg":"","ocean_menu_social_hover_links_bg":"","ocean_menu_social_links_color":"","ocean_menu_social_hover_links_color":"","ocean_disable_title":"on","ocean_disable_heading":"default","ocean_post_title":"","ocean_post_subheading":"","ocean_post_title_style":"","ocean_post_title_background_color":"","ocean_post_title_background":0,"ocean_post_title_bg_image_position":"","ocean_post_title_bg_image_attachment":"","ocean_post_title_bg_image_repeat":"","ocean_post_title_bg_image_size":"","ocean_post_title_height":0,"ocean_post_title_bg_overlay":0.5,"ocean_post_title_bg_overlay_color":"","ocean_disable_breadcrumbs":"default","ocean_breadcrumbs_color":"","ocean_breadcrumbs_separator_color":"","ocean_breadcrumbs_links_color":"","ocean_breadcrumbs_links_hover_color":"","ocean_display_footer_widgets":"off","ocean_display_footer_bottom":"off","ocean_custom_footer_template":"","footnotes":""},"class_list":["post-1262","page","type-page","status-publish","hentry","entry"],"_links":{"self":[{"href":"https:\/\/theprogthief.de\/en\/wp-json\/wp\/v2\/pages\/1262","targetHints":{"allow":["GET"]}}],"collection":[{"href":"https:\/\/theprogthief.de\/en\/wp-json\/wp\/v2\/pages"}],"about":[{"href":"https:\/\/theprogthief.de\/en\/wp-json\/wp\/v2\/types\/page"}],"author":[{"embeddable":true,"href":"https:\/\/theprogthief.de\/en\/wp-json\/wp\/v2\/users\/1"}],"replies":[{"embeddable":true,"href":"https:\/\/theprogthief.de\/en\/wp-json\/wp\/v2\/comments?post=1262"}],"version-history":[{"count":10,"href":"https:\/\/theprogthief.de\/en\/wp-json\/wp\/v2\/pages\/1262\/revisions"}],"predecessor-version":[{"id":21020,"href":"https:\/\/theprogthief.de\/en\/wp-json\/wp\/v2\/pages\/1262\/revisions\/21020"}],"wp:attachment":[{"href":"https:\/\/theprogthief.de\/en\/wp-json\/wp\/v2\/media?parent=1262"}],"curies":[{"name":"wp","href":"https:\/\/api.w.org\/{rel}","templated":true}]}}