{"id":14669,"date":"2024-12-30T13:47:29","date_gmt":"2024-12-30T12:47:29","guid":{"rendered":"https:\/\/theprogthief.de\/?page_id=14669"},"modified":"2026-01-16T13:28:30","modified_gmt":"2026-01-16T12:28:30","slug":"toxicity-by-system-of-a-down","status":"publish","type":"page","link":"https:\/\/theprogthief.de\/en\/toxicity-by-system-of-a-down\/","title":{"rendered":"Toxicity by System Of A Down"},"content":{"rendered":"\t\t<div data-elementor-type=\"wp-page\" data-elementor-id=\"14669\" class=\"elementor elementor-14669\" data-elementor-post-type=\"page\">\n\t\t\t\t<div class=\"elementor-element elementor-element-2adeb858 e-con-full e-flex e-con e-parent\" data-id=\"2adeb858\" data-element_type=\"container\" data-e-type=\"container\" data-settings=\"{&quot;background_background&quot;:&quot;classic&quot;}\">\n\t\t\t\t<div class=\"elementor-element elementor-element-5280a1f1 elementor-widget elementor-widget-heading\" data-id=\"5280a1f1\" data-element_type=\"widget\" data-e-type=\"widget\" data-widget_type=\"heading.default\">\n\t\t\t\t<div class=\"elementor-widget-container\">\n\t\t\t\t\t<h2 class=\"elementor-heading-title elementor-size-default\"><a href=\"https:\/\/theprogthief.de\"> The Prog-Thief<\/a><\/h2>\t\t\t\t<\/div>\n\t\t\t\t<\/div>\n\t\t\t\t<\/div>\n\t\t<div class=\"elementor-element elementor-element-2a2e83a1 e-flex e-con-boxed e-con e-parent\" data-id=\"2a2e83a1\" data-element_type=\"container\" data-e-type=\"container\" data-settings=\"{&quot;background_background&quot;:&quot;classic&quot;}\">\n\t\t\t\t\t<div class=\"e-con-inner\">\n\t\t\t\t<div class=\"elementor-element elementor-element-69a4b1d elementor-nav-menu--stretch elementor-widget__width-initial elementor-nav-menu__text-align-aside elementor-nav-menu--toggle elementor-nav-menu--burger elementor-invisible elementor-widget elementor-widget-global elementor-global-12513 elementor-widget-nav-menu\" data-id=\"69a4b1d\" data-element_type=\"widget\" data-e-type=\"widget\" data-settings=\"{&quot;layout&quot;:&quot;dropdown&quot;,&quot;submenu_icon&quot;:{&quot;value&quot;:&quot;fas fa-chevron-down&quot;,&quot;library&quot;:&quot;fa-solid&quot;},&quot;full_width&quot;:&quot;stretch&quot;,&quot;_animation&quot;:&quot;fadeInUp&quot;,&quot;toggle&quot;:&quot;burger&quot;}\" data-widget_type=\"nav-menu.default\">\n\t\t\t\t<div class=\"elementor-widget-container\">\n\t\t\t\t\t\t\t<div class=\"elementor-menu-toggle\" role=\"button\" tabindex=\"0\" aria-label=\"Menu Toggle\" aria-expanded=\"false\">\n\t\t\t<i aria-hidden=\"true\" role=\"presentation\" class=\"elementor-menu-toggle__icon--open eicon-menu-bar\"><\/i><i aria-hidden=\"true\" role=\"presentation\" class=\"elementor-menu-toggle__icon--close eicon-close\"><\/i>\t\t<\/div>\n\t\t\t\t\t<nav class=\"elementor-nav-menu--dropdown elementor-nav-menu__container\" aria-hidden=\"true\">\n\t\t\t\t<ul id=\"menu-2-69a4b1d\" class=\"elementor-nav-menu\"><li class=\"menu-item menu-item-type-post_type menu-item-object-page menu-item-home menu-item-12224\"><a href=\"https:\/\/theprogthief.de\/en\/\" class=\"elementor-item\" tabindex=\"-1\">Home<\/a><\/li>\n<li class=\"menu-item menu-item-type-post_type menu-item-object-page menu-item-24784\"><a href=\"https:\/\/theprogthief.de\/en\/ayreon-alben\/\" class=\"elementor-item\" tabindex=\"-1\">Ayreon<\/a><\/li>\n<li class=\"menu-item menu-item-type-post_type menu-item-object-page menu-item-24610\"><a href=\"https:\/\/theprogthief.de\/en\/porcupine-tree\/\" class=\"elementor-item\" tabindex=\"-1\">Porcupine Tree<\/a><\/li>\n<li class=\"menu-item menu-item-type-post_type menu-item-object-page menu-item-30976\"><a href=\"https:\/\/theprogthief.de\/en\/theatre-of-tragedy\/\" class=\"elementor-item\" tabindex=\"-1\">Theatre Of Tragedy<\/a><\/li>\n<li class=\"menu-item menu-item-type-post_type menu-item-object-page menu-item-has-children menu-item-12227\"><a rel=\"Keine\" href=\"https:\/\/theprogthief.de\/en\/rezensionen\/\" class=\"elementor-item\" tabindex=\"-1\">Rezensionen<\/a>\n<ul class=\"sub-menu elementor-nav-menu--dropdown\">\n\t<li class=\"menu-item menu-item-type-post_type menu-item-object-page menu-item-13299\"><a href=\"https:\/\/theprogthief.de\/en\/reviewsii\/\" class=\"elementor-sub-item\" tabindex=\"-1\">Reviews II<\/a><\/li>\n\t<li class=\"menu-item menu-item-type-post_type menu-item-object-page menu-item-13253\"><a href=\"https:\/\/theprogthief.de\/en\/reviews-iii\/\" class=\"elementor-sub-item\" tabindex=\"-1\">Reviews III<\/a><\/li>\n\t<li class=\"menu-item menu-item-type-post_type menu-item-object-page menu-item-20876\"><a href=\"https:\/\/theprogthief.de\/en\/reviews-iv\/\" class=\"elementor-sub-item\" tabindex=\"-1\">Reviews IV<\/a><\/li>\n\t<li class=\"menu-item menu-item-type-post_type menu-item-object-page menu-item-24240\"><a href=\"https:\/\/theprogthief.de\/en\/reviews-v\/\" class=\"elementor-sub-item\" tabindex=\"-1\">Reviews V<\/a><\/li>\n\t<li class=\"menu-item menu-item-type-post_type menu-item-object-page menu-item-24478\"><a href=\"https:\/\/theprogthief.de\/en\/rezensionen\/\" class=\"elementor-sub-item\" tabindex=\"-1\">Rezensionen A-Z<\/a><\/li>\n<\/ul>\n<\/li>\n<li class=\"menu-item menu-item-type-post_type menu-item-object-page menu-item-19217\"><a href=\"https:\/\/theprogthief.de\/en\/female-driven\/\" class=\"elementor-item\" tabindex=\"-1\">Female Driven<\/a><\/li>\n<li class=\"menu-item menu-item-type-post_type menu-item-object-page menu-item-12223\"><a href=\"https:\/\/theprogthief.de\/en\/was-ist-prog\/\" class=\"elementor-item\" tabindex=\"-1\">Was ist Prog?<\/a><\/li>\n<li class=\"menu-item menu-item-type-post_type menu-item-object-page menu-item-12222\"><a href=\"https:\/\/theprogthief.de\/en\/ueber-mich\/\" class=\"elementor-item\" tabindex=\"-1\">\u00dcber mich<\/a><\/li>\n<\/ul>\t\t\t<\/nav>\n\t\t\t\t\t\t<\/div>\n\t\t\t\t<\/div>\n\t\t\t\t\t<\/div>\n\t\t\t\t<\/div>\n\t\t<div class=\"elementor-element elementor-element-a2f3ec4 e-flex e-con-boxed e-con e-parent\" data-id=\"a2f3ec4\" data-element_type=\"container\" data-e-type=\"container\" data-settings=\"{&quot;background_background&quot;:&quot;classic&quot;}\">\n\t\t\t\t\t<div class=\"e-con-inner\">\n\t\t\t\t<div class=\"elementor-element elementor-element-4a27bcc9 elementor-widget elementor-widget-heading\" data-id=\"4a27bcc9\" data-element_type=\"widget\" data-e-type=\"widget\" data-widget_type=\"heading.default\">\n\t\t\t\t<div class=\"elementor-widget-container\">\n\t\t\t\t\t<h2 class=\"elementor-heading-title elementor-size-default\">Toxicity by System Of A Down<\/h2>\t\t\t\t<\/div>\n\t\t\t\t<\/div>\n\t\t\t\t\t<\/div>\n\t\t\t\t<\/div>\n\t\t<div class=\"elementor-element elementor-element-5b80c8c0 e-flex e-con-boxed e-con e-parent\" data-id=\"5b80c8c0\" data-element_type=\"container\" data-e-type=\"container\" data-settings=\"{&quot;background_background&quot;:&quot;classic&quot;}\">\n\t\t\t\t\t<div class=\"e-con-inner\">\n\t\t<div class=\"elementor-element elementor-element-42fc251b e-con-full e-flex e-con e-child\" data-id=\"42fc251b\" data-element_type=\"container\" data-e-type=\"container\">\n\t\t<div class=\"elementor-element elementor-element-3e256c3c e-flex e-con-boxed e-con e-child\" data-id=\"3e256c3c\" data-element_type=\"container\" data-e-type=\"container\">\n\t\t\t\t\t<div class=\"e-con-inner\">\n\t\t\t\t<div class=\"elementor-element elementor-element-6644b631 elementor-widget elementor-widget-text-editor\" data-id=\"6644b631\" data-element_type=\"widget\" data-e-type=\"widget\" data-widget_type=\"text-editor.default\">\n\t\t\t\t<div class=\"elementor-widget-container\">\n\t\t\t\t\t\t\t\t\t<p><a href=\"https:\/\/theprogthief.de\/wp-content\/uploads\/2024\/12\/SDTCFC1280.jpg\"><img fetchpriority=\"high\" decoding=\"async\" class=\"aligncenter wp-image-14673 size-full\" src=\"https:\/\/theprogthief.de\/wp-content\/uploads\/2024\/12\/SDTCFC350.jpg\" alt=\"Toxicity by System of a Down. Vinyl. Frontcover\" width=\"350\" height=\"346\" srcset=\"https:\/\/theprogthief.de\/wp-content\/uploads\/2024\/12\/SDTCFC350.jpg 350w, https:\/\/theprogthief.de\/wp-content\/uploads\/2024\/12\/SDTCFC350-300x297.jpg 300w, https:\/\/theprogthief.de\/wp-content\/uploads\/2024\/12\/SDTCFC350-150x148.jpg 150w, https:\/\/theprogthief.de\/wp-content\/uploads\/2024\/12\/SDTCFC350-12x12.jpg 12w\" sizes=\"(max-width: 350px) 100vw, 350px\" \/><\/a>\u00a0<\/p><p><a href=\"https:\/\/www.systemofadown.com\/\" target=\"_blank\" rel=\"noopener\"><span style=\"text-decoration: underline;\">System Of A Down<\/span><\/a><br \/>Toxicity<br \/>Alternativ-Metal, Nu-Metal, Crossover. Black Vinyl. 2001<\/p><p>SOAD (System Of A Down) wurden 1995 gegr\u00fcndet. Toxicity ist ihr zweites Album und deutlich politisch. Ich spreche ja oft von intelligenter Musik und meine in der Regel Prog-Rock. Bei System Of A Down sind die Musik und die Texte brutal, entlarvend, sanft, kritisch, w\u00fctend, kalt, emotional. Gepresst in maximal 04:00 Minuten lange Songs auf Toxicity. Immer mit der passenden Stimme gesungen von Serj Tankian. John Dolmayan traktiert genauso sein Schlagzeug. Bass (Shavo Odadjian) und Gitarre\/Gesang (Daron Malakian) treiben mit an. Die Mischung aus kurzen ruhigen Passagen geht ohne Vorwarnung explosionsartig in fetzige Abschnitte \u00fcber. Kritik an den USA gibt es quasi immer. System Of A Down. Metal neu gedacht.<\/p><p>Produziert wurde Toxicity im Cello Studio, Hollywood von Rick Rubin und Daron Malakian. Serj Tankian war Co-Produzent und einziger Gastmusiker war Arto Tun\u00e7boyac\u0131yan.<\/p><p><a href=\"https:\/\/theprogthief.de\/wp-content\/uploads\/2024\/12\/SDTCLPA1280.jpg\"><img decoding=\"async\" class=\"aligncenter wp-image-14677 size-full\" src=\"https:\/\/theprogthief.de\/wp-content\/uploads\/2024\/12\/SDTCLPA350.jpg\" alt=\"Toxicity by System of a Down. Vinyl. LP A\" width=\"349\" height=\"350\" srcset=\"https:\/\/theprogthief.de\/wp-content\/uploads\/2024\/12\/SDTCLPA350.jpg 349w, https:\/\/theprogthief.de\/wp-content\/uploads\/2024\/12\/SDTCLPA350-300x300.jpg 300w, https:\/\/theprogthief.de\/wp-content\/uploads\/2024\/12\/SDTCLPA350-150x150.jpg 150w, https:\/\/theprogthief.de\/wp-content\/uploads\/2024\/12\/SDTCLPA350-12x12.jpg 12w\" sizes=\"(max-width: 349px) 100vw, 349px\" \/><\/a><\/p><p>Wer SOAD nicht kennt, bekommt gleich beim ersten Song den richtigen Eindruck. &#8222;Prison Song&#8220; ist ein aggressiver Anfang und deutlich kritisch gegen\u00fcber dem US. Strafvollzugssystems. &#8222;They try to build a Prison, for you and me to live in.&#8220; Der Song kann als Essenz des ganzen Albums interpretiert werden. &#8222;Needles&#8220; ist pure Power in 03:13 und behandelt Drogenmissbrauch.\u00a0 &#8222;Deer Dance&#8220; k\u00f6nnte auf jedem Prog-Album eine gute Figur machen. Hier richtet sich SOAD gegen Polizeigewalt gegen\u00fcber friedlichen Demonstranten. &#8222;Pushing little children with their fully-automatics, They like to push the weak around.&#8220; Psychedelischer wird der Text in &#8222;Jet Pilot&#8220;, wenn ein Pferd davon tr\u00e4umt \u00fcber die Bay von Los Angeles zu fliegen. &#8222;X&#8220; setzt sich mit der \u00dcberbev\u00f6lkerung auseinander. &#8222;Chop Suey&#8220; bezieht sich auf die letzten sieben Worte von Jesus, kurz bevor er stirbt. Es geht darum, wie unterschiedlich die Gesellschaft Verstorbene betrachtet, je nachdem wie sie gestorben sind. In &#8222;Bounce&#8220; kritisiert Serj Tankian Gruppensex. &#8222;Forrest&#8220; parodiert Die Bibel und im allgemeinen organisierte Religionen.<\/p><p><a href=\"https:\/\/theprogthief.de\/wp-content\/uploads\/2024\/12\/SDTCLPB1280.jpg\"><img decoding=\"async\" class=\"aligncenter wp-image-14679 size-full\" src=\"https:\/\/theprogthief.de\/wp-content\/uploads\/2024\/12\/SDTCLPB350.jpg\" alt=\"Toxicity by System of a Down. Vinyl. LP B\" width=\"348\" height=\"350\" srcset=\"https:\/\/theprogthief.de\/wp-content\/uploads\/2024\/12\/SDTCLPB350.jpg 348w, https:\/\/theprogthief.de\/wp-content\/uploads\/2024\/12\/SDTCLPB350-298x300.jpg 298w, https:\/\/theprogthief.de\/wp-content\/uploads\/2024\/12\/SDTCLPB350-150x150.jpg 150w, https:\/\/theprogthief.de\/wp-content\/uploads\/2024\/12\/SDTCLPB350-12x12.jpg 12w\" sizes=\"(max-width: 348px) 100vw, 348px\" \/><\/a><\/p><p>&#8222;ATWA&#8220; kritisiert das Charles Manson keinen fairen Prozess gehabt h\u00e4tte und aus den falschen Gr\u00fcnden im Gef\u00e4ngnis w\u00e4re. Diese Meinung teil ich nicht. &#8222;Toxicity&#8220; setzt sich mit ADHS auseinander, w\u00e4rend &#8222;Psycho&#8220; zugekokste Groupies thematisiert. Wie es sich anf\u00fchlt, sich in einer materialistischen Gesellschaft verloren zu f\u00fchlen, beschreibt &#8222;Aerials&#8220;. Gleichzeitig ist der Song anders von der Machart her, als der Rest des Albums. Was auch &#8222;Arto&#8220; betrifft, welches sich mit dem V\u00f6lkermord an den Armeniern 1915 auseinandersetzt.<\/p><p><a href=\"https:\/\/theprogthief.de\/wp-content\/uploads\/2024\/12\/SDTCH1280.jpg\"><img loading=\"lazy\" decoding=\"async\" class=\"aligncenter wp-image-14675 size-full\" src=\"https:\/\/theprogthief.de\/wp-content\/uploads\/2024\/12\/SDTCH350.jpg\" alt=\"Toxicity by System of a Down. Vinyl. Sleeve\" width=\"350\" height=\"346\" srcset=\"https:\/\/theprogthief.de\/wp-content\/uploads\/2024\/12\/SDTCH350.jpg 350w, https:\/\/theprogthief.de\/wp-content\/uploads\/2024\/12\/SDTCH350-300x297.jpg 300w, https:\/\/theprogthief.de\/wp-content\/uploads\/2024\/12\/SDTCH350-150x148.jpg 150w, https:\/\/theprogthief.de\/wp-content\/uploads\/2024\/12\/SDTCH350-12x12.jpg 12w\" sizes=\"(max-width: 350px) 100vw, 350px\" \/><\/a><\/p><p>Insgesamt wurde &#8222;Toxicity&#8220; sehr positiv aufgenommen und verkaufte sich mehr als 12 Millionen mal. Mein Fazit f\u00e4llt positiv aus, mir gef\u00e4llt die Kritik an bestehenden Problemen in unseren Gesellschaften, die knackigen Texte und Songstrukturen. Metal hat sich weiterentwickelt und System Of A Down trug dazu bei. Ein kurzweiliges Album, das in keiner Sammlung fehlen sollte.<\/p><p><a href=\"https:\/\/theprogthief.de\/wp-content\/uploads\/2024\/12\/SDTCBC1280.jpg\"><img loading=\"lazy\" decoding=\"async\" class=\"aligncenter wp-image-14670 size-full\" src=\"https:\/\/theprogthief.de\/wp-content\/uploads\/2024\/12\/SDTCBC350.jpg\" alt=\"Toxicity by System of a Down. Vinyl. Backcover\" width=\"350\" height=\"349\" srcset=\"https:\/\/theprogthief.de\/wp-content\/uploads\/2024\/12\/SDTCBC350.jpg 350w, https:\/\/theprogthief.de\/wp-content\/uploads\/2024\/12\/SDTCBC350-300x300.jpg 300w, https:\/\/theprogthief.de\/wp-content\/uploads\/2024\/12\/SDTCBC350-150x150.jpg 150w, https:\/\/theprogthief.de\/wp-content\/uploads\/2024\/12\/SDTCBC350-12x12.jpg 12w\" sizes=\"(max-width: 350px) 100vw, 350px\" \/><\/a><\/p><p>Die Fotos stammen alle von meiner LP. Die Rechte aller Motive, Logos, Texte und Schriften, die auf den Fotos zu sehen sind, liegen nat\u00fcrlich beim Rechteinhaber.<\/p><p>No AI was used in the making of this Review.<br \/>\u00a930.12.2024<\/p>\t\t\t\t\t\t\t\t<\/div>\n\t\t\t\t<\/div>\n\t\t\t\t\t<\/div>\n\t\t\t\t<\/div>\n\t\t\t\t<\/div>\n\t\t\t\t\t<\/div>\n\t\t\t\t<\/div>\n\t\t<div class=\"elementor-element elementor-element-739af0e3 e-flex e-con-boxed e-con e-parent\" data-id=\"739af0e3\" data-element_type=\"container\" data-e-type=\"container\" data-settings=\"{&quot;background_background&quot;:&quot;classic&quot;}\">\n\t\t\t\t\t<div class=\"e-con-inner\">\n\t\t<div class=\"elementor-element elementor-element-137ac0ae e-con-full e-flex e-con e-child\" data-id=\"137ac0ae\" data-element_type=\"container\" data-e-type=\"container\">\n\t\t\t\t<div class=\"elementor-element elementor-element-7f7a889a elementor-widget elementor-widget-video\" data-id=\"7f7a889a\" data-element_type=\"widget\" data-e-type=\"widget\" data-settings=\"{&quot;youtube_url&quot;:&quot;https:\\\/\\\/youtu.be\\\/CSvFpBOe8eY&quot;,&quot;video_type&quot;:&quot;youtube&quot;,&quot;controls&quot;:&quot;yes&quot;}\" data-widget_type=\"video.default\">\n\t\t\t\t<div class=\"elementor-widget-container\">\n\t\t\t\t\t\t\t<div class=\"elementor-wrapper elementor-open-inline\">\n\t\t\t<div class=\"elementor-video\"><\/div>\t\t<\/div>\n\t\t\t\t\t\t<\/div>\n\t\t\t\t<\/div>\n\t\t\t\t<\/div>\n\t\t<div class=\"elementor-element elementor-element-7365f34a e-con-full e-flex e-con e-child\" data-id=\"7365f34a\" data-element_type=\"container\" data-e-type=\"container\">\n\t\t\t\t<div class=\"elementor-element elementor-element-6131a4f5 elementor-widget elementor-widget-video\" data-id=\"6131a4f5\" data-element_type=\"widget\" data-e-type=\"widget\" data-settings=\"{&quot;youtube_url&quot;:&quot;https:\\\/\\\/youtu.be\\\/L-iepu3EtyE&quot;,&quot;video_type&quot;:&quot;youtube&quot;,&quot;controls&quot;:&quot;yes&quot;}\" data-widget_type=\"video.default\">\n\t\t\t\t<div class=\"elementor-widget-container\">\n\t\t\t\t\t\t\t<div class=\"elementor-wrapper elementor-open-inline\">\n\t\t\t<div class=\"elementor-video\"><\/div>\t\t<\/div>\n\t\t\t\t\t\t<\/div>\n\t\t\t\t<\/div>\n\t\t\t\t<\/div>\n\t\t<div class=\"elementor-element elementor-element-5bffee6f e-con-full e-flex e-con e-child\" data-id=\"5bffee6f\" data-element_type=\"container\" data-e-type=\"container\">\n\t\t\t\t<div class=\"elementor-element elementor-element-7c1754b3 elementor-widget elementor-widget-video\" data-id=\"7c1754b3\" data-element_type=\"widget\" data-e-type=\"widget\" data-settings=\"{&quot;youtube_url&quot;:&quot;https:\\\/\\\/youtu.be\\\/1xD2ItImFEU&quot;,&quot;video_type&quot;:&quot;youtube&quot;,&quot;controls&quot;:&quot;yes&quot;}\" data-widget_type=\"video.default\">\n\t\t\t\t<div class=\"elementor-widget-container\">\n\t\t\t\t\t\t\t<div class=\"elementor-wrapper elementor-open-inline\">\n\t\t\t<div class=\"elementor-video\"><\/div>\t\t<\/div>\n\t\t\t\t\t\t<\/div>\n\t\t\t\t<\/div>\n\t\t\t\t<\/div>\n\t\t\t\t\t<\/div>\n\t\t\t\t<\/div>\n\t\t<div class=\"elementor-element elementor-element-3de32892 e-flex e-con-boxed e-con e-parent\" data-id=\"3de32892\" data-element_type=\"container\" data-e-type=\"container\" data-settings=\"{&quot;background_background&quot;:&quot;classic&quot;}\">\n\t\t\t\t\t<div class=\"e-con-inner\">\n\t\t\t\t<div class=\"elementor-element elementor-element-3a2b3c23 elementor-widget elementor-widget-heading\" data-id=\"3a2b3c23\" data-element_type=\"widget\" data-e-type=\"widget\" data-widget_type=\"heading.default\">\n\t\t\t\t<div class=\"elementor-widget-container\">\n\t\t\t\t\t<h4 class=\"elementor-heading-title elementor-size-default\"><a href=\"https:\/\/www.hoeren-und-fuehlen.de\/\" target=\"_blank\">Interessiert an mehr Musik und Technik? Dann:<\/a><\/h4>\t\t\t\t<\/div>\n\t\t\t\t<\/div>\n\t\t\t\t<div class=\"elementor-element elementor-element-643afc4d elementor-widget elementor-widget-image\" data-id=\"643afc4d\" data-element_type=\"widget\" data-e-type=\"widget\" data-widget_type=\"image.default\">\n\t\t\t\t<div class=\"elementor-widget-container\">\n\t\t\t\t\t\t\t\t\t\t\t\t\t\t\t\t<a href=\"https:\/\/www.hoeren-und-fuehlen.de\/\" target=\"_blank\">\n\t\t\t\t\t\t\t<img loading=\"lazy\" decoding=\"async\" width=\"150\" height=\"47\" src=\"https:\/\/theprogthief.de\/wp-content\/uploads\/2024\/06\/Banner-150x47.jpg\" class=\"attachment-thumbnail size-thumbnail wp-image-5580\" alt=\"\" srcset=\"https:\/\/theprogthief.de\/wp-content\/uploads\/2024\/06\/Banner-150x47.jpg 150w, https:\/\/theprogthief.de\/wp-content\/uploads\/2024\/06\/Banner-300x94.jpg 300w, https:\/\/theprogthief.de\/wp-content\/uploads\/2024\/06\/Banner.jpg 320w\" sizes=\"(max-width: 150px) 100vw, 150px\" \/>\t\t\t\t\t\t\t\t<\/a>\n\t\t\t\t\t\t\t\t\t\t\t\t\t\t\t<\/div>\n\t\t\t\t<\/div>\n\t\t\t\t\t<\/div>\n\t\t\t\t<\/div>\n\t\t<div class=\"elementor-element elementor-element-1d4c5fa0 e-con-full e-flex e-con e-parent\" data-id=\"1d4c5fa0\" data-element_type=\"container\" data-e-type=\"container\" data-settings=\"{&quot;background_background&quot;:&quot;classic&quot;}\">\n\t\t\t\t<div class=\"elementor-element elementor-element-2e9dbe85 elementor-widget__width-initial elementor-widget-mobile__width-initial elementor-widget elementor-widget-text-editor\" data-id=\"2e9dbe85\" data-element_type=\"widget\" data-e-type=\"widget\" data-widget_type=\"text-editor.default\">\n\t\t\t\t<div class=\"elementor-widget-container\">\n\t\t\t\t\t\t\t\t\t<p style=\"text-align: left;\"><span style=\"color: #000000;\"><strong>J. Specht<br \/><\/strong><\/span>[info@theprogthief.de]<\/p>\t\t\t\t\t\t\t\t<\/div>\n\t\t\t\t<\/div>\n\t\t\t\t<div class=\"elementor-element elementor-element-4bdc7fd0 elementor-align-center elementor-widget elementor-widget-button\" data-id=\"4bdc7fd0\" data-element_type=\"widget\" data-e-type=\"widget\" data-widget_type=\"button.default\">\n\t\t\t\t<div class=\"elementor-widget-container\">\n\t\t\t\t\t\t\t\t\t<div class=\"elementor-button-wrapper\">\n\t\t\t\t\t<a class=\"elementor-button elementor-button-link elementor-size-sm\" href=\"https:\/\/theprogthief.de\/impressum\/\">\n\t\t\t\t\t\t<span class=\"elementor-button-content-wrapper\">\n\t\t\t\t\t\t\t\t\t<span class=\"elementor-button-text\">Impressum<\/span>\n\t\t\t\t\t<\/span>\n\t\t\t\t\t<\/a>\n\t\t\t\t<\/div>\n\t\t\t\t\t\t\t\t<\/div>\n\t\t\t\t<\/div>\n\t\t\t\t<div class=\"elementor-element elementor-element-4b7d80d1 elementor-align-center elementor-widget elementor-widget-button\" data-id=\"4b7d80d1\" data-element_type=\"widget\" data-e-type=\"widget\" data-widget_type=\"button.default\">\n\t\t\t\t<div class=\"elementor-widget-container\">\n\t\t\t\t\t\t\t\t\t<div class=\"elementor-button-wrapper\">\n\t\t\t\t\t<a class=\"elementor-button elementor-button-link elementor-size-sm\" href=\"https:\/\/theprogthief.de\/datenschutzerklaerung\/\">\n\t\t\t\t\t\t<span class=\"elementor-button-content-wrapper\">\n\t\t\t\t\t\t\t\t\t<span class=\"elementor-button-text\">Datenschutz<\/span>\n\t\t\t\t\t<\/span>\n\t\t\t\t\t<\/a>\n\t\t\t\t<\/div>\n\t\t\t\t\t\t\t\t<\/div>\n\t\t\t\t<\/div>\n\t\t\t\t<div class=\"elementor-element elementor-element-6443ca3b elementor-align-center elementor-widget elementor-widget-button\" data-id=\"6443ca3b\" data-element_type=\"widget\" data-e-type=\"widget\" data-widget_type=\"button.default\">\n\t\t\t\t<div class=\"elementor-widget-container\">\n\t\t\t\t\t\t\t\t\t<div class=\"elementor-button-wrapper\">\n\t\t\t\t\t<a class=\"elementor-button elementor-button-link elementor-size-sm\" href=\"https:\/\/theprogthief.de\/gender-hinweis\/\">\n\t\t\t\t\t\t<span class=\"elementor-button-content-wrapper\">\n\t\t\t\t\t\t\t\t\t<span class=\"elementor-button-text\">Gender-Hinweis<\/span>\n\t\t\t\t\t<\/span>\n\t\t\t\t\t<\/a>\n\t\t\t\t<\/div>\n\t\t\t\t\t\t\t\t<\/div>\n\t\t\t\t<\/div>\n\t\t\t\t<\/div>\n\t\t\t\t<\/div>\n\t\t","protected":false},"excerpt":{"rendered":"<p>Review Toxicity. Crossover. Allternative Metal. Chop Suey! September 2001.<\/p>","protected":false},"author":1,"featured_media":14673,"parent":0,"menu_order":0,"comment_status":"closed","ping_status":"closed","template":"","meta":{"ocean_post_layout":"full-screen","ocean_both_sidebars_style":"","ocean_both_sidebars_content_width":0,"ocean_both_sidebars_sidebars_width":0,"ocean_sidebar":"","ocean_second_sidebar":"","ocean_disable_margins":"enable","ocean_add_body_class":"","ocean_shortcode_before_top_bar":"","ocean_shortcode_after_top_bar":"","ocean_shortcode_before_header":"","ocean_shortcode_after_header":"","ocean_has_shortcode":"","ocean_shortcode_after_title":"","ocean_shortcode_before_footer_widgets":"","ocean_shortcode_after_footer_widgets":"","ocean_shortcode_before_footer_bottom":"","ocean_shortcode_after_footer_bottom":"","ocean_display_top_bar":"off","ocean_display_header":"off","ocean_header_style":"","ocean_center_header_left_menu":"","ocean_custom_header_template":"","ocean_custom_logo":0,"ocean_custom_retina_logo":0,"ocean_custom_logo_max_width":0,"ocean_custom_logo_tablet_max_width":0,"ocean_custom_logo_mobile_max_width":0,"ocean_custom_logo_max_height":0,"ocean_custom_logo_tablet_max_height":0,"ocean_custom_logo_mobile_max_height":0,"ocean_header_custom_menu":"","ocean_menu_typo_font_family":"","ocean_menu_typo_font_subset":"","ocean_menu_typo_font_size":0,"ocean_menu_typo_font_size_tablet":0,"ocean_menu_typo_font_size_mobile":0,"ocean_menu_typo_font_size_unit":"px","ocean_menu_typo_font_weight":"","ocean_menu_typo_font_weight_tablet":"","ocean_menu_typo_font_weight_mobile":"","ocean_menu_typo_transform":"","ocean_menu_typo_transform_tablet":"","ocean_menu_typo_transform_mobile":"","ocean_menu_typo_line_height":0,"ocean_menu_typo_line_height_tablet":0,"ocean_menu_typo_line_height_mobile":0,"ocean_menu_typo_line_height_unit":"","ocean_menu_typo_spacing":0,"ocean_menu_typo_spacing_tablet":0,"ocean_menu_typo_spacing_mobile":0,"ocean_menu_typo_spacing_unit":"","ocean_menu_link_color":"","ocean_menu_link_color_hover":"","ocean_menu_link_color_active":"","ocean_menu_link_background":"","ocean_menu_link_hover_background":"","ocean_menu_link_active_background":"","ocean_menu_social_links_bg":"","ocean_menu_social_hover_links_bg":"","ocean_menu_social_links_color":"","ocean_menu_social_hover_links_color":"","ocean_disable_title":"on","ocean_disable_heading":"default","ocean_post_title":"","ocean_post_subheading":"","ocean_post_title_style":"","ocean_post_title_background_color":"","ocean_post_title_background":0,"ocean_post_title_bg_image_position":"","ocean_post_title_bg_image_attachment":"","ocean_post_title_bg_image_repeat":"","ocean_post_title_bg_image_size":"","ocean_post_title_height":0,"ocean_post_title_bg_overlay":0.5,"ocean_post_title_bg_overlay_color":"","ocean_disable_breadcrumbs":"default","ocean_breadcrumbs_color":"","ocean_breadcrumbs_separator_color":"","ocean_breadcrumbs_links_color":"","ocean_breadcrumbs_links_hover_color":"","ocean_display_footer_widgets":"off","ocean_display_footer_bottom":"off","ocean_custom_footer_template":"","footnotes":""},"class_list":["post-14669","page","type-page","status-publish","has-post-thumbnail","hentry","entry","has-media"],"_links":{"self":[{"href":"https:\/\/theprogthief.de\/en\/wp-json\/wp\/v2\/pages\/14669","targetHints":{"allow":["GET"]}}],"collection":[{"href":"https:\/\/theprogthief.de\/en\/wp-json\/wp\/v2\/pages"}],"about":[{"href":"https:\/\/theprogthief.de\/en\/wp-json\/wp\/v2\/types\/page"}],"author":[{"embeddable":true,"href":"https:\/\/theprogthief.de\/en\/wp-json\/wp\/v2\/users\/1"}],"replies":[{"embeddable":true,"href":"https:\/\/theprogthief.de\/en\/wp-json\/wp\/v2\/comments?post=14669"}],"version-history":[{"count":10,"href":"https:\/\/theprogthief.de\/en\/wp-json\/wp\/v2\/pages\/14669\/revisions"}],"predecessor-version":[{"id":27063,"href":"https:\/\/theprogthief.de\/en\/wp-json\/wp\/v2\/pages\/14669\/revisions\/27063"}],"wp:featuredmedia":[{"embeddable":true,"href":"https:\/\/theprogthief.de\/en\/wp-json\/wp\/v2\/media\/14673"}],"wp:attachment":[{"href":"https:\/\/theprogthief.de\/en\/wp-json\/wp\/v2\/media?parent=14669"}],"curies":[{"name":"wp","href":"https:\/\/api.w.org\/{rel}","templated":true}]}}