{"id":14827,"date":"2025-01-04T13:33:47","date_gmt":"2025-01-04T12:33:47","guid":{"rendered":"https:\/\/theprogthief.de\/?page_id=14827"},"modified":"2025-07-24T01:26:34","modified_gmt":"2025-07-23T23:26:34","slug":"feuer-by-dolch","status":"publish","type":"page","link":"https:\/\/theprogthief.de\/en\/feuer-by-dolch\/","title":{"rendered":"Feuer by Dolch"},"content":{"rendered":"\t\t<div data-elementor-type=\"wp-page\" data-elementor-id=\"14827\" class=\"elementor elementor-14827\" data-elementor-post-type=\"page\">\n\t\t\t\t<div class=\"elementor-element elementor-element-20111f5 e-con-full e-flex e-con e-parent\" data-id=\"20111f5\" data-element_type=\"container\" data-e-type=\"container\" data-settings=\"{&quot;background_background&quot;:&quot;classic&quot;}\">\n\t\t\t\t<div class=\"elementor-element elementor-element-2c89cb20 elementor-widget elementor-widget-heading\" data-id=\"2c89cb20\" data-element_type=\"widget\" data-e-type=\"widget\" data-widget_type=\"heading.default\">\n\t\t\t\t<div class=\"elementor-widget-container\">\n\t\t\t\t\t<h2 class=\"elementor-heading-title elementor-size-default\"><a href=\"https:\/\/theprogthief.de\"> The Prog-Thief<\/a><\/h2>\t\t\t\t<\/div>\n\t\t\t\t<\/div>\n\t\t\t\t<\/div>\n\t\t<div class=\"elementor-element elementor-element-413db560 e-flex e-con-boxed e-con e-parent\" data-id=\"413db560\" data-element_type=\"container\" data-e-type=\"container\" data-settings=\"{&quot;background_background&quot;:&quot;classic&quot;}\">\n\t\t\t\t\t<div class=\"e-con-inner\">\n\t\t\t\t<div class=\"elementor-element elementor-element-fc512ba elementor-nav-menu--stretch elementor-widget__width-initial elementor-nav-menu__text-align-aside elementor-nav-menu--toggle elementor-nav-menu--burger elementor-invisible elementor-widget elementor-widget-global elementor-global-12513 elementor-widget-nav-menu\" data-id=\"fc512ba\" data-element_type=\"widget\" data-e-type=\"widget\" data-settings=\"{&quot;layout&quot;:&quot;dropdown&quot;,&quot;submenu_icon&quot;:{&quot;value&quot;:&quot;fas fa-chevron-down&quot;,&quot;library&quot;:&quot;fa-solid&quot;},&quot;full_width&quot;:&quot;stretch&quot;,&quot;_animation&quot;:&quot;fadeInUp&quot;,&quot;toggle&quot;:&quot;burger&quot;}\" data-widget_type=\"nav-menu.default\">\n\t\t\t\t<div class=\"elementor-widget-container\">\n\t\t\t\t\t\t\t<div class=\"elementor-menu-toggle\" role=\"button\" tabindex=\"0\" aria-label=\"Menu Toggle\" aria-expanded=\"false\">\n\t\t\t<i aria-hidden=\"true\" role=\"presentation\" class=\"elementor-menu-toggle__icon--open eicon-menu-bar\"><\/i><i aria-hidden=\"true\" role=\"presentation\" class=\"elementor-menu-toggle__icon--close eicon-close\"><\/i>\t\t<\/div>\n\t\t\t\t\t<nav class=\"elementor-nav-menu--dropdown elementor-nav-menu__container\" aria-hidden=\"true\">\n\t\t\t\t<ul id=\"menu-2-fc512ba\" class=\"elementor-nav-menu\"><li class=\"menu-item menu-item-type-post_type menu-item-object-page menu-item-home menu-item-12224\"><a href=\"https:\/\/theprogthief.de\/en\/\" class=\"elementor-item\" tabindex=\"-1\">Home<\/a><\/li>\n<li class=\"menu-item menu-item-type-post_type menu-item-object-page menu-item-24784\"><a href=\"https:\/\/theprogthief.de\/en\/ayreon-alben\/\" class=\"elementor-item\" tabindex=\"-1\">Ayreon<\/a><\/li>\n<li class=\"menu-item menu-item-type-post_type menu-item-object-page menu-item-24610\"><a href=\"https:\/\/theprogthief.de\/en\/porcupine-tree\/\" class=\"elementor-item\" tabindex=\"-1\">Porcupine Tree<\/a><\/li>\n<li class=\"menu-item menu-item-type-post_type menu-item-object-page menu-item-30976\"><a href=\"https:\/\/theprogthief.de\/en\/theatre-of-tragedy\/\" class=\"elementor-item\" tabindex=\"-1\">Theatre Of Tragedy<\/a><\/li>\n<li class=\"menu-item menu-item-type-post_type menu-item-object-page menu-item-has-children menu-item-12227\"><a rel=\"Keine\" href=\"https:\/\/theprogthief.de\/en\/rezensionen\/\" class=\"elementor-item\" tabindex=\"-1\">Rezensionen<\/a>\n<ul class=\"sub-menu elementor-nav-menu--dropdown\">\n\t<li class=\"menu-item menu-item-type-post_type menu-item-object-page menu-item-13299\"><a href=\"https:\/\/theprogthief.de\/en\/reviewsii\/\" class=\"elementor-sub-item\" tabindex=\"-1\">Reviews II<\/a><\/li>\n\t<li class=\"menu-item menu-item-type-post_type menu-item-object-page menu-item-13253\"><a href=\"https:\/\/theprogthief.de\/en\/reviews-iii\/\" class=\"elementor-sub-item\" tabindex=\"-1\">Reviews III<\/a><\/li>\n\t<li class=\"menu-item menu-item-type-post_type menu-item-object-page menu-item-20876\"><a href=\"https:\/\/theprogthief.de\/en\/reviews-iv\/\" class=\"elementor-sub-item\" tabindex=\"-1\">Reviews IV<\/a><\/li>\n\t<li class=\"menu-item menu-item-type-post_type menu-item-object-page menu-item-24240\"><a href=\"https:\/\/theprogthief.de\/en\/reviews-v\/\" class=\"elementor-sub-item\" tabindex=\"-1\">Reviews V<\/a><\/li>\n\t<li class=\"menu-item menu-item-type-post_type menu-item-object-page menu-item-24478\"><a href=\"https:\/\/theprogthief.de\/en\/rezensionen\/\" class=\"elementor-sub-item\" tabindex=\"-1\">Rezensionen A-Z<\/a><\/li>\n<\/ul>\n<\/li>\n<li class=\"menu-item menu-item-type-post_type menu-item-object-page menu-item-19217\"><a href=\"https:\/\/theprogthief.de\/en\/female-driven\/\" class=\"elementor-item\" tabindex=\"-1\">Female Driven<\/a><\/li>\n<li class=\"menu-item menu-item-type-post_type menu-item-object-page menu-item-12223\"><a href=\"https:\/\/theprogthief.de\/en\/was-ist-prog\/\" class=\"elementor-item\" tabindex=\"-1\">Was ist Prog?<\/a><\/li>\n<li class=\"menu-item menu-item-type-post_type menu-item-object-page menu-item-12222\"><a href=\"https:\/\/theprogthief.de\/en\/ueber-mich\/\" class=\"elementor-item\" tabindex=\"-1\">\u00dcber mich<\/a><\/li>\n<\/ul>\t\t\t<\/nav>\n\t\t\t\t\t\t<\/div>\n\t\t\t\t<\/div>\n\t\t\t\t\t<\/div>\n\t\t\t\t<\/div>\n\t\t<div class=\"elementor-element elementor-element-56e1f0ba e-flex e-con-boxed e-con e-parent\" data-id=\"56e1f0ba\" data-element_type=\"container\" data-e-type=\"container\" data-settings=\"{&quot;background_background&quot;:&quot;classic&quot;}\">\n\t\t\t\t\t<div class=\"e-con-inner\">\n\t\t\t\t<div class=\"elementor-element elementor-element-285ea8b7 elementor-widget elementor-widget-heading\" data-id=\"285ea8b7\" data-element_type=\"widget\" data-e-type=\"widget\" data-widget_type=\"heading.default\">\n\t\t\t\t<div class=\"elementor-widget-container\">\n\t\t\t\t\t<h2 class=\"elementor-heading-title elementor-size-default\">Feuer by Dolch<\/h2>\t\t\t\t<\/div>\n\t\t\t\t<\/div>\n\t\t\t\t\t<\/div>\n\t\t\t\t<\/div>\n\t\t<div class=\"elementor-element elementor-element-ec6f1c3 e-flex e-con-boxed e-con e-parent\" data-id=\"ec6f1c3\" data-element_type=\"container\" data-e-type=\"container\" data-settings=\"{&quot;background_background&quot;:&quot;classic&quot;}\">\n\t\t\t\t\t<div class=\"e-con-inner\">\n\t\t<div class=\"elementor-element elementor-element-6f191ecc e-con-full e-flex e-con e-child\" data-id=\"6f191ecc\" data-element_type=\"container\" data-e-type=\"container\">\n\t\t<div class=\"elementor-element elementor-element-2f365e10 e-flex e-con-boxed e-con e-child\" data-id=\"2f365e10\" data-element_type=\"container\" data-e-type=\"container\">\n\t\t\t\t\t<div class=\"e-con-inner\">\n\t\t\t\t<div class=\"elementor-element elementor-element-76cb1369 elementor-widget elementor-widget-text-editor\" data-id=\"76cb1369\" data-element_type=\"widget\" data-e-type=\"widget\" data-widget_type=\"text-editor.default\">\n\t\t\t\t<div class=\"elementor-widget-container\">\n\t\t\t\t\t\t\t\t\t<p><a href=\"https:\/\/theprogthief.de\/wp-content\/uploads\/2025\/01\/DFFC1280.jpg\"><img fetchpriority=\"high\" decoding=\"async\" class=\"aligncenter wp-image-14886 size-full\" src=\"https:\/\/theprogthief.de\/wp-content\/uploads\/2025\/01\/DFFC350.jpg\" alt=\"Album Feuer by Dolch. Frontcover\" width=\"350\" height=\"350\" srcset=\"https:\/\/theprogthief.de\/wp-content\/uploads\/2025\/01\/DFFC350.jpg 350w, https:\/\/theprogthief.de\/wp-content\/uploads\/2025\/01\/DFFC350-300x300.jpg 300w, https:\/\/theprogthief.de\/wp-content\/uploads\/2025\/01\/DFFC350-150x150.jpg 150w, https:\/\/theprogthief.de\/wp-content\/uploads\/2025\/01\/DFFC350-12x12.jpg 12w\" sizes=\"(max-width: 350px) 100vw, 350px\" \/><\/a><\/p><p><span style=\"text-decoration: underline;\"><a href=\"http:\/\/dolch-band.com\/\" target=\"_blank\" rel=\"noopener\">Dolch<\/a><\/span><br \/>Feuer<br \/>Black\/Doom, waviger Post-Rock. Black Vinyl. 2019.<\/p><p>Mit Feuer erschien 2019 der erste echte Longplayer der mysteri\u00f6sen Band. Black\/Doom, Shoegaze, Postpunk und ein wenig waviger Dark-Rock. Der Stil ist schwer zu greifen. Getragen wird das ganze vom weiblichen Gesang. M &#8211; Gesang, T &#8211; Gesang und Gitarre, N Bass, P &#8211; Drums, A &#8211; Gitarre. \u00dcber die Band gibt es nur rudiment\u00e4re Informationen. Finde ich das gut? N\u00f6. Muss es auch nicht. Das Album Feuer ist der erste Teil einer Trilogie. &#8222;Feuer&#8220;, &#8222;<span style=\"text-decoration: underline;\"><a href=\"https:\/\/theprogthief.de\/nacht-by-dolch\/\">Nacht<\/a><\/span>&#8220; und &#8222;Tod&#8220;. Letzteres ist noch nicht erschienen. Aber der Reihe nach.<\/p><p><a href=\"https:\/\/theprogthief.de\/wp-content\/uploads\/2025\/01\/DFLPA1280.jpg\"><img decoding=\"async\" class=\"aligncenter wp-image-14888 size-full\" src=\"https:\/\/theprogthief.de\/wp-content\/uploads\/2025\/01\/DFLPA350.jpg\" alt=\"Album Feuer by Dolch. LP A\" width=\"350\" height=\"346\" srcset=\"https:\/\/theprogthief.de\/wp-content\/uploads\/2025\/01\/DFLPA350.jpg 350w, https:\/\/theprogthief.de\/wp-content\/uploads\/2025\/01\/DFLPA350-300x297.jpg 300w, https:\/\/theprogthief.de\/wp-content\/uploads\/2025\/01\/DFLPA350-150x148.jpg 150w, https:\/\/theprogthief.de\/wp-content\/uploads\/2025\/01\/DFLPA350-12x12.jpg 12w\" sizes=\"(max-width: 350px) 100vw, 350px\" \/><\/a><\/p><p>Mit &#8222;Burn&#8220; und &#8222;Halo (Afraid of Sunlight)&#8220; legt Dolch gleich zwei Spannbreiten ihres Schaffens vor. Vom Wave-Rock &#8222;Burn&#8220; bis zum Doom von &#8222;Halo&#8220;. Mit seinen Samples und der betont \u00e4rgerlich daherkommenden Gesangsstimme ist &#8222;Halo&#8220; mein erstes Highlight. Highlight zwei ist &#8222;A Funeral Song&#8220;, den w\u00fcrde ich auch auf meinem Begr\u00e4bnis spielen lassen. Fast schon pastoral amutend. Sehr d\u00fcster, stimmungsvoll. &#8222;A Love Song&#8220; zum Abschluss von Seite A empfinde ich als ein reines 04:25 Minuten langes \u00c4rgernis. Wie ein Mantra wird &#8222;I\u2019m glad we\u2019re not what you want us to be\u201d immer wiederholt, im ganzen Song nur dieser Satz und das nervt gewaltig. Deswegen h\u00f6re ich lieber die CD, denn hier kann ich diesen Song leicht \u00fcberspringen. Was schade ist, denn die Platte ist sauber gepresst, hat eine Aussenh\u00fclle mit ausgestanzten Feuer. Dazu klingt die Platte auch noch sauber.<\/p><p><a href=\"https:\/\/theprogthief.de\/wp-content\/uploads\/2025\/01\/DFFC2x1280.jpg\"><img decoding=\"async\" class=\"aligncenter wp-image-14883 size-full\" src=\"https:\/\/theprogthief.de\/wp-content\/uploads\/2025\/01\/DFFC2x350.jpg\" alt=\"Album Feuer by Dolch. Frontcover ohne H\u00fclle \" width=\"350\" height=\"344\" srcset=\"https:\/\/theprogthief.de\/wp-content\/uploads\/2025\/01\/DFFC2x350.jpg 350w, https:\/\/theprogthief.de\/wp-content\/uploads\/2025\/01\/DFFC2x350-300x295.jpg 300w, https:\/\/theprogthief.de\/wp-content\/uploads\/2025\/01\/DFFC2x350-150x147.jpg 150w, https:\/\/theprogthief.de\/wp-content\/uploads\/2025\/01\/DFFC2x350-12x12.jpg 12w\" sizes=\"(max-width: 350px) 100vw, 350px\" \/><\/a><\/p><p><a href=\"https:\/\/theprogthief.de\/wp-content\/uploads\/2025\/01\/DFLPB1280.jpg\"><img loading=\"lazy\" decoding=\"async\" class=\"aligncenter wp-image-14890 size-full\" src=\"https:\/\/theprogthief.de\/wp-content\/uploads\/2025\/01\/DFLPB350.jpg\" alt=\"Album Feuer by Dolch. LP B\" width=\"350\" height=\"345\" srcset=\"https:\/\/theprogthief.de\/wp-content\/uploads\/2025\/01\/DFLPB350.jpg 350w, https:\/\/theprogthief.de\/wp-content\/uploads\/2025\/01\/DFLPB350-300x296.jpg 300w, https:\/\/theprogthief.de\/wp-content\/uploads\/2025\/01\/DFLPB350-150x148.jpg 150w, https:\/\/theprogthief.de\/wp-content\/uploads\/2025\/01\/DFLPB350-12x12.jpg 12w\" sizes=\"(max-width: 350px) 100vw, 350px\" \/><\/a><\/p><p>&#8222;Psalm 7&#8220; auf Seite B f\u00e4ngt mich wieder ein und ist mein drittes doomiges Highlight. Und die Stimme passt. \u00dcberhaupt bilden hier die Musik und ihre Stimme eine wunderbare Symbiose. &#8222;Mahnmal&#8220; macht es mir mit deutschem Gesang nicht einfach. Auch wenn ich mich ganz wenig an Theatre Of Tragedy erinnert f\u00fchle. &#8222;Mahnmal&#8220; funktioniert jetzt mit seiner getragenen &#8222;Deutschen&#8220; Art bei mir. Es brauchte allerdings einige Umdrehungen. &#8222;Feuer&#8220; funktioniert bei mir nicht als Rauswerfer. Hier funktioniert der deutsche Gesang, wenn auch jetzt zweistimmig, bei mir nicht wie in &#8222;Mahnmal&#8220;. Auch nach mehreren Durchg\u00e4ngen nicht. Wenn auch die letzte Minute mich wieder ein wenig zur\u00fcckholt.<\/p><p><a href=\"https:\/\/theprogthief.de\/wp-content\/uploads\/2025\/01\/DFBC1280.jpg\"><img loading=\"lazy\" decoding=\"async\" class=\"aligncenter wp-image-14881 size-full\" src=\"https:\/\/theprogthief.de\/wp-content\/uploads\/2025\/01\/DFBC350.jpg\" alt=\"Album Feuer by Dolch. Backcover\" width=\"350\" height=\"348\" srcset=\"https:\/\/theprogthief.de\/wp-content\/uploads\/2025\/01\/DFBC350.jpg 350w, https:\/\/theprogthief.de\/wp-content\/uploads\/2025\/01\/DFBC350-300x298.jpg 300w, https:\/\/theprogthief.de\/wp-content\/uploads\/2025\/01\/DFBC350-150x150.jpg 150w, https:\/\/theprogthief.de\/wp-content\/uploads\/2025\/01\/DFBC350-12x12.jpg 12w\" sizes=\"(max-width: 350px) 100vw, 350px\" \/><\/a><\/p><p>Mein Fazit \u00fcber Feuer ist sehr positiv und das liegt am progressiven Ambiente. Denn hier sagt eine Band unsere Platte muss nicht massenkompatibel sein, du musst uns nicht h\u00f6ren und ich mag das. Nur dunkle Musik kann Stimmungen so sch\u00f6n r\u00fcberbringen. Der Gesang, die doomigen Gitarren, die immer passende Pr\u00e4sentation von Stimme und Musik, die Mischung aus Wave, Doom, Black, Ambient, Post-Rock\/Punk und Gothic, alles das macht dieses Album zu etwas besonderen. Nur &#8222;A Love Song&#8220; k\u00f6nnte gerne ersatzlos gestrichen werden.<\/p><p>Die Fotos stammen alle von meiner LP. Die Rechte aller Motive, Logos, Texte und Schriften, die auf den Fotos zu sehen sind, liegen nat\u00fcrlich beim Rechteinhaber.<\/p>\t\t\t\t\t\t\t\t<\/div>\n\t\t\t\t<\/div>\n\t\t\t\t\t<\/div>\n\t\t\t\t<\/div>\n\t\t\t\t<\/div>\n\t\t\t\t\t<\/div>\n\t\t\t\t<\/div>\n\t\t<div class=\"elementor-element elementor-element-6dafc335 e-flex e-con-boxed e-con e-parent\" data-id=\"6dafc335\" data-element_type=\"container\" data-e-type=\"container\" data-settings=\"{&quot;background_background&quot;:&quot;classic&quot;}\">\n\t\t\t\t\t<div class=\"e-con-inner\">\n\t\t<div class=\"elementor-element elementor-element-d2eec63 e-con-full e-flex e-con e-child\" data-id=\"d2eec63\" data-element_type=\"container\" data-e-type=\"container\">\n\t\t\t\t<div class=\"elementor-element elementor-element-6915440b elementor-widget elementor-widget-video\" data-id=\"6915440b\" data-element_type=\"widget\" data-e-type=\"widget\" data-settings=\"{&quot;youtube_url&quot;:&quot;https:\\\/\\\/youtu.be\\\/6mpbrTeXlZk&quot;,&quot;video_type&quot;:&quot;youtube&quot;,&quot;controls&quot;:&quot;yes&quot;}\" data-widget_type=\"video.default\">\n\t\t\t\t<div class=\"elementor-widget-container\">\n\t\t\t\t\t\t\t<div class=\"elementor-wrapper elementor-open-inline\">\n\t\t\t<div class=\"elementor-video\"><\/div>\t\t<\/div>\n\t\t\t\t\t\t<\/div>\n\t\t\t\t<\/div>\n\t\t\t\t<\/div>\n\t\t<div class=\"elementor-element elementor-element-6a30ef3e e-con-full e-flex e-con e-child\" data-id=\"6a30ef3e\" data-element_type=\"container\" data-e-type=\"container\">\n\t\t\t\t<div class=\"elementor-element elementor-element-62793bd2 elementor-widget elementor-widget-video\" data-id=\"62793bd2\" data-element_type=\"widget\" data-e-type=\"widget\" data-settings=\"{&quot;youtube_url&quot;:&quot;https:\\\/\\\/youtu.be\\\/SZWK6yUydHE&quot;,&quot;video_type&quot;:&quot;youtube&quot;,&quot;controls&quot;:&quot;yes&quot;}\" data-widget_type=\"video.default\">\n\t\t\t\t<div class=\"elementor-widget-container\">\n\t\t\t\t\t\t\t<div class=\"elementor-wrapper elementor-open-inline\">\n\t\t\t<div class=\"elementor-video\"><\/div>\t\t<\/div>\n\t\t\t\t\t\t<\/div>\n\t\t\t\t<\/div>\n\t\t\t\t<\/div>\n\t\t<div class=\"elementor-element elementor-element-32dd3bbe e-con-full e-flex e-con e-child\" data-id=\"32dd3bbe\" data-element_type=\"container\" data-e-type=\"container\">\n\t\t\t\t<div class=\"elementor-element elementor-element-1465b9e2 elementor-widget elementor-widget-video\" data-id=\"1465b9e2\" data-element_type=\"widget\" data-e-type=\"widget\" data-settings=\"{&quot;youtube_url&quot;:&quot;https:\\\/\\\/youtu.be\\\/kr52aRMO7b4&quot;,&quot;video_type&quot;:&quot;youtube&quot;,&quot;controls&quot;:&quot;yes&quot;}\" data-widget_type=\"video.default\">\n\t\t\t\t<div class=\"elementor-widget-container\">\n\t\t\t\t\t\t\t<div class=\"elementor-wrapper elementor-open-inline\">\n\t\t\t<div class=\"elementor-video\"><\/div>\t\t<\/div>\n\t\t\t\t\t\t<\/div>\n\t\t\t\t<\/div>\n\t\t\t\t<\/div>\n\t\t\t\t\t<\/div>\n\t\t\t\t<\/div>\n\t\t<div class=\"elementor-element elementor-element-38bbd77 e-flex e-con-boxed e-con e-parent\" data-id=\"38bbd77\" data-element_type=\"container\" data-e-type=\"container\" data-settings=\"{&quot;background_background&quot;:&quot;classic&quot;}\">\n\t\t\t\t\t<div class=\"e-con-inner\">\n\t\t\t\t<div class=\"elementor-element elementor-element-26692183 elementor-widget elementor-widget-heading\" data-id=\"26692183\" data-element_type=\"widget\" data-e-type=\"widget\" data-widget_type=\"heading.default\">\n\t\t\t\t<div class=\"elementor-widget-container\">\n\t\t\t\t\t<h4 class=\"elementor-heading-title elementor-size-default\"><a href=\"https:\/\/www.hoeren-und-fuehlen.de\/\" target=\"_blank\">Interessiert an mehr Musik und Technik? Dann:<\/a><\/h4>\t\t\t\t<\/div>\n\t\t\t\t<\/div>\n\t\t\t\t<div class=\"elementor-element elementor-element-73f86ad9 elementor-widget elementor-widget-image\" data-id=\"73f86ad9\" data-element_type=\"widget\" data-e-type=\"widget\" data-widget_type=\"image.default\">\n\t\t\t\t<div class=\"elementor-widget-container\">\n\t\t\t\t\t\t\t\t\t\t\t\t\t\t\t\t<a href=\"https:\/\/www.hoeren-und-fuehlen.de\/\" target=\"_blank\">\n\t\t\t\t\t\t\t<img loading=\"lazy\" decoding=\"async\" width=\"150\" height=\"47\" src=\"https:\/\/theprogthief.de\/wp-content\/uploads\/2024\/06\/Banner-150x47.jpg\" class=\"attachment-thumbnail size-thumbnail wp-image-5580\" alt=\"\" srcset=\"https:\/\/theprogthief.de\/wp-content\/uploads\/2024\/06\/Banner-150x47.jpg 150w, https:\/\/theprogthief.de\/wp-content\/uploads\/2024\/06\/Banner-300x94.jpg 300w, https:\/\/theprogthief.de\/wp-content\/uploads\/2024\/06\/Banner.jpg 320w\" sizes=\"(max-width: 150px) 100vw, 150px\" \/>\t\t\t\t\t\t\t\t<\/a>\n\t\t\t\t\t\t\t\t\t\t\t\t\t\t\t<\/div>\n\t\t\t\t<\/div>\n\t\t\t\t\t<\/div>\n\t\t\t\t<\/div>\n\t\t<div class=\"elementor-element elementor-element-32e102c e-con-full e-flex e-con e-parent\" data-id=\"32e102c\" data-element_type=\"container\" data-e-type=\"container\" data-settings=\"{&quot;background_background&quot;:&quot;classic&quot;}\">\n\t\t\t\t<div class=\"elementor-element elementor-element-3ac0c570 elementor-widget__width-initial elementor-widget-mobile__width-initial elementor-widget elementor-widget-text-editor\" data-id=\"3ac0c570\" data-element_type=\"widget\" data-e-type=\"widget\" data-widget_type=\"text-editor.default\">\n\t\t\t\t<div class=\"elementor-widget-container\">\n\t\t\t\t\t\t\t\t\t<p style=\"text-align: left;\"><span style=\"color: #000000;\"><strong>J. Specht<br \/><\/strong><\/span>[info@theprogthief.de]<\/p>\t\t\t\t\t\t\t\t<\/div>\n\t\t\t\t<\/div>\n\t\t\t\t<div class=\"elementor-element elementor-element-2d4424c8 elementor-align-center elementor-widget elementor-widget-button\" data-id=\"2d4424c8\" data-element_type=\"widget\" data-e-type=\"widget\" data-widget_type=\"button.default\">\n\t\t\t\t<div class=\"elementor-widget-container\">\n\t\t\t\t\t\t\t\t\t<div class=\"elementor-button-wrapper\">\n\t\t\t\t\t<a class=\"elementor-button elementor-button-link elementor-size-sm\" href=\"https:\/\/theprogthief.de\/impressum\/\">\n\t\t\t\t\t\t<span class=\"elementor-button-content-wrapper\">\n\t\t\t\t\t\t\t\t\t<span class=\"elementor-button-text\">Impressum<\/span>\n\t\t\t\t\t<\/span>\n\t\t\t\t\t<\/a>\n\t\t\t\t<\/div>\n\t\t\t\t\t\t\t\t<\/div>\n\t\t\t\t<\/div>\n\t\t\t\t<div class=\"elementor-element elementor-element-4b1d19ec elementor-align-center elementor-widget elementor-widget-button\" data-id=\"4b1d19ec\" data-element_type=\"widget\" data-e-type=\"widget\" data-widget_type=\"button.default\">\n\t\t\t\t<div class=\"elementor-widget-container\">\n\t\t\t\t\t\t\t\t\t<div class=\"elementor-button-wrapper\">\n\t\t\t\t\t<a class=\"elementor-button elementor-button-link elementor-size-sm\" href=\"https:\/\/theprogthief.de\/datenschutzerklaerung\/\">\n\t\t\t\t\t\t<span class=\"elementor-button-content-wrapper\">\n\t\t\t\t\t\t\t\t\t<span class=\"elementor-button-text\">Datenschutz<\/span>\n\t\t\t\t\t<\/span>\n\t\t\t\t\t<\/a>\n\t\t\t\t<\/div>\n\t\t\t\t\t\t\t\t<\/div>\n\t\t\t\t<\/div>\n\t\t\t\t<div class=\"elementor-element elementor-element-6652153c elementor-align-center elementor-widget elementor-widget-button\" data-id=\"6652153c\" data-element_type=\"widget\" data-e-type=\"widget\" data-widget_type=\"button.default\">\n\t\t\t\t<div class=\"elementor-widget-container\">\n\t\t\t\t\t\t\t\t\t<div class=\"elementor-button-wrapper\">\n\t\t\t\t\t<a class=\"elementor-button elementor-button-link elementor-size-sm\" href=\"https:\/\/theprogthief.de\/gender-hinweis\/\">\n\t\t\t\t\t\t<span class=\"elementor-button-content-wrapper\">\n\t\t\t\t\t\t\t\t\t<span class=\"elementor-button-text\">Gender-Hinweis<\/span>\n\t\t\t\t\t<\/span>\n\t\t\t\t\t<\/a>\n\t\t\t\t<\/div>\n\t\t\t\t\t\t\t\t<\/div>\n\t\t\t\t<\/div>\n\t\t\t\t<\/div>\n\t\t\t\t<\/div>\n\t\t","protected":false},"excerpt":{"rendered":"<p>Review of Feuer. Black\/Doom Metal. 2019. Germany. Vinyl Black.<\/p>","protected":false},"author":1,"featured_media":14886,"parent":0,"menu_order":0,"comment_status":"closed","ping_status":"closed","template":"","meta":{"ocean_post_layout":"full-screen","ocean_both_sidebars_style":"","ocean_both_sidebars_content_width":0,"ocean_both_sidebars_sidebars_width":0,"ocean_sidebar":"","ocean_second_sidebar":"","ocean_disable_margins":"enable","ocean_add_body_class":"","ocean_shortcode_before_top_bar":"","ocean_shortcode_after_top_bar":"","ocean_shortcode_before_header":"","ocean_shortcode_after_header":"","ocean_has_shortcode":"","ocean_shortcode_after_title":"","ocean_shortcode_before_footer_widgets":"","ocean_shortcode_after_footer_widgets":"","ocean_shortcode_before_footer_bottom":"","ocean_shortcode_after_footer_bottom":"","ocean_display_top_bar":"off","ocean_display_header":"off","ocean_header_style":"","ocean_center_header_left_menu":"","ocean_custom_header_template":"","ocean_custom_logo":0,"ocean_custom_retina_logo":0,"ocean_custom_logo_max_width":0,"ocean_custom_logo_tablet_max_width":0,"ocean_custom_logo_mobile_max_width":0,"ocean_custom_logo_max_height":0,"ocean_custom_logo_tablet_max_height":0,"ocean_custom_logo_mobile_max_height":0,"ocean_header_custom_menu":"","ocean_menu_typo_font_family":"","ocean_menu_typo_font_subset":"","ocean_menu_typo_font_size":0,"ocean_menu_typo_font_size_tablet":0,"ocean_menu_typo_font_size_mobile":0,"ocean_menu_typo_font_size_unit":"px","ocean_menu_typo_font_weight":"","ocean_menu_typo_font_weight_tablet":"","ocean_menu_typo_font_weight_mobile":"","ocean_menu_typo_transform":"","ocean_menu_typo_transform_tablet":"","ocean_menu_typo_transform_mobile":"","ocean_menu_typo_line_height":0,"ocean_menu_typo_line_height_tablet":0,"ocean_menu_typo_line_height_mobile":0,"ocean_menu_typo_line_height_unit":"","ocean_menu_typo_spacing":0,"ocean_menu_typo_spacing_tablet":0,"ocean_menu_typo_spacing_mobile":0,"ocean_menu_typo_spacing_unit":"","ocean_menu_link_color":"","ocean_menu_link_color_hover":"","ocean_menu_link_color_active":"","ocean_menu_link_background":"","ocean_menu_link_hover_background":"","ocean_menu_link_active_background":"","ocean_menu_social_links_bg":"","ocean_menu_social_hover_links_bg":"","ocean_menu_social_links_color":"","ocean_menu_social_hover_links_color":"","ocean_disable_title":"on","ocean_disable_heading":"default","ocean_post_title":"","ocean_post_subheading":"","ocean_post_title_style":"","ocean_post_title_background_color":"","ocean_post_title_background":0,"ocean_post_title_bg_image_position":"","ocean_post_title_bg_image_attachment":"","ocean_post_title_bg_image_repeat":"","ocean_post_title_bg_image_size":"","ocean_post_title_height":0,"ocean_post_title_bg_overlay":0.5,"ocean_post_title_bg_overlay_color":"","ocean_disable_breadcrumbs":"default","ocean_breadcrumbs_color":"","ocean_breadcrumbs_separator_color":"","ocean_breadcrumbs_links_color":"","ocean_breadcrumbs_links_hover_color":"","ocean_display_footer_widgets":"off","ocean_display_footer_bottom":"off","ocean_custom_footer_template":"","footnotes":""},"class_list":["post-14827","page","type-page","status-publish","has-post-thumbnail","hentry","entry","has-media"],"_links":{"self":[{"href":"https:\/\/theprogthief.de\/en\/wp-json\/wp\/v2\/pages\/14827","targetHints":{"allow":["GET"]}}],"collection":[{"href":"https:\/\/theprogthief.de\/en\/wp-json\/wp\/v2\/pages"}],"about":[{"href":"https:\/\/theprogthief.de\/en\/wp-json\/wp\/v2\/types\/page"}],"author":[{"embeddable":true,"href":"https:\/\/theprogthief.de\/en\/wp-json\/wp\/v2\/users\/1"}],"replies":[{"embeddable":true,"href":"https:\/\/theprogthief.de\/en\/wp-json\/wp\/v2\/comments?post=14827"}],"version-history":[{"count":10,"href":"https:\/\/theprogthief.de\/en\/wp-json\/wp\/v2\/pages\/14827\/revisions"}],"predecessor-version":[{"id":21265,"href":"https:\/\/theprogthief.de\/en\/wp-json\/wp\/v2\/pages\/14827\/revisions\/21265"}],"wp:featuredmedia":[{"embeddable":true,"href":"https:\/\/theprogthief.de\/en\/wp-json\/wp\/v2\/media\/14886"}],"wp:attachment":[{"href":"https:\/\/theprogthief.de\/en\/wp-json\/wp\/v2\/media?parent=14827"}],"curies":[{"name":"wp","href":"https:\/\/api.w.org\/{rel}","templated":true}]}}