{"id":15043,"date":"2025-01-14T15:22:23","date_gmt":"2025-01-14T14:22:23","guid":{"rendered":"https:\/\/theprogthief.de\/?page_id=15043"},"modified":"2025-07-23T18:13:18","modified_gmt":"2025-07-23T16:13:18","slug":"just-flew-by-by-exit-soma","status":"publish","type":"page","link":"https:\/\/theprogthief.de\/en\/just-flew-by-by-exit-soma\/","title":{"rendered":"Just Flew By by Exit Soma"},"content":{"rendered":"\t\t<div data-elementor-type=\"wp-page\" data-elementor-id=\"15043\" class=\"elementor elementor-15043\" data-elementor-post-type=\"page\">\n\t\t\t\t<div class=\"elementor-element elementor-element-35f47fbb e-con-full e-flex e-con e-parent\" data-id=\"35f47fbb\" data-element_type=\"container\" data-e-type=\"container\" data-settings=\"{&quot;background_background&quot;:&quot;classic&quot;}\">\n\t\t\t\t<div class=\"elementor-element elementor-element-3eb63969 elementor-widget elementor-widget-heading\" data-id=\"3eb63969\" data-element_type=\"widget\" data-e-type=\"widget\" data-widget_type=\"heading.default\">\n\t\t\t\t<div class=\"elementor-widget-container\">\n\t\t\t\t\t<h2 class=\"elementor-heading-title elementor-size-default\"><a href=\"https:\/\/theprogthief.de\"> The Prog-Thief<\/a><\/h2>\t\t\t\t<\/div>\n\t\t\t\t<\/div>\n\t\t\t\t<\/div>\n\t\t<div class=\"elementor-element elementor-element-3c4ea2ce e-flex e-con-boxed e-con e-parent\" data-id=\"3c4ea2ce\" data-element_type=\"container\" data-e-type=\"container\" data-settings=\"{&quot;background_background&quot;:&quot;classic&quot;}\">\n\t\t\t\t\t<div class=\"e-con-inner\">\n\t\t\t\t<div class=\"elementor-element elementor-element-9487522 elementor-nav-menu--stretch elementor-widget__width-initial elementor-nav-menu__text-align-aside elementor-nav-menu--toggle elementor-nav-menu--burger elementor-invisible elementor-widget elementor-widget-global elementor-global-12513 elementor-widget-nav-menu\" data-id=\"9487522\" data-element_type=\"widget\" data-e-type=\"widget\" data-settings=\"{&quot;layout&quot;:&quot;dropdown&quot;,&quot;submenu_icon&quot;:{&quot;value&quot;:&quot;fas fa-chevron-down&quot;,&quot;library&quot;:&quot;fa-solid&quot;},&quot;full_width&quot;:&quot;stretch&quot;,&quot;_animation&quot;:&quot;fadeInUp&quot;,&quot;toggle&quot;:&quot;burger&quot;}\" data-widget_type=\"nav-menu.default\">\n\t\t\t\t<div class=\"elementor-widget-container\">\n\t\t\t\t\t\t\t<div class=\"elementor-menu-toggle\" role=\"button\" tabindex=\"0\" aria-label=\"Menu Toggle\" aria-expanded=\"false\">\n\t\t\t<i aria-hidden=\"true\" role=\"presentation\" class=\"elementor-menu-toggle__icon--open eicon-menu-bar\"><\/i><i aria-hidden=\"true\" role=\"presentation\" class=\"elementor-menu-toggle__icon--close eicon-close\"><\/i>\t\t<\/div>\n\t\t\t\t\t<nav class=\"elementor-nav-menu--dropdown elementor-nav-menu__container\" aria-hidden=\"true\">\n\t\t\t\t<ul id=\"menu-2-9487522\" class=\"elementor-nav-menu\"><li class=\"menu-item menu-item-type-post_type menu-item-object-page menu-item-home menu-item-12224\"><a href=\"https:\/\/theprogthief.de\/en\/\" class=\"elementor-item\" tabindex=\"-1\">Home<\/a><\/li>\n<li class=\"menu-item menu-item-type-post_type menu-item-object-page menu-item-24784\"><a href=\"https:\/\/theprogthief.de\/en\/ayreon-alben\/\" class=\"elementor-item\" tabindex=\"-1\">Ayreon<\/a><\/li>\n<li class=\"menu-item menu-item-type-post_type menu-item-object-page menu-item-24610\"><a href=\"https:\/\/theprogthief.de\/en\/porcupine-tree\/\" class=\"elementor-item\" tabindex=\"-1\">Porcupine Tree<\/a><\/li>\n<li class=\"menu-item menu-item-type-post_type menu-item-object-page menu-item-30976\"><a href=\"https:\/\/theprogthief.de\/en\/theatre-of-tragedy\/\" class=\"elementor-item\" tabindex=\"-1\">Theatre Of Tragedy<\/a><\/li>\n<li class=\"menu-item menu-item-type-post_type menu-item-object-page menu-item-has-children menu-item-12227\"><a rel=\"Keine\" href=\"https:\/\/theprogthief.de\/en\/rezensionen\/\" class=\"elementor-item\" tabindex=\"-1\">Rezensionen<\/a>\n<ul class=\"sub-menu elementor-nav-menu--dropdown\">\n\t<li class=\"menu-item menu-item-type-post_type menu-item-object-page menu-item-13299\"><a href=\"https:\/\/theprogthief.de\/en\/reviewsii\/\" class=\"elementor-sub-item\" tabindex=\"-1\">Reviews II<\/a><\/li>\n\t<li class=\"menu-item menu-item-type-post_type menu-item-object-page menu-item-13253\"><a href=\"https:\/\/theprogthief.de\/en\/reviews-iii\/\" class=\"elementor-sub-item\" tabindex=\"-1\">Reviews III<\/a><\/li>\n\t<li class=\"menu-item menu-item-type-post_type menu-item-object-page menu-item-20876\"><a href=\"https:\/\/theprogthief.de\/en\/reviews-iv\/\" class=\"elementor-sub-item\" tabindex=\"-1\">Reviews IV<\/a><\/li>\n\t<li class=\"menu-item menu-item-type-post_type menu-item-object-page menu-item-24240\"><a href=\"https:\/\/theprogthief.de\/en\/reviews-v\/\" class=\"elementor-sub-item\" tabindex=\"-1\">Reviews V<\/a><\/li>\n\t<li class=\"menu-item menu-item-type-post_type menu-item-object-page menu-item-24478\"><a href=\"https:\/\/theprogthief.de\/en\/rezensionen\/\" class=\"elementor-sub-item\" tabindex=\"-1\">Rezensionen A-Z<\/a><\/li>\n<\/ul>\n<\/li>\n<li class=\"menu-item menu-item-type-post_type menu-item-object-page menu-item-19217\"><a href=\"https:\/\/theprogthief.de\/en\/female-driven\/\" class=\"elementor-item\" tabindex=\"-1\">Female Driven<\/a><\/li>\n<li class=\"menu-item menu-item-type-post_type menu-item-object-page menu-item-12223\"><a href=\"https:\/\/theprogthief.de\/en\/was-ist-prog\/\" class=\"elementor-item\" tabindex=\"-1\">Was ist Prog?<\/a><\/li>\n<li class=\"menu-item menu-item-type-post_type menu-item-object-page menu-item-12222\"><a href=\"https:\/\/theprogthief.de\/en\/ueber-mich\/\" class=\"elementor-item\" tabindex=\"-1\">\u00dcber mich<\/a><\/li>\n<\/ul>\t\t\t<\/nav>\n\t\t\t\t\t\t<\/div>\n\t\t\t\t<\/div>\n\t\t\t\t\t<\/div>\n\t\t\t\t<\/div>\n\t\t<div class=\"elementor-element elementor-element-59e1b50b e-flex e-con-boxed e-con e-parent\" data-id=\"59e1b50b\" data-element_type=\"container\" data-e-type=\"container\" data-settings=\"{&quot;background_background&quot;:&quot;classic&quot;}\">\n\t\t\t\t\t<div class=\"e-con-inner\">\n\t\t\t\t<div class=\"elementor-element elementor-element-199490ca elementor-widget elementor-widget-heading\" data-id=\"199490ca\" data-element_type=\"widget\" data-e-type=\"widget\" data-widget_type=\"heading.default\">\n\t\t\t\t<div class=\"elementor-widget-container\">\n\t\t\t\t\t<h2 class=\"elementor-heading-title elementor-size-default\">Just Flew By by Exit Soma<\/h2>\t\t\t\t<\/div>\n\t\t\t\t<\/div>\n\t\t\t\t\t<\/div>\n\t\t\t\t<\/div>\n\t\t<div class=\"elementor-element elementor-element-75cf0f29 e-flex e-con-boxed e-con e-parent\" data-id=\"75cf0f29\" data-element_type=\"container\" data-e-type=\"container\" data-settings=\"{&quot;background_background&quot;:&quot;classic&quot;}\">\n\t\t\t\t\t<div class=\"e-con-inner\">\n\t\t<div class=\"elementor-element elementor-element-29a0f4d1 e-con-full e-flex e-con e-child\" data-id=\"29a0f4d1\" data-element_type=\"container\" data-e-type=\"container\">\n\t\t<div class=\"elementor-element elementor-element-7d3a695c e-flex e-con-boxed e-con e-child\" data-id=\"7d3a695c\" data-element_type=\"container\" data-e-type=\"container\">\n\t\t\t\t\t<div class=\"e-con-inner\">\n\t\t\t\t<div class=\"elementor-element elementor-element-55358573 elementor-widget elementor-widget-text-editor\" data-id=\"55358573\" data-element_type=\"widget\" data-e-type=\"widget\" data-widget_type=\"text-editor.default\">\n\t\t\t\t<div class=\"elementor-widget-container\">\n\t\t\t\t\t\t\t\t\t<p><a href=\"https:\/\/theprogthief.de\/wp-content\/uploads\/2025\/01\/ESJFC1280.jpg\"><img fetchpriority=\"high\" decoding=\"async\" class=\"aligncenter wp-image-15049 size-full\" src=\"https:\/\/theprogthief.de\/wp-content\/uploads\/2025\/01\/ESJFC350.jpg\" alt=\"CD. Just Flew By by Exit Soma. Frontcover\" width=\"345\" height=\"350\" srcset=\"https:\/\/theprogthief.de\/wp-content\/uploads\/2025\/01\/ESJFC350.jpg 345w, https:\/\/theprogthief.de\/wp-content\/uploads\/2025\/01\/ESJFC350-296x300.jpg 296w, https:\/\/theprogthief.de\/wp-content\/uploads\/2025\/01\/ESJFC350-148x150.jpg 148w, https:\/\/theprogthief.de\/wp-content\/uploads\/2025\/01\/ESJFC350-12x12.jpg 12w\" sizes=\"(max-width: 345px) 100vw, 345px\" \/><\/a><\/p><p><span style=\"text-decoration: underline;\"><a href=\"https:\/\/exitsoma.de\/home\/\" target=\"_blank\" rel=\"noopener\">Exit Soma<\/a><\/span><br \/>Just Flew By<br \/>CD. 2024. Progressive Rock.<\/p><p>Man nehme einen Mittf\u00fcnfziger Lehrer (Markus Lackmann) mit einer Passion f\u00fcr Progrock und einen ehemaligen Sch\u00fcler (Lajosch Schrot), der die Passion teilt und heraus kommt: Ein progressives Konzeptalbum. \u00dcber ein Jahr t\u00fcfteln Markus &amp; Lajosch an ihrem Traum, der letztendlich 2024 erschien. Ich reviewe hier die CD Variante, denn ich bin old-school.<\/p><p><a href=\"https:\/\/theprogthief.de\/wp-content\/uploads\/2025\/01\/ESJB3x1280.jpg\"><img decoding=\"async\" class=\"aligncenter wp-image-15080 size-full\" src=\"https:\/\/theprogthief.de\/wp-content\/uploads\/2025\/01\/ESJB3x350.jpg\" alt=\"CD. Just Flew By by Exit Soma. Credits\" width=\"350\" height=\"177\" srcset=\"https:\/\/theprogthief.de\/wp-content\/uploads\/2025\/01\/ESJB3x350.jpg 350w, https:\/\/theprogthief.de\/wp-content\/uploads\/2025\/01\/ESJB3x350-300x152.jpg 300w, https:\/\/theprogthief.de\/wp-content\/uploads\/2025\/01\/ESJB3x350-150x76.jpg 150w, https:\/\/theprogthief.de\/wp-content\/uploads\/2025\/01\/ESJB3x350-18x9.jpg 18w\" sizes=\"(max-width: 350px) 100vw, 350px\" \/><\/a><\/p><p>Zun\u00e4chst einmal die technische Seite. Die CD klingt sauber, die Musik klingt nicht dumpf oder zu eingeebnet, da gibt es nichts zu tadeln. Neben Markus und Lajosch wirkten zehn weitere Musiker\/Innen mit. Gesang ist immer Geschmackssache, ich empfinde auf dieser CD jedoch jeden der S\u00e4nger\/Innen gut. Das Booklet ist gut gestaltet, die Bilder sind AI generiert. Daran werden wir uns gew\u00f6hnen m\u00fcssen. Ebenso das die Fakten \u00fcber die Erde von ChatGPT stammen und gesprochen werden durch den Text-to-Speech Generator Narakeet. Ich finde Musik sollte immer von Menschen gemacht sein, sehe aber auch das effektive an AI und wie es gerade kleinen Bands mit kleinem Budget helfen kann. Exit Soma geht offen damit um und das finde ich richtig so. Wir brauchen uns dennoch keine Illusionen zu machen, die profitorientierte Musikindustrie wird AI dazu verwenden, noch g\u00fcnstiger Musik zu produzieren. Also unterst\u00fctzt die &#8222;kleinen&#8220; Bands, damit diese m\u00f6glichst unabh\u00e4ngig gute Musik machen k\u00f6nnen.<\/p><p><a href=\"https:\/\/theprogthief.de\/wp-content\/uploads\/2025\/01\/ESJCD1280.jpg\"><img decoding=\"async\" class=\"aligncenter wp-image-15046 size-full\" src=\"https:\/\/theprogthief.de\/wp-content\/uploads\/2025\/01\/ESJCD350.jpg\" alt=\"CD. Just Flew By by Exit Soma. CD\" width=\"350\" height=\"338\" srcset=\"https:\/\/theprogthief.de\/wp-content\/uploads\/2025\/01\/ESJCD350.jpg 350w, https:\/\/theprogthief.de\/wp-content\/uploads\/2025\/01\/ESJCD350-300x290.jpg 300w, https:\/\/theprogthief.de\/wp-content\/uploads\/2025\/01\/ESJCD350-150x145.jpg 150w, https:\/\/theprogthief.de\/wp-content\/uploads\/2025\/01\/ESJCD350-12x12.jpg 12w\" sizes=\"(max-width: 350px) 100vw, 350px\" \/><\/a><\/p><p>Au\u00dferirdische finden einen Planeten namens Erde, in einen v\u00f6llig aus der Mode gekommenen Spiralarm der Milchstra\u00dfe. Nebenbei erz\u00e4hlt die AI an Bord, was die Erde so besonders macht. Jedoch reichen den Besuchern einige Unterhaltungen um festzustelle, das die Menschen ein hoffnungsloser Fall sind. Jedenfalls ziehen die Besucher unverrichteter Dinge wieder ab und helfen nicht. Neben dieser vielleicht nicht neuen Idee verbirgt sich ein gesellschaftskritisches Konzeptalbum, \u00fcber den Zustand unseres Planeten. Wie bei vielen guten anderen Prog-Alben, beginnt alles mit eine Ouvert\u00fcre. &#8222;This Strange Blue Planet&#8220;. Erinnert mich mit den gesprochenen Fakten \u00fcber unsere Erde ein wenig an den Song The Search For Terrestrial Life von Phideaux. Wobei Exit Soma hier einen klaren Prog-Song abliefern. Mit frickeligen Elementen, abwechslungsreichen Passagen. &#8222;Just Flew By&#8220; kommt zun\u00e4chst wie ein sanfter Porcupine Tree Song daher und geht dann in Dream Theater \u00fcber. In &#8222;H+&#8220; h\u00f6re ich einen\u00a0 melodischen Song, wo Text und Musik sch\u00f6n ineinander flie\u00dfen. Mit poppigen Elementen. F\u00fcr mich ein erstes Highlight. &#8222;Broken Beyond Repair&#8220; erinnert mich gesanglich und musikalisch an die US-Band Refestramus, auf ihrem Album Intourist. Und ich mag diesen Stil. Sch\u00f6n rockig. &#8222;Backhanded Guide To Succes&#8220; kommt mit einigen Samples heutiger Despoten daher, Trump, Putin, Erdogan, Xi usw. Als Au\u00dferirdischer w\u00fcrde ich laufen und das schnell!<br \/>&#8222;Fuck Yeah!&#8220; beschreibt den Zustand vieler Menschen recht gut. Musikalisch nicht so meins. &#8222;Never Enough&#8220; ist f\u00fcr mich ein weiteres Highlight, ein sch\u00f6n flie\u00dfender Song. &#8222;The Lot Of Them&#8220; erinnert mich an Ayreon, rockige Note, guter Gesang, spacige Keyboards. &#8222;Cosmic Joke&#8220; ist ein guter Prog-Song, mit spaciger Note. F\u00fcr mich der beste Song auf &#8222;Just Flew By&#8220;. Der Rauswerfer &#8222;(Not) All is Lost&#8220; hat f\u00fcr mich\u00a0 auch eine Ayreon-Note und entsch\u00e4digt uns am Ende mit ein wenig Hoffnung.<\/p><p><a href=\"https:\/\/theprogthief.de\/wp-content\/uploads\/2025\/01\/ESJBC1280.jpg\"><img loading=\"lazy\" decoding=\"async\" class=\"aligncenter wp-image-15044 size-full\" src=\"https:\/\/theprogthief.de\/wp-content\/uploads\/2025\/01\/ESJBC350.jpg\" alt=\"CD. Just Flew By by Exit Soma. Backcover\" width=\"350\" height=\"301\" srcset=\"https:\/\/theprogthief.de\/wp-content\/uploads\/2025\/01\/ESJBC350.jpg 350w, https:\/\/theprogthief.de\/wp-content\/uploads\/2025\/01\/ESJBC350-300x258.jpg 300w, https:\/\/theprogthief.de\/wp-content\/uploads\/2025\/01\/ESJBC350-150x129.jpg 150w, https:\/\/theprogthief.de\/wp-content\/uploads\/2025\/01\/ESJBC350-14x12.jpg 14w\" sizes=\"(max-width: 350px) 100vw, 350px\" \/><\/a><\/p><p>Mit einem Fazit und mit der Einordnung dieser CD tat ich mich zun\u00e4chst schwer, wie immer eigentlich bei Alben, die nicht sofort in mein Ohr gehen. Erst w\u00e4hrend der intensiveren Rezensions-Phase, wenn das Album immer wieder gespielt wird, ich mir die Texte anschaue und mich mit dem Booklet besch\u00e4ftige, dann sinkt die Musik langsam in mein Hirn. Exit Soma liefert eine Art Reminiszenz an den Prog-Rock ab. Die Story ist aktuell und wird durch die Lyrics samt Musik gut r\u00fcber gebracht. Technisch gibt es nichts zu meckern. Ich ziehe meinen Hut davor, ein so gutes komplettes Konzeptalbum in professioneller Machart zu produzieren. Ich hoffe Exit Soma beschert uns noch weitere Konzeptalben. Wer eine CD von Exit Soma m\u00f6chte, m\u00f6ge sich bitte bei Markus Lackmann melden.<\/p><p>Die Fotos stammen alle von meiner CD. Die Rechte aller Motive, Logos, Texte und Schriften, die auf den Fotos zu sehen sind, liegen nat\u00fcrlich beim Rechteinhaber.<\/p>\t\t\t\t\t\t\t\t<\/div>\n\t\t\t\t<\/div>\n\t\t\t\t\t<\/div>\n\t\t\t\t<\/div>\n\t\t\t\t<\/div>\n\t\t\t\t\t<\/div>\n\t\t\t\t<\/div>\n\t\t<div class=\"elementor-element elementor-element-2cc77483 e-flex e-con-boxed e-con e-parent\" data-id=\"2cc77483\" data-element_type=\"container\" data-e-type=\"container\" data-settings=\"{&quot;background_background&quot;:&quot;classic&quot;}\">\n\t\t\t\t\t<div class=\"e-con-inner\">\n\t\t\t\t<div class=\"elementor-element elementor-element-2bc14519 elementor-widget elementor-widget-heading\" data-id=\"2bc14519\" data-element_type=\"widget\" data-e-type=\"widget\" data-widget_type=\"heading.default\">\n\t\t\t\t<div class=\"elementor-widget-container\">\n\t\t\t\t\t<h4 class=\"elementor-heading-title elementor-size-default\"><a href=\"https:\/\/www.hoeren-und-fuehlen.de\/\" target=\"_blank\">Interessiert an mehr Musik und Technik? Dann:<\/a><\/h4>\t\t\t\t<\/div>\n\t\t\t\t<\/div>\n\t\t\t\t<div class=\"elementor-element elementor-element-5e7f1016 elementor-widget elementor-widget-image\" data-id=\"5e7f1016\" data-element_type=\"widget\" data-e-type=\"widget\" data-widget_type=\"image.default\">\n\t\t\t\t<div class=\"elementor-widget-container\">\n\t\t\t\t\t\t\t\t\t\t\t\t\t\t\t\t<a href=\"https:\/\/www.hoeren-und-fuehlen.de\/\" target=\"_blank\">\n\t\t\t\t\t\t\t<img loading=\"lazy\" decoding=\"async\" width=\"150\" height=\"47\" src=\"https:\/\/theprogthief.de\/wp-content\/uploads\/2024\/06\/Banner-150x47.jpg\" class=\"attachment-thumbnail size-thumbnail wp-image-5580\" alt=\"\" srcset=\"https:\/\/theprogthief.de\/wp-content\/uploads\/2024\/06\/Banner-150x47.jpg 150w, https:\/\/theprogthief.de\/wp-content\/uploads\/2024\/06\/Banner-300x94.jpg 300w, https:\/\/theprogthief.de\/wp-content\/uploads\/2024\/06\/Banner.jpg 320w\" sizes=\"(max-width: 150px) 100vw, 150px\" \/>\t\t\t\t\t\t\t\t<\/a>\n\t\t\t\t\t\t\t\t\t\t\t\t\t\t\t<\/div>\n\t\t\t\t<\/div>\n\t\t\t\t\t<\/div>\n\t\t\t\t<\/div>\n\t\t<div class=\"elementor-element elementor-element-3c73d7f3 e-con-full e-flex e-con e-parent\" data-id=\"3c73d7f3\" data-element_type=\"container\" data-e-type=\"container\" data-settings=\"{&quot;background_background&quot;:&quot;classic&quot;}\">\n\t\t\t\t<div class=\"elementor-element elementor-element-35d687ac elementor-widget__width-initial elementor-widget-mobile__width-initial elementor-widget elementor-widget-text-editor\" data-id=\"35d687ac\" data-element_type=\"widget\" data-e-type=\"widget\" data-widget_type=\"text-editor.default\">\n\t\t\t\t<div class=\"elementor-widget-container\">\n\t\t\t\t\t\t\t\t\t<p style=\"text-align: left;\"><span style=\"color: #000000;\"><strong>J. Specht<br \/><\/strong><\/span>[info@theprogthief.de]<\/p>\t\t\t\t\t\t\t\t<\/div>\n\t\t\t\t<\/div>\n\t\t\t\t<div class=\"elementor-element elementor-element-6ddf8d67 elementor-align-center elementor-widget elementor-widget-button\" data-id=\"6ddf8d67\" data-element_type=\"widget\" data-e-type=\"widget\" data-widget_type=\"button.default\">\n\t\t\t\t<div class=\"elementor-widget-container\">\n\t\t\t\t\t\t\t\t\t<div class=\"elementor-button-wrapper\">\n\t\t\t\t\t<a class=\"elementor-button elementor-button-link elementor-size-sm\" href=\"https:\/\/theprogthief.de\/impressum\/\">\n\t\t\t\t\t\t<span class=\"elementor-button-content-wrapper\">\n\t\t\t\t\t\t\t\t\t<span class=\"elementor-button-text\">Impressum<\/span>\n\t\t\t\t\t<\/span>\n\t\t\t\t\t<\/a>\n\t\t\t\t<\/div>\n\t\t\t\t\t\t\t\t<\/div>\n\t\t\t\t<\/div>\n\t\t\t\t<div class=\"elementor-element elementor-element-57eec2b6 elementor-align-center elementor-widget elementor-widget-button\" data-id=\"57eec2b6\" data-element_type=\"widget\" data-e-type=\"widget\" data-widget_type=\"button.default\">\n\t\t\t\t<div class=\"elementor-widget-container\">\n\t\t\t\t\t\t\t\t\t<div class=\"elementor-button-wrapper\">\n\t\t\t\t\t<a class=\"elementor-button elementor-button-link elementor-size-sm\" href=\"https:\/\/theprogthief.de\/datenschutzerklaerung\/\">\n\t\t\t\t\t\t<span class=\"elementor-button-content-wrapper\">\n\t\t\t\t\t\t\t\t\t<span class=\"elementor-button-text\">Datenschutz<\/span>\n\t\t\t\t\t<\/span>\n\t\t\t\t\t<\/a>\n\t\t\t\t<\/div>\n\t\t\t\t\t\t\t\t<\/div>\n\t\t\t\t<\/div>\n\t\t\t\t<div class=\"elementor-element elementor-element-17189244 elementor-align-center elementor-widget elementor-widget-button\" data-id=\"17189244\" data-element_type=\"widget\" data-e-type=\"widget\" data-widget_type=\"button.default\">\n\t\t\t\t<div class=\"elementor-widget-container\">\n\t\t\t\t\t\t\t\t\t<div class=\"elementor-button-wrapper\">\n\t\t\t\t\t<a class=\"elementor-button elementor-button-link elementor-size-sm\" href=\"https:\/\/theprogthief.de\/gender-hinweis\/\">\n\t\t\t\t\t\t<span class=\"elementor-button-content-wrapper\">\n\t\t\t\t\t\t\t\t\t<span class=\"elementor-button-text\">Gender-Hinweis<\/span>\n\t\t\t\t\t<\/span>\n\t\t\t\t\t<\/a>\n\t\t\t\t<\/div>\n\t\t\t\t\t\t\t\t<\/div>\n\t\t\t\t<\/div>\n\t\t\t\t<\/div>\n\t\t\t\t<\/div>\n\t\t","protected":false},"excerpt":{"rendered":"<p>Review Just Fly By. Progressive Rock. Germany. CD 2024. <\/p>","protected":false},"author":1,"featured_media":15049,"parent":0,"menu_order":0,"comment_status":"closed","ping_status":"closed","template":"","meta":{"ocean_post_layout":"full-screen","ocean_both_sidebars_style":"","ocean_both_sidebars_content_width":0,"ocean_both_sidebars_sidebars_width":0,"ocean_sidebar":"","ocean_second_sidebar":"","ocean_disable_margins":"enable","ocean_add_body_class":"","ocean_shortcode_before_top_bar":"","ocean_shortcode_after_top_bar":"","ocean_shortcode_before_header":"","ocean_shortcode_after_header":"","ocean_has_shortcode":"","ocean_shortcode_after_title":"","ocean_shortcode_before_footer_widgets":"","ocean_shortcode_after_footer_widgets":"","ocean_shortcode_before_footer_bottom":"","ocean_shortcode_after_footer_bottom":"","ocean_display_top_bar":"off","ocean_display_header":"off","ocean_header_style":"","ocean_center_header_left_menu":"","ocean_custom_header_template":"","ocean_custom_logo":0,"ocean_custom_retina_logo":0,"ocean_custom_logo_max_width":0,"ocean_custom_logo_tablet_max_width":0,"ocean_custom_logo_mobile_max_width":0,"ocean_custom_logo_max_height":0,"ocean_custom_logo_tablet_max_height":0,"ocean_custom_logo_mobile_max_height":0,"ocean_header_custom_menu":"","ocean_menu_typo_font_family":"","ocean_menu_typo_font_subset":"","ocean_menu_typo_font_size":0,"ocean_menu_typo_font_size_tablet":0,"ocean_menu_typo_font_size_mobile":0,"ocean_menu_typo_font_size_unit":"px","ocean_menu_typo_font_weight":"","ocean_menu_typo_font_weight_tablet":"","ocean_menu_typo_font_weight_mobile":"","ocean_menu_typo_transform":"","ocean_menu_typo_transform_tablet":"","ocean_menu_typo_transform_mobile":"","ocean_menu_typo_line_height":0,"ocean_menu_typo_line_height_tablet":0,"ocean_menu_typo_line_height_mobile":0,"ocean_menu_typo_line_height_unit":"","ocean_menu_typo_spacing":0,"ocean_menu_typo_spacing_tablet":0,"ocean_menu_typo_spacing_mobile":0,"ocean_menu_typo_spacing_unit":"","ocean_menu_link_color":"","ocean_menu_link_color_hover":"","ocean_menu_link_color_active":"","ocean_menu_link_background":"","ocean_menu_link_hover_background":"","ocean_menu_link_active_background":"","ocean_menu_social_links_bg":"","ocean_menu_social_hover_links_bg":"","ocean_menu_social_links_color":"","ocean_menu_social_hover_links_color":"","ocean_disable_title":"on","ocean_disable_heading":"default","ocean_post_title":"","ocean_post_subheading":"","ocean_post_title_style":"","ocean_post_title_background_color":"","ocean_post_title_background":0,"ocean_post_title_bg_image_position":"","ocean_post_title_bg_image_attachment":"","ocean_post_title_bg_image_repeat":"","ocean_post_title_bg_image_size":"","ocean_post_title_height":0,"ocean_post_title_bg_overlay":0.5,"ocean_post_title_bg_overlay_color":"","ocean_disable_breadcrumbs":"default","ocean_breadcrumbs_color":"","ocean_breadcrumbs_separator_color":"","ocean_breadcrumbs_links_color":"","ocean_breadcrumbs_links_hover_color":"","ocean_display_footer_widgets":"off","ocean_display_footer_bottom":"off","ocean_custom_footer_template":"","footnotes":""},"class_list":["post-15043","page","type-page","status-publish","has-post-thumbnail","hentry","entry","has-media"],"_links":{"self":[{"href":"https:\/\/theprogthief.de\/en\/wp-json\/wp\/v2\/pages\/15043","targetHints":{"allow":["GET"]}}],"collection":[{"href":"https:\/\/theprogthief.de\/en\/wp-json\/wp\/v2\/pages"}],"about":[{"href":"https:\/\/theprogthief.de\/en\/wp-json\/wp\/v2\/types\/page"}],"author":[{"embeddable":true,"href":"https:\/\/theprogthief.de\/en\/wp-json\/wp\/v2\/users\/1"}],"replies":[{"embeddable":true,"href":"https:\/\/theprogthief.de\/en\/wp-json\/wp\/v2\/comments?post=15043"}],"version-history":[{"count":10,"href":"https:\/\/theprogthief.de\/en\/wp-json\/wp\/v2\/pages\/15043\/revisions"}],"predecessor-version":[{"id":21205,"href":"https:\/\/theprogthief.de\/en\/wp-json\/wp\/v2\/pages\/15043\/revisions\/21205"}],"wp:featuredmedia":[{"embeddable":true,"href":"https:\/\/theprogthief.de\/en\/wp-json\/wp\/v2\/media\/15049"}],"wp:attachment":[{"href":"https:\/\/theprogthief.de\/en\/wp-json\/wp\/v2\/media?parent=15043"}],"curies":[{"name":"wp","href":"https:\/\/api.w.org\/{rel}","templated":true}]}}