{"id":15464,"date":"2025-01-28T16:31:48","date_gmt":"2025-01-28T15:31:48","guid":{"rendered":"https:\/\/theprogthief.de\/?page_id=15464"},"modified":"2026-04-08T15:01:31","modified_gmt":"2026-04-08T13:01:31","slug":"blackfield-i-by-blackfield","status":"publish","type":"page","link":"https:\/\/theprogthief.de\/en\/blackfield-i-by-blackfield\/","title":{"rendered":"Blackfield I by Blackfield"},"content":{"rendered":"\t\t<div data-elementor-type=\"wp-page\" data-elementor-id=\"15464\" class=\"elementor elementor-15464\" data-elementor-post-type=\"page\">\n\t\t\t\t<div class=\"elementor-element elementor-element-5d82bd53 e-con-full e-flex e-con e-parent\" data-id=\"5d82bd53\" data-element_type=\"container\" data-e-type=\"container\" data-settings=\"{&quot;background_background&quot;:&quot;classic&quot;}\">\n\t\t\t\t<div class=\"elementor-element elementor-element-45c95caa elementor-widget elementor-widget-heading\" data-id=\"45c95caa\" data-element_type=\"widget\" data-e-type=\"widget\" data-widget_type=\"heading.default\">\n\t\t\t\t<div class=\"elementor-widget-container\">\n\t\t\t\t\t<h2 class=\"elementor-heading-title elementor-size-default\"><a href=\"https:\/\/theprogthief.de\"> The Prog-Thief<\/a><\/h2>\t\t\t\t<\/div>\n\t\t\t\t<\/div>\n\t\t\t\t<\/div>\n\t\t<div class=\"elementor-element elementor-element-2592581e e-flex e-con-boxed e-con e-parent\" data-id=\"2592581e\" data-element_type=\"container\" data-e-type=\"container\" data-settings=\"{&quot;background_background&quot;:&quot;classic&quot;}\">\n\t\t\t\t\t<div class=\"e-con-inner\">\n\t\t\t\t<div class=\"elementor-element elementor-element-34754293 elementor-nav-menu--stretch elementor-widget__width-initial elementor-nav-menu__text-align-aside elementor-nav-menu--toggle elementor-nav-menu--burger elementor-invisible elementor-widget elementor-widget-global elementor-global-12513 elementor-widget-nav-menu\" data-id=\"34754293\" data-element_type=\"widget\" data-e-type=\"widget\" data-settings=\"{&quot;layout&quot;:&quot;dropdown&quot;,&quot;submenu_icon&quot;:{&quot;value&quot;:&quot;fas fa-chevron-down&quot;,&quot;library&quot;:&quot;fa-solid&quot;},&quot;full_width&quot;:&quot;stretch&quot;,&quot;_animation&quot;:&quot;fadeInUp&quot;,&quot;toggle&quot;:&quot;burger&quot;}\" data-widget_type=\"nav-menu.default\">\n\t\t\t\t<div class=\"elementor-widget-container\">\n\t\t\t\t\t\t\t<div class=\"elementor-menu-toggle\" role=\"button\" tabindex=\"0\" aria-label=\"Menu Toggle\" aria-expanded=\"false\">\n\t\t\t<i aria-hidden=\"true\" role=\"presentation\" class=\"elementor-menu-toggle__icon--open eicon-menu-bar\"><\/i><i aria-hidden=\"true\" role=\"presentation\" class=\"elementor-menu-toggle__icon--close eicon-close\"><\/i>\t\t<\/div>\n\t\t\t\t\t<nav class=\"elementor-nav-menu--dropdown elementor-nav-menu__container\" aria-hidden=\"true\">\n\t\t\t\t<ul id=\"menu-2-34754293\" class=\"elementor-nav-menu\"><li class=\"menu-item menu-item-type-post_type menu-item-object-page menu-item-home menu-item-12224\"><a href=\"https:\/\/theprogthief.de\/en\/\" class=\"elementor-item\" tabindex=\"-1\">Home<\/a><\/li>\n<li class=\"menu-item menu-item-type-post_type menu-item-object-page menu-item-24784\"><a href=\"https:\/\/theprogthief.de\/en\/ayreon-alben\/\" class=\"elementor-item\" tabindex=\"-1\">Ayreon<\/a><\/li>\n<li class=\"menu-item menu-item-type-post_type menu-item-object-page menu-item-24610\"><a href=\"https:\/\/theprogthief.de\/en\/porcupine-tree\/\" class=\"elementor-item\" tabindex=\"-1\">Porcupine Tree<\/a><\/li>\n<li class=\"menu-item menu-item-type-post_type menu-item-object-page menu-item-30976\"><a href=\"https:\/\/theprogthief.de\/en\/theatre-of-tragedy\/\" class=\"elementor-item\" tabindex=\"-1\">Theatre Of Tragedy<\/a><\/li>\n<li class=\"menu-item menu-item-type-post_type menu-item-object-page menu-item-has-children menu-item-12227\"><a rel=\"Keine\" href=\"https:\/\/theprogthief.de\/en\/rezensionen\/\" class=\"elementor-item\" tabindex=\"-1\">Rezensionen<\/a>\n<ul class=\"sub-menu elementor-nav-menu--dropdown\">\n\t<li class=\"menu-item menu-item-type-post_type menu-item-object-page menu-item-13299\"><a href=\"https:\/\/theprogthief.de\/en\/reviewsii\/\" class=\"elementor-sub-item\" tabindex=\"-1\">Reviews II<\/a><\/li>\n\t<li class=\"menu-item menu-item-type-post_type menu-item-object-page menu-item-13253\"><a href=\"https:\/\/theprogthief.de\/en\/reviews-iii\/\" class=\"elementor-sub-item\" tabindex=\"-1\">Reviews III<\/a><\/li>\n\t<li class=\"menu-item menu-item-type-post_type menu-item-object-page menu-item-20876\"><a href=\"https:\/\/theprogthief.de\/en\/reviews-iv\/\" class=\"elementor-sub-item\" tabindex=\"-1\">Reviews IV<\/a><\/li>\n\t<li class=\"menu-item menu-item-type-post_type menu-item-object-page menu-item-24240\"><a href=\"https:\/\/theprogthief.de\/en\/reviews-v\/\" class=\"elementor-sub-item\" tabindex=\"-1\">Reviews V<\/a><\/li>\n\t<li class=\"menu-item menu-item-type-post_type menu-item-object-page menu-item-24478\"><a href=\"https:\/\/theprogthief.de\/en\/rezensionen\/\" class=\"elementor-sub-item\" tabindex=\"-1\">Rezensionen A-Z<\/a><\/li>\n<\/ul>\n<\/li>\n<li class=\"menu-item menu-item-type-post_type menu-item-object-page menu-item-19217\"><a href=\"https:\/\/theprogthief.de\/en\/female-driven\/\" class=\"elementor-item\" tabindex=\"-1\">Female Driven<\/a><\/li>\n<li class=\"menu-item menu-item-type-post_type menu-item-object-page menu-item-12223\"><a href=\"https:\/\/theprogthief.de\/en\/was-ist-prog\/\" class=\"elementor-item\" tabindex=\"-1\">Was ist Prog?<\/a><\/li>\n<li class=\"menu-item menu-item-type-post_type menu-item-object-page menu-item-12222\"><a href=\"https:\/\/theprogthief.de\/en\/ueber-mich\/\" class=\"elementor-item\" tabindex=\"-1\">\u00dcber mich<\/a><\/li>\n<\/ul>\t\t\t<\/nav>\n\t\t\t\t\t\t<\/div>\n\t\t\t\t<\/div>\n\t\t\t\t\t<\/div>\n\t\t\t\t<\/div>\n\t\t<div class=\"elementor-element elementor-element-482996ce e-flex e-con-boxed e-con e-parent\" data-id=\"482996ce\" data-element_type=\"container\" data-e-type=\"container\" data-settings=\"{&quot;background_background&quot;:&quot;classic&quot;}\">\n\t\t\t\t\t<div class=\"e-con-inner\">\n\t\t\t\t<div class=\"elementor-element elementor-element-76694e3c elementor-widget elementor-widget-heading\" data-id=\"76694e3c\" data-element_type=\"widget\" data-e-type=\"widget\" data-widget_type=\"heading.default\">\n\t\t\t\t<div class=\"elementor-widget-container\">\n\t\t\t\t\t<h2 class=\"elementor-heading-title elementor-size-default\">Blackfield I by Blackfield<\/h2>\t\t\t\t<\/div>\n\t\t\t\t<\/div>\n\t\t\t\t\t<\/div>\n\t\t\t\t<\/div>\n\t\t<div class=\"elementor-element elementor-element-35c1f31e e-flex e-con-boxed e-con e-parent\" data-id=\"35c1f31e\" data-element_type=\"container\" data-e-type=\"container\" data-settings=\"{&quot;background_background&quot;:&quot;classic&quot;}\">\n\t\t\t\t\t<div class=\"e-con-inner\">\n\t\t<div class=\"elementor-element elementor-element-6019c8a5 e-con-full e-flex e-con e-child\" data-id=\"6019c8a5\" data-element_type=\"container\" data-e-type=\"container\">\n\t\t<div class=\"elementor-element elementor-element-5484d716 e-flex e-con-boxed e-con e-child\" data-id=\"5484d716\" data-element_type=\"container\" data-e-type=\"container\">\n\t\t\t\t\t<div class=\"e-con-inner\">\n\t\t\t\t<div class=\"elementor-element elementor-element-1d600b33 elementor-widget elementor-widget-text-editor\" data-id=\"1d600b33\" data-element_type=\"widget\" data-e-type=\"widget\" data-widget_type=\"text-editor.default\">\n\t\t\t\t<div class=\"elementor-widget-container\">\n\t\t\t\t\t\t\t\t\t<p><a href=\"https:\/\/theprogthief.de\/wp-content\/uploads\/2025\/01\/BBLFC1280.jpg\"><img fetchpriority=\"high\" decoding=\"async\" class=\"aligncenter wp-image-15472 size-full\" src=\"https:\/\/theprogthief.de\/wp-content\/uploads\/2025\/01\/BBLFC350.jpg\" alt=\"CD Album Blackfield I by Blackfield. Frontcover\" width=\"350\" height=\"318\" srcset=\"https:\/\/theprogthief.de\/wp-content\/uploads\/2025\/01\/BBLFC350.jpg 350w, https:\/\/theprogthief.de\/wp-content\/uploads\/2025\/01\/BBLFC350-300x273.jpg 300w, https:\/\/theprogthief.de\/wp-content\/uploads\/2025\/01\/BBLFC350-150x136.jpg 150w, https:\/\/theprogthief.de\/wp-content\/uploads\/2025\/01\/BBLFC350-13x12.jpg 13w\" sizes=\"(max-width: 350px) 100vw, 350px\" \/><\/a><\/p><p><a href=\"https:\/\/blackfield-music.com\/\" target=\"_blank\" rel=\"noopener\"><span style=\"text-decoration: underline;\">Blackfield<\/span><\/a><br \/>&#8222;Blackfield I&#8220;<br \/>Pop, Rock, Art-Rock. Enhanced CD. 2004<\/p><p>Steven Wilson, seines Zeichens Gr\u00fcnder der Band Porcupine Tree und Prog-Rock Mastermind, gr\u00fcndete mit dem israelischen Musiker Aviv Geffen Blackfield in 2001. Blackfield zeichnet sich durch k\u00fcrzere, melodische Pop\/Art-Rock Songs aus. Die Songs werden von Steven Wilson (Gitarre, Gesang, Keyboard) und Aviv Geffen (Gitarre, Gesang, Keyboard) geschrieben. Dazu l\u00e4dt Blackfield immer wieder Gastmusiker ein. Blackfield ist keine Band im herk\u00f6mmlichen Sinne, sondern ein internationales Projekt von Wilson\/Geffen. Also: ist das jetzt noch Porcupine Tree, oder emanzipiert davon? Ist das Lob f\u00fcr dieses Album gerechtfertigt und warum gef\u00e4llt mir nur dieses eine Album von Blackfield richtig gut? Vorliegen habe die Enhanced CD. Neben dem eigentlichen Album ist eine zweite CD enthalten.<\/p><p><a href=\"https:\/\/theprogthief.de\/wp-content\/uploads\/2025\/01\/BBLBCD1280.jpg\"><img decoding=\"async\" class=\"aligncenter wp-image-15467 size-full\" src=\"https:\/\/theprogthief.de\/wp-content\/uploads\/2025\/01\/BBLBCD350.jpg\" alt=\"CD Blackfield I by Blackfield. Extra CD\" width=\"350\" height=\"350\" srcset=\"https:\/\/theprogthief.de\/wp-content\/uploads\/2025\/01\/BBLBCD350.jpg 350w, https:\/\/theprogthief.de\/wp-content\/uploads\/2025\/01\/BBLBCD350-300x300.jpg 300w, https:\/\/theprogthief.de\/wp-content\/uploads\/2025\/01\/BBLBCD350-150x150.jpg 150w, https:\/\/theprogthief.de\/wp-content\/uploads\/2025\/01\/BBLBCD350-12x12.jpg 12w\" sizes=\"(max-width: 350px) 100vw, 350px\" \/><\/a><\/p><p>Fangen wir mit der zweiten CD an. Sie enth\u00e4lt zus\u00e4tzlich drei Songs und einen Video Track. Die Songs f\u00fcgen sich ein. Ich pers\u00f6nlich k\u00f6nnte auf die zus\u00e4tzliche CD verzichten.<\/p><p><a href=\"https:\/\/theprogthief.de\/wp-content\/uploads\/2025\/01\/BBLCDA1280.jpg\"><img decoding=\"async\" class=\"aligncenter wp-image-15469 size-full\" src=\"https:\/\/theprogthief.de\/wp-content\/uploads\/2025\/01\/BBLCDA350.jpg\" alt=\"CD Blackfield I by Blackfield. CD\" width=\"350\" height=\"157\" srcset=\"https:\/\/theprogthief.de\/wp-content\/uploads\/2025\/01\/BBLCDA350.jpg 350w, https:\/\/theprogthief.de\/wp-content\/uploads\/2025\/01\/BBLCDA350-300x135.jpg 300w, https:\/\/theprogthief.de\/wp-content\/uploads\/2025\/01\/BBLCDA350-150x67.jpg 150w, https:\/\/theprogthief.de\/wp-content\/uploads\/2025\/01\/BBLCDA350-18x8.jpg 18w\" sizes=\"(max-width: 350px) 100vw, 350px\" \/><\/a><\/p><p>Ich sage gleich das mir der starke Porcupine Tree Einschlag gef\u00e4llt. So mancher Song k\u00f6nnte ein popiger melodi\u00f6ser Teil eines l\u00e4ngeren Porcupine Tree Songs sein. Wenn Pop und Art-Rock auf solch eine intelligente Weise daherkommen, kann auch ich nicht nein Sagen. Hervorheben m\u00f6chte ich &#8222;Open Mind&#8220;, &#8222;Blackfield&#8220; und &#8222;Pain&#8220;. Diese drei Songs bestechen durch den Fluss der Musik und der klug arangierten Texte. Besonders &#8222;Open Mind&#8220; k\u00f6nnte ein Opener auf jedem Porcupine Tree Album sein. Ruhiger zu geht es in &#8222;Lullaby&#8220; und &#8222;Summer&#8220;. Es sind nicht kitschige Pop Balladen. &#8222;Glow&#8220; steht auch gut da. Ausgerechnet der Rauswerfer &#8222;Hello&#8220; geht f\u00fcr mich zu sehr Richtung Pop und das empfinde ich auch bei &#8222;The Hole In Me&#8220; so. &#8222;Cloudy Now&#8220; ist ein eigentlich auf hebr\u00e4isch geschriebener Song von Aviv Geffen. Wer hier in dieser Version nicht Porcupine Tree h\u00f6rt? H\u00e4tte mir jemand diesen Song vorgespielt, ohne das ich w\u00fcsste das er von Blackfield ist, ich h\u00e4tte geschworen hier Porcupine Tree zu h\u00f6ren. Ein genialer, emotionaler Song und mit &#8222;Pain&#8220;, &#8222;Blackfield&#8220; und &#8222;Open Mind&#8220; meine Highlights. Und das ist in gewisser Weise das Dilemma dieses Albums.<\/p><p><a href=\"https:\/\/theprogthief.de\/wp-content\/uploads\/2025\/01\/BBLBC1280.jpg\"><img loading=\"lazy\" decoding=\"async\" class=\"aligncenter wp-image-15465 size-full\" src=\"https:\/\/theprogthief.de\/wp-content\/uploads\/2025\/01\/BBLBC350.jpg\" alt=\"CD Blackfield I by Blackfield. Backcover\" width=\"350\" height=\"318\" srcset=\"https:\/\/theprogthief.de\/wp-content\/uploads\/2025\/01\/BBLBC350.jpg 350w, https:\/\/theprogthief.de\/wp-content\/uploads\/2025\/01\/BBLBC350-300x273.jpg 300w, https:\/\/theprogthief.de\/wp-content\/uploads\/2025\/01\/BBLBC350-150x136.jpg 150w, https:\/\/theprogthief.de\/wp-content\/uploads\/2025\/01\/BBLBC350-13x12.jpg 13w\" sizes=\"(max-width: 350px) 100vw, 350px\" \/><\/a><\/p><p>Ist das jetzt schon Blackfield oder immer noch Porcupine Tree? Tats\u00e4chlich emanzipiert sich Blackfield erst mit der Zeit und wird ab Blackfield II eigenst\u00e4ndiger. F\u00fcr mich ist das alles ab Blackfield II zu poppig. Allerdings intelligenter Pop. Blackfield I wiederum ist f\u00fcr mich noch fest an Wilson\/Porcupine Tree gebunden und genau deswegen liebe ich dieses Album. Blackfield I wurde zu Recht von der Kritk gelobt, f\u00fcr Hardcore Porcupine Tree Fans war das &#8222;Verrat&#8220; am Prog. Was nat\u00fcrlich Unsinn ist, denn Steven Wilson schuldet uns nichts. Blackfield I ist ein hervorragendes Album und empfehlenswert.<\/p><p>Die Fotos stammen alle von meiner CD. Die Rechte aller Motive, Logos, Texte und Schriften, die auf den Fotos zu sehen sind, liegen nat\u00fcrlich beim Rechteinhaber.<\/p><p>No AI was used in the making of this Review.<br \/>\u00a928.01.2025<\/p>\t\t\t\t\t\t\t\t<\/div>\n\t\t\t\t<\/div>\n\t\t\t\t\t<\/div>\n\t\t\t\t<\/div>\n\t\t\t\t<\/div>\n\t\t\t\t\t<\/div>\n\t\t\t\t<\/div>\n\t\t<div class=\"elementor-element elementor-element-36ba4fd e-flex e-con-boxed e-con e-parent\" data-id=\"36ba4fd\" data-element_type=\"container\" data-e-type=\"container\" data-settings=\"{&quot;background_background&quot;:&quot;classic&quot;}\">\n\t\t\t\t\t<div class=\"e-con-inner\">\n\t\t<div class=\"elementor-element elementor-element-3bcef567 e-con-full e-flex e-con e-child\" data-id=\"3bcef567\" data-element_type=\"container\" data-e-type=\"container\">\n\t\t\t\t<div class=\"elementor-element elementor-element-6dd5c0ad elementor-widget elementor-widget-video\" data-id=\"6dd5c0ad\" data-element_type=\"widget\" data-e-type=\"widget\" data-settings=\"{&quot;youtube_url&quot;:&quot;https:\\\/\\\/youtu.be\\\/SPZuSOuZe80?list=OLAK5uy_kc4mZXH3Mkhu-MCRSM9HzRNOxocD-xQ8k&quot;,&quot;video_type&quot;:&quot;youtube&quot;,&quot;controls&quot;:&quot;yes&quot;}\" data-widget_type=\"video.default\">\n\t\t\t\t<div class=\"elementor-widget-container\">\n\t\t\t\t\t\t\t<div class=\"elementor-wrapper elementor-open-inline\">\n\t\t\t<div class=\"elementor-video\"><\/div>\t\t<\/div>\n\t\t\t\t\t\t<\/div>\n\t\t\t\t<\/div>\n\t\t\t\t<\/div>\n\t\t<div class=\"elementor-element elementor-element-f45f4c9 e-con-full e-flex e-con e-child\" data-id=\"f45f4c9\" data-element_type=\"container\" data-e-type=\"container\">\n\t\t\t\t<div class=\"elementor-element elementor-element-6f4085e9 elementor-widget elementor-widget-video\" data-id=\"6f4085e9\" data-element_type=\"widget\" data-e-type=\"widget\" data-settings=\"{&quot;youtube_url&quot;:&quot;https:\\\/\\\/youtu.be\\\/d-VOPvny-O0?list=OLAK5uy_kc4mZXH3Mkhu-MCRSM9HzRNOxocD-xQ8k&quot;,&quot;video_type&quot;:&quot;youtube&quot;,&quot;controls&quot;:&quot;yes&quot;}\" data-widget_type=\"video.default\">\n\t\t\t\t<div class=\"elementor-widget-container\">\n\t\t\t\t\t\t\t<div class=\"elementor-wrapper elementor-open-inline\">\n\t\t\t<div class=\"elementor-video\"><\/div>\t\t<\/div>\n\t\t\t\t\t\t<\/div>\n\t\t\t\t<\/div>\n\t\t\t\t<\/div>\n\t\t<div class=\"elementor-element elementor-element-65b485ab e-con-full e-flex e-con e-child\" data-id=\"65b485ab\" data-element_type=\"container\" data-e-type=\"container\">\n\t\t\t\t<div class=\"elementor-element elementor-element-2693a973 elementor-widget elementor-widget-video\" data-id=\"2693a973\" data-element_type=\"widget\" data-e-type=\"widget\" data-settings=\"{&quot;youtube_url&quot;:&quot;https:\\\/\\\/youtu.be\\\/E8Z_3cv195A?list=OLAK5uy_kc4mZXH3Mkhu-MCRSM9HzRNOxocD-xQ8k&quot;,&quot;video_type&quot;:&quot;youtube&quot;,&quot;controls&quot;:&quot;yes&quot;}\" data-widget_type=\"video.default\">\n\t\t\t\t<div class=\"elementor-widget-container\">\n\t\t\t\t\t\t\t<div class=\"elementor-wrapper elementor-open-inline\">\n\t\t\t<div class=\"elementor-video\"><\/div>\t\t<\/div>\n\t\t\t\t\t\t<\/div>\n\t\t\t\t<\/div>\n\t\t\t\t<\/div>\n\t\t\t\t\t<\/div>\n\t\t\t\t<\/div>\n\t\t<div class=\"elementor-element elementor-element-5053e191 e-flex e-con-boxed e-con e-parent\" data-id=\"5053e191\" data-element_type=\"container\" data-e-type=\"container\" data-settings=\"{&quot;background_background&quot;:&quot;classic&quot;}\">\n\t\t\t\t\t<div class=\"e-con-inner\">\n\t\t\t\t<div class=\"elementor-element elementor-element-5ffb62e9 elementor-widget elementor-widget-heading\" data-id=\"5ffb62e9\" data-element_type=\"widget\" data-e-type=\"widget\" data-widget_type=\"heading.default\">\n\t\t\t\t<div class=\"elementor-widget-container\">\n\t\t\t\t\t<h4 class=\"elementor-heading-title elementor-size-default\"><a href=\"https:\/\/www.hoeren-und-fuehlen.de\/\" target=\"_blank\">Interessiert an mehr Musik und Technik? Dann:<\/a><\/h4>\t\t\t\t<\/div>\n\t\t\t\t<\/div>\n\t\t\t\t<div class=\"elementor-element elementor-element-264212d8 elementor-widget elementor-widget-image\" data-id=\"264212d8\" data-element_type=\"widget\" data-e-type=\"widget\" data-widget_type=\"image.default\">\n\t\t\t\t<div class=\"elementor-widget-container\">\n\t\t\t\t\t\t\t\t\t\t\t\t\t\t\t\t<a href=\"https:\/\/www.hoeren-und-fuehlen.de\/\" target=\"_blank\">\n\t\t\t\t\t\t\t<img loading=\"lazy\" decoding=\"async\" width=\"150\" height=\"47\" src=\"https:\/\/theprogthief.de\/wp-content\/uploads\/2024\/06\/Banner-150x47.jpg\" class=\"attachment-thumbnail size-thumbnail wp-image-5580\" alt=\"\" srcset=\"https:\/\/theprogthief.de\/wp-content\/uploads\/2024\/06\/Banner-150x47.jpg 150w, https:\/\/theprogthief.de\/wp-content\/uploads\/2024\/06\/Banner-300x94.jpg 300w, https:\/\/theprogthief.de\/wp-content\/uploads\/2024\/06\/Banner.jpg 320w\" sizes=\"(max-width: 150px) 100vw, 150px\" \/>\t\t\t\t\t\t\t\t<\/a>\n\t\t\t\t\t\t\t\t\t\t\t\t\t\t\t<\/div>\n\t\t\t\t<\/div>\n\t\t\t\t\t<\/div>\n\t\t\t\t<\/div>\n\t\t<div class=\"elementor-element elementor-element-7ed0d74b e-con-full e-flex e-con e-parent\" data-id=\"7ed0d74b\" data-element_type=\"container\" data-e-type=\"container\" data-settings=\"{&quot;background_background&quot;:&quot;classic&quot;}\">\n\t\t\t\t<div class=\"elementor-element elementor-element-71204c6 elementor-widget__width-initial elementor-widget-mobile__width-initial elementor-widget elementor-widget-text-editor\" data-id=\"71204c6\" data-element_type=\"widget\" data-e-type=\"widget\" data-widget_type=\"text-editor.default\">\n\t\t\t\t<div class=\"elementor-widget-container\">\n\t\t\t\t\t\t\t\t\t<p style=\"text-align: left;\"><span style=\"color: #000000;\"><strong><br \/><\/strong><\/span>[info@theprogthief.de]<\/p>\t\t\t\t\t\t\t\t<\/div>\n\t\t\t\t<\/div>\n\t\t\t\t<div class=\"elementor-element elementor-element-6943f41a elementor-align-center elementor-widget elementor-widget-button\" data-id=\"6943f41a\" data-element_type=\"widget\" data-e-type=\"widget\" data-widget_type=\"button.default\">\n\t\t\t\t<div class=\"elementor-widget-container\">\n\t\t\t\t\t\t\t\t\t<div class=\"elementor-button-wrapper\">\n\t\t\t\t\t<a class=\"elementor-button elementor-button-link elementor-size-sm\" href=\"https:\/\/theprogthief.de\/impressum\/\">\n\t\t\t\t\t\t<span class=\"elementor-button-content-wrapper\">\n\t\t\t\t\t\t\t\t\t<span class=\"elementor-button-text\">Impressum<\/span>\n\t\t\t\t\t<\/span>\n\t\t\t\t\t<\/a>\n\t\t\t\t<\/div>\n\t\t\t\t\t\t\t\t<\/div>\n\t\t\t\t<\/div>\n\t\t\t\t<div class=\"elementor-element elementor-element-55c6d8d5 elementor-align-center elementor-widget elementor-widget-button\" data-id=\"55c6d8d5\" data-element_type=\"widget\" data-e-type=\"widget\" data-widget_type=\"button.default\">\n\t\t\t\t<div class=\"elementor-widget-container\">\n\t\t\t\t\t\t\t\t\t<div class=\"elementor-button-wrapper\">\n\t\t\t\t\t<a class=\"elementor-button elementor-button-link elementor-size-sm\" href=\"https:\/\/theprogthief.de\/datenschutzerklaerung\/\">\n\t\t\t\t\t\t<span class=\"elementor-button-content-wrapper\">\n\t\t\t\t\t\t\t\t\t<span class=\"elementor-button-text\">Datenschutz<\/span>\n\t\t\t\t\t<\/span>\n\t\t\t\t\t<\/a>\n\t\t\t\t<\/div>\n\t\t\t\t\t\t\t\t<\/div>\n\t\t\t\t<\/div>\n\t\t\t\t<div class=\"elementor-element elementor-element-1460c9c4 elementor-align-center elementor-widget elementor-widget-button\" data-id=\"1460c9c4\" data-element_type=\"widget\" data-e-type=\"widget\" data-widget_type=\"button.default\">\n\t\t\t\t<div class=\"elementor-widget-container\">\n\t\t\t\t\t\t\t\t\t<div class=\"elementor-button-wrapper\">\n\t\t\t\t\t<a class=\"elementor-button elementor-button-link elementor-size-sm\" href=\"https:\/\/theprogthief.de\/gender-hinweis\/\">\n\t\t\t\t\t\t<span class=\"elementor-button-content-wrapper\">\n\t\t\t\t\t\t\t\t\t<span class=\"elementor-button-text\">Gender-Hinweis<\/span>\n\t\t\t\t\t<\/span>\n\t\t\t\t\t<\/a>\n\t\t\t\t<\/div>\n\t\t\t\t\t\t\t\t<\/div>\n\t\t\t\t<\/div>\n\t\t\t\t<\/div>\n\t\t\t\t<\/div>\n\t\t","protected":false},"excerpt":{"rendered":"<p>Review Blackfield I. Enhanced CD. 2004. Steven Wilson, Aviv Geffen. Pop, Rock, Art Rock.<\/p>","protected":false},"author":1,"featured_media":15472,"parent":0,"menu_order":0,"comment_status":"closed","ping_status":"closed","template":"","meta":{"ocean_post_layout":"full-screen","ocean_both_sidebars_style":"","ocean_both_sidebars_content_width":0,"ocean_both_sidebars_sidebars_width":0,"ocean_sidebar":"","ocean_second_sidebar":"","ocean_disable_margins":"enable","ocean_add_body_class":"","ocean_shortcode_before_top_bar":"","ocean_shortcode_after_top_bar":"","ocean_shortcode_before_header":"","ocean_shortcode_after_header":"","ocean_has_shortcode":"","ocean_shortcode_after_title":"","ocean_shortcode_before_footer_widgets":"","ocean_shortcode_after_footer_widgets":"","ocean_shortcode_before_footer_bottom":"","ocean_shortcode_after_footer_bottom":"","ocean_display_top_bar":"off","ocean_display_header":"off","ocean_header_style":"","ocean_center_header_left_menu":"","ocean_custom_header_template":"","ocean_custom_logo":0,"ocean_custom_retina_logo":0,"ocean_custom_logo_max_width":0,"ocean_custom_logo_tablet_max_width":0,"ocean_custom_logo_mobile_max_width":0,"ocean_custom_logo_max_height":0,"ocean_custom_logo_tablet_max_height":0,"ocean_custom_logo_mobile_max_height":0,"ocean_header_custom_menu":"","ocean_menu_typo_font_family":"","ocean_menu_typo_font_subset":"","ocean_menu_typo_font_size":0,"ocean_menu_typo_font_size_tablet":0,"ocean_menu_typo_font_size_mobile":0,"ocean_menu_typo_font_size_unit":"px","ocean_menu_typo_font_weight":"","ocean_menu_typo_font_weight_tablet":"","ocean_menu_typo_font_weight_mobile":"","ocean_menu_typo_transform":"","ocean_menu_typo_transform_tablet":"","ocean_menu_typo_transform_mobile":"","ocean_menu_typo_line_height":0,"ocean_menu_typo_line_height_tablet":0,"ocean_menu_typo_line_height_mobile":0,"ocean_menu_typo_line_height_unit":"","ocean_menu_typo_spacing":0,"ocean_menu_typo_spacing_tablet":0,"ocean_menu_typo_spacing_mobile":0,"ocean_menu_typo_spacing_unit":"","ocean_menu_link_color":"","ocean_menu_link_color_hover":"","ocean_menu_link_color_active":"","ocean_menu_link_background":"","ocean_menu_link_hover_background":"","ocean_menu_link_active_background":"","ocean_menu_social_links_bg":"","ocean_menu_social_hover_links_bg":"","ocean_menu_social_links_color":"","ocean_menu_social_hover_links_color":"","ocean_disable_title":"on","ocean_disable_heading":"default","ocean_post_title":"","ocean_post_subheading":"","ocean_post_title_style":"","ocean_post_title_background_color":"","ocean_post_title_background":0,"ocean_post_title_bg_image_position":"","ocean_post_title_bg_image_attachment":"","ocean_post_title_bg_image_repeat":"","ocean_post_title_bg_image_size":"","ocean_post_title_height":0,"ocean_post_title_bg_overlay":0.5,"ocean_post_title_bg_overlay_color":"","ocean_disable_breadcrumbs":"default","ocean_breadcrumbs_color":"","ocean_breadcrumbs_separator_color":"","ocean_breadcrumbs_links_color":"","ocean_breadcrumbs_links_hover_color":"","ocean_display_footer_widgets":"off","ocean_display_footer_bottom":"off","ocean_custom_footer_template":"","footnotes":""},"class_list":["post-15464","page","type-page","status-publish","has-post-thumbnail","hentry","entry","has-media"],"_links":{"self":[{"href":"https:\/\/theprogthief.de\/en\/wp-json\/wp\/v2\/pages\/15464","targetHints":{"allow":["GET"]}}],"collection":[{"href":"https:\/\/theprogthief.de\/en\/wp-json\/wp\/v2\/pages"}],"about":[{"href":"https:\/\/theprogthief.de\/en\/wp-json\/wp\/v2\/types\/page"}],"author":[{"embeddable":true,"href":"https:\/\/theprogthief.de\/en\/wp-json\/wp\/v2\/users\/1"}],"replies":[{"embeddable":true,"href":"https:\/\/theprogthief.de\/en\/wp-json\/wp\/v2\/comments?post=15464"}],"version-history":[{"count":10,"href":"https:\/\/theprogthief.de\/en\/wp-json\/wp\/v2\/pages\/15464\/revisions"}],"predecessor-version":[{"id":31614,"href":"https:\/\/theprogthief.de\/en\/wp-json\/wp\/v2\/pages\/15464\/revisions\/31614"}],"wp:featuredmedia":[{"embeddable":true,"href":"https:\/\/theprogthief.de\/en\/wp-json\/wp\/v2\/media\/15472"}],"wp:attachment":[{"href":"https:\/\/theprogthief.de\/en\/wp-json\/wp\/v2\/media?parent=15464"}],"curies":[{"name":"wp","href":"https:\/\/api.w.org\/{rel}","templated":true}]}}