{"id":16591,"date":"2025-03-02T14:12:39","date_gmt":"2025-03-02T13:12:39","guid":{"rendered":"https:\/\/theprogthief.de\/?page_id=16591"},"modified":"2025-07-23T16:20:34","modified_gmt":"2025-07-23T14:20:34","slug":"euphoric-recall-by-moeaa","status":"publish","type":"page","link":"https:\/\/theprogthief.de\/en\/euphoric-recall-by-moeaa\/","title":{"rendered":"Euphoric Recall by M\u00d6AA"},"content":{"rendered":"\t\t<div data-elementor-type=\"wp-page\" data-elementor-id=\"16591\" class=\"elementor elementor-16591\" data-elementor-post-type=\"page\">\n\t\t\t\t<div class=\"elementor-element elementor-element-9e2937a e-con-full e-flex e-con e-parent\" data-id=\"9e2937a\" data-element_type=\"container\" data-e-type=\"container\" data-settings=\"{&quot;background_background&quot;:&quot;classic&quot;}\">\n\t\t\t\t<div class=\"elementor-element elementor-element-75f98da5 elementor-widget elementor-widget-heading\" data-id=\"75f98da5\" data-element_type=\"widget\" data-e-type=\"widget\" data-widget_type=\"heading.default\">\n\t\t\t\t<div class=\"elementor-widget-container\">\n\t\t\t\t\t<h2 class=\"elementor-heading-title elementor-size-default\"><a href=\"https:\/\/theprogthief.de\"> The Prog-Thief<\/a><\/h2>\t\t\t\t<\/div>\n\t\t\t\t<\/div>\n\t\t\t\t<\/div>\n\t\t<div class=\"elementor-element elementor-element-50be5788 e-flex e-con-boxed e-con e-parent\" data-id=\"50be5788\" data-element_type=\"container\" data-e-type=\"container\" data-settings=\"{&quot;background_background&quot;:&quot;classic&quot;}\">\n\t\t\t\t\t<div class=\"e-con-inner\">\n\t\t\t\t<div class=\"elementor-element elementor-element-e334188 elementor-nav-menu--stretch elementor-widget__width-initial elementor-nav-menu__text-align-aside elementor-nav-menu--toggle elementor-nav-menu--burger elementor-invisible elementor-widget elementor-widget-global elementor-global-12513 elementor-widget-nav-menu\" data-id=\"e334188\" data-element_type=\"widget\" data-e-type=\"widget\" data-settings=\"{&quot;layout&quot;:&quot;dropdown&quot;,&quot;submenu_icon&quot;:{&quot;value&quot;:&quot;fas fa-chevron-down&quot;,&quot;library&quot;:&quot;fa-solid&quot;},&quot;full_width&quot;:&quot;stretch&quot;,&quot;_animation&quot;:&quot;fadeInUp&quot;,&quot;toggle&quot;:&quot;burger&quot;}\" data-widget_type=\"nav-menu.default\">\n\t\t\t\t<div class=\"elementor-widget-container\">\n\t\t\t\t\t\t\t<div class=\"elementor-menu-toggle\" role=\"button\" tabindex=\"0\" aria-label=\"Menu Toggle\" aria-expanded=\"false\">\n\t\t\t<i aria-hidden=\"true\" role=\"presentation\" class=\"elementor-menu-toggle__icon--open eicon-menu-bar\"><\/i><i aria-hidden=\"true\" role=\"presentation\" class=\"elementor-menu-toggle__icon--close eicon-close\"><\/i>\t\t<\/div>\n\t\t\t\t\t<nav class=\"elementor-nav-menu--dropdown elementor-nav-menu__container\" aria-hidden=\"true\">\n\t\t\t\t<ul id=\"menu-2-e334188\" class=\"elementor-nav-menu\"><li class=\"menu-item menu-item-type-post_type menu-item-object-page menu-item-home menu-item-12224\"><a href=\"https:\/\/theprogthief.de\/en\/\" class=\"elementor-item\" tabindex=\"-1\">Home<\/a><\/li>\n<li class=\"menu-item menu-item-type-post_type menu-item-object-page menu-item-24784\"><a href=\"https:\/\/theprogthief.de\/en\/ayreon-alben\/\" class=\"elementor-item\" tabindex=\"-1\">Ayreon<\/a><\/li>\n<li class=\"menu-item menu-item-type-post_type menu-item-object-page menu-item-24610\"><a href=\"https:\/\/theprogthief.de\/en\/porcupine-tree\/\" class=\"elementor-item\" tabindex=\"-1\">Porcupine Tree<\/a><\/li>\n<li class=\"menu-item menu-item-type-post_type menu-item-object-page menu-item-30976\"><a href=\"https:\/\/theprogthief.de\/en\/theatre-of-tragedy\/\" class=\"elementor-item\" tabindex=\"-1\">Theatre Of Tragedy<\/a><\/li>\n<li class=\"menu-item menu-item-type-post_type menu-item-object-page menu-item-has-children menu-item-12227\"><a rel=\"Keine\" href=\"https:\/\/theprogthief.de\/en\/rezensionen\/\" class=\"elementor-item\" tabindex=\"-1\">Rezensionen<\/a>\n<ul class=\"sub-menu elementor-nav-menu--dropdown\">\n\t<li class=\"menu-item menu-item-type-post_type menu-item-object-page menu-item-13299\"><a href=\"https:\/\/theprogthief.de\/en\/reviewsii\/\" class=\"elementor-sub-item\" tabindex=\"-1\">Reviews II<\/a><\/li>\n\t<li class=\"menu-item menu-item-type-post_type menu-item-object-page menu-item-13253\"><a href=\"https:\/\/theprogthief.de\/en\/reviews-iii\/\" class=\"elementor-sub-item\" tabindex=\"-1\">Reviews III<\/a><\/li>\n\t<li class=\"menu-item menu-item-type-post_type menu-item-object-page menu-item-20876\"><a href=\"https:\/\/theprogthief.de\/en\/reviews-iv\/\" class=\"elementor-sub-item\" tabindex=\"-1\">Reviews IV<\/a><\/li>\n\t<li class=\"menu-item menu-item-type-post_type menu-item-object-page menu-item-24240\"><a href=\"https:\/\/theprogthief.de\/en\/reviews-v\/\" class=\"elementor-sub-item\" tabindex=\"-1\">Reviews V<\/a><\/li>\n\t<li class=\"menu-item menu-item-type-post_type menu-item-object-page menu-item-24478\"><a href=\"https:\/\/theprogthief.de\/en\/rezensionen\/\" class=\"elementor-sub-item\" tabindex=\"-1\">Rezensionen A-Z<\/a><\/li>\n<\/ul>\n<\/li>\n<li class=\"menu-item menu-item-type-post_type menu-item-object-page menu-item-19217\"><a href=\"https:\/\/theprogthief.de\/en\/female-driven\/\" class=\"elementor-item\" tabindex=\"-1\">Female Driven<\/a><\/li>\n<li class=\"menu-item menu-item-type-post_type menu-item-object-page menu-item-12223\"><a href=\"https:\/\/theprogthief.de\/en\/was-ist-prog\/\" class=\"elementor-item\" tabindex=\"-1\">Was ist Prog?<\/a><\/li>\n<li class=\"menu-item menu-item-type-post_type menu-item-object-page menu-item-12222\"><a href=\"https:\/\/theprogthief.de\/en\/ueber-mich\/\" class=\"elementor-item\" tabindex=\"-1\">\u00dcber mich<\/a><\/li>\n<\/ul>\t\t\t<\/nav>\n\t\t\t\t\t\t<\/div>\n\t\t\t\t<\/div>\n\t\t\t\t\t<\/div>\n\t\t\t\t<\/div>\n\t\t<div class=\"elementor-element elementor-element-1348a565 e-flex e-con-boxed e-con e-parent\" data-id=\"1348a565\" data-element_type=\"container\" data-e-type=\"container\" data-settings=\"{&quot;background_background&quot;:&quot;classic&quot;}\">\n\t\t\t\t\t<div class=\"e-con-inner\">\n\t\t\t\t<div class=\"elementor-element elementor-element-36c1c235 elementor-widget elementor-widget-heading\" data-id=\"36c1c235\" data-element_type=\"widget\" data-e-type=\"widget\" data-widget_type=\"heading.default\">\n\t\t\t\t<div class=\"elementor-widget-container\">\n\t\t\t\t\t<h2 class=\"elementor-heading-title elementor-size-default\">Euphoric Recall by M\u00d6AA<\/h2>\t\t\t\t<\/div>\n\t\t\t\t<\/div>\n\t\t\t\t\t<\/div>\n\t\t\t\t<\/div>\n\t\t<div class=\"elementor-element elementor-element-11c58ebd e-flex e-con-boxed e-con e-parent\" data-id=\"11c58ebd\" data-element_type=\"container\" data-e-type=\"container\" data-settings=\"{&quot;background_background&quot;:&quot;classic&quot;}\">\n\t\t\t\t\t<div class=\"e-con-inner\">\n\t\t<div class=\"elementor-element elementor-element-1406561d e-con-full e-flex e-con e-child\" data-id=\"1406561d\" data-element_type=\"container\" data-e-type=\"container\">\n\t\t<div class=\"elementor-element elementor-element-10e7673f e-flex e-con-boxed e-con e-child\" data-id=\"10e7673f\" data-element_type=\"container\" data-e-type=\"container\">\n\t\t\t\t\t<div class=\"e-con-inner\">\n\t\t\t\t<div class=\"elementor-element elementor-element-7ad53a26 elementor-widget elementor-widget-text-editor\" data-id=\"7ad53a26\" data-element_type=\"widget\" data-e-type=\"widget\" data-widget_type=\"text-editor.default\">\n\t\t\t\t<div class=\"elementor-widget-container\">\n\t\t\t\t\t\t\t\t\t<p><a href=\"https:\/\/theprogthief.de\/wp-content\/uploads\/2025\/03\/MOERFC1280.jpg\"><img fetchpriority=\"high\" decoding=\"async\" class=\"aligncenter wp-image-16596 size-full\" src=\"https:\/\/theprogthief.de\/wp-content\/uploads\/2025\/03\/MOERFC350.jpg\" alt=\"CD Euphoric Recall by M\u00d6AA. \" width=\"350\" height=\"313\" srcset=\"https:\/\/theprogthief.de\/wp-content\/uploads\/2025\/03\/MOERFC350.jpg 350w, https:\/\/theprogthief.de\/wp-content\/uploads\/2025\/03\/MOERFC350-300x268.jpg 300w, https:\/\/theprogthief.de\/wp-content\/uploads\/2025\/03\/MOERFC350-150x134.jpg 150w, https:\/\/theprogthief.de\/wp-content\/uploads\/2025\/03\/MOERFC350-13x12.jpg 13w\" sizes=\"(max-width: 350px) 100vw, 350px\" \/><\/a>\u00a0<\/p><p><a href=\"https:\/\/moaamusic.com\/\" target=\"_blank\" rel=\"noopener\"><span style=\"text-decoration: underline;\">M\u00d6AA<\/span><\/a><br \/>&#8222;Euphoric Recall&#8220;<br \/>Dark Wave. Dream Pop. CD Digipack 2021<\/p><p>Mal wieder zuf\u00e4llig auf Musik gesto\u00dfen und gleich die letzten zwei CDs besorgt. Hier ist das Debut Album &#8222;Euphoric Recall&#8220; von 2021. Jancy Buffington heuerte f\u00fcr ihr Projct M\u00d8AA Andrea Volpato als Co-Produzent und Session Musiker an. Die gesamte Musik wurde von Jancy geschrieben und arrangiert. Die Musik ist um die warme, tr\u00e4umerische Stimme Jancys herum konzipiert. Die Musik ist eine Mischung aus Shoegaze, Dark\/Goth Wave, Dream Pop und Postpunk. &#8222;Euphoric Recall&#8220; ist d\u00fcsterer als ihr zweites Album <a href=\"https:\/\/theprogthief.de\/jaywalker-by-moeaa\/\"><span style=\"text-decoration: underline;\">Jaywalker<\/span><\/a>.<\/p><p><a href=\"https:\/\/theprogthief.de\/wp-content\/uploads\/2025\/03\/MOERIC1280.jpg\"><img decoding=\"async\" class=\"aligncenter wp-image-16598 size-full\" src=\"https:\/\/theprogthief.de\/wp-content\/uploads\/2025\/03\/MOERIC350.jpg\" alt=\"CD Euphoric Recall by M\u00d6AA. Innercover\" width=\"350\" height=\"152\" srcset=\"https:\/\/theprogthief.de\/wp-content\/uploads\/2025\/03\/MOERIC350.jpg 350w, https:\/\/theprogthief.de\/wp-content\/uploads\/2025\/03\/MOERIC350-300x130.jpg 300w, https:\/\/theprogthief.de\/wp-content\/uploads\/2025\/03\/MOERIC350-150x65.jpg 150w, https:\/\/theprogthief.de\/wp-content\/uploads\/2025\/03\/MOERIC350-18x8.jpg 18w\" sizes=\"(max-width: 350px) 100vw, 350px\" \/><\/a><\/p><p>\u00a0Jancy Buffingtons Erstling \u201eEuphoric Recall\u201c ist ein dunkles Album aus\u00a0 Post-Punk, Dreampop, Dark\/Goth Wave und Shoegaze. Ihr Gesang kommt oft vertr\u00e4umt gehaucht daher, mit viel Hall unterlegt, so dass sie sich mit den dr\u00f6hnenden Gitarrenschwaden verbindet. Dunkler Bass wummert im Drum-Fundament,\u00a0 Gitarrendrones hallen breitfl\u00e4chig, ab und an stechen einzelne Gitarrentupfer hervor. Das ganze wirkt auf mich psychedelisch hypnotisierend. W\u00e4hrend der Anfang f\u00fcr mich nicht dunkel genug ist, beginnt der eigentliche Reigen mit Song vier, &#8222;O2&#8220;. Das geht \u00fcber &#8222;Lam&#8220; weiter bis zum starken Rauswerfer &#8222;Diffuse&#8220;. Meine liebsten Songs sind also von Nummer 4 &#8211; 10. Wobei die ersten drei Songs nicht verkehrt sind.<\/p><p><a href=\"https:\/\/theprogthief.de\/wp-content\/uploads\/2025\/03\/MOERBC1280.jpg\"><img decoding=\"async\" class=\"aligncenter wp-image-16593 size-full\" src=\"https:\/\/theprogthief.de\/wp-content\/uploads\/2025\/03\/MOERBC350.jpg\" alt=\"CD Euphoric Recall by M\u00d6AA. Backcover\" width=\"350\" height=\"314\" srcset=\"https:\/\/theprogthief.de\/wp-content\/uploads\/2025\/03\/MOERBC350.jpg 350w, https:\/\/theprogthief.de\/wp-content\/uploads\/2025\/03\/MOERBC350-300x269.jpg 300w, https:\/\/theprogthief.de\/wp-content\/uploads\/2025\/03\/MOERBC350-150x135.jpg 150w, https:\/\/theprogthief.de\/wp-content\/uploads\/2025\/03\/MOERBC350-13x12.jpg 13w\" sizes=\"(max-width: 350px) 100vw, 350px\" \/><\/a><\/p><p>Fazit? Wer diese Art von Musik mag, kann zugreifen. Und dann in der tr\u00e4umerischen Atmosph\u00e4re versinken.<\/p><p>Die Fotos stammen alle von meiner CD. Die Rechte aller Motive, Logos, Texte und Schriften, die auf den Fotos zu sehen sind, liegen nat\u00fcrlich beim Rechteinhaber.<\/p>\t\t\t\t\t\t\t\t<\/div>\n\t\t\t\t<\/div>\n\t\t\t\t\t<\/div>\n\t\t\t\t<\/div>\n\t\t\t\t<\/div>\n\t\t\t\t\t<\/div>\n\t\t\t\t<\/div>\n\t\t<div class=\"elementor-element elementor-element-402082ae e-flex e-con-boxed e-con e-parent\" data-id=\"402082ae\" data-element_type=\"container\" data-e-type=\"container\" data-settings=\"{&quot;background_background&quot;:&quot;classic&quot;}\">\n\t\t\t\t\t<div class=\"e-con-inner\">\n\t\t<div class=\"elementor-element elementor-element-49b370a9 e-con-full e-flex e-con e-child\" data-id=\"49b370a9\" data-element_type=\"container\" data-e-type=\"container\">\n\t\t\t\t<div class=\"elementor-element elementor-element-4aec61d8 elementor-widget elementor-widget-video\" data-id=\"4aec61d8\" data-element_type=\"widget\" data-e-type=\"widget\" data-settings=\"{&quot;youtube_url&quot;:&quot;https:\\\/\\\/youtu.be\\\/kgUzxdMy4H8?list=OLAK5uy_lW6yxR1lfCcXOq1Y-hOJ6SceL2OWmL5Yo&quot;,&quot;video_type&quot;:&quot;youtube&quot;,&quot;controls&quot;:&quot;yes&quot;}\" data-widget_type=\"video.default\">\n\t\t\t\t<div class=\"elementor-widget-container\">\n\t\t\t\t\t\t\t<div class=\"elementor-wrapper elementor-open-inline\">\n\t\t\t<div class=\"elementor-video\"><\/div>\t\t<\/div>\n\t\t\t\t\t\t<\/div>\n\t\t\t\t<\/div>\n\t\t\t\t<\/div>\n\t\t<div class=\"elementor-element elementor-element-5da11ef3 e-con-full e-flex e-con e-child\" data-id=\"5da11ef3\" data-element_type=\"container\" data-e-type=\"container\">\n\t\t\t\t<div class=\"elementor-element elementor-element-2cb11b12 elementor-widget elementor-widget-video\" data-id=\"2cb11b12\" data-element_type=\"widget\" data-e-type=\"widget\" data-settings=\"{&quot;youtube_url&quot;:&quot;https:\\\/\\\/youtu.be\\\/1HewX3PF3W0?list=OLAK5uy_lW6yxR1lfCcXOq1Y-hOJ6SceL2OWmL5Yo&quot;,&quot;video_type&quot;:&quot;youtube&quot;,&quot;controls&quot;:&quot;yes&quot;}\" data-widget_type=\"video.default\">\n\t\t\t\t<div class=\"elementor-widget-container\">\n\t\t\t\t\t\t\t<div class=\"elementor-wrapper elementor-open-inline\">\n\t\t\t<div class=\"elementor-video\"><\/div>\t\t<\/div>\n\t\t\t\t\t\t<\/div>\n\t\t\t\t<\/div>\n\t\t\t\t<\/div>\n\t\t<div class=\"elementor-element elementor-element-2a5dd026 e-con-full e-flex e-con e-child\" data-id=\"2a5dd026\" data-element_type=\"container\" data-e-type=\"container\">\n\t\t\t\t<div class=\"elementor-element elementor-element-11700a2c elementor-widget elementor-widget-video\" data-id=\"11700a2c\" data-element_type=\"widget\" data-e-type=\"widget\" data-settings=\"{&quot;youtube_url&quot;:&quot;https:\\\/\\\/youtu.be\\\/kOKW6iNG4L0?list=OLAK5uy_lW6yxR1lfCcXOq1Y-hOJ6SceL2OWmL5Yo&quot;,&quot;video_type&quot;:&quot;youtube&quot;,&quot;controls&quot;:&quot;yes&quot;}\" data-widget_type=\"video.default\">\n\t\t\t\t<div class=\"elementor-widget-container\">\n\t\t\t\t\t\t\t<div class=\"elementor-wrapper elementor-open-inline\">\n\t\t\t<div class=\"elementor-video\"><\/div>\t\t<\/div>\n\t\t\t\t\t\t<\/div>\n\t\t\t\t<\/div>\n\t\t\t\t<\/div>\n\t\t\t\t\t<\/div>\n\t\t\t\t<\/div>\n\t\t<div class=\"elementor-element elementor-element-1e69b2b6 e-flex e-con-boxed e-con e-parent\" data-id=\"1e69b2b6\" data-element_type=\"container\" data-e-type=\"container\" data-settings=\"{&quot;background_background&quot;:&quot;classic&quot;}\">\n\t\t\t\t\t<div class=\"e-con-inner\">\n\t\t\t\t<div class=\"elementor-element elementor-element-2a5d6949 elementor-widget elementor-widget-heading\" data-id=\"2a5d6949\" data-element_type=\"widget\" data-e-type=\"widget\" data-widget_type=\"heading.default\">\n\t\t\t\t<div class=\"elementor-widget-container\">\n\t\t\t\t\t<h4 class=\"elementor-heading-title elementor-size-default\"><a href=\"https:\/\/www.hoeren-und-fuehlen.de\/\" target=\"_blank\">Interessiert an mehr Musik und Technik? Dann:<\/a><\/h4>\t\t\t\t<\/div>\n\t\t\t\t<\/div>\n\t\t\t\t<div class=\"elementor-element elementor-element-34ccd60f elementor-widget elementor-widget-image\" data-id=\"34ccd60f\" data-element_type=\"widget\" data-e-type=\"widget\" data-widget_type=\"image.default\">\n\t\t\t\t<div class=\"elementor-widget-container\">\n\t\t\t\t\t\t\t\t\t\t\t\t\t\t\t\t<a href=\"https:\/\/www.hoeren-und-fuehlen.de\/\" target=\"_blank\">\n\t\t\t\t\t\t\t<img loading=\"lazy\" decoding=\"async\" width=\"150\" height=\"47\" src=\"https:\/\/theprogthief.de\/wp-content\/uploads\/2024\/06\/Banner-150x47.jpg\" class=\"attachment-thumbnail size-thumbnail wp-image-5580\" alt=\"\" srcset=\"https:\/\/theprogthief.de\/wp-content\/uploads\/2024\/06\/Banner-150x47.jpg 150w, https:\/\/theprogthief.de\/wp-content\/uploads\/2024\/06\/Banner-300x94.jpg 300w, https:\/\/theprogthief.de\/wp-content\/uploads\/2024\/06\/Banner.jpg 320w\" sizes=\"(max-width: 150px) 100vw, 150px\" \/>\t\t\t\t\t\t\t\t<\/a>\n\t\t\t\t\t\t\t\t\t\t\t\t\t\t\t<\/div>\n\t\t\t\t<\/div>\n\t\t\t\t\t<\/div>\n\t\t\t\t<\/div>\n\t\t<div class=\"elementor-element elementor-element-1f6cce2 e-con-full e-flex e-con e-parent\" data-id=\"1f6cce2\" data-element_type=\"container\" data-e-type=\"container\" data-settings=\"{&quot;background_background&quot;:&quot;classic&quot;}\">\n\t\t\t\t<div class=\"elementor-element elementor-element-37e43dd7 elementor-widget__width-initial elementor-widget-mobile__width-initial elementor-widget elementor-widget-text-editor\" data-id=\"37e43dd7\" data-element_type=\"widget\" data-e-type=\"widget\" data-widget_type=\"text-editor.default\">\n\t\t\t\t<div class=\"elementor-widget-container\">\n\t\t\t\t\t\t\t\t\t<p style=\"text-align: left;\"><span style=\"color: #000000;\"><strong>J. Specht<br \/><\/strong><\/span>[info@theprogthief.de]<\/p>\t\t\t\t\t\t\t\t<\/div>\n\t\t\t\t<\/div>\n\t\t\t\t<div class=\"elementor-element elementor-element-5c5c8815 elementor-align-center elementor-widget elementor-widget-button\" data-id=\"5c5c8815\" data-element_type=\"widget\" data-e-type=\"widget\" data-widget_type=\"button.default\">\n\t\t\t\t<div class=\"elementor-widget-container\">\n\t\t\t\t\t\t\t\t\t<div class=\"elementor-button-wrapper\">\n\t\t\t\t\t<a class=\"elementor-button elementor-button-link elementor-size-sm\" href=\"https:\/\/theprogthief.de\/impressum\/\">\n\t\t\t\t\t\t<span class=\"elementor-button-content-wrapper\">\n\t\t\t\t\t\t\t\t\t<span class=\"elementor-button-text\">Impressum<\/span>\n\t\t\t\t\t<\/span>\n\t\t\t\t\t<\/a>\n\t\t\t\t<\/div>\n\t\t\t\t\t\t\t\t<\/div>\n\t\t\t\t<\/div>\n\t\t\t\t<div class=\"elementor-element elementor-element-341cbd4a elementor-align-center elementor-widget elementor-widget-button\" data-id=\"341cbd4a\" data-element_type=\"widget\" data-e-type=\"widget\" data-widget_type=\"button.default\">\n\t\t\t\t<div class=\"elementor-widget-container\">\n\t\t\t\t\t\t\t\t\t<div class=\"elementor-button-wrapper\">\n\t\t\t\t\t<a class=\"elementor-button elementor-button-link elementor-size-sm\" href=\"https:\/\/theprogthief.de\/datenschutzerklaerung\/\">\n\t\t\t\t\t\t<span class=\"elementor-button-content-wrapper\">\n\t\t\t\t\t\t\t\t\t<span class=\"elementor-button-text\">Datenschutz<\/span>\n\t\t\t\t\t<\/span>\n\t\t\t\t\t<\/a>\n\t\t\t\t<\/div>\n\t\t\t\t\t\t\t\t<\/div>\n\t\t\t\t<\/div>\n\t\t\t\t<div class=\"elementor-element elementor-element-7ef93b93 elementor-align-center elementor-widget elementor-widget-button\" data-id=\"7ef93b93\" data-element_type=\"widget\" data-e-type=\"widget\" data-widget_type=\"button.default\">\n\t\t\t\t<div class=\"elementor-widget-container\">\n\t\t\t\t\t\t\t\t\t<div class=\"elementor-button-wrapper\">\n\t\t\t\t\t<a class=\"elementor-button elementor-button-link elementor-size-sm\" href=\"https:\/\/theprogthief.de\/gender-hinweis\/\">\n\t\t\t\t\t\t<span class=\"elementor-button-content-wrapper\">\n\t\t\t\t\t\t\t\t\t<span class=\"elementor-button-text\">Gender-Hinweis<\/span>\n\t\t\t\t\t<\/span>\n\t\t\t\t\t<\/a>\n\t\t\t\t<\/div>\n\t\t\t\t\t\t\t\t<\/div>\n\t\t\t\t<\/div>\n\t\t\t\t<\/div>\n\t\t\t\t<\/div>\n\t\t","protected":false},"excerpt":{"rendered":"<p>Review of Euphoric Recall by M\u00d6AA. Dark Wave. Dream Pop. CD 2021.<\/p>","protected":false},"author":1,"featured_media":16596,"parent":0,"menu_order":0,"comment_status":"closed","ping_status":"closed","template":"","meta":{"ocean_post_layout":"full-screen","ocean_both_sidebars_style":"","ocean_both_sidebars_content_width":0,"ocean_both_sidebars_sidebars_width":0,"ocean_sidebar":"","ocean_second_sidebar":"","ocean_disable_margins":"enable","ocean_add_body_class":"","ocean_shortcode_before_top_bar":"","ocean_shortcode_after_top_bar":"","ocean_shortcode_before_header":"","ocean_shortcode_after_header":"","ocean_has_shortcode":"","ocean_shortcode_after_title":"","ocean_shortcode_before_footer_widgets":"","ocean_shortcode_after_footer_widgets":"","ocean_shortcode_before_footer_bottom":"","ocean_shortcode_after_footer_bottom":"","ocean_display_top_bar":"off","ocean_display_header":"off","ocean_header_style":"","ocean_center_header_left_menu":"","ocean_custom_header_template":"","ocean_custom_logo":0,"ocean_custom_retina_logo":0,"ocean_custom_logo_max_width":0,"ocean_custom_logo_tablet_max_width":0,"ocean_custom_logo_mobile_max_width":0,"ocean_custom_logo_max_height":0,"ocean_custom_logo_tablet_max_height":0,"ocean_custom_logo_mobile_max_height":0,"ocean_header_custom_menu":"","ocean_menu_typo_font_family":"","ocean_menu_typo_font_subset":"","ocean_menu_typo_font_size":0,"ocean_menu_typo_font_size_tablet":0,"ocean_menu_typo_font_size_mobile":0,"ocean_menu_typo_font_size_unit":"px","ocean_menu_typo_font_weight":"","ocean_menu_typo_font_weight_tablet":"","ocean_menu_typo_font_weight_mobile":"","ocean_menu_typo_transform":"","ocean_menu_typo_transform_tablet":"","ocean_menu_typo_transform_mobile":"","ocean_menu_typo_line_height":0,"ocean_menu_typo_line_height_tablet":0,"ocean_menu_typo_line_height_mobile":0,"ocean_menu_typo_line_height_unit":"","ocean_menu_typo_spacing":0,"ocean_menu_typo_spacing_tablet":0,"ocean_menu_typo_spacing_mobile":0,"ocean_menu_typo_spacing_unit":"","ocean_menu_link_color":"","ocean_menu_link_color_hover":"","ocean_menu_link_color_active":"","ocean_menu_link_background":"","ocean_menu_link_hover_background":"","ocean_menu_link_active_background":"","ocean_menu_social_links_bg":"","ocean_menu_social_hover_links_bg":"","ocean_menu_social_links_color":"","ocean_menu_social_hover_links_color":"","ocean_disable_title":"on","ocean_disable_heading":"default","ocean_post_title":"","ocean_post_subheading":"","ocean_post_title_style":"","ocean_post_title_background_color":"","ocean_post_title_background":0,"ocean_post_title_bg_image_position":"","ocean_post_title_bg_image_attachment":"","ocean_post_title_bg_image_repeat":"","ocean_post_title_bg_image_size":"","ocean_post_title_height":0,"ocean_post_title_bg_overlay":0.5,"ocean_post_title_bg_overlay_color":"","ocean_disable_breadcrumbs":"default","ocean_breadcrumbs_color":"","ocean_breadcrumbs_separator_color":"","ocean_breadcrumbs_links_color":"","ocean_breadcrumbs_links_hover_color":"","ocean_display_footer_widgets":"off","ocean_display_footer_bottom":"off","ocean_custom_footer_template":"","footnotes":""},"class_list":["post-16591","page","type-page","status-publish","has-post-thumbnail","hentry","entry","has-media"],"_links":{"self":[{"href":"https:\/\/theprogthief.de\/en\/wp-json\/wp\/v2\/pages\/16591","targetHints":{"allow":["GET"]}}],"collection":[{"href":"https:\/\/theprogthief.de\/en\/wp-json\/wp\/v2\/pages"}],"about":[{"href":"https:\/\/theprogthief.de\/en\/wp-json\/wp\/v2\/types\/page"}],"author":[{"embeddable":true,"href":"https:\/\/theprogthief.de\/en\/wp-json\/wp\/v2\/users\/1"}],"replies":[{"embeddable":true,"href":"https:\/\/theprogthief.de\/en\/wp-json\/wp\/v2\/comments?post=16591"}],"version-history":[{"count":10,"href":"https:\/\/theprogthief.de\/en\/wp-json\/wp\/v2\/pages\/16591\/revisions"}],"predecessor-version":[{"id":20969,"href":"https:\/\/theprogthief.de\/en\/wp-json\/wp\/v2\/pages\/16591\/revisions\/20969"}],"wp:featuredmedia":[{"embeddable":true,"href":"https:\/\/theprogthief.de\/en\/wp-json\/wp\/v2\/media\/16596"}],"wp:attachment":[{"href":"https:\/\/theprogthief.de\/en\/wp-json\/wp\/v2\/media?parent=16591"}],"curies":[{"name":"wp","href":"https:\/\/api.w.org\/{rel}","templated":true}]}}