{"id":17578,"date":"2025-03-25T14:52:30","date_gmt":"2025-03-25T13:52:30","guid":{"rendered":"https:\/\/theprogthief.de\/?page_id=17578"},"modified":"2026-01-30T20:36:31","modified_gmt":"2026-01-30T19:36:31","slug":"friends-by-popa-chubby","status":"publish","type":"page","link":"https:\/\/theprogthief.de\/en\/friends-by-popa-chubby\/","title":{"rendered":"&#8230; &amp; Friends by Popa Chubby"},"content":{"rendered":"\t\t<div data-elementor-type=\"wp-page\" data-elementor-id=\"17578\" class=\"elementor elementor-17578\" data-elementor-post-type=\"page\">\n\t\t\t\t<div class=\"elementor-element elementor-element-578f5a e-con-full e-flex e-con e-parent\" data-id=\"578f5a\" data-element_type=\"container\" data-e-type=\"container\" data-settings=\"{&quot;background_background&quot;:&quot;classic&quot;}\">\n\t\t\t\t<div class=\"elementor-element elementor-element-2d857a8e elementor-widget elementor-widget-heading\" data-id=\"2d857a8e\" data-element_type=\"widget\" data-e-type=\"widget\" data-widget_type=\"heading.default\">\n\t\t\t\t<div class=\"elementor-widget-container\">\n\t\t\t\t\t<h2 class=\"elementor-heading-title elementor-size-default\"><a href=\"https:\/\/theprogthief.de\"> The Prog-Thief<\/a><\/h2>\t\t\t\t<\/div>\n\t\t\t\t<\/div>\n\t\t\t\t<\/div>\n\t\t<div class=\"elementor-element elementor-element-14b3371c e-flex e-con-boxed e-con e-parent\" data-id=\"14b3371c\" data-element_type=\"container\" data-e-type=\"container\" data-settings=\"{&quot;background_background&quot;:&quot;classic&quot;}\">\n\t\t\t\t\t<div class=\"e-con-inner\">\n\t\t\t\t<div class=\"elementor-element elementor-element-11c296a elementor-nav-menu--stretch elementor-widget__width-initial elementor-nav-menu__text-align-aside elementor-nav-menu--toggle elementor-nav-menu--burger elementor-invisible elementor-widget elementor-widget-global elementor-global-12513 elementor-widget-nav-menu\" data-id=\"11c296a\" data-element_type=\"widget\" data-e-type=\"widget\" data-settings=\"{&quot;layout&quot;:&quot;dropdown&quot;,&quot;submenu_icon&quot;:{&quot;value&quot;:&quot;fas fa-chevron-down&quot;,&quot;library&quot;:&quot;fa-solid&quot;},&quot;full_width&quot;:&quot;stretch&quot;,&quot;_animation&quot;:&quot;fadeInUp&quot;,&quot;toggle&quot;:&quot;burger&quot;}\" data-widget_type=\"nav-menu.default\">\n\t\t\t\t<div class=\"elementor-widget-container\">\n\t\t\t\t\t\t\t<div class=\"elementor-menu-toggle\" role=\"button\" tabindex=\"0\" aria-label=\"Menu Toggle\" aria-expanded=\"false\">\n\t\t\t<i aria-hidden=\"true\" role=\"presentation\" class=\"elementor-menu-toggle__icon--open eicon-menu-bar\"><\/i><i aria-hidden=\"true\" role=\"presentation\" class=\"elementor-menu-toggle__icon--close eicon-close\"><\/i>\t\t<\/div>\n\t\t\t\t\t<nav class=\"elementor-nav-menu--dropdown elementor-nav-menu__container\" aria-hidden=\"true\">\n\t\t\t\t<ul id=\"menu-2-11c296a\" class=\"elementor-nav-menu\"><li class=\"menu-item menu-item-type-post_type menu-item-object-page menu-item-home menu-item-12224\"><a href=\"https:\/\/theprogthief.de\/en\/\" class=\"elementor-item\" tabindex=\"-1\">Home<\/a><\/li>\n<li class=\"menu-item menu-item-type-post_type menu-item-object-page menu-item-24784\"><a href=\"https:\/\/theprogthief.de\/en\/ayreon-alben\/\" class=\"elementor-item\" tabindex=\"-1\">Ayreon<\/a><\/li>\n<li class=\"menu-item menu-item-type-post_type menu-item-object-page menu-item-24610\"><a href=\"https:\/\/theprogthief.de\/en\/porcupine-tree\/\" class=\"elementor-item\" tabindex=\"-1\">Porcupine Tree<\/a><\/li>\n<li class=\"menu-item menu-item-type-post_type menu-item-object-page menu-item-30976\"><a href=\"https:\/\/theprogthief.de\/en\/theatre-of-tragedy\/\" class=\"elementor-item\" tabindex=\"-1\">Theatre Of Tragedy<\/a><\/li>\n<li class=\"menu-item menu-item-type-post_type menu-item-object-page menu-item-has-children menu-item-12227\"><a rel=\"Keine\" href=\"https:\/\/theprogthief.de\/en\/rezensionen\/\" class=\"elementor-item\" tabindex=\"-1\">Rezensionen<\/a>\n<ul class=\"sub-menu elementor-nav-menu--dropdown\">\n\t<li class=\"menu-item menu-item-type-post_type menu-item-object-page menu-item-13299\"><a href=\"https:\/\/theprogthief.de\/en\/reviewsii\/\" class=\"elementor-sub-item\" tabindex=\"-1\">Reviews II<\/a><\/li>\n\t<li class=\"menu-item menu-item-type-post_type menu-item-object-page menu-item-13253\"><a href=\"https:\/\/theprogthief.de\/en\/reviews-iii\/\" class=\"elementor-sub-item\" tabindex=\"-1\">Reviews III<\/a><\/li>\n\t<li class=\"menu-item menu-item-type-post_type menu-item-object-page menu-item-20876\"><a href=\"https:\/\/theprogthief.de\/en\/reviews-iv\/\" class=\"elementor-sub-item\" tabindex=\"-1\">Reviews IV<\/a><\/li>\n\t<li class=\"menu-item menu-item-type-post_type menu-item-object-page menu-item-24240\"><a href=\"https:\/\/theprogthief.de\/en\/reviews-v\/\" class=\"elementor-sub-item\" tabindex=\"-1\">Reviews V<\/a><\/li>\n\t<li class=\"menu-item menu-item-type-post_type menu-item-object-page menu-item-24478\"><a href=\"https:\/\/theprogthief.de\/en\/rezensionen\/\" class=\"elementor-sub-item\" tabindex=\"-1\">Rezensionen A-Z<\/a><\/li>\n<\/ul>\n<\/li>\n<li class=\"menu-item menu-item-type-post_type menu-item-object-page menu-item-19217\"><a href=\"https:\/\/theprogthief.de\/en\/female-driven\/\" class=\"elementor-item\" tabindex=\"-1\">Female Driven<\/a><\/li>\n<li class=\"menu-item menu-item-type-post_type menu-item-object-page menu-item-12223\"><a href=\"https:\/\/theprogthief.de\/en\/was-ist-prog\/\" class=\"elementor-item\" tabindex=\"-1\">Was ist Prog?<\/a><\/li>\n<li class=\"menu-item menu-item-type-post_type menu-item-object-page menu-item-12222\"><a href=\"https:\/\/theprogthief.de\/en\/ueber-mich\/\" class=\"elementor-item\" tabindex=\"-1\">\u00dcber mich<\/a><\/li>\n<\/ul>\t\t\t<\/nav>\n\t\t\t\t\t\t<\/div>\n\t\t\t\t<\/div>\n\t\t\t\t\t<\/div>\n\t\t\t\t<\/div>\n\t\t<div class=\"elementor-element elementor-element-2bdd0746 e-flex e-con-boxed e-con e-parent\" data-id=\"2bdd0746\" data-element_type=\"container\" data-e-type=\"container\" data-settings=\"{&quot;background_background&quot;:&quot;classic&quot;}\">\n\t\t\t\t\t<div class=\"e-con-inner\">\n\t\t<div class=\"elementor-element elementor-element-432e923d e-con-full e-flex e-con e-child\" data-id=\"432e923d\" data-element_type=\"container\" data-e-type=\"container\">\n\t\t\t\t<div class=\"elementor-element elementor-element-3473f5f5 elementor-widget elementor-widget-text-editor\" data-id=\"3473f5f5\" data-element_type=\"widget\" data-e-type=\"widget\" data-widget_type=\"text-editor.default\">\n\t\t\t\t<div class=\"elementor-widget-container\">\n\t\t\t\t\t\t\t\t\t<p style=\"text-align: center;\">Blues<a href=\"https:\/\/theprogthief.de\/burried-alive-by-dom-martin\/\"><img decoding=\"async\" class=\"wp-image-13552 aligncenter\" src=\"https:\/\/theprogthief.de\/wp-content\/uploads\/2024\/12\/DMBAFC350-300x268.jpg\" alt=\"Burried Alive by Dom Martin. Frontcover\" width=\"100\" height=\"89\" srcset=\"https:\/\/theprogthief.de\/wp-content\/uploads\/2024\/12\/DMBAFC350-300x268.jpg 300w, https:\/\/theprogthief.de\/wp-content\/uploads\/2024\/12\/DMBAFC350-150x134.jpg 150w, https:\/\/theprogthief.de\/wp-content\/uploads\/2024\/12\/DMBAFC350-13x12.jpg 13w, https:\/\/theprogthief.de\/wp-content\/uploads\/2024\/12\/DMBAFC350.jpg 350w\" sizes=\"(max-width: 100px) 100vw, 100px\" \/><\/a>Dom Martin<\/p>\t\t\t\t\t\t\t\t<\/div>\n\t\t\t\t<\/div>\n\t\t\t\t<\/div>\n\t\t<div class=\"elementor-element elementor-element-3b54d493 e-con-full e-flex e-con e-child\" data-id=\"3b54d493\" data-element_type=\"container\" data-e-type=\"container\">\n\t\t\t\t<\/div>\n\t\t<div class=\"elementor-element elementor-element-21e6afbd e-con-full e-flex e-con e-child\" data-id=\"21e6afbd\" data-element_type=\"container\" data-e-type=\"container\">\n\t\t\t\t<div class=\"elementor-element elementor-element-2a767c8a elementor-widget elementor-widget-text-editor\" data-id=\"2a767c8a\" data-element_type=\"widget\" data-e-type=\"widget\" data-widget_type=\"text-editor.default\">\n\t\t\t\t<div class=\"elementor-widget-container\">\n\t\t\t\t\t\t\t\t\t<p style=\"text-align: center;\">Blues Rock<br \/><a href=\"https:\/\/theprogthief.de\/highway-to-hell-by-ac-dc\/\"><img decoding=\"async\" class=\"aligncenter wp-image-7468\" src=\"https:\/\/theprogthief.de\/wp-content\/uploads\/2024\/08\/ACDCFC350-298x300.jpg\" alt=\"LP Highway to Hell von AC\/DC, Frontcover\" width=\"99\" height=\"100\" srcset=\"https:\/\/theprogthief.de\/wp-content\/uploads\/2024\/08\/ACDCFC350-298x300.jpg 298w, https:\/\/theprogthief.de\/wp-content\/uploads\/2024\/08\/ACDCFC350-150x150.jpg 150w, https:\/\/theprogthief.de\/wp-content\/uploads\/2024\/08\/ACDCFC350.jpg 348w\" sizes=\"(max-width: 99px) 100vw, 99px\" \/><\/a>AC\/DC<\/p>\t\t\t\t\t\t\t\t<\/div>\n\t\t\t\t<\/div>\n\t\t\t\t<\/div>\n\t\t\t\t\t<\/div>\n\t\t\t\t<\/div>\n\t\t<div class=\"elementor-element elementor-element-26509872 e-flex e-con-boxed e-con e-parent\" data-id=\"26509872\" data-element_type=\"container\" data-e-type=\"container\" data-settings=\"{&quot;background_background&quot;:&quot;classic&quot;}\">\n\t\t\t\t\t<div class=\"e-con-inner\">\n\t\t\t\t<div class=\"elementor-element elementor-element-cd7436 elementor-widget elementor-widget-heading\" data-id=\"cd7436\" data-element_type=\"widget\" data-e-type=\"widget\" data-widget_type=\"heading.default\">\n\t\t\t\t<div class=\"elementor-widget-container\">\n\t\t\t\t\t<h2 class=\"elementor-heading-title elementor-size-default\">Popa Chubby and Friends<\/h2>\t\t\t\t<\/div>\n\t\t\t\t<\/div>\n\t\t\t\t\t<\/div>\n\t\t\t\t<\/div>\n\t\t<div class=\"elementor-element elementor-element-47017478 e-flex e-con-boxed e-con e-parent\" data-id=\"47017478\" data-element_type=\"container\" data-e-type=\"container\" data-settings=\"{&quot;background_background&quot;:&quot;classic&quot;}\">\n\t\t\t\t\t<div class=\"e-con-inner\">\n\t\t<div class=\"elementor-element elementor-element-4c8efc84 e-con-full e-flex e-con e-child\" data-id=\"4c8efc84\" data-element_type=\"container\" data-e-type=\"container\">\n\t\t<div class=\"elementor-element elementor-element-7e888769 e-flex e-con-boxed e-con e-child\" data-id=\"7e888769\" data-element_type=\"container\" data-e-type=\"container\">\n\t\t\t\t\t<div class=\"e-con-inner\">\n\t\t\t\t<div class=\"elementor-element elementor-element-70f807bb elementor-widget elementor-widget-text-editor\" data-id=\"70f807bb\" data-element_type=\"widget\" data-e-type=\"widget\" data-widget_type=\"text-editor.default\">\n\t\t\t\t<div class=\"elementor-widget-container\">\n\t\t\t\t\t\t\t\t\t<p><a href=\"https:\/\/theprogthief.de\/wp-content\/uploads\/2025\/03\/PCAFFC1280.jpg\"><img fetchpriority=\"high\" decoding=\"async\" class=\"aligncenter wp-image-17585 size-full\" src=\"https:\/\/theprogthief.de\/wp-content\/uploads\/2025\/03\/PCAFFC350.jpg\" alt=\"CD Album Popa Chubby and Friends. Frontcover\" width=\"350\" height=\"311\" srcset=\"https:\/\/theprogthief.de\/wp-content\/uploads\/2025\/03\/PCAFFC350.jpg 350w, https:\/\/theprogthief.de\/wp-content\/uploads\/2025\/03\/PCAFFC350-300x267.jpg 300w, https:\/\/theprogthief.de\/wp-content\/uploads\/2025\/03\/PCAFFC350-150x133.jpg 150w, https:\/\/theprogthief.de\/wp-content\/uploads\/2025\/03\/PCAFFC350-14x12.jpg 14w\" sizes=\"(max-width: 350px) 100vw, 350px\" \/><\/a><\/p><p><span style=\"text-decoration: underline;\"><a href=\"https:\/\/www.popachubby.com\/\" target=\"_blank\" rel=\"noopener\">Popa Chubby<\/a><\/span><br \/>&#8222;Popa Chubby &amp; Friends&#8220;<br \/>Blues, Blues Rock. CD. 28.03.2025<br \/><a href=\"https:\/\/www.v2benelux.com\/\" target=\"_blank\" rel=\"noopener\"><span style=\"text-decoration: underline;\">V2\/Bertus<\/span><\/a> stellte mir freundlicherweise diese CD zur Verf\u00fcgung.<\/p><p>Ted Horowitz, geboren 1960, besser bekannt als Popa Chubby, hat sich mit diesem Album einen lang gehegten Traum erf\u00fcllt. Er hat eine Riege der besten Blues Musiker um sich gescharrt und diese CD Freddie King gwidmet. Auf der Inenseite der CD wird das ausf\u00fchrlich erkl\u00e4rt.<\/p><p>Das Who is Who der besten (leider nur m\u00e4nnlichen) Blues Musiker ist dabei.<\/p><p>Joe Bonamassa<br \/>Mike Zito<br \/>&#8222;Kingfish&#8220; Ingram<br \/>Arthur Nelson<br \/>Albert Castglia<br \/>Eric Gales<br \/>V. D. King<\/p><p><a href=\"https:\/\/theprogthief.de\/wp-content\/uploads\/2025\/03\/PCAFIC1280.jpg\"><img loading=\"lazy\" decoding=\"async\" class=\"aligncenter wp-image-17587 size-full\" src=\"https:\/\/theprogthief.de\/wp-content\/uploads\/2025\/03\/PCAFIC350.jpg\" alt=\"CD Album Popa Chubby and Friends. Innercover\" width=\"350\" height=\"153\" srcset=\"https:\/\/theprogthief.de\/wp-content\/uploads\/2025\/03\/PCAFIC350.jpg 350w, https:\/\/theprogthief.de\/wp-content\/uploads\/2025\/03\/PCAFIC350-300x131.jpg 300w, https:\/\/theprogthief.de\/wp-content\/uploads\/2025\/03\/PCAFIC350-150x66.jpg 150w, https:\/\/theprogthief.de\/wp-content\/uploads\/2025\/03\/PCAFIC350-18x8.jpg 18w\" sizes=\"(max-width: 350px) 100vw, 350px\" \/><\/a><\/p><p>Alle 11 Songs sind von hervorragender Qualit\u00e4t. Einen da herauszuheben finde unn\u00f6tig, wer diese Blues Musiker kennt, wei\u00df was es auf die Ohren gibt: sehr sauberen, organischen und lebendigen Blues und Blues Rock. Wobei das gebotene Gitarrenspiel nat\u00fcrlich grandios ist.<\/p><p><a href=\"https:\/\/theprogthief.de\/wp-content\/uploads\/2025\/03\/PCAFCD1280.jpg\"><img loading=\"lazy\" decoding=\"async\" class=\"aligncenter wp-image-17582 size-full\" src=\"https:\/\/theprogthief.de\/wp-content\/uploads\/2025\/03\/PCAFCD350.jpg\" alt=\"CD Album Popa Chubby and Friends. CD\" width=\"350\" height=\"310\" srcset=\"https:\/\/theprogthief.de\/wp-content\/uploads\/2025\/03\/PCAFCD350.jpg 350w, https:\/\/theprogthief.de\/wp-content\/uploads\/2025\/03\/PCAFCD350-300x266.jpg 300w, https:\/\/theprogthief.de\/wp-content\/uploads\/2025\/03\/PCAFCD350-150x133.jpg 150w, https:\/\/theprogthief.de\/wp-content\/uploads\/2025\/03\/PCAFCD350-14x12.jpg 14w\" sizes=\"(max-width: 350px) 100vw, 350px\" \/><\/a><\/p><p>Nicht nur Blues Fans kommen hier auf ihre Kosten. Die Musiker sind alle Virtuosen an ihren Instrumenten. Mike Zito ist nebenbei auch der Produzent. Und die ist gut gelungen, es gibt nichts zu meckern auf dieser CD.<\/p><p>Ich h\u00e4tte nur gerne auch weibliche Blues Gitarristinnen geh\u00f6rt, etwa Samantha Fish oder Ally Venable. Aber es ist ja auch nicht mein Traum.<\/p><p><a href=\"https:\/\/theprogthief.de\/wp-content\/uploads\/2025\/03\/PCAFBC1280.jpg\"><img loading=\"lazy\" decoding=\"async\" class=\"aligncenter wp-image-17580 size-full\" src=\"https:\/\/theprogthief.de\/wp-content\/uploads\/2025\/03\/PCAFBC350.jpg\" alt=\"CD Album Popa Chubby and Friends. Backcover\" width=\"350\" height=\"319\" srcset=\"https:\/\/theprogthief.de\/wp-content\/uploads\/2025\/03\/PCAFBC350.jpg 350w, https:\/\/theprogthief.de\/wp-content\/uploads\/2025\/03\/PCAFBC350-300x273.jpg 300w, https:\/\/theprogthief.de\/wp-content\/uploads\/2025\/03\/PCAFBC350-150x137.jpg 150w, https:\/\/theprogthief.de\/wp-content\/uploads\/2025\/03\/PCAFBC350-13x12.jpg 13w\" sizes=\"(max-width: 350px) 100vw, 350px\" \/><\/a><\/p><p>Die Fotos stammen alle von meiner CD. Die Rechte aller Motive, Logos, Texte und Schriften, die auf den Fotos zu sehen sind, liegen nat\u00fcrlich beim Rechteinhaber.<\/p><p>No Ai was used in the making of this Review.<br \/>\u00a925.03.2025<\/p>\t\t\t\t\t\t\t\t<\/div>\n\t\t\t\t<\/div>\n\t\t\t\t\t<\/div>\n\t\t\t\t<\/div>\n\t\t\t\t<\/div>\n\t\t\t\t\t<\/div>\n\t\t\t\t<\/div>\n\t\t<div class=\"elementor-element elementor-element-71e8a620 e-flex e-con-boxed e-con e-parent\" data-id=\"71e8a620\" data-element_type=\"container\" data-e-type=\"container\" data-settings=\"{&quot;background_background&quot;:&quot;classic&quot;}\">\n\t\t\t\t\t<div class=\"e-con-inner\">\n\t\t\t\t<div class=\"elementor-element elementor-element-6f27018f elementor-widget elementor-widget-heading\" data-id=\"6f27018f\" data-element_type=\"widget\" data-e-type=\"widget\" data-widget_type=\"heading.default\">\n\t\t\t\t<div class=\"elementor-widget-container\">\n\t\t\t\t\t<h4 class=\"elementor-heading-title elementor-size-default\"><a href=\"https:\/\/www.hoeren-und-fuehlen.de\/\" target=\"_blank\">Interessiert an mehr Musik und Technik? Dann:<\/a><\/h4>\t\t\t\t<\/div>\n\t\t\t\t<\/div>\n\t\t\t\t<div class=\"elementor-element elementor-element-4c132f29 elementor-widget elementor-widget-image\" data-id=\"4c132f29\" data-element_type=\"widget\" data-e-type=\"widget\" data-widget_type=\"image.default\">\n\t\t\t\t<div class=\"elementor-widget-container\">\n\t\t\t\t\t\t\t\t\t\t\t\t\t\t\t\t<a href=\"https:\/\/www.hoeren-und-fuehlen.de\/\" target=\"_blank\">\n\t\t\t\t\t\t\t<img loading=\"lazy\" decoding=\"async\" width=\"150\" height=\"47\" src=\"https:\/\/theprogthief.de\/wp-content\/uploads\/2024\/06\/Banner-150x47.jpg\" class=\"attachment-thumbnail size-thumbnail wp-image-5580\" alt=\"\" srcset=\"https:\/\/theprogthief.de\/wp-content\/uploads\/2024\/06\/Banner-150x47.jpg 150w, https:\/\/theprogthief.de\/wp-content\/uploads\/2024\/06\/Banner-300x94.jpg 300w, https:\/\/theprogthief.de\/wp-content\/uploads\/2024\/06\/Banner.jpg 320w\" sizes=\"(max-width: 150px) 100vw, 150px\" \/>\t\t\t\t\t\t\t\t<\/a>\n\t\t\t\t\t\t\t\t\t\t\t\t\t\t\t<\/div>\n\t\t\t\t<\/div>\n\t\t\t\t\t<\/div>\n\t\t\t\t<\/div>\n\t\t<div class=\"elementor-element elementor-element-1c9e38c1 e-con-full e-flex e-con e-parent\" data-id=\"1c9e38c1\" data-element_type=\"container\" data-e-type=\"container\" data-settings=\"{&quot;background_background&quot;:&quot;classic&quot;}\">\n\t\t\t\t<div class=\"elementor-element elementor-element-73d2ed64 elementor-widget__width-initial elementor-widget-mobile__width-initial elementor-widget elementor-widget-text-editor\" data-id=\"73d2ed64\" data-element_type=\"widget\" data-e-type=\"widget\" data-widget_type=\"text-editor.default\">\n\t\t\t\t<div class=\"elementor-widget-container\">\n\t\t\t\t\t\t\t\t\t<p style=\"text-align: left;\"><span style=\"color: #000000;\"><strong>J. Specht<br \/><\/strong><\/span>[info@theprogthief.de]<\/p>\t\t\t\t\t\t\t\t<\/div>\n\t\t\t\t<\/div>\n\t\t\t\t<div class=\"elementor-element elementor-element-6462292a elementor-align-center elementor-widget elementor-widget-button\" data-id=\"6462292a\" data-element_type=\"widget\" data-e-type=\"widget\" data-widget_type=\"button.default\">\n\t\t\t\t<div class=\"elementor-widget-container\">\n\t\t\t\t\t\t\t\t\t<div class=\"elementor-button-wrapper\">\n\t\t\t\t\t<a class=\"elementor-button elementor-button-link elementor-size-sm\" href=\"https:\/\/theprogthief.de\/impressum\/\">\n\t\t\t\t\t\t<span class=\"elementor-button-content-wrapper\">\n\t\t\t\t\t\t\t\t\t<span class=\"elementor-button-text\">Impressum<\/span>\n\t\t\t\t\t<\/span>\n\t\t\t\t\t<\/a>\n\t\t\t\t<\/div>\n\t\t\t\t\t\t\t\t<\/div>\n\t\t\t\t<\/div>\n\t\t\t\t<div class=\"elementor-element elementor-element-2400625 elementor-align-center elementor-widget elementor-widget-button\" data-id=\"2400625\" data-element_type=\"widget\" data-e-type=\"widget\" data-widget_type=\"button.default\">\n\t\t\t\t<div class=\"elementor-widget-container\">\n\t\t\t\t\t\t\t\t\t<div class=\"elementor-button-wrapper\">\n\t\t\t\t\t<a class=\"elementor-button elementor-button-link elementor-size-sm\" href=\"https:\/\/theprogthief.de\/datenschutzerklaerung\/\">\n\t\t\t\t\t\t<span class=\"elementor-button-content-wrapper\">\n\t\t\t\t\t\t\t\t\t<span class=\"elementor-button-text\">Datenschutz<\/span>\n\t\t\t\t\t<\/span>\n\t\t\t\t\t<\/a>\n\t\t\t\t<\/div>\n\t\t\t\t\t\t\t\t<\/div>\n\t\t\t\t<\/div>\n\t\t\t\t<div class=\"elementor-element elementor-element-149a363c elementor-align-center elementor-widget elementor-widget-button\" data-id=\"149a363c\" data-element_type=\"widget\" data-e-type=\"widget\" data-widget_type=\"button.default\">\n\t\t\t\t<div class=\"elementor-widget-container\">\n\t\t\t\t\t\t\t\t\t<div class=\"elementor-button-wrapper\">\n\t\t\t\t\t<a class=\"elementor-button elementor-button-link elementor-size-sm\" href=\"https:\/\/theprogthief.de\/gender-hinweis\/\">\n\t\t\t\t\t\t<span class=\"elementor-button-content-wrapper\">\n\t\t\t\t\t\t\t\t\t<span class=\"elementor-button-text\">Gender-Hinweis<\/span>\n\t\t\t\t\t<\/span>\n\t\t\t\t\t<\/a>\n\t\t\t\t<\/div>\n\t\t\t\t\t\t\t\t<\/div>\n\t\t\t\t<\/div>\n\t\t\t\t<\/div>\n\t\t\t\t<\/div>\n\t\t","protected":false},"excerpt":{"rendered":"<p>Review of Popa Chubby and Friends. Popa Chubby, Mike Zito, Joe Bonamassa. Tribute to the Texas Canonball Arthur King. CD. 2025. Blues, Blues Rock.<\/p>","protected":false},"author":1,"featured_media":17585,"parent":0,"menu_order":0,"comment_status":"closed","ping_status":"closed","template":"","meta":{"ocean_post_layout":"full-screen","ocean_both_sidebars_style":"","ocean_both_sidebars_content_width":0,"ocean_both_sidebars_sidebars_width":0,"ocean_sidebar":"","ocean_second_sidebar":"","ocean_disable_margins":"enable","ocean_add_body_class":"","ocean_shortcode_before_top_bar":"","ocean_shortcode_after_top_bar":"","ocean_shortcode_before_header":"","ocean_shortcode_after_header":"","ocean_has_shortcode":"","ocean_shortcode_after_title":"","ocean_shortcode_before_footer_widgets":"","ocean_shortcode_after_footer_widgets":"","ocean_shortcode_before_footer_bottom":"","ocean_shortcode_after_footer_bottom":"","ocean_display_top_bar":"off","ocean_display_header":"off","ocean_header_style":"","ocean_center_header_left_menu":"","ocean_custom_header_template":"","ocean_custom_logo":0,"ocean_custom_retina_logo":0,"ocean_custom_logo_max_width":0,"ocean_custom_logo_tablet_max_width":0,"ocean_custom_logo_mobile_max_width":0,"ocean_custom_logo_max_height":0,"ocean_custom_logo_tablet_max_height":0,"ocean_custom_logo_mobile_max_height":0,"ocean_header_custom_menu":"","ocean_menu_typo_font_family":"","ocean_menu_typo_font_subset":"","ocean_menu_typo_font_size":0,"ocean_menu_typo_font_size_tablet":0,"ocean_menu_typo_font_size_mobile":0,"ocean_menu_typo_font_size_unit":"px","ocean_menu_typo_font_weight":"","ocean_menu_typo_font_weight_tablet":"","ocean_menu_typo_font_weight_mobile":"","ocean_menu_typo_transform":"","ocean_menu_typo_transform_tablet":"","ocean_menu_typo_transform_mobile":"","ocean_menu_typo_line_height":0,"ocean_menu_typo_line_height_tablet":0,"ocean_menu_typo_line_height_mobile":0,"ocean_menu_typo_line_height_unit":"","ocean_menu_typo_spacing":0,"ocean_menu_typo_spacing_tablet":0,"ocean_menu_typo_spacing_mobile":0,"ocean_menu_typo_spacing_unit":"","ocean_menu_link_color":"","ocean_menu_link_color_hover":"","ocean_menu_link_color_active":"","ocean_menu_link_background":"","ocean_menu_link_hover_background":"","ocean_menu_link_active_background":"","ocean_menu_social_links_bg":"","ocean_menu_social_hover_links_bg":"","ocean_menu_social_links_color":"","ocean_menu_social_hover_links_color":"","ocean_disable_title":"on","ocean_disable_heading":"default","ocean_post_title":"","ocean_post_subheading":"","ocean_post_title_style":"","ocean_post_title_background_color":"","ocean_post_title_background":0,"ocean_post_title_bg_image_position":"","ocean_post_title_bg_image_attachment":"","ocean_post_title_bg_image_repeat":"","ocean_post_title_bg_image_size":"","ocean_post_title_height":0,"ocean_post_title_bg_overlay":0.5,"ocean_post_title_bg_overlay_color":"","ocean_disable_breadcrumbs":"default","ocean_breadcrumbs_color":"","ocean_breadcrumbs_separator_color":"","ocean_breadcrumbs_links_color":"","ocean_breadcrumbs_links_hover_color":"","ocean_display_footer_widgets":"off","ocean_display_footer_bottom":"off","ocean_custom_footer_template":"","footnotes":""},"class_list":["post-17578","page","type-page","status-publish","has-post-thumbnail","hentry","entry","has-media"],"_links":{"self":[{"href":"https:\/\/theprogthief.de\/en\/wp-json\/wp\/v2\/pages\/17578","targetHints":{"allow":["GET"]}}],"collection":[{"href":"https:\/\/theprogthief.de\/en\/wp-json\/wp\/v2\/pages"}],"about":[{"href":"https:\/\/theprogthief.de\/en\/wp-json\/wp\/v2\/types\/page"}],"author":[{"embeddable":true,"href":"https:\/\/theprogthief.de\/en\/wp-json\/wp\/v2\/users\/1"}],"replies":[{"embeddable":true,"href":"https:\/\/theprogthief.de\/en\/wp-json\/wp\/v2\/comments?post=17578"}],"version-history":[{"count":10,"href":"https:\/\/theprogthief.de\/en\/wp-json\/wp\/v2\/pages\/17578\/revisions"}],"predecessor-version":[{"id":27527,"href":"https:\/\/theprogthief.de\/en\/wp-json\/wp\/v2\/pages\/17578\/revisions\/27527"}],"wp:featuredmedia":[{"embeddable":true,"href":"https:\/\/theprogthief.de\/en\/wp-json\/wp\/v2\/media\/17585"}],"wp:attachment":[{"href":"https:\/\/theprogthief.de\/en\/wp-json\/wp\/v2\/media?parent=17578"}],"curies":[{"name":"wp","href":"https:\/\/api.w.org\/{rel}","templated":true}]}}