{"id":18742,"date":"2025-05-19T16:07:41","date_gmt":"2025-05-19T14:07:41","guid":{"rendered":"https:\/\/theprogthief.de\/?page_id=18742"},"modified":"2025-12-20T21:03:29","modified_gmt":"2025-12-20T20:03:29","slug":"oxygene-by-jean-michel-jarre","status":"publish","type":"page","link":"https:\/\/theprogthief.de\/en\/oxygene-by-jean-michel-jarre\/","title":{"rendered":"Oxygene by Jean-Michel Jarre"},"content":{"rendered":"\t\t<div data-elementor-type=\"wp-page\" data-elementor-id=\"18742\" class=\"elementor elementor-18742\" data-elementor-post-type=\"page\">\n\t\t\t\t<div class=\"elementor-element elementor-element-387eb97e e-con-full e-flex e-con e-parent\" data-id=\"387eb97e\" data-element_type=\"container\" data-e-type=\"container\" data-settings=\"{&quot;background_background&quot;:&quot;classic&quot;}\">\n\t\t\t\t<div class=\"elementor-element elementor-element-1a6c39a7 elementor-widget elementor-widget-heading\" data-id=\"1a6c39a7\" data-element_type=\"widget\" data-e-type=\"widget\" data-widget_type=\"heading.default\">\n\t\t\t\t<div class=\"elementor-widget-container\">\n\t\t\t\t\t<h2 class=\"elementor-heading-title elementor-size-default\"><a href=\"https:\/\/theprogthief.de\"> The Prog-Thief<\/a><\/h2>\t\t\t\t<\/div>\n\t\t\t\t<\/div>\n\t\t\t\t<\/div>\n\t\t<div class=\"elementor-element elementor-element-202e21be e-flex e-con-boxed e-con e-parent\" data-id=\"202e21be\" data-element_type=\"container\" data-e-type=\"container\" data-settings=\"{&quot;background_background&quot;:&quot;classic&quot;}\">\n\t\t\t\t\t<div class=\"e-con-inner\">\n\t\t\t\t<div class=\"elementor-element elementor-element-3b6c389b elementor-nav-menu--stretch elementor-widget__width-initial elementor-nav-menu__text-align-aside elementor-nav-menu--toggle elementor-nav-menu--burger elementor-invisible elementor-widget elementor-widget-global elementor-global-12513 elementor-widget-nav-menu\" data-id=\"3b6c389b\" data-element_type=\"widget\" data-e-type=\"widget\" data-settings=\"{&quot;layout&quot;:&quot;dropdown&quot;,&quot;submenu_icon&quot;:{&quot;value&quot;:&quot;fas fa-chevron-down&quot;,&quot;library&quot;:&quot;fa-solid&quot;},&quot;full_width&quot;:&quot;stretch&quot;,&quot;_animation&quot;:&quot;fadeInUp&quot;,&quot;toggle&quot;:&quot;burger&quot;}\" data-widget_type=\"nav-menu.default\">\n\t\t\t\t<div class=\"elementor-widget-container\">\n\t\t\t\t\t\t\t<div class=\"elementor-menu-toggle\" role=\"button\" tabindex=\"0\" aria-label=\"Menu Toggle\" aria-expanded=\"false\">\n\t\t\t<i aria-hidden=\"true\" role=\"presentation\" class=\"elementor-menu-toggle__icon--open eicon-menu-bar\"><\/i><i aria-hidden=\"true\" role=\"presentation\" class=\"elementor-menu-toggle__icon--close eicon-close\"><\/i>\t\t<\/div>\n\t\t\t\t\t<nav class=\"elementor-nav-menu--dropdown elementor-nav-menu__container\" aria-hidden=\"true\">\n\t\t\t\t<ul id=\"menu-2-3b6c389b\" class=\"elementor-nav-menu\"><li class=\"menu-item menu-item-type-post_type menu-item-object-page menu-item-home menu-item-12224\"><a href=\"https:\/\/theprogthief.de\/en\/\" class=\"elementor-item\" tabindex=\"-1\">Home<\/a><\/li>\n<li class=\"menu-item menu-item-type-post_type menu-item-object-page menu-item-24784\"><a href=\"https:\/\/theprogthief.de\/en\/ayreon-alben\/\" class=\"elementor-item\" tabindex=\"-1\">Ayreon<\/a><\/li>\n<li class=\"menu-item menu-item-type-post_type menu-item-object-page menu-item-24610\"><a href=\"https:\/\/theprogthief.de\/en\/porcupine-tree\/\" class=\"elementor-item\" tabindex=\"-1\">Porcupine Tree<\/a><\/li>\n<li class=\"menu-item menu-item-type-post_type menu-item-object-page menu-item-30976\"><a href=\"https:\/\/theprogthief.de\/en\/theatre-of-tragedy\/\" class=\"elementor-item\" tabindex=\"-1\">Theatre Of Tragedy<\/a><\/li>\n<li class=\"menu-item menu-item-type-post_type menu-item-object-page menu-item-has-children menu-item-12227\"><a rel=\"Keine\" href=\"https:\/\/theprogthief.de\/en\/rezensionen\/\" class=\"elementor-item\" tabindex=\"-1\">Rezensionen<\/a>\n<ul class=\"sub-menu elementor-nav-menu--dropdown\">\n\t<li class=\"menu-item menu-item-type-post_type menu-item-object-page menu-item-13299\"><a href=\"https:\/\/theprogthief.de\/en\/reviewsii\/\" class=\"elementor-sub-item\" tabindex=\"-1\">Reviews II<\/a><\/li>\n\t<li class=\"menu-item menu-item-type-post_type menu-item-object-page menu-item-13253\"><a href=\"https:\/\/theprogthief.de\/en\/reviews-iii\/\" class=\"elementor-sub-item\" tabindex=\"-1\">Reviews III<\/a><\/li>\n\t<li class=\"menu-item menu-item-type-post_type menu-item-object-page menu-item-20876\"><a href=\"https:\/\/theprogthief.de\/en\/reviews-iv\/\" class=\"elementor-sub-item\" tabindex=\"-1\">Reviews IV<\/a><\/li>\n\t<li class=\"menu-item menu-item-type-post_type menu-item-object-page menu-item-24240\"><a href=\"https:\/\/theprogthief.de\/en\/reviews-v\/\" class=\"elementor-sub-item\" tabindex=\"-1\">Reviews V<\/a><\/li>\n\t<li class=\"menu-item menu-item-type-post_type menu-item-object-page menu-item-24478\"><a href=\"https:\/\/theprogthief.de\/en\/rezensionen\/\" class=\"elementor-sub-item\" tabindex=\"-1\">Rezensionen A-Z<\/a><\/li>\n<\/ul>\n<\/li>\n<li class=\"menu-item menu-item-type-post_type menu-item-object-page menu-item-19217\"><a href=\"https:\/\/theprogthief.de\/en\/female-driven\/\" class=\"elementor-item\" tabindex=\"-1\">Female Driven<\/a><\/li>\n<li class=\"menu-item menu-item-type-post_type menu-item-object-page menu-item-12223\"><a href=\"https:\/\/theprogthief.de\/en\/was-ist-prog\/\" class=\"elementor-item\" tabindex=\"-1\">Was ist Prog?<\/a><\/li>\n<li class=\"menu-item menu-item-type-post_type menu-item-object-page menu-item-12222\"><a href=\"https:\/\/theprogthief.de\/en\/ueber-mich\/\" class=\"elementor-item\" tabindex=\"-1\">\u00dcber mich<\/a><\/li>\n<\/ul>\t\t\t<\/nav>\n\t\t\t\t\t\t<\/div>\n\t\t\t\t<\/div>\n\t\t\t\t\t<\/div>\n\t\t\t\t<\/div>\n\t\t<div class=\"elementor-element elementor-element-3cc0199d e-flex e-con-boxed e-con e-parent\" data-id=\"3cc0199d\" data-element_type=\"container\" data-e-type=\"container\" data-settings=\"{&quot;background_background&quot;:&quot;classic&quot;}\">\n\t\t\t\t\t<div class=\"e-con-inner\">\n\t\t<div class=\"elementor-element elementor-element-8280c08 e-con-full e-flex e-con e-child\" data-id=\"8280c08\" data-element_type=\"container\" data-e-type=\"container\">\n\t\t\t\t<div class=\"elementor-element elementor-element-311c996 elementor-widget elementor-widget-text-editor\" data-id=\"311c996\" data-element_type=\"widget\" data-e-type=\"widget\" data-widget_type=\"text-editor.default\">\n\t\t\t\t<div class=\"elementor-widget-container\">\n\t\t\t\t\t\t\t\t\t<p style=\"text-align: center;\">J.M.Jarre<a href=\"https:\/\/theprogthief.de\/oxygene-7-13-by-jean-michel-jarre\/\"><img decoding=\"async\" class=\"aligncenter wp-image-20234\" src=\"https:\/\/theprogthief.de\/wp-content\/uploads\/2025\/07\/JMOXFC350.jpg\" alt=\"Oxygene 7-13 by Jean Michel Jarre, Frontcover\" width=\"100\" height=\"100\" srcset=\"https:\/\/theprogthief.de\/wp-content\/uploads\/2025\/07\/JMOXFC350.jpg 350w, https:\/\/theprogthief.de\/wp-content\/uploads\/2025\/07\/JMOXFC350-300x300.jpg 300w, https:\/\/theprogthief.de\/wp-content\/uploads\/2025\/07\/JMOXFC350-150x150.jpg 150w, https:\/\/theprogthief.de\/wp-content\/uploads\/2025\/07\/JMOXFC350-12x12.jpg 12w\" sizes=\"(max-width: 100px) 100vw, 100px\" \/><\/a>&#8222;Oxygene 7-13&#8220;<\/p>\t\t\t\t\t\t\t\t<\/div>\n\t\t\t\t<\/div>\n\t\t\t\t<\/div>\n\t\t<div class=\"elementor-element elementor-element-bb85e4 e-con-full e-flex e-con e-child\" data-id=\"bb85e4\" data-element_type=\"container\" data-e-type=\"container\">\n\t\t\t\t<\/div>\n\t\t<div class=\"elementor-element elementor-element-a8a67d7 e-con-full e-flex e-con e-child\" data-id=\"a8a67d7\" data-element_type=\"container\" data-e-type=\"container\">\n\t\t\t\t<div class=\"elementor-element elementor-element-65718e8b elementor-widget elementor-widget-text-editor\" data-id=\"65718e8b\" data-element_type=\"widget\" data-e-type=\"widget\" data-widget_type=\"text-editor.default\">\n\t\t\t\t<div class=\"elementor-widget-container\">\n\t\t\t\t\t\t\t\t\t<p style=\"text-align: center;\">J.M.Jarre<a href=\"https:\/\/theprogthief.de\/oygene-3-by-jean-michel-jarre\/\"><img decoding=\"async\" class=\"aligncenter wp-image-20322\" src=\"https:\/\/theprogthief.de\/wp-content\/uploads\/2025\/07\/JMJO3FC350.jpg\" alt=\"Album Oxygene 3 by Jean Michel Jarre. Frontcover\" width=\"99\" height=\"100\" srcset=\"https:\/\/theprogthief.de\/wp-content\/uploads\/2025\/07\/JMJO3FC350.jpg 346w, https:\/\/theprogthief.de\/wp-content\/uploads\/2025\/07\/JMJO3FC350-297x300.jpg 297w, https:\/\/theprogthief.de\/wp-content\/uploads\/2025\/07\/JMJO3FC350-148x150.jpg 148w, https:\/\/theprogthief.de\/wp-content\/uploads\/2025\/07\/JMJO3FC350-12x12.jpg 12w\" sizes=\"(max-width: 99px) 100vw, 99px\" \/><\/a>&#8222;Oxygene 3&#8220;<\/p>\t\t\t\t\t\t\t\t<\/div>\n\t\t\t\t<\/div>\n\t\t\t\t<\/div>\n\t\t\t\t\t<\/div>\n\t\t\t\t<\/div>\n\t\t<div class=\"elementor-element elementor-element-1cf17853 e-flex e-con-boxed e-con e-parent\" data-id=\"1cf17853\" data-element_type=\"container\" data-e-type=\"container\" data-settings=\"{&quot;background_background&quot;:&quot;classic&quot;}\">\n\t\t\t\t\t<div class=\"e-con-inner\">\n\t\t\t\t<div class=\"elementor-element elementor-element-61a80c70 elementor-widget elementor-widget-heading\" data-id=\"61a80c70\" data-element_type=\"widget\" data-e-type=\"widget\" data-widget_type=\"heading.default\">\n\t\t\t\t<div class=\"elementor-widget-container\">\n\t\t\t\t\t<h2 class=\"elementor-heading-title elementor-size-default\">Oxyg\u00e8ne by Jean Michel Jarre<\/h2>\t\t\t\t<\/div>\n\t\t\t\t<\/div>\n\t\t\t\t\t<\/div>\n\t\t\t\t<\/div>\n\t\t<div class=\"elementor-element elementor-element-51520165 e-flex e-con-boxed e-con e-parent\" data-id=\"51520165\" data-element_type=\"container\" data-e-type=\"container\" data-settings=\"{&quot;background_background&quot;:&quot;classic&quot;}\">\n\t\t\t\t\t<div class=\"e-con-inner\">\n\t\t<div class=\"elementor-element elementor-element-d604df7 e-con-full e-flex e-con e-child\" data-id=\"d604df7\" data-element_type=\"container\" data-e-type=\"container\">\n\t\t<div class=\"elementor-element elementor-element-5beda820 e-flex e-con-boxed e-con e-child\" data-id=\"5beda820\" data-element_type=\"container\" data-e-type=\"container\">\n\t\t\t\t\t<div class=\"e-con-inner\">\n\t\t\t\t<div class=\"elementor-element elementor-element-55ca32ac elementor-widget elementor-widget-text-editor\" data-id=\"55ca32ac\" data-element_type=\"widget\" data-e-type=\"widget\" data-widget_type=\"text-editor.default\">\n\t\t\t\t<div class=\"elementor-widget-container\">\n\t\t\t\t\t\t\t\t\t<p><a href=\"https:\/\/theprogthief.de\/wp-content\/uploads\/2025\/05\/JJOFC1280.jpg\"><img fetchpriority=\"high\" decoding=\"async\" class=\"aligncenter wp-image-18746 size-full\" src=\"https:\/\/theprogthief.de\/wp-content\/uploads\/2025\/05\/JJOFC350.jpg\" alt=\"Album Oxygene by J. M. Jarre. Frontcover\" width=\"346\" height=\"350\" srcset=\"https:\/\/theprogthief.de\/wp-content\/uploads\/2025\/05\/JJOFC350.jpg 346w, https:\/\/theprogthief.de\/wp-content\/uploads\/2025\/05\/JJOFC350-297x300.jpg 297w, https:\/\/theprogthief.de\/wp-content\/uploads\/2025\/05\/JJOFC350-148x150.jpg 148w, https:\/\/theprogthief.de\/wp-content\/uploads\/2025\/05\/JJOFC350-12x12.jpg 12w\" sizes=\"(max-width: 346px) 100vw, 346px\" \/><\/a>\u00a0<\/p><p><a href=\"https:\/\/www.jeanmicheljarre.com\/\" target=\"_blank\" rel=\"noopener\"><span style=\"text-decoration: underline;\">Jean Michel Jarre<\/span><\/a><br \/>Oxyg\u00e8ne<br \/>Electronic, Ambient, New Age. 1976 (Remaster 2015)<\/p><p>1976 erblickte das wegweisende Album Oxyg\u00e8ne des Franzosen Jean Michel Jarre. Alle Songs wurden komponiert und eingespielt vom Meister h\u00f6chstselbst und das auf folgenden Instrumenten: Synthesizer ARP 2600, VCS3, AKS, RMI Harmonic Synthesizer, Organ Farfisa, Eminent 310, Mellotron, Drum Machine Rythmin&#8217;computer, Korg Mini-Pop.<\/p><p>Jean Michel Jarre war beileibe nicht der Erfinder electronischer Musik. Jedoch geb\u00fchrt ihm die \u00d6ffnung dieser Art Musik in alle Radios und dem Mainstream. Das ist durchaus kein Makel, denn Jarre macht spacigen, melodischen Electronic, ohne zu intellektuell sein zu m\u00fcssen. Zumal alles rein instrumental ist. Oxyg\u00e8ne wurde \u00fcber 18 Millionen mal verkauft. Dabei hatte Jarre zuvor gro\u00dfe Probleme, \u00fcberhaupt ein Label zu finden, da Musik ohne Gesang und Schlagzeug zu dieser Zeit als nicht vermarktbar angesehen wurde. Soviel dazu.<\/p><p><a href=\"https:\/\/theprogthief.de\/wp-content\/uploads\/2025\/05\/JJOLPA1280.jpg\"><img loading=\"lazy\" decoding=\"async\" class=\"aligncenter wp-image-18748 size-full\" src=\"https:\/\/theprogthief.de\/wp-content\/uploads\/2025\/05\/JJOLPA350.jpg\" alt=\"Album Oxygene by J. M. Jarre. LP A\" width=\"348\" height=\"350\" srcset=\"https:\/\/theprogthief.de\/wp-content\/uploads\/2025\/05\/JJOLPA350.jpg 348w, https:\/\/theprogthief.de\/wp-content\/uploads\/2025\/05\/JJOLPA350-298x300.jpg 298w, https:\/\/theprogthief.de\/wp-content\/uploads\/2025\/05\/JJOLPA350-150x150.jpg 150w, https:\/\/theprogthief.de\/wp-content\/uploads\/2025\/05\/JJOLPA350-12x12.jpg 12w\" sizes=\"(max-width: 348px) 100vw, 348px\" \/><\/a><\/p><p>Einzelne Songs gibt es nicht, das Album ist in Parts unterteilt. Oxyg\u00e8ne Part I bis Oxyg\u00e8ne Part VI. Am bekanntesten wurde Part IV, eine einfache, aber daf\u00fcr eing\u00e4ngige Melodie. Manche m\u00f6gen das Oberfl\u00e4chlich finden, allerdings schafft Jarre es immer wieder Spannung und Atmosph\u00e4re zu generieren. Zwischen schwebend, melancholisch, d\u00fcster und hell schwanken die Parts. Gerne lauter h\u00f6ren, dann kommen die leiseren Melodien und Ger\u00e4usche im Hintergrund richtig raus und Oxyg\u00e8ne gewinnt deutlich. Die LP ist der gelungene Remaster von 2015. 180 Gramm flaches und sauber klingendes Vinyl.<\/p><p><a href=\"https:\/\/theprogthief.de\/wp-content\/uploads\/2025\/05\/JJOBC1280.jpg\"><img loading=\"lazy\" decoding=\"async\" class=\"aligncenter wp-image-18743 size-full\" src=\"https:\/\/theprogthief.de\/wp-content\/uploads\/2025\/05\/JJOBC350.jpg\" alt=\"Album Oxygene by J. M. Jarre. Backcover\" width=\"349\" height=\"350\" srcset=\"https:\/\/theprogthief.de\/wp-content\/uploads\/2025\/05\/JJOBC350.jpg 349w, https:\/\/theprogthief.de\/wp-content\/uploads\/2025\/05\/JJOBC350-300x300.jpg 300w, https:\/\/theprogthief.de\/wp-content\/uploads\/2025\/05\/JJOBC350-150x150.jpg 150w, https:\/\/theprogthief.de\/wp-content\/uploads\/2025\/05\/JJOBC350-12x12.jpg 12w\" sizes=\"(max-width: 349px) 100vw, 349px\" \/><\/a><\/p><p>Jean Michel Jarre machte mit Oxyg\u00e8ne rein synthetische instrumentale Musik tauglich f\u00fcr das Radio. Sehr sch\u00f6n zum entspannen und sich auf fremde Welten entf\u00fchren zu lassen. Auch heute hat Oxyg\u00e8ne nichts von seinem Flair verloren.<\/p><p>Die Fotos stammen alle von meiner LP. Die Rechte aller Motive, Logos, Texte und Schriften, die auf den Fotos zu sehen sind, liegen nat\u00fcrlich beim Rechteinhaber.<\/p><p>No AI was used in the making of this Review.<br \/>\u00a919.05.2025<\/p>\t\t\t\t\t\t\t\t<\/div>\n\t\t\t\t<\/div>\n\t\t\t\t\t<\/div>\n\t\t\t\t<\/div>\n\t\t\t\t<\/div>\n\t\t\t\t\t<\/div>\n\t\t\t\t<\/div>\n\t\t<div class=\"elementor-element elementor-element-4b1e224a e-flex e-con-boxed e-con e-parent\" data-id=\"4b1e224a\" data-element_type=\"container\" data-e-type=\"container\" data-settings=\"{&quot;background_background&quot;:&quot;classic&quot;}\">\n\t\t\t\t\t<div class=\"e-con-inner\">\n\t\t<div class=\"elementor-element elementor-element-2fc102f e-con-full e-flex e-con e-child\" data-id=\"2fc102f\" data-element_type=\"container\" data-e-type=\"container\">\n\t\t\t\t<div class=\"elementor-element elementor-element-1be5fad6 elementor-widget elementor-widget-video\" data-id=\"1be5fad6\" data-element_type=\"widget\" data-e-type=\"widget\" data-settings=\"{&quot;youtube_url&quot;:&quot;https:\\\/\\\/youtu.be\\\/kSIMVnPA994?list=OLAK5uy_npXtJ4x7jFDqYttGC8XFz3UALXCMl7nKc&quot;,&quot;video_type&quot;:&quot;youtube&quot;,&quot;controls&quot;:&quot;yes&quot;}\" data-widget_type=\"video.default\">\n\t\t\t\t<div class=\"elementor-widget-container\">\n\t\t\t\t\t\t\t<div class=\"elementor-wrapper elementor-open-inline\">\n\t\t\t<div class=\"elementor-video\"><\/div>\t\t<\/div>\n\t\t\t\t\t\t<\/div>\n\t\t\t\t<\/div>\n\t\t\t\t<\/div>\n\t\t<div class=\"elementor-element elementor-element-71e37f77 e-con-full e-flex e-con e-child\" data-id=\"71e37f77\" data-element_type=\"container\" data-e-type=\"container\">\n\t\t\t\t<div class=\"elementor-element elementor-element-a933a99 elementor-widget elementor-widget-video\" data-id=\"a933a99\" data-element_type=\"widget\" data-e-type=\"widget\" data-settings=\"{&quot;youtube_url&quot;:&quot;https:\\\/\\\/youtu.be\\\/71DOHvfFDBY?list=OLAK5uy_npXtJ4x7jFDqYttGC8XFz3UALXCMl7nKc&quot;,&quot;video_type&quot;:&quot;youtube&quot;,&quot;controls&quot;:&quot;yes&quot;}\" data-widget_type=\"video.default\">\n\t\t\t\t<div class=\"elementor-widget-container\">\n\t\t\t\t\t\t\t<div class=\"elementor-wrapper elementor-open-inline\">\n\t\t\t<div class=\"elementor-video\"><\/div>\t\t<\/div>\n\t\t\t\t\t\t<\/div>\n\t\t\t\t<\/div>\n\t\t\t\t<\/div>\n\t\t<div class=\"elementor-element elementor-element-1951cf4a e-con-full e-flex e-con e-child\" data-id=\"1951cf4a\" data-element_type=\"container\" data-e-type=\"container\">\n\t\t\t\t<div class=\"elementor-element elementor-element-6edbe06 elementor-widget elementor-widget-video\" data-id=\"6edbe06\" data-element_type=\"widget\" data-e-type=\"widget\" data-settings=\"{&quot;youtube_url&quot;:&quot;https:\\\/\\\/youtu.be\\\/h4yDISa7XTA?list=OLAK5uy_npXtJ4x7jFDqYttGC8XFz3UALXCMl7nKc&quot;,&quot;video_type&quot;:&quot;youtube&quot;,&quot;controls&quot;:&quot;yes&quot;}\" data-widget_type=\"video.default\">\n\t\t\t\t<div class=\"elementor-widget-container\">\n\t\t\t\t\t\t\t<div class=\"elementor-wrapper elementor-open-inline\">\n\t\t\t<div class=\"elementor-video\"><\/div>\t\t<\/div>\n\t\t\t\t\t\t<\/div>\n\t\t\t\t<\/div>\n\t\t\t\t<\/div>\n\t\t\t\t\t<\/div>\n\t\t\t\t<\/div>\n\t\t<div class=\"elementor-element elementor-element-12ddd010 e-flex e-con-boxed e-con e-parent\" data-id=\"12ddd010\" data-element_type=\"container\" data-e-type=\"container\" data-settings=\"{&quot;background_background&quot;:&quot;classic&quot;}\">\n\t\t\t\t\t<div class=\"e-con-inner\">\n\t\t\t\t<div class=\"elementor-element elementor-element-19f78820 elementor-widget elementor-widget-heading\" data-id=\"19f78820\" data-element_type=\"widget\" data-e-type=\"widget\" data-widget_type=\"heading.default\">\n\t\t\t\t<div class=\"elementor-widget-container\">\n\t\t\t\t\t<h4 class=\"elementor-heading-title elementor-size-default\"><a href=\"https:\/\/www.hoeren-und-fuehlen.de\/\" target=\"_blank\">Interessiert an mehr Musik und Technik? Dann:<\/a><\/h4>\t\t\t\t<\/div>\n\t\t\t\t<\/div>\n\t\t\t\t<div class=\"elementor-element elementor-element-35286bfe elementor-widget elementor-widget-image\" data-id=\"35286bfe\" data-element_type=\"widget\" data-e-type=\"widget\" data-widget_type=\"image.default\">\n\t\t\t\t<div class=\"elementor-widget-container\">\n\t\t\t\t\t\t\t\t\t\t\t\t\t\t\t\t<a href=\"https:\/\/www.hoeren-und-fuehlen.de\/\" target=\"_blank\">\n\t\t\t\t\t\t\t<img loading=\"lazy\" decoding=\"async\" width=\"150\" height=\"47\" src=\"https:\/\/theprogthief.de\/wp-content\/uploads\/2024\/06\/Banner-150x47.jpg\" class=\"attachment-thumbnail size-thumbnail wp-image-5580\" alt=\"\" srcset=\"https:\/\/theprogthief.de\/wp-content\/uploads\/2024\/06\/Banner-150x47.jpg 150w, https:\/\/theprogthief.de\/wp-content\/uploads\/2024\/06\/Banner-300x94.jpg 300w, https:\/\/theprogthief.de\/wp-content\/uploads\/2024\/06\/Banner.jpg 320w\" sizes=\"(max-width: 150px) 100vw, 150px\" \/>\t\t\t\t\t\t\t\t<\/a>\n\t\t\t\t\t\t\t\t\t\t\t\t\t\t\t<\/div>\n\t\t\t\t<\/div>\n\t\t\t\t\t<\/div>\n\t\t\t\t<\/div>\n\t\t<div class=\"elementor-element elementor-element-1ed37c5e e-con-full e-flex e-con e-parent\" data-id=\"1ed37c5e\" data-element_type=\"container\" data-e-type=\"container\" data-settings=\"{&quot;background_background&quot;:&quot;classic&quot;}\">\n\t\t\t\t<div class=\"elementor-element elementor-element-61a7b6b2 elementor-widget__width-initial elementor-widget-mobile__width-initial elementor-widget elementor-widget-text-editor\" data-id=\"61a7b6b2\" data-element_type=\"widget\" data-e-type=\"widget\" data-widget_type=\"text-editor.default\">\n\t\t\t\t<div class=\"elementor-widget-container\">\n\t\t\t\t\t\t\t\t\t<p style=\"text-align: left;\"><span style=\"color: #000000;\"><strong>J. Specht<br \/><\/strong><\/span>[info@theprogthief.de]<\/p>\t\t\t\t\t\t\t\t<\/div>\n\t\t\t\t<\/div>\n\t\t\t\t<div class=\"elementor-element elementor-element-392c45c7 elementor-align-center elementor-widget elementor-widget-button\" data-id=\"392c45c7\" data-element_type=\"widget\" data-e-type=\"widget\" data-widget_type=\"button.default\">\n\t\t\t\t<div class=\"elementor-widget-container\">\n\t\t\t\t\t\t\t\t\t<div class=\"elementor-button-wrapper\">\n\t\t\t\t\t<a class=\"elementor-button elementor-button-link elementor-size-sm\" href=\"https:\/\/theprogthief.de\/impressum\/\">\n\t\t\t\t\t\t<span class=\"elementor-button-content-wrapper\">\n\t\t\t\t\t\t\t\t\t<span class=\"elementor-button-text\">Impressum<\/span>\n\t\t\t\t\t<\/span>\n\t\t\t\t\t<\/a>\n\t\t\t\t<\/div>\n\t\t\t\t\t\t\t\t<\/div>\n\t\t\t\t<\/div>\n\t\t\t\t<div class=\"elementor-element elementor-element-7d367b87 elementor-align-center elementor-widget elementor-widget-button\" data-id=\"7d367b87\" data-element_type=\"widget\" data-e-type=\"widget\" data-widget_type=\"button.default\">\n\t\t\t\t<div class=\"elementor-widget-container\">\n\t\t\t\t\t\t\t\t\t<div class=\"elementor-button-wrapper\">\n\t\t\t\t\t<a class=\"elementor-button elementor-button-link elementor-size-sm\" href=\"https:\/\/theprogthief.de\/datenschutzerklaerung\/\">\n\t\t\t\t\t\t<span class=\"elementor-button-content-wrapper\">\n\t\t\t\t\t\t\t\t\t<span class=\"elementor-button-text\">Datenschutz<\/span>\n\t\t\t\t\t<\/span>\n\t\t\t\t\t<\/a>\n\t\t\t\t<\/div>\n\t\t\t\t\t\t\t\t<\/div>\n\t\t\t\t<\/div>\n\t\t\t\t<div class=\"elementor-element elementor-element-2b2cde74 elementor-align-center elementor-widget elementor-widget-button\" data-id=\"2b2cde74\" data-element_type=\"widget\" data-e-type=\"widget\" data-widget_type=\"button.default\">\n\t\t\t\t<div class=\"elementor-widget-container\">\n\t\t\t\t\t\t\t\t\t<div class=\"elementor-button-wrapper\">\n\t\t\t\t\t<a class=\"elementor-button elementor-button-link elementor-size-sm\" href=\"https:\/\/theprogthief.de\/gender-hinweis\/\">\n\t\t\t\t\t\t<span class=\"elementor-button-content-wrapper\">\n\t\t\t\t\t\t\t\t\t<span class=\"elementor-button-text\">Gender-Hinweis<\/span>\n\t\t\t\t\t<\/span>\n\t\t\t\t\t<\/a>\n\t\t\t\t<\/div>\n\t\t\t\t\t\t\t\t<\/div>\n\t\t\t\t<\/div>\n\t\t\t\t<\/div>\n\t\t\t\t<\/div>\n\t\t","protected":false},"excerpt":{"rendered":"<p>Review of &#8222;Oxygene&#8220;. Vinyl LP, Reisue, Remaster, 180 Gr, 2015 (1976). Electronic, Synth, Space, Ambient..<\/p>","protected":false},"author":1,"featured_media":18746,"parent":0,"menu_order":0,"comment_status":"closed","ping_status":"closed","template":"","meta":{"ocean_post_layout":"full-screen","ocean_both_sidebars_style":"","ocean_both_sidebars_content_width":0,"ocean_both_sidebars_sidebars_width":0,"ocean_sidebar":"","ocean_second_sidebar":"","ocean_disable_margins":"enable","ocean_add_body_class":"","ocean_shortcode_before_top_bar":"","ocean_shortcode_after_top_bar":"","ocean_shortcode_before_header":"","ocean_shortcode_after_header":"","ocean_has_shortcode":"","ocean_shortcode_after_title":"","ocean_shortcode_before_footer_widgets":"","ocean_shortcode_after_footer_widgets":"","ocean_shortcode_before_footer_bottom":"","ocean_shortcode_after_footer_bottom":"","ocean_display_top_bar":"off","ocean_display_header":"off","ocean_header_style":"","ocean_center_header_left_menu":"","ocean_custom_header_template":"","ocean_custom_logo":0,"ocean_custom_retina_logo":0,"ocean_custom_logo_max_width":0,"ocean_custom_logo_tablet_max_width":0,"ocean_custom_logo_mobile_max_width":0,"ocean_custom_logo_max_height":0,"ocean_custom_logo_tablet_max_height":0,"ocean_custom_logo_mobile_max_height":0,"ocean_header_custom_menu":"","ocean_menu_typo_font_family":"","ocean_menu_typo_font_subset":"","ocean_menu_typo_font_size":0,"ocean_menu_typo_font_size_tablet":0,"ocean_menu_typo_font_size_mobile":0,"ocean_menu_typo_font_size_unit":"px","ocean_menu_typo_font_weight":"","ocean_menu_typo_font_weight_tablet":"","ocean_menu_typo_font_weight_mobile":"","ocean_menu_typo_transform":"","ocean_menu_typo_transform_tablet":"","ocean_menu_typo_transform_mobile":"","ocean_menu_typo_line_height":0,"ocean_menu_typo_line_height_tablet":0,"ocean_menu_typo_line_height_mobile":0,"ocean_menu_typo_line_height_unit":"","ocean_menu_typo_spacing":0,"ocean_menu_typo_spacing_tablet":0,"ocean_menu_typo_spacing_mobile":0,"ocean_menu_typo_spacing_unit":"","ocean_menu_link_color":"","ocean_menu_link_color_hover":"","ocean_menu_link_color_active":"","ocean_menu_link_background":"","ocean_menu_link_hover_background":"","ocean_menu_link_active_background":"","ocean_menu_social_links_bg":"","ocean_menu_social_hover_links_bg":"","ocean_menu_social_links_color":"","ocean_menu_social_hover_links_color":"","ocean_disable_title":"on","ocean_disable_heading":"default","ocean_post_title":"","ocean_post_subheading":"","ocean_post_title_style":"","ocean_post_title_background_color":"","ocean_post_title_background":0,"ocean_post_title_bg_image_position":"","ocean_post_title_bg_image_attachment":"","ocean_post_title_bg_image_repeat":"","ocean_post_title_bg_image_size":"","ocean_post_title_height":0,"ocean_post_title_bg_overlay":0.5,"ocean_post_title_bg_overlay_color":"","ocean_disable_breadcrumbs":"default","ocean_breadcrumbs_color":"","ocean_breadcrumbs_separator_color":"","ocean_breadcrumbs_links_color":"","ocean_breadcrumbs_links_hover_color":"","ocean_display_footer_widgets":"off","ocean_display_footer_bottom":"off","ocean_custom_footer_template":"","footnotes":""},"class_list":["post-18742","page","type-page","status-publish","has-post-thumbnail","hentry","entry","has-media"],"_links":{"self":[{"href":"https:\/\/theprogthief.de\/en\/wp-json\/wp\/v2\/pages\/18742","targetHints":{"allow":["GET"]}}],"collection":[{"href":"https:\/\/theprogthief.de\/en\/wp-json\/wp\/v2\/pages"}],"about":[{"href":"https:\/\/theprogthief.de\/en\/wp-json\/wp\/v2\/types\/page"}],"author":[{"embeddable":true,"href":"https:\/\/theprogthief.de\/en\/wp-json\/wp\/v2\/users\/1"}],"replies":[{"embeddable":true,"href":"https:\/\/theprogthief.de\/en\/wp-json\/wp\/v2\/comments?post=18742"}],"version-history":[{"count":10,"href":"https:\/\/theprogthief.de\/en\/wp-json\/wp\/v2\/pages\/18742\/revisions"}],"predecessor-version":[{"id":25349,"href":"https:\/\/theprogthief.de\/en\/wp-json\/wp\/v2\/pages\/18742\/revisions\/25349"}],"wp:featuredmedia":[{"embeddable":true,"href":"https:\/\/theprogthief.de\/en\/wp-json\/wp\/v2\/media\/18746"}],"wp:attachment":[{"href":"https:\/\/theprogthief.de\/en\/wp-json\/wp\/v2\/media?parent=18742"}],"curies":[{"name":"wp","href":"https:\/\/api.w.org\/{rel}","templated":true}]}}