{"id":21348,"date":"2025-07-28T17:12:49","date_gmt":"2025-07-28T15:12:49","guid":{"rendered":"https:\/\/theprogthief.de\/?page_id=21348"},"modified":"2026-04-08T14:38:48","modified_gmt":"2026-04-08T12:38:48","slug":"goldener-strom-by-rosa-anschuetz","status":"publish","type":"page","link":"https:\/\/theprogthief.de\/en\/goldener-strom-by-rosa-anschuetz\/","title":{"rendered":"Goldener Strom by Rosa Ansch\u00fctz"},"content":{"rendered":"\t\t<div data-elementor-type=\"wp-page\" data-elementor-id=\"21348\" class=\"elementor elementor-21348\" data-elementor-post-type=\"page\">\n\t\t\t\t<div class=\"elementor-element elementor-element-7d13dea5 e-con-full e-flex e-con e-parent\" data-id=\"7d13dea5\" data-element_type=\"container\" data-e-type=\"container\" data-settings=\"{&quot;background_background&quot;:&quot;classic&quot;}\">\n\t\t\t\t<div class=\"elementor-element elementor-element-54d1343e elementor-widget elementor-widget-heading\" data-id=\"54d1343e\" data-element_type=\"widget\" data-e-type=\"widget\" data-widget_type=\"heading.default\">\n\t\t\t\t<div class=\"elementor-widget-container\">\n\t\t\t\t\t<h2 class=\"elementor-heading-title elementor-size-default\"><a href=\"https:\/\/theprogthief.de\"> The Prog-Thief<\/a><\/h2>\t\t\t\t<\/div>\n\t\t\t\t<\/div>\n\t\t\t\t<\/div>\n\t\t<div class=\"elementor-element elementor-element-ee914f8 e-flex e-con-boxed e-con e-parent\" data-id=\"ee914f8\" data-element_type=\"container\" data-e-type=\"container\" data-settings=\"{&quot;background_background&quot;:&quot;classic&quot;}\">\n\t\t\t\t\t<div class=\"e-con-inner\">\n\t\t\t\t<div class=\"elementor-element elementor-element-3b39236c elementor-nav-menu--stretch elementor-widget__width-initial elementor-nav-menu__text-align-aside elementor-nav-menu--toggle elementor-nav-menu--burger elementor-invisible elementor-widget elementor-widget-global elementor-global-12513 elementor-widget-nav-menu\" data-id=\"3b39236c\" data-element_type=\"widget\" data-e-type=\"widget\" data-settings=\"{&quot;layout&quot;:&quot;dropdown&quot;,&quot;submenu_icon&quot;:{&quot;value&quot;:&quot;fas fa-chevron-down&quot;,&quot;library&quot;:&quot;fa-solid&quot;},&quot;full_width&quot;:&quot;stretch&quot;,&quot;_animation&quot;:&quot;fadeInUp&quot;,&quot;toggle&quot;:&quot;burger&quot;}\" data-widget_type=\"nav-menu.default\">\n\t\t\t\t<div class=\"elementor-widget-container\">\n\t\t\t\t\t\t\t<div class=\"elementor-menu-toggle\" role=\"button\" tabindex=\"0\" aria-label=\"Menu Toggle\" aria-expanded=\"false\">\n\t\t\t<i aria-hidden=\"true\" role=\"presentation\" class=\"elementor-menu-toggle__icon--open eicon-menu-bar\"><\/i><i aria-hidden=\"true\" role=\"presentation\" class=\"elementor-menu-toggle__icon--close eicon-close\"><\/i>\t\t<\/div>\n\t\t\t\t\t<nav class=\"elementor-nav-menu--dropdown elementor-nav-menu__container\" aria-hidden=\"true\">\n\t\t\t\t<ul id=\"menu-2-3b39236c\" class=\"elementor-nav-menu\"><li class=\"menu-item menu-item-type-post_type menu-item-object-page menu-item-home menu-item-12224\"><a href=\"https:\/\/theprogthief.de\/en\/\" class=\"elementor-item\" tabindex=\"-1\">Home<\/a><\/li>\n<li class=\"menu-item menu-item-type-post_type menu-item-object-page menu-item-24784\"><a href=\"https:\/\/theprogthief.de\/en\/ayreon-alben\/\" class=\"elementor-item\" tabindex=\"-1\">Ayreon<\/a><\/li>\n<li class=\"menu-item menu-item-type-post_type menu-item-object-page menu-item-24610\"><a href=\"https:\/\/theprogthief.de\/en\/porcupine-tree\/\" class=\"elementor-item\" tabindex=\"-1\">Porcupine Tree<\/a><\/li>\n<li class=\"menu-item menu-item-type-post_type menu-item-object-page menu-item-30976\"><a href=\"https:\/\/theprogthief.de\/en\/theatre-of-tragedy\/\" class=\"elementor-item\" tabindex=\"-1\">Theatre Of Tragedy<\/a><\/li>\n<li class=\"menu-item menu-item-type-post_type menu-item-object-page menu-item-has-children menu-item-12227\"><a rel=\"Keine\" href=\"https:\/\/theprogthief.de\/en\/rezensionen\/\" class=\"elementor-item\" tabindex=\"-1\">Rezensionen<\/a>\n<ul class=\"sub-menu elementor-nav-menu--dropdown\">\n\t<li class=\"menu-item menu-item-type-post_type menu-item-object-page menu-item-13299\"><a href=\"https:\/\/theprogthief.de\/en\/reviewsii\/\" class=\"elementor-sub-item\" tabindex=\"-1\">Reviews II<\/a><\/li>\n\t<li class=\"menu-item menu-item-type-post_type menu-item-object-page menu-item-13253\"><a href=\"https:\/\/theprogthief.de\/en\/reviews-iii\/\" class=\"elementor-sub-item\" tabindex=\"-1\">Reviews III<\/a><\/li>\n\t<li class=\"menu-item menu-item-type-post_type menu-item-object-page menu-item-20876\"><a href=\"https:\/\/theprogthief.de\/en\/reviews-iv\/\" class=\"elementor-sub-item\" tabindex=\"-1\">Reviews IV<\/a><\/li>\n\t<li class=\"menu-item menu-item-type-post_type menu-item-object-page menu-item-24240\"><a href=\"https:\/\/theprogthief.de\/en\/reviews-v\/\" class=\"elementor-sub-item\" tabindex=\"-1\">Reviews V<\/a><\/li>\n\t<li class=\"menu-item menu-item-type-post_type menu-item-object-page menu-item-24478\"><a href=\"https:\/\/theprogthief.de\/en\/rezensionen\/\" class=\"elementor-sub-item\" tabindex=\"-1\">Rezensionen A-Z<\/a><\/li>\n<\/ul>\n<\/li>\n<li class=\"menu-item menu-item-type-post_type menu-item-object-page menu-item-19217\"><a href=\"https:\/\/theprogthief.de\/en\/female-driven\/\" class=\"elementor-item\" tabindex=\"-1\">Female Driven<\/a><\/li>\n<li class=\"menu-item menu-item-type-post_type menu-item-object-page menu-item-12223\"><a href=\"https:\/\/theprogthief.de\/en\/was-ist-prog\/\" class=\"elementor-item\" tabindex=\"-1\">Was ist Prog?<\/a><\/li>\n<li class=\"menu-item menu-item-type-post_type menu-item-object-page menu-item-12222\"><a href=\"https:\/\/theprogthief.de\/en\/ueber-mich\/\" class=\"elementor-item\" tabindex=\"-1\">\u00dcber mich<\/a><\/li>\n<\/ul>\t\t\t<\/nav>\n\t\t\t\t\t\t<\/div>\n\t\t\t\t<\/div>\n\t\t\t\t\t<\/div>\n\t\t\t\t<\/div>\n\t\t<div class=\"elementor-element elementor-element-6041d1cd e-flex e-con-boxed e-con e-parent\" data-id=\"6041d1cd\" data-element_type=\"container\" data-e-type=\"container\" data-settings=\"{&quot;background_background&quot;:&quot;classic&quot;}\">\n\t\t\t\t\t<div class=\"e-con-inner\">\n\t\t\t\t<div class=\"elementor-element elementor-element-3d3015eb elementor-widget elementor-widget-heading\" data-id=\"3d3015eb\" data-element_type=\"widget\" data-e-type=\"widget\" data-widget_type=\"heading.default\">\n\t\t\t\t<div class=\"elementor-widget-container\">\n\t\t\t\t\t<h2 class=\"elementor-heading-title elementor-size-default\">Goldener Strom by Rosa  Ansch\u00fctz<\/h2>\t\t\t\t<\/div>\n\t\t\t\t<\/div>\n\t\t\t\t\t<\/div>\n\t\t\t\t<\/div>\n\t\t<div class=\"elementor-element elementor-element-4f844146 e-flex e-con-boxed e-con e-parent\" data-id=\"4f844146\" data-element_type=\"container\" data-e-type=\"container\" data-settings=\"{&quot;background_background&quot;:&quot;classic&quot;}\">\n\t\t\t\t\t<div class=\"e-con-inner\">\n\t\t<div class=\"elementor-element elementor-element-7b461c19 e-con-full e-flex e-con e-child\" data-id=\"7b461c19\" data-element_type=\"container\" data-e-type=\"container\">\n\t\t<div class=\"elementor-element elementor-element-3a224928 e-flex e-con-boxed e-con e-child\" data-id=\"3a224928\" data-element_type=\"container\" data-e-type=\"container\">\n\t\t\t\t\t<div class=\"e-con-inner\">\n\t\t\t\t<div class=\"elementor-element elementor-element-2123cdf9 elementor-widget elementor-widget-text-editor\" data-id=\"2123cdf9\" data-element_type=\"widget\" data-e-type=\"widget\" data-widget_type=\"text-editor.default\">\n\t\t\t\t<div class=\"elementor-widget-container\">\n\t\t\t\t\t\t\t\t\t<p><a href=\"https:\/\/theprogthief.de\/wp-content\/uploads\/2025\/07\/RAGSFC1280.jpg\"><img fetchpriority=\"high\" decoding=\"async\" class=\"aligncenter wp-image-21356 size-full\" src=\"https:\/\/theprogthief.de\/wp-content\/uploads\/2025\/07\/RAGSFC350.avif\" alt=\"LP &quot;Goldener Strom&quot; by Rosa Ansch\u00fctz. Frontcover\" width=\"350\" height=\"347\" srcset=\"https:\/\/theprogthief.de\/wp-content\/uploads\/2025\/07\/RAGSFC350.avif 350w, https:\/\/theprogthief.de\/wp-content\/uploads\/2025\/07\/RAGSFC350-300x297.jpg 300w, https:\/\/theprogthief.de\/wp-content\/uploads\/2025\/07\/RAGSFC350-150x150.jpg 150w, https:\/\/theprogthief.de\/wp-content\/uploads\/2025\/07\/RAGSFC350-12x12.jpg 12w\" sizes=\"(max-width: 350px) 100vw, 350px\" \/><\/a><\/p><p><a href=\"_wp_link_placeholder\"><span style=\"text-decoration: underline;\">Rosa Ansch\u00fctz<\/span><\/a><br \/>&#8222;Goldener Strom&#8220;<br \/>LP, black Vinyl. 2022. Electronic.<\/p><p>Das Genre Electronic wird Rosa nicht gerecht. Techno-Beats treffen auf Dark Wave, verzerrte Querfl\u00f6te und einmal auch auf NDW (Neue Deutsche Welle). Die 1997 in Berlin geborene Rosa lernt Klavier, Querfl\u00f6te und Trompete. Aus diesem starren Ger\u00fcst brach sie aus und sie ist mehr, als nur Musikerin. Normalerweise gehe ich Techno und avangardistischen Ambient aus dem Weg, Remixe kann ich in der Regel nicht leiden und puren Electro toleriere ich nur in Form von Jean Michel Jarre. Was hat diesen alten und grummeligen Prog-Head dann zum Kauf bewegt? &#8222;Das liegt am dicken Wasser&#8220;.<\/p><p><a href=\"https:\/\/theprogthief.de\/wp-content\/uploads\/2025\/07\/RAGSA1280.jpg\"><img decoding=\"async\" class=\"aligncenter wp-image-21349 size-full\" src=\"https:\/\/theprogthief.de\/wp-content\/uploads\/2025\/07\/RAGSA350.avif\" alt=\"LP &quot;Goldener Strom&quot; by Rosa Ansch\u00fctz. Side A\" width=\"350\" height=\"350\" srcset=\"https:\/\/theprogthief.de\/wp-content\/uploads\/2025\/07\/RAGSA350.avif 350w, https:\/\/theprogthief.de\/wp-content\/uploads\/2025\/07\/RAGSA350-300x300.jpg 300w, https:\/\/theprogthief.de\/wp-content\/uploads\/2025\/07\/RAGSA350-150x150.jpg 150w, https:\/\/theprogthief.de\/wp-content\/uploads\/2025\/07\/RAGSA350-12x12.jpg 12w\" sizes=\"(max-width: 350px) 100vw, 350px\" \/><\/a><\/p><p>Es ist Rosas Stimme, die zwischen fragil und stark wandelt, wie gemacht f\u00fcr Dark Wave. Und der Techno unterst\u00fctzt die Stimmung, die irgendwo zwischen kybernetischer K\u00fchle und samtener, waviger Dunkelheit liegt. Stimmungen machen f\u00fcr mich gute Musik aus, da sollte doch jedes Stilmittel recht sein? Musste ich erst lernen. Dieses Album l\u00e4dt zum Tanzen ein. Oder als Konzeptalbum. Oder zum experimentieren. F\u00fcr jeden etwas.<\/p><p><a href=\"https:\/\/theprogthief.de\/wp-content\/uploads\/2025\/07\/RAGSB1280.jpg\"><img decoding=\"async\" class=\"aligncenter wp-image-21351 size-full\" src=\"https:\/\/theprogthief.de\/wp-content\/uploads\/2025\/07\/RAGSB350.avif\" alt=\"LP &quot;Goldener Strom&quot; by Rosa Ansch\u00fctz. Side B\" width=\"350\" height=\"347\" srcset=\"https:\/\/theprogthief.de\/wp-content\/uploads\/2025\/07\/RAGSB350.avif 350w, https:\/\/theprogthief.de\/wp-content\/uploads\/2025\/07\/RAGSB350-300x297.jpg 300w, https:\/\/theprogthief.de\/wp-content\/uploads\/2025\/07\/RAGSB350-150x150.jpg 150w, https:\/\/theprogthief.de\/wp-content\/uploads\/2025\/07\/RAGSB350-12x12.jpg 12w\" sizes=\"(max-width: 350px) 100vw, 350px\" \/><\/a><\/p><p>Selten habe ich so coole erste drei Songs geh\u00f6rt! &#8222;Their Blood&#8220; mit technoiden Beat. &#8222;Peak&#8220; f\u00e4ngt mich mit starker Stimmung, getragen von stimmungsvollen Lyrics, welche passend vorgetragen werden. &#8222;Polished&#8220; nimmt mich wavig an die Hand. Und wir ziehen durch Night City in Cyberpunk 2077. Daughter l\u00e4sst in &#8222;Sold Out&#8220; Gr\u00fc\u00dfen. Diese Stimme, die verzerrte Querfl\u00f6te, der Rhythmus, wie kann Musik nur so cool sein?<\/p><p>&#8222;Goldener Strom&#8220; bricht mit Neuer Deutscher Welle die Stimmung. &#8222;Das liegt am dicken Wasser&#8220; dr\u00f6hnt es uns entgegen. So abgedreht der Text auch ist, er hat was. Daughter gr\u00fc\u00dft wieder in &#8222;Bleeding&#8220;. Die Stime macht es. Um es klar zu sagen: Rosa macht definitiv nicht Musik wie Daughter. &#8222;Suspect&#8220; bricht mit stampfenden Beat. Selten Lyrics so passend gesungen vorgesetzt bekommen. &#8222;Honestly&#8220; und ich meine das auch so! Nummer 8, &#8222;Intuitive&#8220; beginnt schwebend und t\u00fcrmt Sph\u00e4ren auf. &#8222;Buddy&#8220; reist uns wieder auf die Tanzfl\u00e4chen. Ihr Gesang hat zusammen mit dem steilen Beat fast etwas hypnotisches. Und ich muss erst mal durchatmen.<\/p><p><a href=\"https:\/\/theprogthief.de\/wp-content\/uploads\/2025\/07\/RAGSBC1280.jpg\"><img loading=\"lazy\" decoding=\"async\" class=\"aligncenter wp-image-21353 size-full\" src=\"https:\/\/theprogthief.de\/wp-content\/uploads\/2025\/07\/RAGSBC350.avif\" alt=\"LP &quot;Goldener Strom&quot; by Rosa Ansch\u00fctz. Backcover\" width=\"348\" height=\"350\" srcset=\"https:\/\/theprogthief.de\/wp-content\/uploads\/2025\/07\/RAGSBC350.avif 348w, https:\/\/theprogthief.de\/wp-content\/uploads\/2025\/07\/RAGSBC350-298x300.jpg 298w, https:\/\/theprogthief.de\/wp-content\/uploads\/2025\/07\/RAGSBC350-150x150.jpg 150w, https:\/\/theprogthief.de\/wp-content\/uploads\/2025\/07\/RAGSBC350-12x12.jpg 12w\" sizes=\"(max-width: 348px) 100vw, 348px\" \/><\/a><\/p><p>Prog-Head ist geflasht! Selten so Stimmungsvoll zwischen coolen Songs, darken wavigen electro, Techno-Beats und einer Stimme, um darin zu versinken hin und her gesprungen! Und ich benutze selten Ausrufezeichen!! Mir tut sich eine neue Welt auf und mein Musikgeschmack hat sich erweitert. Und das hat Rosa bei mir erreicht. Highlights? Das gesamte Album. Dazu klingt das Vinyl klar und sauber, keine Welle zu sehen. Empfehlung? Kaufen.<\/p><p>Die Fotos stammen alle von meiner LP. Die Rechte aller Motive, Logos, Texte und Schriften, die auf den Fotos zu sehen sind, liegen nat\u00fcrlich beim Rechteinhaber.<\/p><p>No AI was used in the making of this Review.<br \/>\u00a928.07.2025<\/p>\t\t\t\t\t\t\t\t<\/div>\n\t\t\t\t<\/div>\n\t\t\t\t\t<\/div>\n\t\t\t\t<\/div>\n\t\t\t\t<\/div>\n\t\t\t\t\t<\/div>\n\t\t\t\t<\/div>\n\t\t<div class=\"elementor-element elementor-element-35491bad e-flex e-con-boxed e-con e-parent\" data-id=\"35491bad\" data-element_type=\"container\" data-e-type=\"container\" data-settings=\"{&quot;background_background&quot;:&quot;classic&quot;}\">\n\t\t\t\t\t<div class=\"e-con-inner\">\n\t\t<div class=\"elementor-element elementor-element-54b3be04 e-con-full e-flex e-con e-child\" data-id=\"54b3be04\" data-element_type=\"container\" data-e-type=\"container\">\n\t\t\t\t<div class=\"elementor-element elementor-element-6c0995b1 elementor-widget elementor-widget-video\" data-id=\"6c0995b1\" data-element_type=\"widget\" data-e-type=\"widget\" data-settings=\"{&quot;youtube_url&quot;:&quot;https:\\\/\\\/youtu.be\\\/jFbJn4OfeIw&quot;,&quot;video_type&quot;:&quot;youtube&quot;,&quot;controls&quot;:&quot;yes&quot;}\" data-widget_type=\"video.default\">\n\t\t\t\t<div class=\"elementor-widget-container\">\n\t\t\t\t\t\t\t<div class=\"elementor-wrapper elementor-open-inline\">\n\t\t\t<div class=\"elementor-video\"><\/div>\t\t<\/div>\n\t\t\t\t\t\t<\/div>\n\t\t\t\t<\/div>\n\t\t\t\t<\/div>\n\t\t<div class=\"elementor-element elementor-element-39079488 e-con-full e-flex e-con e-child\" data-id=\"39079488\" data-element_type=\"container\" data-e-type=\"container\">\n\t\t\t\t<div class=\"elementor-element elementor-element-436a5f9b elementor-widget elementor-widget-video\" data-id=\"436a5f9b\" data-element_type=\"widget\" data-e-type=\"widget\" data-settings=\"{&quot;youtube_url&quot;:&quot;https:\\\/\\\/youtu.be\\\/kPX6wIyTFRI?list=OLAK5uy_kjYnmmL32d_l0XLOmTCs53GkzAMUMSzUQ&quot;,&quot;video_type&quot;:&quot;youtube&quot;,&quot;controls&quot;:&quot;yes&quot;}\" data-widget_type=\"video.default\">\n\t\t\t\t<div class=\"elementor-widget-container\">\n\t\t\t\t\t\t\t<div class=\"elementor-wrapper elementor-open-inline\">\n\t\t\t<div class=\"elementor-video\"><\/div>\t\t<\/div>\n\t\t\t\t\t\t<\/div>\n\t\t\t\t<\/div>\n\t\t\t\t<\/div>\n\t\t<div class=\"elementor-element elementor-element-4d433c7b e-con-full e-flex e-con e-child\" data-id=\"4d433c7b\" data-element_type=\"container\" data-e-type=\"container\">\n\t\t\t\t<div class=\"elementor-element elementor-element-2f5fa64c elementor-widget elementor-widget-video\" data-id=\"2f5fa64c\" data-element_type=\"widget\" data-e-type=\"widget\" data-settings=\"{&quot;youtube_url&quot;:&quot;https:\\\/\\\/youtu.be\\\/kurHgg1Tbjc?list=OLAK5uy_kjYnmmL32d_l0XLOmTCs53GkzAMUMSzUQ&quot;,&quot;video_type&quot;:&quot;youtube&quot;,&quot;controls&quot;:&quot;yes&quot;}\" data-widget_type=\"video.default\">\n\t\t\t\t<div class=\"elementor-widget-container\">\n\t\t\t\t\t\t\t<div class=\"elementor-wrapper elementor-open-inline\">\n\t\t\t<div class=\"elementor-video\"><\/div>\t\t<\/div>\n\t\t\t\t\t\t<\/div>\n\t\t\t\t<\/div>\n\t\t\t\t<\/div>\n\t\t\t\t\t<\/div>\n\t\t\t\t<\/div>\n\t\t<div class=\"elementor-element elementor-element-494f1cd0 e-flex e-con-boxed e-con e-parent\" data-id=\"494f1cd0\" data-element_type=\"container\" data-e-type=\"container\" data-settings=\"{&quot;background_background&quot;:&quot;classic&quot;}\">\n\t\t\t\t\t<div class=\"e-con-inner\">\n\t\t\t\t<div class=\"elementor-element elementor-element-c268f5 elementor-widget elementor-widget-heading\" data-id=\"c268f5\" data-element_type=\"widget\" data-e-type=\"widget\" data-widget_type=\"heading.default\">\n\t\t\t\t<div class=\"elementor-widget-container\">\n\t\t\t\t\t<h4 class=\"elementor-heading-title elementor-size-default\"><a href=\"https:\/\/www.hoeren-und-fuehlen.de\/\" target=\"_blank\">Interessiert an mehr Musik und Technik? Dann:<\/a><\/h4>\t\t\t\t<\/div>\n\t\t\t\t<\/div>\n\t\t\t\t<div class=\"elementor-element elementor-element-193f465a elementor-widget elementor-widget-image\" data-id=\"193f465a\" data-element_type=\"widget\" data-e-type=\"widget\" data-widget_type=\"image.default\">\n\t\t\t\t<div class=\"elementor-widget-container\">\n\t\t\t\t\t\t\t\t\t\t\t\t\t\t\t\t<a href=\"https:\/\/www.hoeren-und-fuehlen.de\/\" target=\"_blank\">\n\t\t\t\t\t\t\t<img loading=\"lazy\" decoding=\"async\" width=\"150\" height=\"47\" src=\"https:\/\/theprogthief.de\/wp-content\/uploads\/2024\/06\/Banner-150x47.jpg\" class=\"attachment-thumbnail size-thumbnail wp-image-5580\" alt=\"\" srcset=\"https:\/\/theprogthief.de\/wp-content\/uploads\/2024\/06\/Banner-150x47.jpg 150w, https:\/\/theprogthief.de\/wp-content\/uploads\/2024\/06\/Banner-300x94.jpg 300w, https:\/\/theprogthief.de\/wp-content\/uploads\/2024\/06\/Banner.jpg 320w\" sizes=\"(max-width: 150px) 100vw, 150px\" \/>\t\t\t\t\t\t\t\t<\/a>\n\t\t\t\t\t\t\t\t\t\t\t\t\t\t\t<\/div>\n\t\t\t\t<\/div>\n\t\t\t\t\t<\/div>\n\t\t\t\t<\/div>\n\t\t<div class=\"elementor-element elementor-element-708019c7 e-con-full e-flex e-con e-parent\" data-id=\"708019c7\" data-element_type=\"container\" data-e-type=\"container\" data-settings=\"{&quot;background_background&quot;:&quot;classic&quot;}\">\n\t\t\t\t<div class=\"elementor-element elementor-element-38617319 elementor-widget__width-initial elementor-widget-mobile__width-initial elementor-widget elementor-widget-text-editor\" data-id=\"38617319\" data-element_type=\"widget\" data-e-type=\"widget\" data-widget_type=\"text-editor.default\">\n\t\t\t\t<div class=\"elementor-widget-container\">\n\t\t\t\t\t\t\t\t\t<p style=\"text-align: left;\"><span style=\"color: #000000;\"><strong><br \/><\/strong><\/span>[info@theprogthief.de]<\/p>\t\t\t\t\t\t\t\t<\/div>\n\t\t\t\t<\/div>\n\t\t\t\t<div class=\"elementor-element elementor-element-7d6958e2 elementor-align-center elementor-widget elementor-widget-button\" data-id=\"7d6958e2\" data-element_type=\"widget\" data-e-type=\"widget\" data-widget_type=\"button.default\">\n\t\t\t\t<div class=\"elementor-widget-container\">\n\t\t\t\t\t\t\t\t\t<div class=\"elementor-button-wrapper\">\n\t\t\t\t\t<a class=\"elementor-button elementor-button-link elementor-size-sm\" href=\"https:\/\/theprogthief.de\/impressum\/\">\n\t\t\t\t\t\t<span class=\"elementor-button-content-wrapper\">\n\t\t\t\t\t\t\t\t\t<span class=\"elementor-button-text\">Impressum<\/span>\n\t\t\t\t\t<\/span>\n\t\t\t\t\t<\/a>\n\t\t\t\t<\/div>\n\t\t\t\t\t\t\t\t<\/div>\n\t\t\t\t<\/div>\n\t\t\t\t<div class=\"elementor-element elementor-element-6ac50bab elementor-align-center elementor-widget elementor-widget-button\" data-id=\"6ac50bab\" data-element_type=\"widget\" data-e-type=\"widget\" data-widget_type=\"button.default\">\n\t\t\t\t<div class=\"elementor-widget-container\">\n\t\t\t\t\t\t\t\t\t<div class=\"elementor-button-wrapper\">\n\t\t\t\t\t<a class=\"elementor-button elementor-button-link elementor-size-sm\" href=\"https:\/\/theprogthief.de\/datenschutzerklaerung\/\">\n\t\t\t\t\t\t<span class=\"elementor-button-content-wrapper\">\n\t\t\t\t\t\t\t\t\t<span class=\"elementor-button-text\">Datenschutz<\/span>\n\t\t\t\t\t<\/span>\n\t\t\t\t\t<\/a>\n\t\t\t\t<\/div>\n\t\t\t\t\t\t\t\t<\/div>\n\t\t\t\t<\/div>\n\t\t\t\t<div class=\"elementor-element elementor-element-c0d6537 elementor-align-center elementor-widget elementor-widget-button\" data-id=\"c0d6537\" data-element_type=\"widget\" data-e-type=\"widget\" data-widget_type=\"button.default\">\n\t\t\t\t<div class=\"elementor-widget-container\">\n\t\t\t\t\t\t\t\t\t<div class=\"elementor-button-wrapper\">\n\t\t\t\t\t<a class=\"elementor-button elementor-button-link elementor-size-sm\" href=\"https:\/\/theprogthief.de\/gender-hinweis\/\">\n\t\t\t\t\t\t<span class=\"elementor-button-content-wrapper\">\n\t\t\t\t\t\t\t\t\t<span class=\"elementor-button-text\">Gender-Hinweis<\/span>\n\t\t\t\t\t<\/span>\n\t\t\t\t\t<\/a>\n\t\t\t\t<\/div>\n\t\t\t\t\t\t\t\t<\/div>\n\t\t\t\t<\/div>\n\t\t\t\t<\/div>\n\t\t\t\t<\/div>\n\t\t","protected":false},"excerpt":{"rendered":"<p>Review of &#8222;Goldener Strom&#8220;. Female Driven. Electro\/Ambient. LP, black Vinyl. 2022. Rosa Ansch\u00fctz. Berlin\/Wien.<\/p>","protected":false},"author":1,"featured_media":21502,"parent":0,"menu_order":0,"comment_status":"closed","ping_status":"closed","template":"","meta":{"ocean_post_layout":"full-screen","ocean_both_sidebars_style":"","ocean_both_sidebars_content_width":0,"ocean_both_sidebars_sidebars_width":0,"ocean_sidebar":"","ocean_second_sidebar":"","ocean_disable_margins":"enable","ocean_add_body_class":"","ocean_shortcode_before_top_bar":"","ocean_shortcode_after_top_bar":"","ocean_shortcode_before_header":"","ocean_shortcode_after_header":"","ocean_has_shortcode":"","ocean_shortcode_after_title":"","ocean_shortcode_before_footer_widgets":"","ocean_shortcode_after_footer_widgets":"","ocean_shortcode_before_footer_bottom":"","ocean_shortcode_after_footer_bottom":"","ocean_display_top_bar":"off","ocean_display_header":"off","ocean_header_style":"","ocean_center_header_left_menu":"","ocean_custom_header_template":"","ocean_custom_logo":0,"ocean_custom_retina_logo":0,"ocean_custom_logo_max_width":0,"ocean_custom_logo_tablet_max_width":0,"ocean_custom_logo_mobile_max_width":0,"ocean_custom_logo_max_height":0,"ocean_custom_logo_tablet_max_height":0,"ocean_custom_logo_mobile_max_height":0,"ocean_header_custom_menu":"","ocean_menu_typo_font_family":"","ocean_menu_typo_font_subset":"","ocean_menu_typo_font_size":0,"ocean_menu_typo_font_size_tablet":0,"ocean_menu_typo_font_size_mobile":0,"ocean_menu_typo_font_size_unit":"px","ocean_menu_typo_font_weight":"","ocean_menu_typo_font_weight_tablet":"","ocean_menu_typo_font_weight_mobile":"","ocean_menu_typo_transform":"","ocean_menu_typo_transform_tablet":"","ocean_menu_typo_transform_mobile":"","ocean_menu_typo_line_height":0,"ocean_menu_typo_line_height_tablet":0,"ocean_menu_typo_line_height_mobile":0,"ocean_menu_typo_line_height_unit":"","ocean_menu_typo_spacing":0,"ocean_menu_typo_spacing_tablet":0,"ocean_menu_typo_spacing_mobile":0,"ocean_menu_typo_spacing_unit":"","ocean_menu_link_color":"","ocean_menu_link_color_hover":"","ocean_menu_link_color_active":"","ocean_menu_link_background":"","ocean_menu_link_hover_background":"","ocean_menu_link_active_background":"","ocean_menu_social_links_bg":"","ocean_menu_social_hover_links_bg":"","ocean_menu_social_links_color":"","ocean_menu_social_hover_links_color":"","ocean_disable_title":"on","ocean_disable_heading":"default","ocean_post_title":"","ocean_post_subheading":"","ocean_post_title_style":"","ocean_post_title_background_color":"","ocean_post_title_background":0,"ocean_post_title_bg_image_position":"","ocean_post_title_bg_image_attachment":"","ocean_post_title_bg_image_repeat":"","ocean_post_title_bg_image_size":"","ocean_post_title_height":0,"ocean_post_title_bg_overlay":0.5,"ocean_post_title_bg_overlay_color":"","ocean_disable_breadcrumbs":"default","ocean_breadcrumbs_color":"","ocean_breadcrumbs_separator_color":"","ocean_breadcrumbs_links_color":"","ocean_breadcrumbs_links_hover_color":"","ocean_display_footer_widgets":"off","ocean_display_footer_bottom":"off","ocean_custom_footer_template":"","footnotes":""},"class_list":["post-21348","page","type-page","status-publish","has-post-thumbnail","hentry","entry","has-media"],"_links":{"self":[{"href":"https:\/\/theprogthief.de\/en\/wp-json\/wp\/v2\/pages\/21348","targetHints":{"allow":["GET"]}}],"collection":[{"href":"https:\/\/theprogthief.de\/en\/wp-json\/wp\/v2\/pages"}],"about":[{"href":"https:\/\/theprogthief.de\/en\/wp-json\/wp\/v2\/types\/page"}],"author":[{"embeddable":true,"href":"https:\/\/theprogthief.de\/en\/wp-json\/wp\/v2\/users\/1"}],"replies":[{"embeddable":true,"href":"https:\/\/theprogthief.de\/en\/wp-json\/wp\/v2\/comments?post=21348"}],"version-history":[{"count":10,"href":"https:\/\/theprogthief.de\/en\/wp-json\/wp\/v2\/pages\/21348\/revisions"}],"predecessor-version":[{"id":31544,"href":"https:\/\/theprogthief.de\/en\/wp-json\/wp\/v2\/pages\/21348\/revisions\/31544"}],"wp:featuredmedia":[{"embeddable":true,"href":"https:\/\/theprogthief.de\/en\/wp-json\/wp\/v2\/media\/21502"}],"wp:attachment":[{"href":"https:\/\/theprogthief.de\/en\/wp-json\/wp\/v2\/media?parent=21348"}],"curies":[{"name":"wp","href":"https:\/\/api.w.org\/{rel}","templated":true}]}}