{"id":21896,"date":"2025-08-26T00:40:04","date_gmt":"2025-08-25T22:40:04","guid":{"rendered":"https:\/\/theprogthief.de\/?page_id=21896"},"modified":"2025-08-27T16:19:40","modified_gmt":"2025-08-27T14:19:40","slug":"relations-by-the-foundation","status":"publish","type":"page","link":"https:\/\/theprogthief.de\/en\/relations-by-the-foundation\/","title":{"rendered":"Relations by The Foundation"},"content":{"rendered":"\t\t<div data-elementor-type=\"wp-page\" data-elementor-id=\"21896\" class=\"elementor elementor-21896\" data-elementor-post-type=\"page\">\n\t\t\t\t<div class=\"elementor-element elementor-element-11cf6634 e-con-full e-flex e-con e-parent\" data-id=\"11cf6634\" data-element_type=\"container\" data-e-type=\"container\" data-settings=\"{&quot;background_background&quot;:&quot;classic&quot;}\">\n\t\t\t\t<div class=\"elementor-element elementor-element-4dfd9eff elementor-widget elementor-widget-heading\" data-id=\"4dfd9eff\" data-element_type=\"widget\" data-e-type=\"widget\" data-widget_type=\"heading.default\">\n\t\t\t\t<div class=\"elementor-widget-container\">\n\t\t\t\t\t<h2 class=\"elementor-heading-title elementor-size-default\"><a href=\"https:\/\/theprogthief.de\"> The Prog-Thief<\/a><\/h2>\t\t\t\t<\/div>\n\t\t\t\t<\/div>\n\t\t\t\t<\/div>\n\t\t<div class=\"elementor-element elementor-element-2ca12d75 e-flex e-con-boxed e-con e-parent\" data-id=\"2ca12d75\" data-element_type=\"container\" data-e-type=\"container\" data-settings=\"{&quot;background_background&quot;:&quot;classic&quot;}\">\n\t\t\t\t\t<div class=\"e-con-inner\">\n\t\t\t\t<div class=\"elementor-element elementor-element-1ad1d1a2 elementor-nav-menu--stretch elementor-widget__width-initial elementor-nav-menu__text-align-aside elementor-nav-menu--toggle elementor-nav-menu--burger elementor-invisible elementor-widget elementor-widget-global elementor-global-12513 elementor-widget-nav-menu\" data-id=\"1ad1d1a2\" data-element_type=\"widget\" data-e-type=\"widget\" data-settings=\"{&quot;layout&quot;:&quot;dropdown&quot;,&quot;submenu_icon&quot;:{&quot;value&quot;:&quot;fas fa-chevron-down&quot;,&quot;library&quot;:&quot;fa-solid&quot;},&quot;full_width&quot;:&quot;stretch&quot;,&quot;_animation&quot;:&quot;fadeInUp&quot;,&quot;toggle&quot;:&quot;burger&quot;}\" data-widget_type=\"nav-menu.default\">\n\t\t\t\t<div class=\"elementor-widget-container\">\n\t\t\t\t\t\t\t<div class=\"elementor-menu-toggle\" role=\"button\" tabindex=\"0\" aria-label=\"Menu Toggle\" aria-expanded=\"false\">\n\t\t\t<i aria-hidden=\"true\" role=\"presentation\" class=\"elementor-menu-toggle__icon--open eicon-menu-bar\"><\/i><i aria-hidden=\"true\" role=\"presentation\" class=\"elementor-menu-toggle__icon--close eicon-close\"><\/i>\t\t<\/div>\n\t\t\t\t\t<nav class=\"elementor-nav-menu--dropdown elementor-nav-menu__container\" aria-hidden=\"true\">\n\t\t\t\t<ul id=\"menu-2-1ad1d1a2\" class=\"elementor-nav-menu\"><li class=\"menu-item menu-item-type-post_type menu-item-object-page menu-item-home menu-item-12224\"><a href=\"https:\/\/theprogthief.de\/en\/\" class=\"elementor-item\" tabindex=\"-1\">Home<\/a><\/li>\n<li class=\"menu-item menu-item-type-post_type menu-item-object-page menu-item-24784\"><a href=\"https:\/\/theprogthief.de\/en\/ayreon-alben\/\" class=\"elementor-item\" tabindex=\"-1\">Ayreon<\/a><\/li>\n<li class=\"menu-item menu-item-type-post_type menu-item-object-page menu-item-24610\"><a href=\"https:\/\/theprogthief.de\/en\/porcupine-tree\/\" class=\"elementor-item\" tabindex=\"-1\">Porcupine Tree<\/a><\/li>\n<li class=\"menu-item menu-item-type-post_type menu-item-object-page menu-item-30976\"><a href=\"https:\/\/theprogthief.de\/en\/theatre-of-tragedy\/\" class=\"elementor-item\" tabindex=\"-1\">Theatre Of Tragedy<\/a><\/li>\n<li class=\"menu-item menu-item-type-post_type menu-item-object-page menu-item-has-children menu-item-12227\"><a rel=\"Keine\" href=\"https:\/\/theprogthief.de\/en\/rezensionen\/\" class=\"elementor-item\" tabindex=\"-1\">Rezensionen<\/a>\n<ul class=\"sub-menu elementor-nav-menu--dropdown\">\n\t<li class=\"menu-item menu-item-type-post_type menu-item-object-page menu-item-13299\"><a href=\"https:\/\/theprogthief.de\/en\/reviewsii\/\" class=\"elementor-sub-item\" tabindex=\"-1\">Reviews II<\/a><\/li>\n\t<li class=\"menu-item menu-item-type-post_type menu-item-object-page menu-item-13253\"><a href=\"https:\/\/theprogthief.de\/en\/reviews-iii\/\" class=\"elementor-sub-item\" tabindex=\"-1\">Reviews III<\/a><\/li>\n\t<li class=\"menu-item menu-item-type-post_type menu-item-object-page menu-item-20876\"><a href=\"https:\/\/theprogthief.de\/en\/reviews-iv\/\" class=\"elementor-sub-item\" tabindex=\"-1\">Reviews IV<\/a><\/li>\n\t<li class=\"menu-item menu-item-type-post_type menu-item-object-page menu-item-24240\"><a href=\"https:\/\/theprogthief.de\/en\/reviews-v\/\" class=\"elementor-sub-item\" tabindex=\"-1\">Reviews V<\/a><\/li>\n\t<li class=\"menu-item menu-item-type-post_type menu-item-object-page menu-item-24478\"><a href=\"https:\/\/theprogthief.de\/en\/rezensionen\/\" class=\"elementor-sub-item\" tabindex=\"-1\">Rezensionen A-Z<\/a><\/li>\n<\/ul>\n<\/li>\n<li class=\"menu-item menu-item-type-post_type menu-item-object-page menu-item-19217\"><a href=\"https:\/\/theprogthief.de\/en\/female-driven\/\" class=\"elementor-item\" tabindex=\"-1\">Female Driven<\/a><\/li>\n<li class=\"menu-item menu-item-type-post_type menu-item-object-page menu-item-12223\"><a href=\"https:\/\/theprogthief.de\/en\/was-ist-prog\/\" class=\"elementor-item\" tabindex=\"-1\">Was ist Prog?<\/a><\/li>\n<li class=\"menu-item menu-item-type-post_type menu-item-object-page menu-item-12222\"><a href=\"https:\/\/theprogthief.de\/en\/ueber-mich\/\" class=\"elementor-item\" tabindex=\"-1\">\u00dcber mich<\/a><\/li>\n<\/ul>\t\t\t<\/nav>\n\t\t\t\t\t\t<\/div>\n\t\t\t\t<\/div>\n\t\t\t\t\t<\/div>\n\t\t\t\t<\/div>\n\t\t<div class=\"elementor-element elementor-element-5998e736 e-flex e-con-boxed e-con e-parent\" data-id=\"5998e736\" data-element_type=\"container\" data-e-type=\"container\" data-settings=\"{&quot;background_background&quot;:&quot;classic&quot;}\">\n\t\t\t\t\t<div class=\"e-con-inner\">\n\t\t<div class=\"elementor-element elementor-element-2715f313 e-con-full e-flex e-con e-child\" data-id=\"2715f313\" data-element_type=\"container\" data-e-type=\"container\">\n\t\t\t\t<\/div>\n\t\t<div class=\"elementor-element elementor-element-3679ae3f e-con-full e-flex e-con e-child\" data-id=\"3679ae3f\" data-element_type=\"container\" data-e-type=\"container\">\n\t\t\t\t<div class=\"elementor-element elementor-element-27392699 elementor-widget elementor-widget-text-editor\" data-id=\"27392699\" data-element_type=\"widget\" data-e-type=\"widget\" data-widget_type=\"text-editor.default\">\n\t\t\t\t<div class=\"elementor-widget-container\">\n\t\t\t\t\t\t\t\t\t<p style=\"text-align: center;\">Dilemma<a href=\"https:\/\/theprogthief.de\/the-purpose-paradox-by-dilemma\/\"><img decoding=\"async\" class=\"aligncenter wp-image-8356\" src=\"https:\/\/theprogthief.de\/wp-content\/uploads\/2024\/09\/DTPPFC350.jpg\" alt=\"Album The Purpose Paradox von Dilemma\" width=\"100\" height=\"89\" srcset=\"https:\/\/theprogthief.de\/wp-content\/uploads\/2024\/09\/DTPPFC350.jpg 350w, https:\/\/theprogthief.de\/wp-content\/uploads\/2024\/09\/DTPPFC350-300x268.jpg 300w, https:\/\/theprogthief.de\/wp-content\/uploads\/2024\/09\/DTPPFC350-150x134.jpg 150w\" sizes=\"(max-width: 100px) 100vw, 100px\" \/><\/a>Neo-Prog<\/p>\t\t\t\t\t\t\t\t<\/div>\n\t\t\t\t<\/div>\n\t\t\t\t<\/div>\n\t\t<div class=\"elementor-element elementor-element-185cf2cc e-con-full e-flex e-con e-child\" data-id=\"185cf2cc\" data-element_type=\"container\" data-e-type=\"container\">\n\t\t\t\t<\/div>\n\t\t\t\t\t<\/div>\n\t\t\t\t<\/div>\n\t\t<div class=\"elementor-element elementor-element-2f676444 e-flex e-con-boxed e-con e-parent\" data-id=\"2f676444\" data-element_type=\"container\" data-e-type=\"container\" data-settings=\"{&quot;background_background&quot;:&quot;classic&quot;}\">\n\t\t\t\t\t<div class=\"e-con-inner\">\n\t\t\t\t<div class=\"elementor-element elementor-element-cd350c5 elementor-widget elementor-widget-heading\" data-id=\"cd350c5\" data-element_type=\"widget\" data-e-type=\"widget\" data-widget_type=\"heading.default\">\n\t\t\t\t<div class=\"elementor-widget-container\">\n\t\t\t\t\t<h2 class=\"elementor-heading-title elementor-size-default\">Relations by The Foundation<\/h2>\t\t\t\t<\/div>\n\t\t\t\t<\/div>\n\t\t\t\t\t<\/div>\n\t\t\t\t<\/div>\n\t\t<div class=\"elementor-element elementor-element-76193dda e-flex e-con-boxed e-con e-parent\" data-id=\"76193dda\" data-element_type=\"container\" data-e-type=\"container\" data-settings=\"{&quot;background_background&quot;:&quot;classic&quot;}\">\n\t\t\t\t\t<div class=\"e-con-inner\">\n\t\t<div class=\"elementor-element elementor-element-4ab3351 e-con-full e-flex e-con e-child\" data-id=\"4ab3351\" data-element_type=\"container\" data-e-type=\"container\">\n\t\t<div class=\"elementor-element elementor-element-2afa4afd e-flex e-con-boxed e-con e-child\" data-id=\"2afa4afd\" data-element_type=\"container\" data-e-type=\"container\">\n\t\t\t\t\t<div class=\"e-con-inner\">\n\t\t\t\t<div class=\"elementor-element elementor-element-57cf6d elementor-widget elementor-widget-text-editor\" data-id=\"57cf6d\" data-element_type=\"widget\" data-e-type=\"widget\" data-widget_type=\"text-editor.default\">\n\t\t\t\t<div class=\"elementor-widget-container\">\n\t\t\t\t\t\t\t\t\t<p><a href=\"https:\/\/theprogthief.de\/wp-content\/uploads\/2025\/08\/TFRFC1280.jpg\"><img fetchpriority=\"high\" decoding=\"async\" class=\"aligncenter wp-image-21904 size-full\" src=\"https:\/\/theprogthief.de\/wp-content\/uploads\/2025\/08\/TFRFC350.jpg\" alt=\"CD Album &quot;Relations&quot; by The Foundation. Frontcover\" width=\"350\" height=\"311\" srcset=\"https:\/\/theprogthief.de\/wp-content\/uploads\/2025\/08\/TFRFC350.jpg 350w, https:\/\/theprogthief.de\/wp-content\/uploads\/2025\/08\/TFRFC350-300x267.jpg 300w, https:\/\/theprogthief.de\/wp-content\/uploads\/2025\/08\/TFRFC350-150x133.jpg 150w, https:\/\/theprogthief.de\/wp-content\/uploads\/2025\/08\/TFRFC350-14x12.jpg 14w\" sizes=\"(max-width: 350px) 100vw, 350px\" \/><\/a><\/p><p><span style=\"text-decoration: underline;\"><a href=\"https:\/\/www.thefoundationproject.nl\/\" target=\"_blank\" rel=\"noopener\">The Foundation<\/a><\/span><br \/>&#8222;Relations&#8220;<br \/>Neo\/Melodic Prog. Digibook CD, 2025<\/p><p>Pendragon. The Mission. Arena.\u00a0 Da klingelt doch was? Richtig, melodischer Neo-Prog. Ron Lammers, Initiator von The Foundation, nahm diese Art des Progs f\u00fcr sein Projekt als Basis. In dem Konzeptalbum\u00a0 geht es um verschiedenste zwischenmenschliche Beziehungen jeglicher Art. Die Liste der Musiker ist lang:\u00a0<\/p><p>Ron Lammers &#8211; Keyboards<br \/>Mark Smit &#8211; Vocals, Piano<br \/>Rinie Huigen &#8211; Guitars, Backing Vocals<br \/>Jens van der Valk &#8211; Guitars<br \/>Gijs Koopman- Keyboards, Bass Guitar, Taurus Pedals<br \/>Masaki Shimakawa &#8211; Violin<br \/>Judith van der Valk &#8211; Flute<br \/>Jan Grijpstra &#8211; Drums<\/p><p><a href=\"https:\/\/theprogthief.de\/wp-content\/uploads\/2025\/08\/TFRCR1280.jpg\"><img decoding=\"async\" class=\"aligncenter wp-image-21901 size-full\" src=\"https:\/\/theprogthief.de\/wp-content\/uploads\/2025\/08\/TFRCR350.jpg\" alt=\"CD Album &quot;Relations&quot; by The Foundation. Credits\" width=\"350\" height=\"155\" srcset=\"https:\/\/theprogthief.de\/wp-content\/uploads\/2025\/08\/TFRCR350.jpg 350w, https:\/\/theprogthief.de\/wp-content\/uploads\/2025\/08\/TFRCR350-300x133.jpg 300w, https:\/\/theprogthief.de\/wp-content\/uploads\/2025\/08\/TFRCR350-150x66.jpg 150w, https:\/\/theprogthief.de\/wp-content\/uploads\/2025\/08\/TFRCR350-18x8.jpg 18w\" sizes=\"(max-width: 350px) 100vw, 350px\" \/><\/a><\/p><p>Die Songs sind melodischer, songlastiger Neo-Prog. Flute und Violine werden eingesetzt, leben tut &#8222;Relations&#8220; jedoch vom Gesang, Keyboard und Gitarre. Mir fehlen etwas die frickeligen Parts, jedoch lebt Neo-Prog von melodischen Parts und somit passt das schon. Die acht Songs bringen es auf \u00fcber 50 Minuten Spieldauer. Einzelne Songs stelle ich nicht vor, wie das Konzeptalbum bei mir ankommt gibt es gleich im Fazit.<\/p><p><a href=\"https:\/\/theprogthief.de\/wp-content\/uploads\/2025\/08\/TFRCD1280.jpg\"><img loading=\"lazy\" decoding=\"async\" class=\"aligncenter wp-image-21899 size-full\" src=\"https:\/\/theprogthief.de\/wp-content\/uploads\/2025\/08\/TFRCD350.jpg\" alt=\"CD Album &quot;Relations&quot; by The Foundation. CD\" width=\"350\" height=\"326\" srcset=\"https:\/\/theprogthief.de\/wp-content\/uploads\/2025\/08\/TFRCD350.jpg 350w, https:\/\/theprogthief.de\/wp-content\/uploads\/2025\/08\/TFRCD350-300x279.jpg 300w, https:\/\/theprogthief.de\/wp-content\/uploads\/2025\/08\/TFRCD350-150x140.jpg 150w, https:\/\/theprogthief.de\/wp-content\/uploads\/2025\/08\/TFRCD350-13x12.jpg 13w\" sizes=\"(max-width: 350px) 100vw, 350px\" \/><\/a><\/p><p>Das Fazit ist zweiteilig. Die Anmutung in Buchform und das Design ist sehr ansprechend. Was mir bei meinem Exemplar nicht zusagt, ist die Qualit\u00e4t des Sounds. Das klingt teilweise d\u00fcnn, matschig, ohne Breite. Nur der Gesang klingt gut. Selbst auf Spotify klingt das Album deutlich dynamischer und breiter. Schade, es sollte auf CD deutlich besser klingen.<\/p><p>Positiv ist der zelebrierte Neo-Prog, wer Pendragon, Arena oder The Mission mag, wird hier f\u00fcndig. Mir pers\u00f6nlich fehlt das \u00fcberraschende Etwas, das tut der Qualit\u00e4t aber nat\u00fcrlich keinen Abbruch. Leider bringt die CD, die mir vorliegt, den Sound nicht richtig r\u00fcber. Spotify zeigt aber, das die Qualit\u00e4t des Sounds gut ist und deswegen gibt es einen Daumen hoch.<\/p><p><a href=\"https:\/\/theprogthief.de\/wp-content\/uploads\/2025\/08\/TFRBC1280.jpg\"><img loading=\"lazy\" decoding=\"async\" class=\"aligncenter wp-image-21897 size-full\" src=\"https:\/\/theprogthief.de\/wp-content\/uploads\/2025\/08\/TFRBC350.jpg\" alt=\"CD Album &quot;Relations&quot; by The Foundation. Backcover\" width=\"350\" height=\"310\" srcset=\"https:\/\/theprogthief.de\/wp-content\/uploads\/2025\/08\/TFRBC350.jpg 350w, https:\/\/theprogthief.de\/wp-content\/uploads\/2025\/08\/TFRBC350-300x266.jpg 300w, https:\/\/theprogthief.de\/wp-content\/uploads\/2025\/08\/TFRBC350-150x133.jpg 150w, https:\/\/theprogthief.de\/wp-content\/uploads\/2025\/08\/TFRBC350-14x12.jpg 14w\" sizes=\"(max-width: 350px) 100vw, 350px\" \/><\/a><\/p><p>Die Fotos stammen alle von meiner CD. Die Rechte aller Motive, Logos, Texte und Schriften, die auf den Fotos zu sehen sind, liegen nat\u00fcrlich beim Rechteinhaber.<\/p>\t\t\t\t\t\t\t\t<\/div>\n\t\t\t\t<\/div>\n\t\t\t\t\t<\/div>\n\t\t\t\t<\/div>\n\t\t\t\t<\/div>\n\t\t\t\t\t<\/div>\n\t\t\t\t<\/div>\n\t\t<div class=\"elementor-element elementor-element-37b8eca2 e-flex e-con-boxed e-con e-parent\" data-id=\"37b8eca2\" data-element_type=\"container\" data-e-type=\"container\" data-settings=\"{&quot;background_background&quot;:&quot;classic&quot;}\">\n\t\t\t\t\t<div class=\"e-con-inner\">\n\t\t<div class=\"elementor-element elementor-element-42ee49af e-con-full e-flex e-con e-child\" data-id=\"42ee49af\" data-element_type=\"container\" data-e-type=\"container\">\n\t\t\t\t<div class=\"elementor-element elementor-element-5c1dd8da elementor-widget elementor-widget-video\" data-id=\"5c1dd8da\" data-element_type=\"widget\" data-e-type=\"widget\" data-settings=\"{&quot;youtube_url&quot;:&quot;https:\\\/\\\/youtu.be\\\/BVAM7OAXb7o?list=OLAK5uy_mlPgF0vTpUYDFbhwrh47dUnhf1I1rri_4&quot;,&quot;video_type&quot;:&quot;youtube&quot;,&quot;controls&quot;:&quot;yes&quot;}\" data-widget_type=\"video.default\">\n\t\t\t\t<div class=\"elementor-widget-container\">\n\t\t\t\t\t\t\t<div class=\"elementor-wrapper elementor-open-inline\">\n\t\t\t<div class=\"elementor-video\"><\/div>\t\t<\/div>\n\t\t\t\t\t\t<\/div>\n\t\t\t\t<\/div>\n\t\t\t\t<\/div>\n\t\t<div class=\"elementor-element elementor-element-70494366 e-con-full e-flex e-con e-child\" data-id=\"70494366\" data-element_type=\"container\" data-e-type=\"container\">\n\t\t\t\t<div class=\"elementor-element elementor-element-6ed0b9b8 elementor-widget elementor-widget-video\" data-id=\"6ed0b9b8\" data-element_type=\"widget\" data-e-type=\"widget\" data-settings=\"{&quot;youtube_url&quot;:&quot;https:\\\/\\\/youtu.be\\\/D1cp0XPfLw8?list=OLAK5uy_mlPgF0vTpUYDFbhwrh47dUnhf1I1rri_4&quot;,&quot;video_type&quot;:&quot;youtube&quot;,&quot;controls&quot;:&quot;yes&quot;}\" data-widget_type=\"video.default\">\n\t\t\t\t<div class=\"elementor-widget-container\">\n\t\t\t\t\t\t\t<div class=\"elementor-wrapper elementor-open-inline\">\n\t\t\t<div class=\"elementor-video\"><\/div>\t\t<\/div>\n\t\t\t\t\t\t<\/div>\n\t\t\t\t<\/div>\n\t\t\t\t<\/div>\n\t\t<div class=\"elementor-element elementor-element-50df571f e-con-full e-flex e-con e-child\" data-id=\"50df571f\" data-element_type=\"container\" data-e-type=\"container\">\n\t\t\t\t<div class=\"elementor-element elementor-element-1f9a411c elementor-widget elementor-widget-video\" data-id=\"1f9a411c\" data-element_type=\"widget\" data-e-type=\"widget\" data-settings=\"{&quot;youtube_url&quot;:&quot;https:\\\/\\\/youtu.be\\\/-je3GtzAggY?list=OLAK5uy_mlPgF0vTpUYDFbhwrh47dUnhf1I1rri_4&quot;,&quot;video_type&quot;:&quot;youtube&quot;,&quot;controls&quot;:&quot;yes&quot;}\" data-widget_type=\"video.default\">\n\t\t\t\t<div class=\"elementor-widget-container\">\n\t\t\t\t\t\t\t<div class=\"elementor-wrapper elementor-open-inline\">\n\t\t\t<div class=\"elementor-video\"><\/div>\t\t<\/div>\n\t\t\t\t\t\t<\/div>\n\t\t\t\t<\/div>\n\t\t\t\t<\/div>\n\t\t\t\t\t<\/div>\n\t\t\t\t<\/div>\n\t\t<div class=\"elementor-element elementor-element-3b642010 e-flex e-con-boxed e-con e-parent\" data-id=\"3b642010\" data-element_type=\"container\" data-e-type=\"container\" data-settings=\"{&quot;background_background&quot;:&quot;classic&quot;}\">\n\t\t\t\t\t<div class=\"e-con-inner\">\n\t\t\t\t<div class=\"elementor-element elementor-element-49855560 elementor-widget elementor-widget-heading\" data-id=\"49855560\" data-element_type=\"widget\" data-e-type=\"widget\" data-widget_type=\"heading.default\">\n\t\t\t\t<div class=\"elementor-widget-container\">\n\t\t\t\t\t<h4 class=\"elementor-heading-title elementor-size-default\"><a href=\"https:\/\/www.hoeren-und-fuehlen.de\/\" target=\"_blank\">Interessiert an mehr Musik und Technik? Dann:<\/a><\/h4>\t\t\t\t<\/div>\n\t\t\t\t<\/div>\n\t\t\t\t<div class=\"elementor-element elementor-element-651771df elementor-widget elementor-widget-image\" data-id=\"651771df\" data-element_type=\"widget\" data-e-type=\"widget\" data-widget_type=\"image.default\">\n\t\t\t\t<div class=\"elementor-widget-container\">\n\t\t\t\t\t\t\t\t\t\t\t\t\t\t\t\t<a href=\"https:\/\/www.hoeren-und-fuehlen.de\/\" target=\"_blank\">\n\t\t\t\t\t\t\t<img loading=\"lazy\" decoding=\"async\" width=\"150\" height=\"47\" src=\"https:\/\/theprogthief.de\/wp-content\/uploads\/2024\/06\/Banner-150x47.jpg\" class=\"attachment-thumbnail size-thumbnail wp-image-5580\" alt=\"\" srcset=\"https:\/\/theprogthief.de\/wp-content\/uploads\/2024\/06\/Banner-150x47.jpg 150w, https:\/\/theprogthief.de\/wp-content\/uploads\/2024\/06\/Banner-300x94.jpg 300w, https:\/\/theprogthief.de\/wp-content\/uploads\/2024\/06\/Banner.jpg 320w\" sizes=\"(max-width: 150px) 100vw, 150px\" \/>\t\t\t\t\t\t\t\t<\/a>\n\t\t\t\t\t\t\t\t\t\t\t\t\t\t\t<\/div>\n\t\t\t\t<\/div>\n\t\t\t\t\t<\/div>\n\t\t\t\t<\/div>\n\t\t<div class=\"elementor-element elementor-element-33b2673c e-con-full e-flex e-con e-parent\" data-id=\"33b2673c\" data-element_type=\"container\" data-e-type=\"container\" data-settings=\"{&quot;background_background&quot;:&quot;classic&quot;}\">\n\t\t\t\t<div class=\"elementor-element elementor-element-7e8a04d7 elementor-widget__width-initial elementor-widget-mobile__width-initial elementor-widget elementor-widget-text-editor\" data-id=\"7e8a04d7\" data-element_type=\"widget\" data-e-type=\"widget\" data-widget_type=\"text-editor.default\">\n\t\t\t\t<div class=\"elementor-widget-container\">\n\t\t\t\t\t\t\t\t\t<p style=\"text-align: left;\"><span style=\"color: #000000;\"><strong>J. Specht<br \/><\/strong><\/span>[info@theprogthief.de]<\/p>\t\t\t\t\t\t\t\t<\/div>\n\t\t\t\t<\/div>\n\t\t\t\t<div class=\"elementor-element elementor-element-3f192c2d elementor-align-center elementor-widget elementor-widget-button\" data-id=\"3f192c2d\" data-element_type=\"widget\" data-e-type=\"widget\" data-widget_type=\"button.default\">\n\t\t\t\t<div class=\"elementor-widget-container\">\n\t\t\t\t\t\t\t\t\t<div class=\"elementor-button-wrapper\">\n\t\t\t\t\t<a class=\"elementor-button elementor-button-link elementor-size-sm\" href=\"https:\/\/theprogthief.de\/impressum\/\">\n\t\t\t\t\t\t<span class=\"elementor-button-content-wrapper\">\n\t\t\t\t\t\t\t\t\t<span class=\"elementor-button-text\">Impressum<\/span>\n\t\t\t\t\t<\/span>\n\t\t\t\t\t<\/a>\n\t\t\t\t<\/div>\n\t\t\t\t\t\t\t\t<\/div>\n\t\t\t\t<\/div>\n\t\t\t\t<div class=\"elementor-element elementor-element-eb3ed4a elementor-align-center elementor-widget elementor-widget-button\" data-id=\"eb3ed4a\" data-element_type=\"widget\" data-e-type=\"widget\" data-widget_type=\"button.default\">\n\t\t\t\t<div class=\"elementor-widget-container\">\n\t\t\t\t\t\t\t\t\t<div class=\"elementor-button-wrapper\">\n\t\t\t\t\t<a class=\"elementor-button elementor-button-link elementor-size-sm\" href=\"https:\/\/theprogthief.de\/datenschutzerklaerung\/\">\n\t\t\t\t\t\t<span class=\"elementor-button-content-wrapper\">\n\t\t\t\t\t\t\t\t\t<span class=\"elementor-button-text\">Datenschutz<\/span>\n\t\t\t\t\t<\/span>\n\t\t\t\t\t<\/a>\n\t\t\t\t<\/div>\n\t\t\t\t\t\t\t\t<\/div>\n\t\t\t\t<\/div>\n\t\t\t\t<div class=\"elementor-element elementor-element-67addd11 elementor-align-center elementor-widget elementor-widget-button\" data-id=\"67addd11\" data-element_type=\"widget\" data-e-type=\"widget\" data-widget_type=\"button.default\">\n\t\t\t\t<div class=\"elementor-widget-container\">\n\t\t\t\t\t\t\t\t\t<div class=\"elementor-button-wrapper\">\n\t\t\t\t\t<a class=\"elementor-button elementor-button-link elementor-size-sm\" href=\"https:\/\/theprogthief.de\/gender-hinweis\/\">\n\t\t\t\t\t\t<span class=\"elementor-button-content-wrapper\">\n\t\t\t\t\t\t\t\t\t<span class=\"elementor-button-text\">Gender-Hinweis<\/span>\n\t\t\t\t\t<\/span>\n\t\t\t\t\t<\/a>\n\t\t\t\t<\/div>\n\t\t\t\t\t\t\t\t<\/div>\n\t\t\t\t<\/div>\n\t\t\t\t<\/div>\n\t\t\t\t<\/div>\n\t\t","protected":false},"excerpt":{"rendered":"<p>Review of &#8222;Relations. By Ron Lammers. NeoProg. CD Album as Digi-Book. 2025<\/p>","protected":false},"author":1,"featured_media":21904,"parent":0,"menu_order":0,"comment_status":"closed","ping_status":"closed","template":"","meta":{"ocean_post_layout":"full-screen","ocean_both_sidebars_style":"","ocean_both_sidebars_content_width":0,"ocean_both_sidebars_sidebars_width":0,"ocean_sidebar":"","ocean_second_sidebar":"","ocean_disable_margins":"enable","ocean_add_body_class":"","ocean_shortcode_before_top_bar":"","ocean_shortcode_after_top_bar":"","ocean_shortcode_before_header":"","ocean_shortcode_after_header":"","ocean_has_shortcode":"","ocean_shortcode_after_title":"","ocean_shortcode_before_footer_widgets":"","ocean_shortcode_after_footer_widgets":"","ocean_shortcode_before_footer_bottom":"","ocean_shortcode_after_footer_bottom":"","ocean_display_top_bar":"off","ocean_display_header":"off","ocean_header_style":"","ocean_center_header_left_menu":"","ocean_custom_header_template":"","ocean_custom_logo":0,"ocean_custom_retina_logo":0,"ocean_custom_logo_max_width":0,"ocean_custom_logo_tablet_max_width":0,"ocean_custom_logo_mobile_max_width":0,"ocean_custom_logo_max_height":0,"ocean_custom_logo_tablet_max_height":0,"ocean_custom_logo_mobile_max_height":0,"ocean_header_custom_menu":"","ocean_menu_typo_font_family":"","ocean_menu_typo_font_subset":"","ocean_menu_typo_font_size":0,"ocean_menu_typo_font_size_tablet":0,"ocean_menu_typo_font_size_mobile":0,"ocean_menu_typo_font_size_unit":"px","ocean_menu_typo_font_weight":"","ocean_menu_typo_font_weight_tablet":"","ocean_menu_typo_font_weight_mobile":"","ocean_menu_typo_transform":"","ocean_menu_typo_transform_tablet":"","ocean_menu_typo_transform_mobile":"","ocean_menu_typo_line_height":0,"ocean_menu_typo_line_height_tablet":0,"ocean_menu_typo_line_height_mobile":0,"ocean_menu_typo_line_height_unit":"","ocean_menu_typo_spacing":0,"ocean_menu_typo_spacing_tablet":0,"ocean_menu_typo_spacing_mobile":0,"ocean_menu_typo_spacing_unit":"","ocean_menu_link_color":"","ocean_menu_link_color_hover":"","ocean_menu_link_color_active":"","ocean_menu_link_background":"","ocean_menu_link_hover_background":"","ocean_menu_link_active_background":"","ocean_menu_social_links_bg":"","ocean_menu_social_hover_links_bg":"","ocean_menu_social_links_color":"","ocean_menu_social_hover_links_color":"","ocean_disable_title":"on","ocean_disable_heading":"default","ocean_post_title":"","ocean_post_subheading":"","ocean_post_title_style":"","ocean_post_title_background_color":"","ocean_post_title_background":0,"ocean_post_title_bg_image_position":"","ocean_post_title_bg_image_attachment":"","ocean_post_title_bg_image_repeat":"","ocean_post_title_bg_image_size":"","ocean_post_title_height":0,"ocean_post_title_bg_overlay":0.5,"ocean_post_title_bg_overlay_color":"","ocean_disable_breadcrumbs":"default","ocean_breadcrumbs_color":"","ocean_breadcrumbs_separator_color":"","ocean_breadcrumbs_links_color":"","ocean_breadcrumbs_links_hover_color":"","ocean_display_footer_widgets":"off","ocean_display_footer_bottom":"off","ocean_custom_footer_template":"","footnotes":""},"class_list":["post-21896","page","type-page","status-publish","has-post-thumbnail","hentry","entry","has-media"],"_links":{"self":[{"href":"https:\/\/theprogthief.de\/en\/wp-json\/wp\/v2\/pages\/21896","targetHints":{"allow":["GET"]}}],"collection":[{"href":"https:\/\/theprogthief.de\/en\/wp-json\/wp\/v2\/pages"}],"about":[{"href":"https:\/\/theprogthief.de\/en\/wp-json\/wp\/v2\/types\/page"}],"author":[{"embeddable":true,"href":"https:\/\/theprogthief.de\/en\/wp-json\/wp\/v2\/users\/1"}],"replies":[{"embeddable":true,"href":"https:\/\/theprogthief.de\/en\/wp-json\/wp\/v2\/comments?post=21896"}],"version-history":[{"count":10,"href":"https:\/\/theprogthief.de\/en\/wp-json\/wp\/v2\/pages\/21896\/revisions"}],"predecessor-version":[{"id":21978,"href":"https:\/\/theprogthief.de\/en\/wp-json\/wp\/v2\/pages\/21896\/revisions\/21978"}],"wp:featuredmedia":[{"embeddable":true,"href":"https:\/\/theprogthief.de\/en\/wp-json\/wp\/v2\/media\/21904"}],"wp:attachment":[{"href":"https:\/\/theprogthief.de\/en\/wp-json\/wp\/v2\/media?parent=21896"}],"curies":[{"name":"wp","href":"https:\/\/api.w.org\/{rel}","templated":true}]}}