{"id":23087,"date":"2025-10-07T17:13:42","date_gmt":"2025-10-07T15:13:42","guid":{"rendered":"https:\/\/theprogthief.de\/?page_id=23087"},"modified":"2026-04-02T00:27:50","modified_gmt":"2026-04-01T22:27:50","slug":"somewhere-far-beyond-by-blind-guardian","status":"publish","type":"page","link":"https:\/\/theprogthief.de\/en\/somewhere-far-beyond-by-blind-guardian\/","title":{"rendered":"Somewhere Far Beyond by Blind Guardian"},"content":{"rendered":"\t\t<div data-elementor-type=\"wp-page\" data-elementor-id=\"23087\" class=\"elementor elementor-23087\" data-elementor-post-type=\"page\">\n\t\t\t\t<div class=\"elementor-element elementor-element-47c9bd52 e-con-full e-flex e-con e-parent\" data-id=\"47c9bd52\" data-element_type=\"container\" data-e-type=\"container\" data-settings=\"{&quot;background_background&quot;:&quot;classic&quot;}\">\n\t\t\t\t<div class=\"elementor-element elementor-element-5b51b7e4 elementor-widget elementor-widget-heading\" data-id=\"5b51b7e4\" data-element_type=\"widget\" data-e-type=\"widget\" data-widget_type=\"heading.default\">\n\t\t\t\t<div class=\"elementor-widget-container\">\n\t\t\t\t\t<h2 class=\"elementor-heading-title elementor-size-default\"><a href=\"https:\/\/theprogthief.de\"> The Prog-Thief<\/a><\/h2>\t\t\t\t<\/div>\n\t\t\t\t<\/div>\n\t\t\t\t<\/div>\n\t\t<div class=\"elementor-element elementor-element-2f88d128 e-flex e-con-boxed e-con e-parent\" data-id=\"2f88d128\" data-element_type=\"container\" data-e-type=\"container\" data-settings=\"{&quot;background_background&quot;:&quot;classic&quot;}\">\n\t\t\t\t\t<div class=\"e-con-inner\">\n\t\t\t\t<div class=\"elementor-element elementor-element-1bb52837 elementor-nav-menu--stretch elementor-widget__width-initial elementor-nav-menu__text-align-aside elementor-nav-menu--toggle elementor-nav-menu--burger elementor-invisible elementor-widget elementor-widget-global elementor-global-12513 elementor-widget-nav-menu\" data-id=\"1bb52837\" data-element_type=\"widget\" data-e-type=\"widget\" data-settings=\"{&quot;layout&quot;:&quot;dropdown&quot;,&quot;submenu_icon&quot;:{&quot;value&quot;:&quot;fas fa-chevron-down&quot;,&quot;library&quot;:&quot;fa-solid&quot;},&quot;full_width&quot;:&quot;stretch&quot;,&quot;_animation&quot;:&quot;fadeInUp&quot;,&quot;toggle&quot;:&quot;burger&quot;}\" data-widget_type=\"nav-menu.default\">\n\t\t\t\t<div class=\"elementor-widget-container\">\n\t\t\t\t\t\t\t<div class=\"elementor-menu-toggle\" role=\"button\" tabindex=\"0\" aria-label=\"Menu Toggle\" aria-expanded=\"false\">\n\t\t\t<i aria-hidden=\"true\" role=\"presentation\" class=\"elementor-menu-toggle__icon--open eicon-menu-bar\"><\/i><i aria-hidden=\"true\" role=\"presentation\" class=\"elementor-menu-toggle__icon--close eicon-close\"><\/i>\t\t<\/div>\n\t\t\t\t\t<nav class=\"elementor-nav-menu--dropdown elementor-nav-menu__container\" aria-hidden=\"true\">\n\t\t\t\t<ul id=\"menu-2-1bb52837\" class=\"elementor-nav-menu\"><li class=\"menu-item menu-item-type-post_type menu-item-object-page menu-item-home menu-item-12224\"><a href=\"https:\/\/theprogthief.de\/en\/\" class=\"elementor-item\" tabindex=\"-1\">Home<\/a><\/li>\n<li class=\"menu-item menu-item-type-post_type menu-item-object-page menu-item-24784\"><a href=\"https:\/\/theprogthief.de\/en\/ayreon-alben\/\" class=\"elementor-item\" tabindex=\"-1\">Ayreon<\/a><\/li>\n<li class=\"menu-item menu-item-type-post_type menu-item-object-page menu-item-24610\"><a href=\"https:\/\/theprogthief.de\/en\/porcupine-tree\/\" class=\"elementor-item\" tabindex=\"-1\">Porcupine Tree<\/a><\/li>\n<li class=\"menu-item menu-item-type-post_type menu-item-object-page menu-item-30976\"><a href=\"https:\/\/theprogthief.de\/en\/theatre-of-tragedy\/\" class=\"elementor-item\" tabindex=\"-1\">Theatre Of Tragedy<\/a><\/li>\n<li class=\"menu-item menu-item-type-post_type menu-item-object-page menu-item-has-children menu-item-12227\"><a rel=\"Keine\" href=\"https:\/\/theprogthief.de\/en\/rezensionen\/\" class=\"elementor-item\" tabindex=\"-1\">Rezensionen<\/a>\n<ul class=\"sub-menu elementor-nav-menu--dropdown\">\n\t<li class=\"menu-item menu-item-type-post_type menu-item-object-page menu-item-13299\"><a href=\"https:\/\/theprogthief.de\/en\/reviewsii\/\" class=\"elementor-sub-item\" tabindex=\"-1\">Reviews II<\/a><\/li>\n\t<li class=\"menu-item menu-item-type-post_type menu-item-object-page menu-item-13253\"><a href=\"https:\/\/theprogthief.de\/en\/reviews-iii\/\" class=\"elementor-sub-item\" tabindex=\"-1\">Reviews III<\/a><\/li>\n\t<li class=\"menu-item menu-item-type-post_type menu-item-object-page menu-item-20876\"><a href=\"https:\/\/theprogthief.de\/en\/reviews-iv\/\" class=\"elementor-sub-item\" tabindex=\"-1\">Reviews IV<\/a><\/li>\n\t<li class=\"menu-item menu-item-type-post_type menu-item-object-page menu-item-24240\"><a href=\"https:\/\/theprogthief.de\/en\/reviews-v\/\" class=\"elementor-sub-item\" tabindex=\"-1\">Reviews V<\/a><\/li>\n\t<li class=\"menu-item menu-item-type-post_type menu-item-object-page menu-item-24478\"><a href=\"https:\/\/theprogthief.de\/en\/rezensionen\/\" class=\"elementor-sub-item\" tabindex=\"-1\">Rezensionen A-Z<\/a><\/li>\n<\/ul>\n<\/li>\n<li class=\"menu-item menu-item-type-post_type menu-item-object-page menu-item-19217\"><a href=\"https:\/\/theprogthief.de\/en\/female-driven\/\" class=\"elementor-item\" tabindex=\"-1\">Female Driven<\/a><\/li>\n<li class=\"menu-item menu-item-type-post_type menu-item-object-page menu-item-12223\"><a href=\"https:\/\/theprogthief.de\/en\/was-ist-prog\/\" class=\"elementor-item\" tabindex=\"-1\">Was ist Prog?<\/a><\/li>\n<li class=\"menu-item menu-item-type-post_type menu-item-object-page menu-item-12222\"><a href=\"https:\/\/theprogthief.de\/en\/ueber-mich\/\" class=\"elementor-item\" tabindex=\"-1\">\u00dcber mich<\/a><\/li>\n<\/ul>\t\t\t<\/nav>\n\t\t\t\t\t\t<\/div>\n\t\t\t\t<\/div>\n\t\t\t\t\t<\/div>\n\t\t\t\t<\/div>\n\t\t<div class=\"elementor-element elementor-element-194f53e0 e-flex e-con-boxed e-con e-parent\" data-id=\"194f53e0\" data-element_type=\"container\" data-e-type=\"container\" data-settings=\"{&quot;background_background&quot;:&quot;classic&quot;}\">\n\t\t\t\t\t<div class=\"e-con-inner\">\n\t\t\t\t<div class=\"elementor-element elementor-element-6df7e3f elementor-widget elementor-widget-heading\" data-id=\"6df7e3f\" data-element_type=\"widget\" data-e-type=\"widget\" data-widget_type=\"heading.default\">\n\t\t\t\t<div class=\"elementor-widget-container\">\n\t\t\t\t\t<h2 class=\"elementor-heading-title elementor-size-default\">Somewhere Far Beyond by Blind Guardian<\/h2>\t\t\t\t<\/div>\n\t\t\t\t<\/div>\n\t\t\t\t\t<\/div>\n\t\t\t\t<\/div>\n\t\t<div class=\"elementor-element elementor-element-f040932 e-con-full e-flex e-con e-parent\" data-id=\"f040932\" data-element_type=\"container\" data-e-type=\"container\" data-settings=\"{&quot;background_background&quot;:&quot;classic&quot;}\">\n\t\t<div class=\"elementor-element elementor-element-32c0608f e-con-full e-flex e-con e-child\" data-id=\"32c0608f\" data-element_type=\"container\" data-e-type=\"container\">\n\t\t<div class=\"elementor-element elementor-element-21ad98fb e-flex e-con-boxed e-con e-child\" data-id=\"21ad98fb\" data-element_type=\"container\" data-e-type=\"container\">\n\t\t\t\t\t<div class=\"e-con-inner\">\n\t\t\t\t<div class=\"elementor-element elementor-element-2b4325c2 elementor-widget elementor-widget-text-editor\" data-id=\"2b4325c2\" data-element_type=\"widget\" data-e-type=\"widget\" data-widget_type=\"text-editor.default\">\n\t\t\t\t<div class=\"elementor-widget-container\">\n\t\t\t\t\t\t\t\t\t<p><a href=\"https:\/\/theprogthief.de\/wp-content\/uploads\/2025\/10\/BGSBFC1280.jpg\"><img fetchpriority=\"high\" decoding=\"async\" class=\"aligncenter wp-image-23091 size-full\" src=\"https:\/\/theprogthief.de\/wp-content\/uploads\/2025\/10\/BGSBFC350.jpg\" alt=\"LP Album &quot;Somewhere Far Beyond&quot; by Blind Guardian. Frontcover\" width=\"347\" height=\"350\" srcset=\"https:\/\/theprogthief.de\/wp-content\/uploads\/2025\/10\/BGSBFC350.jpg 347w, https:\/\/theprogthief.de\/wp-content\/uploads\/2025\/10\/BGSBFC350-297x300.jpg 297w, https:\/\/theprogthief.de\/wp-content\/uploads\/2025\/10\/BGSBFC350-150x150.jpg 150w, https:\/\/theprogthief.de\/wp-content\/uploads\/2025\/10\/BGSBFC350-12x12.jpg 12w\" sizes=\"(max-width: 347px) 100vw, 347px\" \/><\/a>\u00a0<\/p><p><a href=\"https:\/\/www.blind-guardian.com\/\" target=\"_blank\" rel=\"noopener\"><span style=\"text-decoration: underline;\">Blind Guardian<\/span><\/a><br \/>&#8222;Somewhere Far Beyond &#8211; Revisited&#8220;<br \/>Power Metal, Speed Metal. LP, Repress, Gatefold. 2024 (1992).<\/p><p>Das Album &#8222;Somewhere Far Beyond&#8220; ist das vierte Album der offiziell 1987 gegr\u00fcndeten deutschen Band Blind Guardian. &#8222;Somewhere Far Beyond&#8220; markiert den Wechsel des Stils von reinem Speed Metal zum bombastischen Powermetal mit Keyboards und Ch\u00f6ren, welcher sich auch durch die nachfolgenden Alben zog. Ich bespreche hier den 2024 ver\u00f6ffentlichte vinylen Nachdruck.<\/p><p><a href=\"https:\/\/theprogthief.de\/wp-content\/uploads\/2025\/10\/BGSBIC1280.jpg\"><img decoding=\"async\" class=\"aligncenter wp-image-23093 size-full\" src=\"https:\/\/theprogthief.de\/wp-content\/uploads\/2025\/10\/BGSBIC350.jpg\" alt=\"LP Album &quot;Somewhere Far Beyond&quot; by Blind Guardian. Innercover\" width=\"350\" height=\"175\" srcset=\"https:\/\/theprogthief.de\/wp-content\/uploads\/2025\/10\/BGSBIC350.jpg 350w, https:\/\/theprogthief.de\/wp-content\/uploads\/2025\/10\/BGSBIC350-300x150.jpg 300w, https:\/\/theprogthief.de\/wp-content\/uploads\/2025\/10\/BGSBIC350-150x75.jpg 150w, https:\/\/theprogthief.de\/wp-content\/uploads\/2025\/10\/BGSBIC350-18x9.jpg 18w\" sizes=\"(max-width: 350px) 100vw, 350px\" \/><\/a><\/p><p>Gemeinhin z\u00e4hlt SFB (Somewhere Far Beyond) zu den besten Ver\u00f6ffentlichungen Blind Guardians. Die Band lebt vom druckvollem Spiel und der versatilen Stimme des S\u00e4ngers Hansi K\u00fcrsch. Besonders deutlich wird der Gesang im akustischen Song &#8222;The Bard Song &#8211; In The Forrest&#8220;. F\u00fcr mich ein wunderbarer Break im gespielten Powermetal.<\/p><p>Aktuelle Besetzung<br \/>Hansi K\u00fcrsch &#8211; Vocals<br \/>Marcus Siepen &#8211; Guitar<br \/>Andr\u00e9 Olbrich &#8211; Guitar<br \/>Frederik Ehmke &#8211; Drums<\/p><p><a href=\"https:\/\/theprogthief.de\/wp-content\/uploads\/2025\/10\/BGSBLPB1280.jpg\"><img decoding=\"async\" class=\"aligncenter wp-image-23095 size-full\" src=\"https:\/\/theprogthief.de\/wp-content\/uploads\/2025\/10\/BGSBLPB350.jpg\" alt=\"LP Album &quot;Somewhere Far Beyond&quot; by Blind Guardian. LP B\" width=\"350\" height=\"341\" srcset=\"https:\/\/theprogthief.de\/wp-content\/uploads\/2025\/10\/BGSBLPB350.jpg 350w, https:\/\/theprogthief.de\/wp-content\/uploads\/2025\/10\/BGSBLPB350-300x292.jpg 300w, https:\/\/theprogthief.de\/wp-content\/uploads\/2025\/10\/BGSBLPB350-150x146.jpg 150w, https:\/\/theprogthief.de\/wp-content\/uploads\/2025\/10\/BGSBLPB350-12x12.jpg 12w\" sizes=\"(max-width: 350px) 100vw, 350px\" \/><\/a><\/p><p>Die Songs sind inspiriert von literarischen Vorbildern. &#8222;Time What Is Time&#8220; handelt vom Film Blade Runner und dessen Vorlage &#8222;Do Androids Dream of Electric Sheep?&#8220; von Philip K. Dick. &#8222;The Quest For Tanelorn&#8220; ist angelehnt an den &#8222;Ewigen Helden&#8220; des britischen ScFi\/Fantasy Autoren Michael Moorcock. J. R. R. Tolkiens &#8222;Herr der Ringe&#8220; stand Pate f\u00fcr das akustische &#8222;The Bard Song &#8211; In The Forrest&#8220;, welches die Fans textsicher mitsingen. &#8222;The Bard Song &#8211; The Hobbit&#8220; ist ebenfalls anglehnt an Tolkiens Werk, hier\u00a0 &#8222;Der Hobbit&#8220;. &#8222;Somewhere Far Beyond&#8220; wiederum bezieht sich auf &#8222;Der Turm&#8220; von Stephen King. Alle 10 Songs der vinylen Variante gingen und gehen gut runter und klingen auch 32 Jahre sp\u00e4ter immer noch frisch.<\/p><p>&#8222;Revisited&#8220; ist ein Remaster des originalen Albums von 1992. Gegen\u00fcber dem &#8222;rauheren&#8220; Charme, klingt der\u00a0 Sound klar und deutlicher, mit weniger Kanten. Ich pers\u00f6nlich bevorzuge den Remaster, gerade weil alles &#8222;moderner&#8220; klingt. Was nicht hei\u00dft, das die Originalaufnahme in irgendeiner Art und Weise schlecht ist. Was uns zu der Frage f\u00fchrt, ob der Remaster wirklich n\u00f6tig ist. In erster Linie geht es ums Gesch\u00e4ft, denn das Original ist hervorragend aufgenommen worden. Dennoch finde ich es gut, dass es mehr Auswahl gibt. Und dazu ist dieser Remaster gelungen, das haben wir schon wesentlich schlechter geh\u00f6rt. Wer das Original hat, ist schon sehr gut bedient. Ich habe beide Alben geh\u00f6rt und mich dann f\u00fcr den Remaster entschieden. F\u00fcr mich ist Blind Guardian eine der besten deutschen Metal Bands und &#8222;Somewhere Far Beyond&#8220; ihr Meisterwerk.<\/p><p><a href=\"https:\/\/theprogthief.de\/wp-content\/uploads\/2025\/10\/BGSBBC1280.jpg\"><img loading=\"lazy\" decoding=\"async\" class=\"aligncenter wp-image-23088 size-full\" src=\"https:\/\/theprogthief.de\/wp-content\/uploads\/2025\/10\/BGSBBC350.jpg\" alt=\"LP Album &quot;Somewhere Far Beyond&quot; by Blind Guardian. Backcover\" width=\"349\" height=\"350\" srcset=\"https:\/\/theprogthief.de\/wp-content\/uploads\/2025\/10\/BGSBBC350.jpg 349w, https:\/\/theprogthief.de\/wp-content\/uploads\/2025\/10\/BGSBBC350-300x300.jpg 300w, https:\/\/theprogthief.de\/wp-content\/uploads\/2025\/10\/BGSBBC350-150x150.jpg 150w, https:\/\/theprogthief.de\/wp-content\/uploads\/2025\/10\/BGSBBC350-12x12.jpg 12w\" sizes=\"(max-width: 349px) 100vw, 349px\" \/><\/a><\/p><p>Die Fotos stammen alle von meiner LP. Die Rechte aller Motive, Logos, Texte und Schriften, die auf den Fotos zu sehen sind, liegen nat\u00fcrlich beim Rechteinhaber.<\/p><p>No AI was used in the making of this Review.<br \/>\u00a923.10.2025<\/p>\t\t\t\t\t\t\t\t<\/div>\n\t\t\t\t<\/div>\n\t\t\t\t\t<\/div>\n\t\t\t\t<\/div>\n\t\t\t\t<\/div>\n\t\t\t\t<\/div>\n\t\t<div class=\"elementor-element elementor-element-5e150841 e-flex e-con-boxed e-con e-parent\" data-id=\"5e150841\" data-element_type=\"container\" data-e-type=\"container\" data-settings=\"{&quot;background_background&quot;:&quot;classic&quot;}\">\n\t\t\t\t\t<div class=\"e-con-inner\">\n\t\t<div class=\"elementor-element elementor-element-225b83b e-con-full e-flex e-con e-child\" data-id=\"225b83b\" data-element_type=\"container\" data-e-type=\"container\">\n\t\t\t\t<div class=\"elementor-element elementor-element-12d8f044 elementor-widget elementor-widget-video\" data-id=\"12d8f044\" data-element_type=\"widget\" data-e-type=\"widget\" data-settings=\"{&quot;youtube_url&quot;:&quot;https:\\\/\\\/youtu.be\\\/ZS85-mLG0V8?list=OLAK5uy_kDdDtHgh7qC3_jC-mIOD3j8Kn58ZZIo0o&quot;,&quot;video_type&quot;:&quot;youtube&quot;,&quot;controls&quot;:&quot;yes&quot;}\" data-widget_type=\"video.default\">\n\t\t\t\t<div class=\"elementor-widget-container\">\n\t\t\t\t\t\t\t<div class=\"elementor-wrapper elementor-open-inline\">\n\t\t\t<div class=\"elementor-video\"><\/div>\t\t<\/div>\n\t\t\t\t\t\t<\/div>\n\t\t\t\t<\/div>\n\t\t\t\t<\/div>\n\t\t<div class=\"elementor-element elementor-element-62ca5c1 e-con-full e-flex e-con e-child\" data-id=\"62ca5c1\" data-element_type=\"container\" data-e-type=\"container\">\n\t\t\t\t<div class=\"elementor-element elementor-element-2cb55b68 elementor-widget elementor-widget-video\" data-id=\"2cb55b68\" data-element_type=\"widget\" data-e-type=\"widget\" data-settings=\"{&quot;youtube_url&quot;:&quot;https:\\\/\\\/youtu.be\\\/LqcenqDUA60?list=OLAK5uy_kDdDtHgh7qC3_jC-mIOD3j8Kn58ZZIo0o&quot;,&quot;video_type&quot;:&quot;youtube&quot;,&quot;controls&quot;:&quot;yes&quot;}\" data-widget_type=\"video.default\">\n\t\t\t\t<div class=\"elementor-widget-container\">\n\t\t\t\t\t\t\t<div class=\"elementor-wrapper elementor-open-inline\">\n\t\t\t<div class=\"elementor-video\"><\/div>\t\t<\/div>\n\t\t\t\t\t\t<\/div>\n\t\t\t\t<\/div>\n\t\t\t\t<\/div>\n\t\t<div class=\"elementor-element elementor-element-11f0731c e-con-full e-flex e-con e-child\" data-id=\"11f0731c\" data-element_type=\"container\" data-e-type=\"container\">\n\t\t\t\t<div class=\"elementor-element elementor-element-24d252ca elementor-widget elementor-widget-video\" data-id=\"24d252ca\" data-element_type=\"widget\" data-e-type=\"widget\" data-settings=\"{&quot;youtube_url&quot;:&quot;https:\\\/\\\/youtu.be\\\/p4YdAcszobQ?list=OLAK5uy_kDdDtHgh7qC3_jC-mIOD3j8Kn58ZZIo0o&quot;,&quot;video_type&quot;:&quot;youtube&quot;,&quot;controls&quot;:&quot;yes&quot;}\" data-widget_type=\"video.default\">\n\t\t\t\t<div class=\"elementor-widget-container\">\n\t\t\t\t\t\t\t<div class=\"elementor-wrapper elementor-open-inline\">\n\t\t\t<div class=\"elementor-video\"><\/div>\t\t<\/div>\n\t\t\t\t\t\t<\/div>\n\t\t\t\t<\/div>\n\t\t\t\t<\/div>\n\t\t\t\t\t<\/div>\n\t\t\t\t<\/div>\n\t\t<div class=\"elementor-element elementor-element-4ede1e46 e-flex e-con-boxed e-con e-parent\" data-id=\"4ede1e46\" data-element_type=\"container\" data-e-type=\"container\" data-settings=\"{&quot;background_background&quot;:&quot;classic&quot;}\">\n\t\t\t\t\t<div class=\"e-con-inner\">\n\t\t\t\t<div class=\"elementor-element elementor-element-2a224664 elementor-widget elementor-widget-heading\" data-id=\"2a224664\" data-element_type=\"widget\" data-e-type=\"widget\" data-widget_type=\"heading.default\">\n\t\t\t\t<div class=\"elementor-widget-container\">\n\t\t\t\t\t<h4 class=\"elementor-heading-title elementor-size-default\"><a href=\"https:\/\/www.hoeren-und-fuehlen.de\/\" target=\"_blank\">Interessiert an mehr Musik und Technik? Dann:<\/a><\/h4>\t\t\t\t<\/div>\n\t\t\t\t<\/div>\n\t\t\t\t<div class=\"elementor-element elementor-element-3930bdae elementor-widget elementor-widget-image\" data-id=\"3930bdae\" data-element_type=\"widget\" data-e-type=\"widget\" data-widget_type=\"image.default\">\n\t\t\t\t<div class=\"elementor-widget-container\">\n\t\t\t\t\t\t\t\t\t\t\t\t\t\t\t\t<a href=\"https:\/\/www.hoeren-und-fuehlen.de\/\" target=\"_blank\">\n\t\t\t\t\t\t\t<img loading=\"lazy\" decoding=\"async\" width=\"150\" height=\"47\" src=\"https:\/\/theprogthief.de\/wp-content\/uploads\/2024\/06\/Banner-150x47.jpg\" class=\"attachment-thumbnail size-thumbnail wp-image-5580\" alt=\"\" srcset=\"https:\/\/theprogthief.de\/wp-content\/uploads\/2024\/06\/Banner-150x47.jpg 150w, https:\/\/theprogthief.de\/wp-content\/uploads\/2024\/06\/Banner-300x94.jpg 300w, https:\/\/theprogthief.de\/wp-content\/uploads\/2024\/06\/Banner.jpg 320w\" sizes=\"(max-width: 150px) 100vw, 150px\" \/>\t\t\t\t\t\t\t\t<\/a>\n\t\t\t\t\t\t\t\t\t\t\t\t\t\t\t<\/div>\n\t\t\t\t<\/div>\n\t\t\t\t\t<\/div>\n\t\t\t\t<\/div>\n\t\t<div class=\"elementor-element elementor-element-7e47edfc e-con-full e-flex e-con e-parent\" data-id=\"7e47edfc\" data-element_type=\"container\" data-e-type=\"container\" data-settings=\"{&quot;background_background&quot;:&quot;classic&quot;}\">\n\t\t\t\t<div class=\"elementor-element elementor-element-5036ecb7 elementor-widget__width-initial elementor-widget-mobile__width-initial elementor-widget elementor-widget-text-editor\" data-id=\"5036ecb7\" data-element_type=\"widget\" data-e-type=\"widget\" data-widget_type=\"text-editor.default\">\n\t\t\t\t<div class=\"elementor-widget-container\">\n\t\t\t\t\t\t\t\t\t<p style=\"text-align: left;\"><span style=\"color: #000000;\"><strong><br \/><\/strong><\/span>[info@theprogthief.de]<\/p>\t\t\t\t\t\t\t\t<\/div>\n\t\t\t\t<\/div>\n\t\t\t\t<div class=\"elementor-element elementor-element-5df6119f elementor-align-center elementor-widget elementor-widget-button\" data-id=\"5df6119f\" data-element_type=\"widget\" data-e-type=\"widget\" data-widget_type=\"button.default\">\n\t\t\t\t<div class=\"elementor-widget-container\">\n\t\t\t\t\t\t\t\t\t<div class=\"elementor-button-wrapper\">\n\t\t\t\t\t<a class=\"elementor-button elementor-button-link elementor-size-sm\" href=\"https:\/\/theprogthief.de\/impressum\/\">\n\t\t\t\t\t\t<span class=\"elementor-button-content-wrapper\">\n\t\t\t\t\t\t\t\t\t<span class=\"elementor-button-text\">Impressum<\/span>\n\t\t\t\t\t<\/span>\n\t\t\t\t\t<\/a>\n\t\t\t\t<\/div>\n\t\t\t\t\t\t\t\t<\/div>\n\t\t\t\t<\/div>\n\t\t\t\t<div class=\"elementor-element elementor-element-2ef3068 elementor-align-center elementor-widget elementor-widget-button\" data-id=\"2ef3068\" data-element_type=\"widget\" data-e-type=\"widget\" data-widget_type=\"button.default\">\n\t\t\t\t<div class=\"elementor-widget-container\">\n\t\t\t\t\t\t\t\t\t<div class=\"elementor-button-wrapper\">\n\t\t\t\t\t<a class=\"elementor-button elementor-button-link elementor-size-sm\" href=\"https:\/\/theprogthief.de\/datenschutzerklaerung\/\">\n\t\t\t\t\t\t<span class=\"elementor-button-content-wrapper\">\n\t\t\t\t\t\t\t\t\t<span class=\"elementor-button-text\">Datenschutz<\/span>\n\t\t\t\t\t<\/span>\n\t\t\t\t\t<\/a>\n\t\t\t\t<\/div>\n\t\t\t\t\t\t\t\t<\/div>\n\t\t\t\t<\/div>\n\t\t\t\t<div class=\"elementor-element elementor-element-1dbed76 elementor-align-center elementor-widget elementor-widget-button\" data-id=\"1dbed76\" data-element_type=\"widget\" data-e-type=\"widget\" data-widget_type=\"button.default\">\n\t\t\t\t<div class=\"elementor-widget-container\">\n\t\t\t\t\t\t\t\t\t<div class=\"elementor-button-wrapper\">\n\t\t\t\t\t<a class=\"elementor-button elementor-button-link elementor-size-sm\" href=\"https:\/\/theprogthief.de\/gender-hinweis\/\">\n\t\t\t\t\t\t<span class=\"elementor-button-content-wrapper\">\n\t\t\t\t\t\t\t\t\t<span class=\"elementor-button-text\">Gender-Hinweis<\/span>\n\t\t\t\t\t<\/span>\n\t\t\t\t\t<\/a>\n\t\t\t\t<\/div>\n\t\t\t\t\t\t\t\t<\/div>\n\t\t\t\t<\/div>\n\t\t\t\t<\/div>\n\t\t\t\t<\/div>\n\t\t","protected":false},"excerpt":{"rendered":"<p>Review of &#8222;Somewhere Far Beyond &#8211; Revisited&#8220;. LP. Gatefold. Repress 2024 (1992). Power Metal, Speed Metal.<\/p>","protected":false},"author":1,"featured_media":23091,"parent":0,"menu_order":0,"comment_status":"closed","ping_status":"closed","template":"","meta":{"ocean_post_layout":"full-screen","ocean_both_sidebars_style":"","ocean_both_sidebars_content_width":0,"ocean_both_sidebars_sidebars_width":0,"ocean_sidebar":"","ocean_second_sidebar":"","ocean_disable_margins":"enable","ocean_add_body_class":"","ocean_shortcode_before_top_bar":"","ocean_shortcode_after_top_bar":"","ocean_shortcode_before_header":"","ocean_shortcode_after_header":"","ocean_has_shortcode":"","ocean_shortcode_after_title":"","ocean_shortcode_before_footer_widgets":"","ocean_shortcode_after_footer_widgets":"","ocean_shortcode_before_footer_bottom":"","ocean_shortcode_after_footer_bottom":"","ocean_display_top_bar":"off","ocean_display_header":"off","ocean_header_style":"","ocean_center_header_left_menu":"","ocean_custom_header_template":"","ocean_custom_logo":0,"ocean_custom_retina_logo":0,"ocean_custom_logo_max_width":0,"ocean_custom_logo_tablet_max_width":0,"ocean_custom_logo_mobile_max_width":0,"ocean_custom_logo_max_height":0,"ocean_custom_logo_tablet_max_height":0,"ocean_custom_logo_mobile_max_height":0,"ocean_header_custom_menu":"","ocean_menu_typo_font_family":"","ocean_menu_typo_font_subset":"","ocean_menu_typo_font_size":0,"ocean_menu_typo_font_size_tablet":0,"ocean_menu_typo_font_size_mobile":0,"ocean_menu_typo_font_size_unit":"px","ocean_menu_typo_font_weight":"","ocean_menu_typo_font_weight_tablet":"","ocean_menu_typo_font_weight_mobile":"","ocean_menu_typo_transform":"","ocean_menu_typo_transform_tablet":"","ocean_menu_typo_transform_mobile":"","ocean_menu_typo_line_height":0,"ocean_menu_typo_line_height_tablet":0,"ocean_menu_typo_line_height_mobile":0,"ocean_menu_typo_line_height_unit":"","ocean_menu_typo_spacing":0,"ocean_menu_typo_spacing_tablet":0,"ocean_menu_typo_spacing_mobile":0,"ocean_menu_typo_spacing_unit":"","ocean_menu_link_color":"","ocean_menu_link_color_hover":"","ocean_menu_link_color_active":"","ocean_menu_link_background":"","ocean_menu_link_hover_background":"","ocean_menu_link_active_background":"","ocean_menu_social_links_bg":"","ocean_menu_social_hover_links_bg":"","ocean_menu_social_links_color":"","ocean_menu_social_hover_links_color":"","ocean_disable_title":"on","ocean_disable_heading":"default","ocean_post_title":"","ocean_post_subheading":"","ocean_post_title_style":"","ocean_post_title_background_color":"","ocean_post_title_background":0,"ocean_post_title_bg_image_position":"","ocean_post_title_bg_image_attachment":"","ocean_post_title_bg_image_repeat":"","ocean_post_title_bg_image_size":"","ocean_post_title_height":0,"ocean_post_title_bg_overlay":0.5,"ocean_post_title_bg_overlay_color":"","ocean_disable_breadcrumbs":"default","ocean_breadcrumbs_color":"","ocean_breadcrumbs_separator_color":"","ocean_breadcrumbs_links_color":"","ocean_breadcrumbs_links_hover_color":"","ocean_display_footer_widgets":"off","ocean_display_footer_bottom":"off","ocean_custom_footer_template":"","footnotes":""},"class_list":["post-23087","page","type-page","status-publish","has-post-thumbnail","hentry","entry","has-media"],"_links":{"self":[{"href":"https:\/\/theprogthief.de\/en\/wp-json\/wp\/v2\/pages\/23087","targetHints":{"allow":["GET"]}}],"collection":[{"href":"https:\/\/theprogthief.de\/en\/wp-json\/wp\/v2\/pages"}],"about":[{"href":"https:\/\/theprogthief.de\/en\/wp-json\/wp\/v2\/types\/page"}],"author":[{"embeddable":true,"href":"https:\/\/theprogthief.de\/en\/wp-json\/wp\/v2\/users\/1"}],"replies":[{"embeddable":true,"href":"https:\/\/theprogthief.de\/en\/wp-json\/wp\/v2\/comments?post=23087"}],"version-history":[{"count":10,"href":"https:\/\/theprogthief.de\/en\/wp-json\/wp\/v2\/pages\/23087\/revisions"}],"predecessor-version":[{"id":31097,"href":"https:\/\/theprogthief.de\/en\/wp-json\/wp\/v2\/pages\/23087\/revisions\/31097"}],"wp:featuredmedia":[{"embeddable":true,"href":"https:\/\/theprogthief.de\/en\/wp-json\/wp\/v2\/media\/23091"}],"wp:attachment":[{"href":"https:\/\/theprogthief.de\/en\/wp-json\/wp\/v2\/media?parent=23087"}],"curies":[{"name":"wp","href":"https:\/\/api.w.org\/{rel}","templated":true}]}}