{"id":23452,"date":"2025-10-26T13:42:03","date_gmt":"2025-10-26T12:42:03","guid":{"rendered":"https:\/\/theprogthief.de\/?page_id=23452"},"modified":"2026-04-02T00:24:02","modified_gmt":"2026-04-01T22:24:02","slug":"beyond-man-and-time-by-rpwl","status":"publish","type":"page","link":"https:\/\/theprogthief.de\/en\/beyond-man-and-time-by-rpwl\/","title":{"rendered":"Beyond Man And Time by RPWL"},"content":{"rendered":"\t\t<div data-elementor-type=\"wp-page\" data-elementor-id=\"23452\" class=\"elementor elementor-23452\" data-elementor-post-type=\"page\">\n\t\t\t\t<div class=\"elementor-element elementor-element-246d5255 e-con-full e-flex e-con e-parent\" data-id=\"246d5255\" data-element_type=\"container\" data-e-type=\"container\" data-settings=\"{&quot;background_background&quot;:&quot;classic&quot;}\">\n\t\t\t\t<div class=\"elementor-element elementor-element-187bd71d elementor-widget elementor-widget-heading\" data-id=\"187bd71d\" data-element_type=\"widget\" data-e-type=\"widget\" data-widget_type=\"heading.default\">\n\t\t\t\t<div class=\"elementor-widget-container\">\n\t\t\t\t\t<h2 class=\"elementor-heading-title elementor-size-default\"><a href=\"https:\/\/theprogthief.de\"> The Prog-Thief<\/a><\/h2>\t\t\t\t<\/div>\n\t\t\t\t<\/div>\n\t\t\t\t<\/div>\n\t\t<div class=\"elementor-element elementor-element-57aad6d4 e-flex e-con-boxed e-con e-parent\" data-id=\"57aad6d4\" data-element_type=\"container\" data-e-type=\"container\" data-settings=\"{&quot;background_background&quot;:&quot;classic&quot;}\">\n\t\t\t\t\t<div class=\"e-con-inner\">\n\t\t\t\t<div class=\"elementor-element elementor-element-1ff7aa6b elementor-nav-menu--stretch elementor-widget__width-initial elementor-nav-menu__text-align-aside elementor-nav-menu--toggle elementor-nav-menu--burger elementor-invisible elementor-widget elementor-widget-global elementor-global-12513 elementor-widget-nav-menu\" data-id=\"1ff7aa6b\" data-element_type=\"widget\" data-e-type=\"widget\" data-settings=\"{&quot;layout&quot;:&quot;dropdown&quot;,&quot;submenu_icon&quot;:{&quot;value&quot;:&quot;fas fa-chevron-down&quot;,&quot;library&quot;:&quot;fa-solid&quot;},&quot;full_width&quot;:&quot;stretch&quot;,&quot;_animation&quot;:&quot;fadeInUp&quot;,&quot;toggle&quot;:&quot;burger&quot;}\" data-widget_type=\"nav-menu.default\">\n\t\t\t\t<div class=\"elementor-widget-container\">\n\t\t\t\t\t\t\t<div class=\"elementor-menu-toggle\" role=\"button\" tabindex=\"0\" aria-label=\"Menu Toggle\" aria-expanded=\"false\">\n\t\t\t<i aria-hidden=\"true\" role=\"presentation\" class=\"elementor-menu-toggle__icon--open eicon-menu-bar\"><\/i><i aria-hidden=\"true\" role=\"presentation\" class=\"elementor-menu-toggle__icon--close eicon-close\"><\/i>\t\t<\/div>\n\t\t\t\t\t<nav class=\"elementor-nav-menu--dropdown elementor-nav-menu__container\" aria-hidden=\"true\">\n\t\t\t\t<ul id=\"menu-2-1ff7aa6b\" class=\"elementor-nav-menu\"><li class=\"menu-item menu-item-type-post_type menu-item-object-page menu-item-home menu-item-12224\"><a href=\"https:\/\/theprogthief.de\/en\/\" class=\"elementor-item\" tabindex=\"-1\">Home<\/a><\/li>\n<li class=\"menu-item menu-item-type-post_type menu-item-object-page menu-item-24784\"><a href=\"https:\/\/theprogthief.de\/en\/ayreon-alben\/\" class=\"elementor-item\" tabindex=\"-1\">Ayreon<\/a><\/li>\n<li class=\"menu-item menu-item-type-post_type menu-item-object-page menu-item-24610\"><a href=\"https:\/\/theprogthief.de\/en\/porcupine-tree\/\" class=\"elementor-item\" tabindex=\"-1\">Porcupine Tree<\/a><\/li>\n<li class=\"menu-item menu-item-type-post_type menu-item-object-page menu-item-30976\"><a href=\"https:\/\/theprogthief.de\/en\/theatre-of-tragedy\/\" class=\"elementor-item\" tabindex=\"-1\">Theatre Of Tragedy<\/a><\/li>\n<li class=\"menu-item menu-item-type-post_type menu-item-object-page menu-item-has-children menu-item-12227\"><a rel=\"Keine\" href=\"https:\/\/theprogthief.de\/en\/rezensionen\/\" class=\"elementor-item\" tabindex=\"-1\">Rezensionen<\/a>\n<ul class=\"sub-menu elementor-nav-menu--dropdown\">\n\t<li class=\"menu-item menu-item-type-post_type menu-item-object-page menu-item-13299\"><a href=\"https:\/\/theprogthief.de\/en\/reviewsii\/\" class=\"elementor-sub-item\" tabindex=\"-1\">Reviews II<\/a><\/li>\n\t<li class=\"menu-item menu-item-type-post_type menu-item-object-page menu-item-13253\"><a href=\"https:\/\/theprogthief.de\/en\/reviews-iii\/\" class=\"elementor-sub-item\" tabindex=\"-1\">Reviews III<\/a><\/li>\n\t<li class=\"menu-item menu-item-type-post_type menu-item-object-page menu-item-20876\"><a href=\"https:\/\/theprogthief.de\/en\/reviews-iv\/\" class=\"elementor-sub-item\" tabindex=\"-1\">Reviews IV<\/a><\/li>\n\t<li class=\"menu-item menu-item-type-post_type menu-item-object-page menu-item-24240\"><a href=\"https:\/\/theprogthief.de\/en\/reviews-v\/\" class=\"elementor-sub-item\" tabindex=\"-1\">Reviews V<\/a><\/li>\n\t<li class=\"menu-item menu-item-type-post_type menu-item-object-page menu-item-24478\"><a href=\"https:\/\/theprogthief.de\/en\/rezensionen\/\" class=\"elementor-sub-item\" tabindex=\"-1\">Rezensionen A-Z<\/a><\/li>\n<\/ul>\n<\/li>\n<li class=\"menu-item menu-item-type-post_type menu-item-object-page menu-item-19217\"><a href=\"https:\/\/theprogthief.de\/en\/female-driven\/\" class=\"elementor-item\" tabindex=\"-1\">Female Driven<\/a><\/li>\n<li class=\"menu-item menu-item-type-post_type menu-item-object-page menu-item-12223\"><a href=\"https:\/\/theprogthief.de\/en\/was-ist-prog\/\" class=\"elementor-item\" tabindex=\"-1\">Was ist Prog?<\/a><\/li>\n<li class=\"menu-item menu-item-type-post_type menu-item-object-page menu-item-12222\"><a href=\"https:\/\/theprogthief.de\/en\/ueber-mich\/\" class=\"elementor-item\" tabindex=\"-1\">\u00dcber mich<\/a><\/li>\n<\/ul>\t\t\t<\/nav>\n\t\t\t\t\t\t<\/div>\n\t\t\t\t<\/div>\n\t\t\t\t\t<\/div>\n\t\t\t\t<\/div>\n\t\t<div class=\"elementor-element elementor-element-695579a5 e-flex e-con-boxed e-con e-parent\" data-id=\"695579a5\" data-element_type=\"container\" data-e-type=\"container\" data-settings=\"{&quot;background_background&quot;:&quot;classic&quot;}\">\n\t\t\t\t\t<div class=\"e-con-inner\">\n\t\t\t\t<div class=\"elementor-element elementor-element-3fa206f9 elementor-widget elementor-widget-heading\" data-id=\"3fa206f9\" data-element_type=\"widget\" data-e-type=\"widget\" data-widget_type=\"heading.default\">\n\t\t\t\t<div class=\"elementor-widget-container\">\n\t\t\t\t\t<h2 class=\"elementor-heading-title elementor-size-default\">Beyond Man And Time by RPWL<\/h2>\t\t\t\t<\/div>\n\t\t\t\t<\/div>\n\t\t\t\t\t<\/div>\n\t\t\t\t<\/div>\n\t\t<div class=\"elementor-element elementor-element-431bb344 e-flex e-con-boxed e-con e-parent\" data-id=\"431bb344\" data-element_type=\"container\" data-e-type=\"container\" data-settings=\"{&quot;background_background&quot;:&quot;classic&quot;}\">\n\t\t\t\t\t<div class=\"e-con-inner\">\n\t\t<div class=\"elementor-element elementor-element-24d74272 e-con-full e-flex e-con e-child\" data-id=\"24d74272\" data-element_type=\"container\" data-e-type=\"container\">\n\t\t<div class=\"elementor-element elementor-element-2b1981b8 e-flex e-con-boxed e-con e-child\" data-id=\"2b1981b8\" data-element_type=\"container\" data-e-type=\"container\">\n\t\t\t\t\t<div class=\"e-con-inner\">\n\t\t\t\t<div class=\"elementor-element elementor-element-682fadae elementor-widget elementor-widget-text-editor\" data-id=\"682fadae\" data-element_type=\"widget\" data-e-type=\"widget\" data-widget_type=\"text-editor.default\">\n\t\t\t\t<div class=\"elementor-widget-container\">\n\t\t\t\t\t\t\t\t\t<p><a href=\"https:\/\/theprogthief.de\/wp-content\/uploads\/2025\/10\/RPBTFC1280.jpg\"><img fetchpriority=\"high\" decoding=\"async\" class=\"aligncenter wp-image-23456 size-full\" src=\"https:\/\/theprogthief.de\/wp-content\/uploads\/2025\/10\/RPBTFC350.jpg\" alt=\"Vinyl Album &quot;Beyond Time And Space&quot; by RPWL. Frontcover\" width=\"349\" height=\"350\" srcset=\"https:\/\/theprogthief.de\/wp-content\/uploads\/2025\/10\/RPBTFC350.jpg 349w, https:\/\/theprogthief.de\/wp-content\/uploads\/2025\/10\/RPBTFC350-300x300.jpg 300w, https:\/\/theprogthief.de\/wp-content\/uploads\/2025\/10\/RPBTFC350-150x150.jpg 150w, https:\/\/theprogthief.de\/wp-content\/uploads\/2025\/10\/RPBTFC350-12x12.jpg 12w\" sizes=\"(max-width: 349px) 100vw, 349px\" \/><\/a>\u00a0<\/p><p><a href=\"https:\/\/www.rpwl.net\/\" target=\"_blank\" rel=\"noopener\"><span style=\"text-decoration: underline;\">RPWL<\/span><\/a><br \/>&#8222;Beyond Man And Time&#8220;<br \/>Progressive\/Art Rock. Black Vinyl. 2012. Reissue 2023.<\/p><p>1997 gr\u00fcndeten in Freising, Deutschland, Phil Paul Risettio (R), Chris Postl (P),\u00a0 Kalle Wallner (W) und Yogi Lang (L) RPWL als Pink Floyd Coverband. Allerdings verselbstst\u00e4ndigte sich der Stil recht schnell und auch wenn Yogi Lang \u00e4hnlich singt wie David Gilmour, ist es eine eigene Band geworden. Mit &#8222;Beyond Man And Time&#8220; ist 2012 ihr erstes Konzeptalbum und f\u00fcr mich auch ihr bestes Werk erschienen. Thema ist die Welt au\u00dferhalb Platons &#8222;H\u00f6hle&#8220; und Nietzsches &#8222;Zarathustra&#8220;.<\/p><p>Das aktuelle Line-Up besteht aus Yogi Lang (Vocals, Keyboards), Kalle Wallner (Guitar), Marc Turiaux (Drums) und Markus Gr\u00fctzner (Bass).<\/p><p><a href=\"https:\/\/theprogthief.de\/wp-content\/uploads\/2025\/10\/RPBTIC1280.jpg\"><img decoding=\"async\" class=\"aligncenter wp-image-23458 size-full\" src=\"https:\/\/theprogthief.de\/wp-content\/uploads\/2025\/10\/RPBTIC350.jpg\" alt=\"Vinyl Album &quot;Beyond Time And Space&quot; by RPWL. Innercover\" width=\"350\" height=\"168\" srcset=\"https:\/\/theprogthief.de\/wp-content\/uploads\/2025\/10\/RPBTIC350.jpg 350w, https:\/\/theprogthief.de\/wp-content\/uploads\/2025\/10\/RPBTIC350-300x144.jpg 300w, https:\/\/theprogthief.de\/wp-content\/uploads\/2025\/10\/RPBTIC350-150x72.jpg 150w, https:\/\/theprogthief.de\/wp-content\/uploads\/2025\/10\/RPBTIC350-18x9.jpg 18w\" sizes=\"(max-width: 350px) 100vw, 350px\" \/><\/a><\/p><p>Entstanden ist BMAT (Beyond Man And Time) in Yogi Langs &#8222;Die Farm Studios&#8220; 2012. Besprochen wird hier die in 180 Gramm gepresste Neuauflage von 2023. W\u00e4hrend die Produktion und der Klang mit zu dem besten geh\u00f6rt, was ich auf Vinyl geh\u00f6rt habe, geh\u00f6rt die Pressung nicht dazu. Leider werden nagelneue wellige Platten gef\u00fchlt immer mehr. Und auch wenn es den Ton nicht beeinflusst, zu wellige Platten sollten nicht durch die Qualit\u00e4tskontrolle kommen. Daf\u00fcr sind Schallplatten einfach zu teuer. Ich habe keine Welle in einer einzigen alten Platte (selbst in inzwischen 50 Jahre alten Platten nicht), aber in vielen neueren Pressungen.\u00a0<\/p><p>BMAT bietet von glatten Rock, Art-Rock bis zum Progressive Rock einiges an Spielarten. Highlight ist f\u00fcr mich das 16:19 Minuten lange &#8222;The Fisherman&#8220;. Aber auch das sch\u00f6ne &#8222;Unchain The Earth&#8220; wei\u00df zu gefallen. RPWL ist f\u00e4hig, gef\u00e4llige Melodien mit Leichtigkeit zu spielen , ohne langweilig zu werden. Die St\u00e4rke ist der interessante Aufbau wie in &#8222;Road Of Creation&#8220;. Ihr merkt es schon: Der Star ist das Album selbst. 11 Songs, von denen keiner abf\u00e4llt.<\/p><p><a href=\"https:\/\/theprogthief.de\/wp-content\/uploads\/2025\/10\/RPBTLPA1280.jpg\"><img decoding=\"async\" class=\"aligncenter wp-image-23460 size-full\" src=\"https:\/\/theprogthief.de\/wp-content\/uploads\/2025\/10\/RPBTLPA350.jpg\" alt=\"Vinyl Album &quot;Beyond Time And Space&quot; by RPWL. LP\" width=\"350\" height=\"347\" srcset=\"https:\/\/theprogthief.de\/wp-content\/uploads\/2025\/10\/RPBTLPA350.jpg 350w, https:\/\/theprogthief.de\/wp-content\/uploads\/2025\/10\/RPBTLPA350-300x297.jpg 300w, https:\/\/theprogthief.de\/wp-content\/uploads\/2025\/10\/RPBTLPA350-150x150.jpg 150w, https:\/\/theprogthief.de\/wp-content\/uploads\/2025\/10\/RPBTLPA350-12x12.jpg 12w\" sizes=\"(max-width: 350px) 100vw, 350px\" \/><\/a><\/p><p>Wie Nietzsche in \u201eAlso sprach Zarathustra\u201c begibt sich der Protagonist von BMAT auf eine Reise. Die Figuren denen er begegnet sind adaptiert aus Zarathustra, auf dem Weg zu neuen Erkenntnissen. Die \u201eUmwertung der Werte\u201c ist dabei die Grundidee und daraus entstehen (hoffentlich) neue Denkweisen.\u00a0<\/p><p>Wir finden Orientalische Percussions, Moog-Soli und auch eine indische Sitar. Die Umstzung ist atmosph\u00e4risch und farbenfroh gelungen. Soundtechnisch absolute Oberliga. Wer progressive Rock mag, kommt an diesem Album nicht vorbei. Bis auf die welligen Platten eine perfekte Produktion.\u00a0<\/p><p><a href=\"https:\/\/theprogthief.de\/wp-content\/uploads\/2025\/10\/RPBTBC1280.jpg\"><img loading=\"lazy\" decoding=\"async\" class=\"aligncenter wp-image-23453 size-full\" src=\"https:\/\/theprogthief.de\/wp-content\/uploads\/2025\/10\/RPBTBC350.jpg\" alt=\"Vinyl Album &quot;Beyond Time And Space&quot; by RPWL. Backcover\" width=\"349\" height=\"350\" srcset=\"https:\/\/theprogthief.de\/wp-content\/uploads\/2025\/10\/RPBTBC350.jpg 349w, https:\/\/theprogthief.de\/wp-content\/uploads\/2025\/10\/RPBTBC350-300x300.jpg 300w, https:\/\/theprogthief.de\/wp-content\/uploads\/2025\/10\/RPBTBC350-150x150.jpg 150w, https:\/\/theprogthief.de\/wp-content\/uploads\/2025\/10\/RPBTBC350-12x12.jpg 12w\" sizes=\"(max-width: 349px) 100vw, 349px\" \/><\/a><\/p><p>Die Fotos stammen alle von meiner LP. Die Rechte aller Motive, Logos, Texte und Schriften, die auf den Fotos zu sehen sind, liegen nat\u00fcrlich beim Rechteinhaber.<\/p><p>No AI was used in the making of this Review.<br \/>\u00a929.10.2025<\/p>\t\t\t\t\t\t\t\t<\/div>\n\t\t\t\t<\/div>\n\t\t\t\t\t<\/div>\n\t\t\t\t<\/div>\n\t\t\t\t<\/div>\n\t\t\t\t\t<\/div>\n\t\t\t\t<\/div>\n\t\t<div class=\"elementor-element elementor-element-6469ea77 e-flex e-con-boxed e-con e-parent\" data-id=\"6469ea77\" data-element_type=\"container\" data-e-type=\"container\" data-settings=\"{&quot;background_background&quot;:&quot;classic&quot;}\">\n\t\t\t\t\t<div class=\"e-con-inner\">\n\t\t<div class=\"elementor-element elementor-element-650127cf e-con-full e-flex e-con e-child\" data-id=\"650127cf\" data-element_type=\"container\" data-e-type=\"container\">\n\t\t\t\t<div class=\"elementor-element elementor-element-7c10c79c elementor-widget elementor-widget-video\" data-id=\"7c10c79c\" data-element_type=\"widget\" data-e-type=\"widget\" data-settings=\"{&quot;youtube_url&quot;:&quot;https:\\\/\\\/youtu.be\\\/bYfBncc8rdI?list=OLAK5uy_n4NHX3_x_VvUMbEzsHdu5AqvPLFaRjbEk&quot;,&quot;video_type&quot;:&quot;youtube&quot;,&quot;controls&quot;:&quot;yes&quot;}\" data-widget_type=\"video.default\">\n\t\t\t\t<div class=\"elementor-widget-container\">\n\t\t\t\t\t\t\t<div class=\"elementor-wrapper elementor-open-inline\">\n\t\t\t<div class=\"elementor-video\"><\/div>\t\t<\/div>\n\t\t\t\t\t\t<\/div>\n\t\t\t\t<\/div>\n\t\t\t\t<\/div>\n\t\t<div class=\"elementor-element elementor-element-450446fd e-con-full e-flex e-con e-child\" data-id=\"450446fd\" data-element_type=\"container\" data-e-type=\"container\">\n\t\t\t\t<div class=\"elementor-element elementor-element-44eff1a0 elementor-widget elementor-widget-video\" data-id=\"44eff1a0\" data-element_type=\"widget\" data-e-type=\"widget\" data-settings=\"{&quot;youtube_url&quot;:&quot;https:\\\/\\\/youtu.be\\\/7aZFAUzoDfQ?list=OLAK5uy_n4NHX3_x_VvUMbEzsHdu5AqvPLFaRjbEk&quot;,&quot;video_type&quot;:&quot;youtube&quot;,&quot;controls&quot;:&quot;yes&quot;}\" data-widget_type=\"video.default\">\n\t\t\t\t<div class=\"elementor-widget-container\">\n\t\t\t\t\t\t\t<div class=\"elementor-wrapper elementor-open-inline\">\n\t\t\t<div class=\"elementor-video\"><\/div>\t\t<\/div>\n\t\t\t\t\t\t<\/div>\n\t\t\t\t<\/div>\n\t\t\t\t<\/div>\n\t\t<div class=\"elementor-element elementor-element-633b0e85 e-con-full e-flex e-con e-child\" data-id=\"633b0e85\" data-element_type=\"container\" data-e-type=\"container\">\n\t\t\t\t<div class=\"elementor-element elementor-element-7d8ff259 elementor-widget elementor-widget-video\" data-id=\"7d8ff259\" data-element_type=\"widget\" data-e-type=\"widget\" data-settings=\"{&quot;youtube_url&quot;:&quot;https:\\\/\\\/youtu.be\\\/3g9uXIQM8oo?list=OLAK5uy_n4NHX3_x_VvUMbEzsHdu5AqvPLFaRjbEk&quot;,&quot;video_type&quot;:&quot;youtube&quot;,&quot;controls&quot;:&quot;yes&quot;}\" data-widget_type=\"video.default\">\n\t\t\t\t<div class=\"elementor-widget-container\">\n\t\t\t\t\t\t\t<div class=\"elementor-wrapper elementor-open-inline\">\n\t\t\t<div class=\"elementor-video\"><\/div>\t\t<\/div>\n\t\t\t\t\t\t<\/div>\n\t\t\t\t<\/div>\n\t\t\t\t<\/div>\n\t\t\t\t\t<\/div>\n\t\t\t\t<\/div>\n\t\t<div class=\"elementor-element elementor-element-43566b5c e-flex e-con-boxed e-con e-parent\" data-id=\"43566b5c\" data-element_type=\"container\" data-e-type=\"container\" data-settings=\"{&quot;background_background&quot;:&quot;classic&quot;}\">\n\t\t\t\t\t<div class=\"e-con-inner\">\n\t\t\t\t<div class=\"elementor-element elementor-element-7063ba0 elementor-widget elementor-widget-heading\" data-id=\"7063ba0\" data-element_type=\"widget\" data-e-type=\"widget\" data-widget_type=\"heading.default\">\n\t\t\t\t<div class=\"elementor-widget-container\">\n\t\t\t\t\t<h4 class=\"elementor-heading-title elementor-size-default\"><a href=\"https:\/\/www.hoeren-und-fuehlen.de\/\" target=\"_blank\">Interessiert an mehr Musik und Technik? Dann:<\/a><\/h4>\t\t\t\t<\/div>\n\t\t\t\t<\/div>\n\t\t\t\t<div class=\"elementor-element elementor-element-64ea2d0e elementor-widget elementor-widget-image\" data-id=\"64ea2d0e\" data-element_type=\"widget\" data-e-type=\"widget\" data-widget_type=\"image.default\">\n\t\t\t\t<div class=\"elementor-widget-container\">\n\t\t\t\t\t\t\t\t\t\t\t\t\t\t\t\t<a href=\"https:\/\/www.hoeren-und-fuehlen.de\/\" target=\"_blank\">\n\t\t\t\t\t\t\t<img loading=\"lazy\" decoding=\"async\" width=\"150\" height=\"47\" src=\"https:\/\/theprogthief.de\/wp-content\/uploads\/2024\/06\/Banner-150x47.jpg\" class=\"attachment-thumbnail size-thumbnail wp-image-5580\" alt=\"\" srcset=\"https:\/\/theprogthief.de\/wp-content\/uploads\/2024\/06\/Banner-150x47.jpg 150w, https:\/\/theprogthief.de\/wp-content\/uploads\/2024\/06\/Banner-300x94.jpg 300w, https:\/\/theprogthief.de\/wp-content\/uploads\/2024\/06\/Banner.jpg 320w\" sizes=\"(max-width: 150px) 100vw, 150px\" \/>\t\t\t\t\t\t\t\t<\/a>\n\t\t\t\t\t\t\t\t\t\t\t\t\t\t\t<\/div>\n\t\t\t\t<\/div>\n\t\t\t\t\t<\/div>\n\t\t\t\t<\/div>\n\t\t<div class=\"elementor-element elementor-element-69e1842f e-con-full e-flex e-con e-parent\" data-id=\"69e1842f\" data-element_type=\"container\" data-e-type=\"container\" data-settings=\"{&quot;background_background&quot;:&quot;classic&quot;}\">\n\t\t\t\t<div class=\"elementor-element elementor-element-3e12a478 elementor-widget__width-initial elementor-widget-mobile__width-initial elementor-widget elementor-widget-text-editor\" data-id=\"3e12a478\" data-element_type=\"widget\" data-e-type=\"widget\" data-widget_type=\"text-editor.default\">\n\t\t\t\t<div class=\"elementor-widget-container\">\n\t\t\t\t\t\t\t\t\t<p style=\"text-align: left;\"><span style=\"color: #000000;\"><strong><br \/><\/strong><\/span>[info@theprogthief.de]<\/p>\t\t\t\t\t\t\t\t<\/div>\n\t\t\t\t<\/div>\n\t\t\t\t<div class=\"elementor-element elementor-element-70338529 elementor-align-center elementor-widget elementor-widget-button\" data-id=\"70338529\" data-element_type=\"widget\" data-e-type=\"widget\" data-widget_type=\"button.default\">\n\t\t\t\t<div class=\"elementor-widget-container\">\n\t\t\t\t\t\t\t\t\t<div class=\"elementor-button-wrapper\">\n\t\t\t\t\t<a class=\"elementor-button elementor-button-link elementor-size-sm\" href=\"https:\/\/theprogthief.de\/impressum\/\">\n\t\t\t\t\t\t<span class=\"elementor-button-content-wrapper\">\n\t\t\t\t\t\t\t\t\t<span class=\"elementor-button-text\">Impressum<\/span>\n\t\t\t\t\t<\/span>\n\t\t\t\t\t<\/a>\n\t\t\t\t<\/div>\n\t\t\t\t\t\t\t\t<\/div>\n\t\t\t\t<\/div>\n\t\t\t\t<div class=\"elementor-element elementor-element-12a97512 elementor-align-center elementor-widget elementor-widget-button\" data-id=\"12a97512\" data-element_type=\"widget\" data-e-type=\"widget\" data-widget_type=\"button.default\">\n\t\t\t\t<div class=\"elementor-widget-container\">\n\t\t\t\t\t\t\t\t\t<div class=\"elementor-button-wrapper\">\n\t\t\t\t\t<a class=\"elementor-button elementor-button-link elementor-size-sm\" href=\"https:\/\/theprogthief.de\/datenschutzerklaerung\/\">\n\t\t\t\t\t\t<span class=\"elementor-button-content-wrapper\">\n\t\t\t\t\t\t\t\t\t<span class=\"elementor-button-text\">Datenschutz<\/span>\n\t\t\t\t\t<\/span>\n\t\t\t\t\t<\/a>\n\t\t\t\t<\/div>\n\t\t\t\t\t\t\t\t<\/div>\n\t\t\t\t<\/div>\n\t\t\t\t<div class=\"elementor-element elementor-element-2d765120 elementor-align-center elementor-widget elementor-widget-button\" data-id=\"2d765120\" data-element_type=\"widget\" data-e-type=\"widget\" data-widget_type=\"button.default\">\n\t\t\t\t<div class=\"elementor-widget-container\">\n\t\t\t\t\t\t\t\t\t<div class=\"elementor-button-wrapper\">\n\t\t\t\t\t<a class=\"elementor-button elementor-button-link elementor-size-sm\" href=\"https:\/\/theprogthief.de\/gender-hinweis\/\">\n\t\t\t\t\t\t<span class=\"elementor-button-content-wrapper\">\n\t\t\t\t\t\t\t\t\t<span class=\"elementor-button-text\">Gender-Hinweis<\/span>\n\t\t\t\t\t<\/span>\n\t\t\t\t\t<\/a>\n\t\t\t\t<\/div>\n\t\t\t\t\t\t\t\t<\/div>\n\t\t\t\t<\/div>\n\t\t\t\t<\/div>\n\t\t\t\t<\/div>\n\t\t","protected":false},"excerpt":{"rendered":"<p>Review of &#8222;Beyond Man And Time&#8220;. Progressive Rock. Double black Vinyl. Concept Album.<\/p>","protected":false},"author":1,"featured_media":23456,"parent":0,"menu_order":0,"comment_status":"closed","ping_status":"closed","template":"","meta":{"ocean_post_layout":"full-screen","ocean_both_sidebars_style":"","ocean_both_sidebars_content_width":0,"ocean_both_sidebars_sidebars_width":0,"ocean_sidebar":"","ocean_second_sidebar":"","ocean_disable_margins":"enable","ocean_add_body_class":"","ocean_shortcode_before_top_bar":"","ocean_shortcode_after_top_bar":"","ocean_shortcode_before_header":"","ocean_shortcode_after_header":"","ocean_has_shortcode":"","ocean_shortcode_after_title":"","ocean_shortcode_before_footer_widgets":"","ocean_shortcode_after_footer_widgets":"","ocean_shortcode_before_footer_bottom":"","ocean_shortcode_after_footer_bottom":"","ocean_display_top_bar":"off","ocean_display_header":"off","ocean_header_style":"","ocean_center_header_left_menu":"","ocean_custom_header_template":"","ocean_custom_logo":0,"ocean_custom_retina_logo":0,"ocean_custom_logo_max_width":0,"ocean_custom_logo_tablet_max_width":0,"ocean_custom_logo_mobile_max_width":0,"ocean_custom_logo_max_height":0,"ocean_custom_logo_tablet_max_height":0,"ocean_custom_logo_mobile_max_height":0,"ocean_header_custom_menu":"","ocean_menu_typo_font_family":"","ocean_menu_typo_font_subset":"","ocean_menu_typo_font_size":0,"ocean_menu_typo_font_size_tablet":0,"ocean_menu_typo_font_size_mobile":0,"ocean_menu_typo_font_size_unit":"px","ocean_menu_typo_font_weight":"","ocean_menu_typo_font_weight_tablet":"","ocean_menu_typo_font_weight_mobile":"","ocean_menu_typo_transform":"","ocean_menu_typo_transform_tablet":"","ocean_menu_typo_transform_mobile":"","ocean_menu_typo_line_height":0,"ocean_menu_typo_line_height_tablet":0,"ocean_menu_typo_line_height_mobile":0,"ocean_menu_typo_line_height_unit":"","ocean_menu_typo_spacing":0,"ocean_menu_typo_spacing_tablet":0,"ocean_menu_typo_spacing_mobile":0,"ocean_menu_typo_spacing_unit":"","ocean_menu_link_color":"","ocean_menu_link_color_hover":"","ocean_menu_link_color_active":"","ocean_menu_link_background":"","ocean_menu_link_hover_background":"","ocean_menu_link_active_background":"","ocean_menu_social_links_bg":"","ocean_menu_social_hover_links_bg":"","ocean_menu_social_links_color":"","ocean_menu_social_hover_links_color":"","ocean_disable_title":"on","ocean_disable_heading":"default","ocean_post_title":"","ocean_post_subheading":"","ocean_post_title_style":"","ocean_post_title_background_color":"","ocean_post_title_background":0,"ocean_post_title_bg_image_position":"","ocean_post_title_bg_image_attachment":"","ocean_post_title_bg_image_repeat":"","ocean_post_title_bg_image_size":"","ocean_post_title_height":0,"ocean_post_title_bg_overlay":0.5,"ocean_post_title_bg_overlay_color":"","ocean_disable_breadcrumbs":"default","ocean_breadcrumbs_color":"","ocean_breadcrumbs_separator_color":"","ocean_breadcrumbs_links_color":"","ocean_breadcrumbs_links_hover_color":"","ocean_display_footer_widgets":"off","ocean_display_footer_bottom":"off","ocean_custom_footer_template":"","footnotes":""},"class_list":["post-23452","page","type-page","status-publish","has-post-thumbnail","hentry","entry","has-media"],"_links":{"self":[{"href":"https:\/\/theprogthief.de\/en\/wp-json\/wp\/v2\/pages\/23452","targetHints":{"allow":["GET"]}}],"collection":[{"href":"https:\/\/theprogthief.de\/en\/wp-json\/wp\/v2\/pages"}],"about":[{"href":"https:\/\/theprogthief.de\/en\/wp-json\/wp\/v2\/types\/page"}],"author":[{"embeddable":true,"href":"https:\/\/theprogthief.de\/en\/wp-json\/wp\/v2\/users\/1"}],"replies":[{"embeddable":true,"href":"https:\/\/theprogthief.de\/en\/wp-json\/wp\/v2\/comments?post=23452"}],"version-history":[{"count":10,"href":"https:\/\/theprogthief.de\/en\/wp-json\/wp\/v2\/pages\/23452\/revisions"}],"predecessor-version":[{"id":31088,"href":"https:\/\/theprogthief.de\/en\/wp-json\/wp\/v2\/pages\/23452\/revisions\/31088"}],"wp:featuredmedia":[{"embeddable":true,"href":"https:\/\/theprogthief.de\/en\/wp-json\/wp\/v2\/media\/23456"}],"wp:attachment":[{"href":"https:\/\/theprogthief.de\/en\/wp-json\/wp\/v2\/media?parent=23452"}],"curies":[{"name":"wp","href":"https:\/\/api.w.org\/{rel}","templated":true}]}}