{"id":23796,"date":"2025-11-25T14:44:46","date_gmt":"2025-11-25T13:44:46","guid":{"rendered":"https:\/\/theprogthief.de\/?page_id=23796"},"modified":"2026-04-02T00:19:44","modified_gmt":"2026-04-01T22:19:44","slug":"queen-ii-by-queen","status":"publish","type":"page","link":"https:\/\/theprogthief.de\/en\/queen-ii-by-queen\/","title":{"rendered":"Queen II by Queen"},"content":{"rendered":"\t\t<div data-elementor-type=\"wp-page\" data-elementor-id=\"23796\" class=\"elementor elementor-23796\" data-elementor-post-type=\"page\">\n\t\t\t\t<div class=\"elementor-element elementor-element-98cc64 e-con-full e-flex e-con e-parent\" data-id=\"98cc64\" data-element_type=\"container\" data-e-type=\"container\" data-settings=\"{&quot;background_background&quot;:&quot;classic&quot;}\">\n\t\t\t\t<div class=\"elementor-element elementor-element-7b1fb66f elementor-widget elementor-widget-heading\" data-id=\"7b1fb66f\" data-element_type=\"widget\" data-e-type=\"widget\" data-widget_type=\"heading.default\">\n\t\t\t\t<div class=\"elementor-widget-container\">\n\t\t\t\t\t<h2 class=\"elementor-heading-title elementor-size-default\"><a href=\"https:\/\/theprogthief.de\"> The Prog-Thief<\/a><\/h2>\t\t\t\t<\/div>\n\t\t\t\t<\/div>\n\t\t\t\t<\/div>\n\t\t<div class=\"elementor-element elementor-element-630efa0d e-flex e-con-boxed e-con e-parent\" data-id=\"630efa0d\" data-element_type=\"container\" data-e-type=\"container\" data-settings=\"{&quot;background_background&quot;:&quot;classic&quot;}\">\n\t\t\t\t\t<div class=\"e-con-inner\">\n\t\t\t\t<div class=\"elementor-element elementor-element-25902c2b elementor-nav-menu--stretch elementor-widget__width-initial elementor-nav-menu__text-align-aside elementor-nav-menu--toggle elementor-nav-menu--burger elementor-invisible elementor-widget elementor-widget-global elementor-global-12513 elementor-widget-nav-menu\" data-id=\"25902c2b\" data-element_type=\"widget\" data-e-type=\"widget\" data-settings=\"{&quot;layout&quot;:&quot;dropdown&quot;,&quot;submenu_icon&quot;:{&quot;value&quot;:&quot;fas fa-chevron-down&quot;,&quot;library&quot;:&quot;fa-solid&quot;},&quot;full_width&quot;:&quot;stretch&quot;,&quot;_animation&quot;:&quot;fadeInUp&quot;,&quot;toggle&quot;:&quot;burger&quot;}\" data-widget_type=\"nav-menu.default\">\n\t\t\t\t<div class=\"elementor-widget-container\">\n\t\t\t\t\t\t\t<div class=\"elementor-menu-toggle\" role=\"button\" tabindex=\"0\" aria-label=\"Menu Toggle\" aria-expanded=\"false\">\n\t\t\t<i aria-hidden=\"true\" role=\"presentation\" class=\"elementor-menu-toggle__icon--open eicon-menu-bar\"><\/i><i aria-hidden=\"true\" role=\"presentation\" class=\"elementor-menu-toggle__icon--close eicon-close\"><\/i>\t\t<\/div>\n\t\t\t\t\t<nav class=\"elementor-nav-menu--dropdown elementor-nav-menu__container\" aria-hidden=\"true\">\n\t\t\t\t<ul id=\"menu-2-25902c2b\" class=\"elementor-nav-menu\"><li class=\"menu-item menu-item-type-post_type menu-item-object-page menu-item-home menu-item-12224\"><a href=\"https:\/\/theprogthief.de\/en\/\" class=\"elementor-item\" tabindex=\"-1\">Home<\/a><\/li>\n<li class=\"menu-item menu-item-type-post_type menu-item-object-page menu-item-24784\"><a href=\"https:\/\/theprogthief.de\/en\/ayreon-alben\/\" class=\"elementor-item\" tabindex=\"-1\">Ayreon<\/a><\/li>\n<li class=\"menu-item menu-item-type-post_type menu-item-object-page menu-item-24610\"><a href=\"https:\/\/theprogthief.de\/en\/porcupine-tree\/\" class=\"elementor-item\" tabindex=\"-1\">Porcupine Tree<\/a><\/li>\n<li class=\"menu-item menu-item-type-post_type menu-item-object-page menu-item-30976\"><a href=\"https:\/\/theprogthief.de\/en\/theatre-of-tragedy\/\" class=\"elementor-item\" tabindex=\"-1\">Theatre Of Tragedy<\/a><\/li>\n<li class=\"menu-item menu-item-type-post_type menu-item-object-page menu-item-has-children menu-item-12227\"><a rel=\"Keine\" href=\"https:\/\/theprogthief.de\/en\/rezensionen\/\" class=\"elementor-item\" tabindex=\"-1\">Rezensionen<\/a>\n<ul class=\"sub-menu elementor-nav-menu--dropdown\">\n\t<li class=\"menu-item menu-item-type-post_type menu-item-object-page menu-item-13299\"><a href=\"https:\/\/theprogthief.de\/en\/reviewsii\/\" class=\"elementor-sub-item\" tabindex=\"-1\">Reviews II<\/a><\/li>\n\t<li class=\"menu-item menu-item-type-post_type menu-item-object-page menu-item-13253\"><a href=\"https:\/\/theprogthief.de\/en\/reviews-iii\/\" class=\"elementor-sub-item\" tabindex=\"-1\">Reviews III<\/a><\/li>\n\t<li class=\"menu-item menu-item-type-post_type menu-item-object-page menu-item-20876\"><a href=\"https:\/\/theprogthief.de\/en\/reviews-iv\/\" class=\"elementor-sub-item\" tabindex=\"-1\">Reviews IV<\/a><\/li>\n\t<li class=\"menu-item menu-item-type-post_type menu-item-object-page menu-item-24240\"><a href=\"https:\/\/theprogthief.de\/en\/reviews-v\/\" class=\"elementor-sub-item\" tabindex=\"-1\">Reviews V<\/a><\/li>\n\t<li class=\"menu-item menu-item-type-post_type menu-item-object-page menu-item-24478\"><a href=\"https:\/\/theprogthief.de\/en\/rezensionen\/\" class=\"elementor-sub-item\" tabindex=\"-1\">Rezensionen A-Z<\/a><\/li>\n<\/ul>\n<\/li>\n<li class=\"menu-item menu-item-type-post_type menu-item-object-page menu-item-19217\"><a href=\"https:\/\/theprogthief.de\/en\/female-driven\/\" class=\"elementor-item\" tabindex=\"-1\">Female Driven<\/a><\/li>\n<li class=\"menu-item menu-item-type-post_type menu-item-object-page menu-item-12223\"><a href=\"https:\/\/theprogthief.de\/en\/was-ist-prog\/\" class=\"elementor-item\" tabindex=\"-1\">Was ist Prog?<\/a><\/li>\n<li class=\"menu-item menu-item-type-post_type menu-item-object-page menu-item-12222\"><a href=\"https:\/\/theprogthief.de\/en\/ueber-mich\/\" class=\"elementor-item\" tabindex=\"-1\">\u00dcber mich<\/a><\/li>\n<\/ul>\t\t\t<\/nav>\n\t\t\t\t\t\t<\/div>\n\t\t\t\t<\/div>\n\t\t\t\t\t<\/div>\n\t\t\t\t<\/div>\n\t\t<div class=\"elementor-element elementor-element-14cd4c49 e-flex e-con-boxed e-con e-parent\" data-id=\"14cd4c49\" data-element_type=\"container\" data-e-type=\"container\" data-settings=\"{&quot;background_background&quot;:&quot;classic&quot;}\">\n\t\t\t\t\t<div class=\"e-con-inner\">\n\t\t\t\t<div class=\"elementor-element elementor-element-7fdb51ba elementor-widget elementor-widget-heading\" data-id=\"7fdb51ba\" data-element_type=\"widget\" data-e-type=\"widget\" data-widget_type=\"heading.default\">\n\t\t\t\t<div class=\"elementor-widget-container\">\n\t\t\t\t\t<h2 class=\"elementor-heading-title elementor-size-default\">Queen II by Queen<\/h2>\t\t\t\t<\/div>\n\t\t\t\t<\/div>\n\t\t\t\t\t<\/div>\n\t\t\t\t<\/div>\n\t\t<div class=\"elementor-element elementor-element-5b6a7f16 e-flex e-con-boxed e-con e-parent\" data-id=\"5b6a7f16\" data-element_type=\"container\" data-e-type=\"container\" data-settings=\"{&quot;background_background&quot;:&quot;classic&quot;}\">\n\t\t\t\t\t<div class=\"e-con-inner\">\n\t\t<div class=\"elementor-element elementor-element-6857cec8 e-con-full e-flex e-con e-child\" data-id=\"6857cec8\" data-element_type=\"container\" data-e-type=\"container\">\n\t\t<div class=\"elementor-element elementor-element-4ad0954c e-flex e-con-boxed e-con e-child\" data-id=\"4ad0954c\" data-element_type=\"container\" data-e-type=\"container\">\n\t\t\t\t\t<div class=\"e-con-inner\">\n\t\t\t\t<div class=\"elementor-element elementor-element-70b526bb elementor-widget elementor-widget-text-editor\" data-id=\"70b526bb\" data-element_type=\"widget\" data-e-type=\"widget\" data-widget_type=\"text-editor.default\">\n\t\t\t\t<div class=\"elementor-widget-container\">\n\t\t\t\t\t\t\t\t\t<p><a href=\"https:\/\/theprogthief.de\/wp-content\/uploads\/2025\/11\/QQIIFC1280.jpg\"><img fetchpriority=\"high\" decoding=\"async\" class=\"aligncenter wp-image-23800 size-full\" src=\"https:\/\/theprogthief.de\/wp-content\/uploads\/2025\/11\/QQIIFC350.jpg\" alt=\"Vinyl Album &quot;Queen 2&quot; by Queen. Frontcover\" width=\"346\" height=\"350\" srcset=\"https:\/\/theprogthief.de\/wp-content\/uploads\/2025\/11\/QQIIFC350.jpg 346w, https:\/\/theprogthief.de\/wp-content\/uploads\/2025\/11\/QQIIFC350-297x300.jpg 297w, https:\/\/theprogthief.de\/wp-content\/uploads\/2025\/11\/QQIIFC350-148x150.jpg 148w, https:\/\/theprogthief.de\/wp-content\/uploads\/2025\/11\/QQIIFC350-12x12.jpg 12w\" sizes=\"(max-width: 346px) 100vw, 346px\" \/><\/a>\u00a0<\/p><p><a href=\"https:\/\/www.queenonline.com\/\" target=\"_blank\" rel=\"noopener\">Queen<\/a><br \/>&#8222;Queen II&#8220;<br \/>Rock, Glam, Art, Prog. Gatefold, Reissue, Half-Speed Remaster, 180 Gram 2015 (1974)<\/p><p>\u00dcber die 1970 gegr\u00fcndete Band Queen, \u00fcber Freddy Mercury oder deren Alben, braucht eigentlich kein weiteres Wort verloren werden. Deswegen gibt es von mir eine technische und Prog-Head Ansicht, denn f\u00fcr mich legte Queen mit Queen II 1974 ein, wenn wohl auch nicht beabsichtiges, Prog-Album hin. Mit der Aufteilung in eine White Side, auf der Brian May 4 Songs und Roger Taylor einen Song geschrieben hat und eine Black Side, auf der Freddy Mercury alle Songs geschrieben hat, zeigt in Richtung Konzeptalbum. Ebenso ist ein Thema vorherrschend und zwischen vielen Songs gibt es keine Pausen. Nat\u00fcrlich unterscheidet sich Queen II von zeitgen\u00f6ssischen Prog-Bands wie King Crimson, Genesis oder Yes. Gerade weil die genannten Bands doch deutlich schwerer verdaulich sind, ist Queen II f\u00fcr mich ein wunderbarer Kontrast und kein reines Prog-Album. Mit &#8222;The Seven Seas Of Rhye&#8220; auf Seite B ist der erste &#8222;Hit&#8220; der Band enthalten.<\/p><p><a href=\"https:\/\/theprogthief.de\/wp-content\/uploads\/2025\/11\/QQIILPA1280.jpg\"><img decoding=\"async\" class=\"aligncenter wp-image-23802 size-full\" src=\"https:\/\/theprogthief.de\/wp-content\/uploads\/2025\/11\/QQIILPA350.jpg\" alt=\"Vinyl Album &quot;Queen 2&quot; by Queen. LP A\" width=\"350\" height=\"347\" srcset=\"https:\/\/theprogthief.de\/wp-content\/uploads\/2025\/11\/QQIILPA350.jpg 350w, https:\/\/theprogthief.de\/wp-content\/uploads\/2025\/11\/QQIILPA350-300x297.jpg 300w, https:\/\/theprogthief.de\/wp-content\/uploads\/2025\/11\/QQIILPA350-150x150.jpg 150w, https:\/\/theprogthief.de\/wp-content\/uploads\/2025\/11\/QQIILPA350-12x12.jpg 12w\" sizes=\"(max-width: 350px) 100vw, 350px\" \/><\/a><\/p><p>&#8222;Procession&#8220;, &#8222;From Father To Son&#8220;. &#8222;White Queen (As It Began)&#8220; (gesungen von Mercury) und &#8222;Some Day One Day&#8220;, gesungen von Brian May gehen problemlos als Prog durch. Im Gegensatz dazu ist Song 5, &#8222;The Loser In The End&#8220;, geschrieben und gesungen von Roger Taylor, kein Prog. Er ist inspieriert von Rock Nummern von Led Zeppelin und das ist deutlich zu h\u00f6ren. Empfinde ich &#8222;The Loser In The End&#8220; als aus der Rolle fallend? Nein, der Kontrast zu den ersten 4 Songs tut gut und erinnert uns wieder daran, das Queen keine Prog Band ist.<\/p><p><a href=\"https:\/\/theprogthief.de\/wp-content\/uploads\/2025\/11\/QQIILPB1280.jpg\"><img decoding=\"async\" class=\"aligncenter wp-image-23804 size-full\" src=\"https:\/\/theprogthief.de\/wp-content\/uploads\/2025\/11\/QQIILPB350.jpg\" alt=\"Vinyl Album &quot;Queen 2&quot; by Queen. LP B\" width=\"350\" height=\"346\" srcset=\"https:\/\/theprogthief.de\/wp-content\/uploads\/2025\/11\/QQIILPB350.jpg 350w, https:\/\/theprogthief.de\/wp-content\/uploads\/2025\/11\/QQIILPB350-300x297.jpg 300w, https:\/\/theprogthief.de\/wp-content\/uploads\/2025\/11\/QQIILPB350-150x148.jpg 150w, https:\/\/theprogthief.de\/wp-content\/uploads\/2025\/11\/QQIILPB350-12x12.jpg 12w\" sizes=\"(max-width: 350px) 100vw, 350px\" \/><\/a><\/p><p>Alle Songs auf der Black Side sind von Freddy Mercury geschrieben und gesungen. So erinnert &#8222;Ogre Battle&#8220; an Songs von The Who. Hier nutzt Queen am Anfang des Songs zur\u00fcckgespulte Tonb\u00e4nder. Weiter wurden Knallger\u00e4usche mit Flangereffekten, Schlagzeug und Gong erzeugt. &#8222;The Fairy Feller\u2019s Master-Stroke&#8220; besticht durch mehrfachen Gesang, der teils sehr hoch geht. Hier sagt Prog freundlich Hallo zu uns. Und in &#8222;Nevermore&#8220; zeigt Freddy Mercury, begleitet durch Klavier, wie gut er Singen kann. &#8222;The March Of The Black Queen&#8220; ist durchzogen von Mercurys F\u00e4higkeiten zu entertainen. Pomp\u00f6s. &#8222;Funny How Love Is&#8220; geht dann \u00fcber in &#8222;The Seven Seas Of Rhye&#8220;, welches hier im Gegensatz zum instrumentalen Song auf dem Album &#8222;Queen&#8220; doppelt so lang und mit Text ist.<\/p><p>Freddie Mercury: Vocals, Piano<br \/>Brian May: Guitars, Piano, Vocals, Bells<br \/>John Deacon: Bass, acoustic Guitar<br \/>Roger Taylor: Drums, Percussion, Vocals<br \/>Roy Thomas Baker: Kastagnetten in &#8222;The Fairy Feller&#8217;s Master-Stroke&#8220;<\/p><p><a href=\"https:\/\/theprogthief.de\/wp-content\/uploads\/2025\/11\/QQIIBC1280.jpg\"><img loading=\"lazy\" decoding=\"async\" class=\"aligncenter wp-image-23797 size-full\" src=\"https:\/\/theprogthief.de\/wp-content\/uploads\/2025\/11\/QQIIBC350.jpg\" alt=\"Vinyl Album &quot;Queen 2&quot; by Queen. Backcover\" width=\"346\" height=\"350\" srcset=\"https:\/\/theprogthief.de\/wp-content\/uploads\/2025\/11\/QQIIBC350.jpg 346w, https:\/\/theprogthief.de\/wp-content\/uploads\/2025\/11\/QQIIBC350-297x300.jpg 297w, https:\/\/theprogthief.de\/wp-content\/uploads\/2025\/11\/QQIIBC350-148x150.jpg 148w, https:\/\/theprogthief.de\/wp-content\/uploads\/2025\/11\/QQIIBC350-12x12.jpg 12w\" sizes=\"(max-width: 346px) 100vw, 346px\" \/><\/a><\/p><p>F\u00fcr mich ein klares Prog-Album. Feiner Gesang, gro\u00dfartige technische Musiker, keine Synthesizer um Effekte mit der Gitarre zu erzeugen. Konzeptalbum. Feine \u00dcberg\u00e4nge zwischen vielen Songs. F\u00fcr mich das beste Queen Album \u00fcberhaupt.<\/p><p>Technisch liegt hier ein Half Speed Remaster von 2015 vor. Remastered in den Abbey Road Studios von Virgin EMI Music. <br \/>Half-Speed-Mastering ist eine Technik zum Schneiden von Acetatlacken zur Herstellung von Schallplatten. Der Plattenteller der Schneidemaschine l\u00e4uft mit halber Geschwindigkeit, w\u00e4hrend das aufzunehmende Signal mit halber Abspielgeschwindigkeit dem Schneidkopf zugef\u00fchrt wird. Das ergibt eine bessere Dynamik, besonders in den H\u00f6hen, und pr\u00e4zisere Rillen sorgen f\u00fcr eine detailliertere Wiedergabe. Den Unterschied h\u00f6rt man auf besseren Plattenspielern schon heraus und ich versuche eher die Half Speed Master zu bekommen. Neu ist die Technik jedoch nicht, auf Wachsmatritzen wurde sie seit 1949 angewendet. Heute werden ausgew\u00e4hlte Alben noch in Half Speed Technik geschnitten. Wer jedoch diese Alben bereits in guter Qualit\u00e4t besitzt, muss nicht unbedingt in eine neue Platte investieren.\u00a0<\/p><p>Die Fotos stammen alle von meiner LP. Die Rechte aller Motive, Logos, Texte und Schriften, die auf den Fotos zu sehen sind, liegen nat\u00fcrlich beim Rechteinhaber.<\/p><p>No AI was used in making of this review.<br \/>\u00a927.11.2025<\/p>\t\t\t\t\t\t\t\t<\/div>\n\t\t\t\t<\/div>\n\t\t\t\t\t<\/div>\n\t\t\t\t<\/div>\n\t\t\t\t<\/div>\n\t\t\t\t\t<\/div>\n\t\t\t\t<\/div>\n\t\t<div class=\"elementor-element elementor-element-29f92c80 e-flex e-con-boxed e-con e-parent\" data-id=\"29f92c80\" data-element_type=\"container\" data-e-type=\"container\" data-settings=\"{&quot;background_background&quot;:&quot;classic&quot;}\">\n\t\t\t\t\t<div class=\"e-con-inner\">\n\t\t<div class=\"elementor-element elementor-element-3f82aeb e-con-full e-flex e-con e-child\" data-id=\"3f82aeb\" data-element_type=\"container\" data-e-type=\"container\">\n\t\t\t\t<div class=\"elementor-element elementor-element-21fa5a9f elementor-widget elementor-widget-video\" data-id=\"21fa5a9f\" data-element_type=\"widget\" data-e-type=\"widget\" data-settings=\"{&quot;youtube_url&quot;:&quot;https:\\\/\\\/youtu.be\\\/Nx_SVPiXnWM?list=PL2tMgWgIvcWlgHLog2-vv5Zrky4PmcQZf&quot;,&quot;video_type&quot;:&quot;youtube&quot;,&quot;controls&quot;:&quot;yes&quot;}\" data-widget_type=\"video.default\">\n\t\t\t\t<div class=\"elementor-widget-container\">\n\t\t\t\t\t\t\t<div class=\"elementor-wrapper elementor-open-inline\">\n\t\t\t<div class=\"elementor-video\"><\/div>\t\t<\/div>\n\t\t\t\t\t\t<\/div>\n\t\t\t\t<\/div>\n\t\t\t\t<\/div>\n\t\t<div class=\"elementor-element elementor-element-1cf9e4b2 e-con-full e-flex e-con e-child\" data-id=\"1cf9e4b2\" data-element_type=\"container\" data-e-type=\"container\">\n\t\t\t\t<div class=\"elementor-element elementor-element-56ef411f elementor-widget elementor-widget-video\" data-id=\"56ef411f\" data-element_type=\"widget\" data-e-type=\"widget\" data-settings=\"{&quot;youtube_url&quot;:&quot;https:\\\/\\\/youtu.be\\\/-IzXzHtvgE8?list=PL2tMgWgIvcWlgHLog2-vv5Zrky4PmcQZf&quot;,&quot;video_type&quot;:&quot;youtube&quot;,&quot;controls&quot;:&quot;yes&quot;}\" data-widget_type=\"video.default\">\n\t\t\t\t<div class=\"elementor-widget-container\">\n\t\t\t\t\t\t\t<div class=\"elementor-wrapper elementor-open-inline\">\n\t\t\t<div class=\"elementor-video\"><\/div>\t\t<\/div>\n\t\t\t\t\t\t<\/div>\n\t\t\t\t<\/div>\n\t\t\t\t<\/div>\n\t\t<div class=\"elementor-element elementor-element-7610f561 e-con-full e-flex e-con e-child\" data-id=\"7610f561\" data-element_type=\"container\" data-e-type=\"container\">\n\t\t\t\t<div class=\"elementor-element elementor-element-240833ee elementor-widget elementor-widget-video\" data-id=\"240833ee\" data-element_type=\"widget\" data-e-type=\"widget\" data-settings=\"{&quot;youtube_url&quot;:&quot;https:\\\/\\\/youtu.be\\\/SoBMhx_ap_g?list=PL2tMgWgIvcWlgHLog2-vv5Zrky4PmcQZf&quot;,&quot;video_type&quot;:&quot;youtube&quot;,&quot;controls&quot;:&quot;yes&quot;}\" data-widget_type=\"video.default\">\n\t\t\t\t<div class=\"elementor-widget-container\">\n\t\t\t\t\t\t\t<div class=\"elementor-wrapper elementor-open-inline\">\n\t\t\t<div class=\"elementor-video\"><\/div>\t\t<\/div>\n\t\t\t\t\t\t<\/div>\n\t\t\t\t<\/div>\n\t\t\t\t<\/div>\n\t\t\t\t\t<\/div>\n\t\t\t\t<\/div>\n\t\t<div class=\"elementor-element elementor-element-23011454 e-flex e-con-boxed e-con e-parent\" data-id=\"23011454\" data-element_type=\"container\" data-e-type=\"container\" data-settings=\"{&quot;background_background&quot;:&quot;classic&quot;}\">\n\t\t\t\t\t<div class=\"e-con-inner\">\n\t\t\t\t<div class=\"elementor-element elementor-element-1cc424ef elementor-widget elementor-widget-heading\" data-id=\"1cc424ef\" data-element_type=\"widget\" data-e-type=\"widget\" data-widget_type=\"heading.default\">\n\t\t\t\t<div class=\"elementor-widget-container\">\n\t\t\t\t\t<h4 class=\"elementor-heading-title elementor-size-default\"><a href=\"https:\/\/www.hoeren-und-fuehlen.de\/\" target=\"_blank\">Interessiert an mehr Musik und Technik? Dann:<\/a><\/h4>\t\t\t\t<\/div>\n\t\t\t\t<\/div>\n\t\t\t\t<div class=\"elementor-element elementor-element-303b3871 elementor-widget elementor-widget-image\" data-id=\"303b3871\" data-element_type=\"widget\" data-e-type=\"widget\" data-widget_type=\"image.default\">\n\t\t\t\t<div class=\"elementor-widget-container\">\n\t\t\t\t\t\t\t\t\t\t\t\t\t\t\t\t<a href=\"https:\/\/www.hoeren-und-fuehlen.de\/\" target=\"_blank\">\n\t\t\t\t\t\t\t<img loading=\"lazy\" decoding=\"async\" width=\"150\" height=\"47\" src=\"https:\/\/theprogthief.de\/wp-content\/uploads\/2024\/06\/Banner-150x47.jpg\" class=\"attachment-thumbnail size-thumbnail wp-image-5580\" alt=\"\" srcset=\"https:\/\/theprogthief.de\/wp-content\/uploads\/2024\/06\/Banner-150x47.jpg 150w, https:\/\/theprogthief.de\/wp-content\/uploads\/2024\/06\/Banner-300x94.jpg 300w, https:\/\/theprogthief.de\/wp-content\/uploads\/2024\/06\/Banner.jpg 320w\" sizes=\"(max-width: 150px) 100vw, 150px\" \/>\t\t\t\t\t\t\t\t<\/a>\n\t\t\t\t\t\t\t\t\t\t\t\t\t\t\t<\/div>\n\t\t\t\t<\/div>\n\t\t\t\t\t<\/div>\n\t\t\t\t<\/div>\n\t\t<div class=\"elementor-element elementor-element-a9dc04e e-con-full e-flex e-con e-parent\" data-id=\"a9dc04e\" data-element_type=\"container\" data-e-type=\"container\" data-settings=\"{&quot;background_background&quot;:&quot;classic&quot;}\">\n\t\t\t\t<div class=\"elementor-element elementor-element-140f4b00 elementor-widget__width-initial elementor-widget-mobile__width-initial elementor-widget elementor-widget-text-editor\" data-id=\"140f4b00\" data-element_type=\"widget\" data-e-type=\"widget\" data-widget_type=\"text-editor.default\">\n\t\t\t\t<div class=\"elementor-widget-container\">\n\t\t\t\t\t\t\t\t\t<p style=\"text-align: left;\"><span style=\"color: #000000;\"><strong><br \/><\/strong><\/span>[info@theprogthief.de]<\/p>\t\t\t\t\t\t\t\t<\/div>\n\t\t\t\t<\/div>\n\t\t\t\t<div class=\"elementor-element elementor-element-6a4fc48a elementor-align-center elementor-widget elementor-widget-button\" data-id=\"6a4fc48a\" data-element_type=\"widget\" data-e-type=\"widget\" data-widget_type=\"button.default\">\n\t\t\t\t<div class=\"elementor-widget-container\">\n\t\t\t\t\t\t\t\t\t<div class=\"elementor-button-wrapper\">\n\t\t\t\t\t<a class=\"elementor-button elementor-button-link elementor-size-sm\" href=\"https:\/\/theprogthief.de\/impressum\/\">\n\t\t\t\t\t\t<span class=\"elementor-button-content-wrapper\">\n\t\t\t\t\t\t\t\t\t<span class=\"elementor-button-text\">Impressum<\/span>\n\t\t\t\t\t<\/span>\n\t\t\t\t\t<\/a>\n\t\t\t\t<\/div>\n\t\t\t\t\t\t\t\t<\/div>\n\t\t\t\t<\/div>\n\t\t\t\t<div class=\"elementor-element elementor-element-c54129 elementor-align-center elementor-widget elementor-widget-button\" data-id=\"c54129\" data-element_type=\"widget\" data-e-type=\"widget\" data-widget_type=\"button.default\">\n\t\t\t\t<div class=\"elementor-widget-container\">\n\t\t\t\t\t\t\t\t\t<div class=\"elementor-button-wrapper\">\n\t\t\t\t\t<a class=\"elementor-button elementor-button-link elementor-size-sm\" href=\"https:\/\/theprogthief.de\/datenschutzerklaerung\/\">\n\t\t\t\t\t\t<span class=\"elementor-button-content-wrapper\">\n\t\t\t\t\t\t\t\t\t<span class=\"elementor-button-text\">Datenschutz<\/span>\n\t\t\t\t\t<\/span>\n\t\t\t\t\t<\/a>\n\t\t\t\t<\/div>\n\t\t\t\t\t\t\t\t<\/div>\n\t\t\t\t<\/div>\n\t\t\t\t<div class=\"elementor-element elementor-element-1917895c elementor-align-center elementor-widget elementor-widget-button\" data-id=\"1917895c\" data-element_type=\"widget\" data-e-type=\"widget\" data-widget_type=\"button.default\">\n\t\t\t\t<div class=\"elementor-widget-container\">\n\t\t\t\t\t\t\t\t\t<div class=\"elementor-button-wrapper\">\n\t\t\t\t\t<a class=\"elementor-button elementor-button-link elementor-size-sm\" href=\"https:\/\/theprogthief.de\/gender-hinweis\/\">\n\t\t\t\t\t\t<span class=\"elementor-button-content-wrapper\">\n\t\t\t\t\t\t\t\t\t<span class=\"elementor-button-text\">Gender-Hinweis<\/span>\n\t\t\t\t\t<\/span>\n\t\t\t\t\t<\/a>\n\t\t\t\t<\/div>\n\t\t\t\t\t\t\t\t<\/div>\n\t\t\t\t<\/div>\n\t\t\t\t<\/div>\n\t\t\t\t<\/div>\n\t\t","protected":false},"excerpt":{"rendered":"<p>Review of &#8222;Queen II&#8220;. Half-Speed Remaster, Reissue, 180 Grams, Gatefold, pressed in Black Vinyl. 2015 (1974).<\/p>","protected":false},"author":1,"featured_media":23800,"parent":0,"menu_order":0,"comment_status":"closed","ping_status":"closed","template":"","meta":{"ocean_post_layout":"full-screen","ocean_both_sidebars_style":"","ocean_both_sidebars_content_width":0,"ocean_both_sidebars_sidebars_width":0,"ocean_sidebar":"","ocean_second_sidebar":"","ocean_disable_margins":"enable","ocean_add_body_class":"","ocean_shortcode_before_top_bar":"","ocean_shortcode_after_top_bar":"","ocean_shortcode_before_header":"","ocean_shortcode_after_header":"","ocean_has_shortcode":"","ocean_shortcode_after_title":"","ocean_shortcode_before_footer_widgets":"","ocean_shortcode_after_footer_widgets":"","ocean_shortcode_before_footer_bottom":"","ocean_shortcode_after_footer_bottom":"","ocean_display_top_bar":"off","ocean_display_header":"off","ocean_header_style":"","ocean_center_header_left_menu":"","ocean_custom_header_template":"","ocean_custom_logo":0,"ocean_custom_retina_logo":0,"ocean_custom_logo_max_width":0,"ocean_custom_logo_tablet_max_width":0,"ocean_custom_logo_mobile_max_width":0,"ocean_custom_logo_max_height":0,"ocean_custom_logo_tablet_max_height":0,"ocean_custom_logo_mobile_max_height":0,"ocean_header_custom_menu":"","ocean_menu_typo_font_family":"","ocean_menu_typo_font_subset":"","ocean_menu_typo_font_size":0,"ocean_menu_typo_font_size_tablet":0,"ocean_menu_typo_font_size_mobile":0,"ocean_menu_typo_font_size_unit":"px","ocean_menu_typo_font_weight":"","ocean_menu_typo_font_weight_tablet":"","ocean_menu_typo_font_weight_mobile":"","ocean_menu_typo_transform":"","ocean_menu_typo_transform_tablet":"","ocean_menu_typo_transform_mobile":"","ocean_menu_typo_line_height":0,"ocean_menu_typo_line_height_tablet":0,"ocean_menu_typo_line_height_mobile":0,"ocean_menu_typo_line_height_unit":"","ocean_menu_typo_spacing":0,"ocean_menu_typo_spacing_tablet":0,"ocean_menu_typo_spacing_mobile":0,"ocean_menu_typo_spacing_unit":"","ocean_menu_link_color":"","ocean_menu_link_color_hover":"","ocean_menu_link_color_active":"","ocean_menu_link_background":"","ocean_menu_link_hover_background":"","ocean_menu_link_active_background":"","ocean_menu_social_links_bg":"","ocean_menu_social_hover_links_bg":"","ocean_menu_social_links_color":"","ocean_menu_social_hover_links_color":"","ocean_disable_title":"on","ocean_disable_heading":"default","ocean_post_title":"","ocean_post_subheading":"","ocean_post_title_style":"","ocean_post_title_background_color":"","ocean_post_title_background":0,"ocean_post_title_bg_image_position":"","ocean_post_title_bg_image_attachment":"","ocean_post_title_bg_image_repeat":"","ocean_post_title_bg_image_size":"","ocean_post_title_height":0,"ocean_post_title_bg_overlay":0.5,"ocean_post_title_bg_overlay_color":"","ocean_disable_breadcrumbs":"default","ocean_breadcrumbs_color":"","ocean_breadcrumbs_separator_color":"","ocean_breadcrumbs_links_color":"","ocean_breadcrumbs_links_hover_color":"","ocean_display_footer_widgets":"off","ocean_display_footer_bottom":"off","ocean_custom_footer_template":"","footnotes":""},"class_list":["post-23796","page","type-page","status-publish","has-post-thumbnail","hentry","entry","has-media"],"_links":{"self":[{"href":"https:\/\/theprogthief.de\/en\/wp-json\/wp\/v2\/pages\/23796","targetHints":{"allow":["GET"]}}],"collection":[{"href":"https:\/\/theprogthief.de\/en\/wp-json\/wp\/v2\/pages"}],"about":[{"href":"https:\/\/theprogthief.de\/en\/wp-json\/wp\/v2\/types\/page"}],"author":[{"embeddable":true,"href":"https:\/\/theprogthief.de\/en\/wp-json\/wp\/v2\/users\/1"}],"replies":[{"embeddable":true,"href":"https:\/\/theprogthief.de\/en\/wp-json\/wp\/v2\/comments?post=23796"}],"version-history":[{"count":10,"href":"https:\/\/theprogthief.de\/en\/wp-json\/wp\/v2\/pages\/23796\/revisions"}],"predecessor-version":[{"id":31079,"href":"https:\/\/theprogthief.de\/en\/wp-json\/wp\/v2\/pages\/23796\/revisions\/31079"}],"wp:featuredmedia":[{"embeddable":true,"href":"https:\/\/theprogthief.de\/en\/wp-json\/wp\/v2\/media\/23800"}],"wp:attachment":[{"href":"https:\/\/theprogthief.de\/en\/wp-json\/wp\/v2\/media?parent=23796"}],"curies":[{"name":"wp","href":"https:\/\/api.w.org\/{rel}","templated":true}]}}