{"id":26886,"date":"2026-01-10T00:54:36","date_gmt":"2026-01-09T23:54:36","guid":{"rendered":"https:\/\/theprogthief.de\/?page_id=26886"},"modified":"2026-01-30T20:02:53","modified_gmt":"2026-01-30T19:02:53","slug":"the-dark-side-of-the-moon-by-pink-floyd","status":"publish","type":"page","link":"https:\/\/theprogthief.de\/en\/the-dark-side-of-the-moon-by-pink-floyd\/","title":{"rendered":"The Dark Side Of The Moon by Pink Floyd"},"content":{"rendered":"\t\t<div data-elementor-type=\"wp-page\" data-elementor-id=\"26886\" class=\"elementor elementor-26886\" data-elementor-post-type=\"page\">\n\t\t\t\t<div class=\"elementor-element elementor-element-1dc865c1 e-con-full e-flex e-con e-parent\" data-id=\"1dc865c1\" data-element_type=\"container\" data-e-type=\"container\" data-settings=\"{&quot;background_background&quot;:&quot;classic&quot;}\">\n\t\t\t\t<div class=\"elementor-element elementor-element-2be6fd2f elementor-widget elementor-widget-heading\" data-id=\"2be6fd2f\" data-element_type=\"widget\" data-e-type=\"widget\" data-widget_type=\"heading.default\">\n\t\t\t\t<div class=\"elementor-widget-container\">\n\t\t\t\t\t<h2 class=\"elementor-heading-title elementor-size-default\"><a href=\"https:\/\/theprogthief.de\"> The Prog-Thief<\/a><\/h2>\t\t\t\t<\/div>\n\t\t\t\t<\/div>\n\t\t\t\t<\/div>\n\t\t<div class=\"elementor-element elementor-element-5ba9a6bc e-flex e-con-boxed e-con e-parent\" data-id=\"5ba9a6bc\" data-element_type=\"container\" data-e-type=\"container\" data-settings=\"{&quot;background_background&quot;:&quot;classic&quot;}\">\n\t\t\t\t\t<div class=\"e-con-inner\">\n\t\t\t\t<div class=\"elementor-element elementor-element-3b995b67 elementor-nav-menu--stretch elementor-widget__width-initial elementor-nav-menu__text-align-aside elementor-nav-menu--toggle elementor-nav-menu--burger elementor-invisible elementor-widget elementor-widget-global elementor-global-12513 elementor-widget-nav-menu\" data-id=\"3b995b67\" data-element_type=\"widget\" data-e-type=\"widget\" data-settings=\"{&quot;layout&quot;:&quot;dropdown&quot;,&quot;submenu_icon&quot;:{&quot;value&quot;:&quot;fas fa-chevron-down&quot;,&quot;library&quot;:&quot;fa-solid&quot;},&quot;full_width&quot;:&quot;stretch&quot;,&quot;_animation&quot;:&quot;fadeInUp&quot;,&quot;toggle&quot;:&quot;burger&quot;}\" data-widget_type=\"nav-menu.default\">\n\t\t\t\t<div class=\"elementor-widget-container\">\n\t\t\t\t\t\t\t<div class=\"elementor-menu-toggle\" role=\"button\" tabindex=\"0\" aria-label=\"Menu Toggle\" aria-expanded=\"false\">\n\t\t\t<i aria-hidden=\"true\" role=\"presentation\" class=\"elementor-menu-toggle__icon--open eicon-menu-bar\"><\/i><i aria-hidden=\"true\" role=\"presentation\" class=\"elementor-menu-toggle__icon--close eicon-close\"><\/i>\t\t<\/div>\n\t\t\t\t\t<nav class=\"elementor-nav-menu--dropdown elementor-nav-menu__container\" aria-hidden=\"true\">\n\t\t\t\t<ul id=\"menu-2-3b995b67\" class=\"elementor-nav-menu\"><li class=\"menu-item menu-item-type-post_type menu-item-object-page menu-item-home menu-item-12224\"><a href=\"https:\/\/theprogthief.de\/en\/\" class=\"elementor-item\" tabindex=\"-1\">Home<\/a><\/li>\n<li class=\"menu-item menu-item-type-post_type menu-item-object-page menu-item-24784\"><a href=\"https:\/\/theprogthief.de\/en\/ayreon-alben\/\" class=\"elementor-item\" tabindex=\"-1\">Ayreon<\/a><\/li>\n<li class=\"menu-item menu-item-type-post_type menu-item-object-page menu-item-24610\"><a href=\"https:\/\/theprogthief.de\/en\/porcupine-tree\/\" class=\"elementor-item\" tabindex=\"-1\">Porcupine Tree<\/a><\/li>\n<li class=\"menu-item menu-item-type-post_type menu-item-object-page menu-item-30976\"><a href=\"https:\/\/theprogthief.de\/en\/theatre-of-tragedy\/\" class=\"elementor-item\" tabindex=\"-1\">Theatre Of Tragedy<\/a><\/li>\n<li class=\"menu-item menu-item-type-post_type menu-item-object-page menu-item-has-children menu-item-12227\"><a rel=\"Keine\" href=\"https:\/\/theprogthief.de\/en\/rezensionen\/\" class=\"elementor-item\" tabindex=\"-1\">Rezensionen<\/a>\n<ul class=\"sub-menu elementor-nav-menu--dropdown\">\n\t<li class=\"menu-item menu-item-type-post_type menu-item-object-page menu-item-13299\"><a href=\"https:\/\/theprogthief.de\/en\/reviewsii\/\" class=\"elementor-sub-item\" tabindex=\"-1\">Reviews II<\/a><\/li>\n\t<li class=\"menu-item menu-item-type-post_type menu-item-object-page menu-item-13253\"><a href=\"https:\/\/theprogthief.de\/en\/reviews-iii\/\" class=\"elementor-sub-item\" tabindex=\"-1\">Reviews III<\/a><\/li>\n\t<li class=\"menu-item menu-item-type-post_type menu-item-object-page menu-item-20876\"><a href=\"https:\/\/theprogthief.de\/en\/reviews-iv\/\" class=\"elementor-sub-item\" tabindex=\"-1\">Reviews IV<\/a><\/li>\n\t<li class=\"menu-item menu-item-type-post_type menu-item-object-page menu-item-24240\"><a href=\"https:\/\/theprogthief.de\/en\/reviews-v\/\" class=\"elementor-sub-item\" tabindex=\"-1\">Reviews V<\/a><\/li>\n\t<li class=\"menu-item menu-item-type-post_type menu-item-object-page menu-item-24478\"><a href=\"https:\/\/theprogthief.de\/en\/rezensionen\/\" class=\"elementor-sub-item\" tabindex=\"-1\">Rezensionen A-Z<\/a><\/li>\n<\/ul>\n<\/li>\n<li class=\"menu-item menu-item-type-post_type menu-item-object-page menu-item-19217\"><a href=\"https:\/\/theprogthief.de\/en\/female-driven\/\" class=\"elementor-item\" tabindex=\"-1\">Female Driven<\/a><\/li>\n<li class=\"menu-item menu-item-type-post_type menu-item-object-page menu-item-12223\"><a href=\"https:\/\/theprogthief.de\/en\/was-ist-prog\/\" class=\"elementor-item\" tabindex=\"-1\">Was ist Prog?<\/a><\/li>\n<li class=\"menu-item menu-item-type-post_type menu-item-object-page menu-item-12222\"><a href=\"https:\/\/theprogthief.de\/en\/ueber-mich\/\" class=\"elementor-item\" tabindex=\"-1\">\u00dcber mich<\/a><\/li>\n<\/ul>\t\t\t<\/nav>\n\t\t\t\t\t\t<\/div>\n\t\t\t\t<\/div>\n\t\t\t\t\t<\/div>\n\t\t\t\t<\/div>\n\t\t<div class=\"elementor-element elementor-element-77342c17 e-flex e-con-boxed e-con e-parent\" data-id=\"77342c17\" data-element_type=\"container\" data-e-type=\"container\" data-settings=\"{&quot;background_background&quot;:&quot;classic&quot;}\">\n\t\t\t\t\t<div class=\"e-con-inner\">\n\t\t\t\t<div class=\"elementor-element elementor-element-3ab6696b elementor-widget elementor-widget-heading\" data-id=\"3ab6696b\" data-element_type=\"widget\" data-e-type=\"widget\" data-widget_type=\"heading.default\">\n\t\t\t\t<div class=\"elementor-widget-container\">\n\t\t\t\t\t<h2 class=\"elementor-heading-title elementor-size-default\">The Dark Side Of The Moon by Pink Floyd<\/h2>\t\t\t\t<\/div>\n\t\t\t\t<\/div>\n\t\t\t\t\t<\/div>\n\t\t\t\t<\/div>\n\t\t<div class=\"elementor-element elementor-element-a33685b e-con-full e-flex e-con e-parent\" data-id=\"a33685b\" data-element_type=\"container\" data-e-type=\"container\" data-settings=\"{&quot;background_background&quot;:&quot;classic&quot;}\">\n\t\t<div class=\"elementor-element elementor-element-4963163a e-con-full e-flex e-con e-child\" data-id=\"4963163a\" data-element_type=\"container\" data-e-type=\"container\">\n\t\t<div class=\"elementor-element elementor-element-72ab8bd4 e-flex e-con-boxed e-con e-child\" data-id=\"72ab8bd4\" data-element_type=\"container\" data-e-type=\"container\">\n\t\t\t\t\t<div class=\"e-con-inner\">\n\t\t\t\t<div class=\"elementor-element elementor-element-553b50bc elementor-widget elementor-widget-text-editor\" data-id=\"553b50bc\" data-element_type=\"widget\" data-e-type=\"widget\" data-widget_type=\"text-editor.default\">\n\t\t\t\t<div class=\"elementor-widget-container\">\n\t\t\t\t\t\t\t\t\t<p><a href=\"https:\/\/theprogthief.de\/wp-content\/uploads\/2026\/01\/PFDMFC1280.jpg\"><img fetchpriority=\"high\" decoding=\"async\" class=\"aligncenter wp-image-26890 size-full\" src=\"https:\/\/theprogthief.de\/wp-content\/uploads\/2026\/01\/PFDMFC350.jpg\" alt=\"Vinyl Album&quot;The Dark Side Of The Moon&quot; by Pink Floyd. Backcover\" width=\"348\" height=\"350\" srcset=\"https:\/\/theprogthief.de\/wp-content\/uploads\/2026\/01\/PFDMFC350.jpg 348w, https:\/\/theprogthief.de\/wp-content\/uploads\/2026\/01\/PFDMFC350-298x300.jpg 298w, https:\/\/theprogthief.de\/wp-content\/uploads\/2026\/01\/PFDMFC350-150x150.jpg 150w, https:\/\/theprogthief.de\/wp-content\/uploads\/2026\/01\/PFDMFC350-12x12.jpg 12w\" sizes=\"(max-width: 348px) 100vw, 348px\" \/><\/a>\u00a0<\/p><p><span style=\"text-decoration: underline;\"><a href=\"https:\/\/www.pinkfloyd.com\/\" target=\"_blank\" rel=\"noopener\">Pink Floyd<\/a><\/span><br \/>&#8222;The Dark Side Of The Moon&#8220;<br \/>Psychedelic, Progressive Rock. Black Vinyl, Remaster. 2016 (1973).<\/p><p>Pink Floyd, gegr\u00fcndet 1965 in England. Pr\u00e4gende Band des Psychedelischen Progressive Rock. \u00dcber Pink Floyd wurden bereits von Professoren B\u00fccher und Analysen erstellt, mir geht es um die Musik. Und doch ist diese Rezension von mir ein Bed\u00fcrfnis, war Pink Floyd doch eine meiner gr\u00f6\u00dften Einfl\u00fcsse auf die Entwicklung meines Musikgeschmacks in den 80er Jahren. Angefangen hat es mit &#8222;The Wall&#8220;, einer meiner ersten Platten von PF (Pink Floyd). Nat\u00fcrlich kannte ich &#8222;Another Brick In The Wall, Part Two&#8220;, den Rest jedoch nicht. Komischerweise gelangte ich von der Band Marillion zu Pink Floyd und nicht zu Genesis. Au\u00dferdem: Was w\u00e4re eine Seite \u00fcber Prog-Rock (und auch andere Musik) ohne &#8222;The Dark Side Of The Moon&#8220;?<\/p><p><a href=\"https:\/\/theprogthief.de\/wp-content\/uploads\/2026\/01\/PFDMIC1280.jpg\"><img decoding=\"async\" class=\"aligncenter wp-image-26892 size-full\" src=\"https:\/\/theprogthief.de\/wp-content\/uploads\/2026\/01\/PFDMIC350.jpg\" alt=\"Vinyl Album&quot;The Dark Side Of The Moon&quot; by Pink Floyd. Innercover\" width=\"350\" height=\"170\" srcset=\"https:\/\/theprogthief.de\/wp-content\/uploads\/2026\/01\/PFDMIC350.jpg 350w, https:\/\/theprogthief.de\/wp-content\/uploads\/2026\/01\/PFDMIC350-300x146.jpg 300w, https:\/\/theprogthief.de\/wp-content\/uploads\/2026\/01\/PFDMIC350-150x73.jpg 150w, https:\/\/theprogthief.de\/wp-content\/uploads\/2026\/01\/PFDMIC350-18x9.jpg 18w\" sizes=\"(max-width: 350px) 100vw, 350px\" \/><\/a><\/p><p>Mit der Entdeckung des Neo-Progressive-Rock durch die Band Marillion erwachte mein Interesse an Musik erst so richtig. Jeden Samstag schwebte mein Finger \u00fcber dem Aufnahmeknopf meines Grundig Kassetten-Radios und das schon in Stereo. Mit der Zeit empfand ich die Musik als langweilig, die da in der Top 20 Single Charts Woche f\u00fcr Woche kam. Dann entdeckte ich Marillion, kaufte mir die Platte f\u00fcr meine dann vorhande Stereoanlage und h\u00f6rte zum ersten Mal ein Album komplett durch. Dann kaufte ich mir &#8222;The Wall&#8220; und zelebrierte das richtig. Sessel genau zwischen die Lautsprecher gestellt, T\u00fcr abgeschlossen und f\u00fcr mindestens zwei LPs war ich unereichbar f\u00fcr die Welt. Den Text konnte ich nur rudiment\u00e4r verstehen, mein Englisch war da noch zu schlecht. Erst Jahre sp\u00e4ter fand ich Zugang zu den Alben &#8222;Wish You Where Here&#8220;, &#8222;Animals&#8220; und &#8222;The Dark Side Of The Moon&#8220; und sory f\u00fcr den historischen R\u00fcckgriff auf mein Leben. Jetzt geht es nur noch um TDSOTM, versprochen.<\/p><p><a href=\"https:\/\/theprogthief.de\/wp-content\/uploads\/2026\/01\/PFDMLP1280.jpg\"><img decoding=\"async\" class=\"aligncenter wp-image-26894 size-full\" src=\"https:\/\/theprogthief.de\/wp-content\/uploads\/2026\/01\/PFDMLP350.jpg\" alt=\"Vinyl Album&quot;The Dark Side Of The Moon&quot; by Pink Floyd. LP A\" width=\"350\" height=\"345\" srcset=\"https:\/\/theprogthief.de\/wp-content\/uploads\/2026\/01\/PFDMLP350.jpg 350w, https:\/\/theprogthief.de\/wp-content\/uploads\/2026\/01\/PFDMLP350-300x296.jpg 300w, https:\/\/theprogthief.de\/wp-content\/uploads\/2026\/01\/PFDMLP350-150x148.jpg 150w, https:\/\/theprogthief.de\/wp-content\/uploads\/2026\/01\/PFDMLP350-12x12.jpg 12w\" sizes=\"(max-width: 350px) 100vw, 350px\" \/><\/a><\/p><p>Mit diesem bereits schon achtem Album beginnt mein Interesse an Pink Floyd. Zu meiner Schande muss ich gestehen, das ich mit s\u00e4mtlichen Vorg\u00e4ngern nichts anfangen kann. Die Idee zu DSOTM kam Roger Waters bereits 1971. Waters wollte zeigen, wie seiner Meinung nach anonyme Machtstrukturen wie Geld oder Zeit Menschen zerst\u00f6ren k\u00f6nnen. In die Songs sind kurze Fragmente aus Interviews enthalten, die Roger Waters mit zuf\u00e4llig Anwesenden gef\u00fchrt hat, z. B.\u00a0 Studiomitarbeitern des Abbey Roads Studios. So endet das Album mit einem Satz des zum Thema befragten Studio-Pf\u00f6rtners: \u201cThere is no dark side in the moon, really;\u00a0 matter of fact it\u2019s all dark.\u201d<\/p><p>Ich werde nicht jeden Song einzeln kommentieren, sondern mich auf die Besonderheiten konzentrieren. Gepr\u00e4gt wird das Album von David Gilmours bluesigen Gitarrenspiel und dem gro\u00dffl\u00e4chigen Einsatz von Synthesizern, wie dem VCS-3.<\/p><p>Die Klangcollage &#8222;Speak To Me&#8220; beginnt mit dem Pochen eines Herzschlags, \u00fcber dem sich mehrere Personen zu den\u00a0 Themen des Konzeptalbums auslassen: Tod, Wahnsinn und Gewalt. Der damals 23 J\u00e4hrige Toningeneur Alan Parsons (sp\u00e4ter bekannt als The Alan Parsons Project) steuerte geloopte Sequenzen von klingelnden Weckern und die T\u00f6ne sowie die Glocke einer Registrierkasse zu &#8222;Time&#8220; und &#8222;Money&#8220; bei. Im Rockmusik-untypischen 7\/4-Takt gehalten ist &#8222;Money&#8220;, nur das Gitarrensolo in der Mitte ist im 4\/4 Takt. Ein genialer Song. &#8222;On The Run&#8220; endet mit verfremdeten Sounds eines abst\u00fcrzenden, explodierenden Flugzeuges.\u00a0<\/p><p>Fazit: Eines der gro\u00dfartigsten Progressive Rock Albums, das in keiner Prog-Head Sammlung fehlen darf. Das Album strotzt nur so vor Ideen, selbst nach all den Jahren ist es nie langweilig oder weniger wegweisend. &#8222;The Lunatic is in my Head&#8220;<\/p><p><a href=\"https:\/\/theprogthief.de\/wp-content\/uploads\/2026\/01\/PFDMBC1280.jpg\"><img loading=\"lazy\" decoding=\"async\" class=\"aligncenter wp-image-26887 size-full\" src=\"https:\/\/theprogthief.de\/wp-content\/uploads\/2026\/01\/PFDMBC350.jpg\" alt=\"Vinyl Album&quot;The Dark Side Of The Moon&quot; by Pink Floyd.\" width=\"350\" height=\"349\" srcset=\"https:\/\/theprogthief.de\/wp-content\/uploads\/2026\/01\/PFDMBC350.jpg 350w, https:\/\/theprogthief.de\/wp-content\/uploads\/2026\/01\/PFDMBC350-300x300.jpg 300w, https:\/\/theprogthief.de\/wp-content\/uploads\/2026\/01\/PFDMBC350-150x150.jpg 150w, https:\/\/theprogthief.de\/wp-content\/uploads\/2026\/01\/PFDMBC350-12x12.jpg 12w\" sizes=\"(max-width: 350px) 100vw, 350px\" \/><\/a><\/p><p>Credits<\/p><p>Backing Vocals \u2013 Barry St. John, Doris Troy, Lesley Duncan, Liza Strike<br \/>Bass Guitar, Vocals, Synthesizer (VCS3), Tape (Tape Effects) \u2013 Roger Waters<br \/>Engineer \u2013 Alan Parsons<br \/>Keyboards, Vocals, Synthesizer (VCS3) \u2013 Richard Wright<br \/>Lyrics By (All Lyrics By) \u2013 Roger Waters<br \/>Percussion, Tape (Tape Effects) \u2013 Nick Mason<br \/>Remastered By \u2013 Bernie Grundman, James Guthrie, Joel Plante<br \/>Vocals, Guitar, Synthesizer (VCS3) \u2013 David Gilmour<\/p><p>Die Fotos stammen alle von meiner LP. Die Rechte aller Motive, Logos, Texte und Schriften, die auf den Fotos zu sehen sind, liegen nat\u00fcrlich beim Rechteinhaber.<\/p><p>No AI was used in the making of this Review.<br \/>\u00a912.01.2026<\/p>\t\t\t\t\t\t\t\t<\/div>\n\t\t\t\t<\/div>\n\t\t\t\t\t<\/div>\n\t\t\t\t<\/div>\n\t\t\t\t<\/div>\n\t\t\t\t<\/div>\n\t\t<div class=\"elementor-element elementor-element-5473b15e e-flex e-con-boxed e-con e-parent\" data-id=\"5473b15e\" data-element_type=\"container\" data-e-type=\"container\" data-settings=\"{&quot;background_background&quot;:&quot;classic&quot;}\">\n\t\t\t\t\t<div class=\"e-con-inner\">\n\t\t<div class=\"elementor-element elementor-element-621cf0e6 e-con-full e-flex e-con e-child\" data-id=\"621cf0e6\" data-element_type=\"container\" data-e-type=\"container\">\n\t\t\t\t<div class=\"elementor-element elementor-element-29c7b94 elementor-widget elementor-widget-video\" data-id=\"29c7b94\" data-element_type=\"widget\" data-e-type=\"widget\" data-settings=\"{&quot;youtube_url&quot;:&quot;https:\\\/\\\/youtu.be\\\/G0wOOlwXLgA?list=OLAK5uy_n_QmNGWLkRc7EN5nTubzYUwIdP4c_i-ao&quot;,&quot;video_type&quot;:&quot;youtube&quot;,&quot;controls&quot;:&quot;yes&quot;}\" data-widget_type=\"video.default\">\n\t\t\t\t<div class=\"elementor-widget-container\">\n\t\t\t\t\t\t\t<div class=\"elementor-wrapper elementor-open-inline\">\n\t\t\t<div class=\"elementor-video\"><\/div>\t\t<\/div>\n\t\t\t\t\t\t<\/div>\n\t\t\t\t<\/div>\n\t\t\t\t<\/div>\n\t\t<div class=\"elementor-element elementor-element-37968a2b e-con-full e-flex e-con e-child\" data-id=\"37968a2b\" data-element_type=\"container\" data-e-type=\"container\">\n\t\t\t\t<div class=\"elementor-element elementor-element-401d16a8 elementor-widget elementor-widget-video\" data-id=\"401d16a8\" data-element_type=\"widget\" data-e-type=\"widget\" data-settings=\"{&quot;youtube_url&quot;:&quot;https:\\\/\\\/youtu.be\\\/yl-Ms_ek-kE?list=OLAK5uy_n_QmNGWLkRc7EN5nTubzYUwIdP4c_i-ao&quot;,&quot;video_type&quot;:&quot;youtube&quot;,&quot;controls&quot;:&quot;yes&quot;}\" data-widget_type=\"video.default\">\n\t\t\t\t<div class=\"elementor-widget-container\">\n\t\t\t\t\t\t\t<div class=\"elementor-wrapper elementor-open-inline\">\n\t\t\t<div class=\"elementor-video\"><\/div>\t\t<\/div>\n\t\t\t\t\t\t<\/div>\n\t\t\t\t<\/div>\n\t\t\t\t<\/div>\n\t\t<div class=\"elementor-element elementor-element-784778b7 e-con-full e-flex e-con e-child\" data-id=\"784778b7\" data-element_type=\"container\" data-e-type=\"container\">\n\t\t\t\t<div class=\"elementor-element elementor-element-68c92ed6 elementor-widget elementor-widget-video\" data-id=\"68c92ed6\" data-element_type=\"widget\" data-e-type=\"widget\" data-settings=\"{&quot;youtube_url&quot;:&quot;https:\\\/\\\/youtu.be\\\/-0kcet4aPpQ?list=OLAK5uy_n_QmNGWLkRc7EN5nTubzYUwIdP4c_i-ao&quot;,&quot;video_type&quot;:&quot;youtube&quot;,&quot;controls&quot;:&quot;yes&quot;}\" data-widget_type=\"video.default\">\n\t\t\t\t<div class=\"elementor-widget-container\">\n\t\t\t\t\t\t\t<div class=\"elementor-wrapper elementor-open-inline\">\n\t\t\t<div class=\"elementor-video\"><\/div>\t\t<\/div>\n\t\t\t\t\t\t<\/div>\n\t\t\t\t<\/div>\n\t\t\t\t<\/div>\n\t\t\t\t\t<\/div>\n\t\t\t\t<\/div>\n\t\t<div class=\"elementor-element elementor-element-565042ef e-flex e-con-boxed e-con e-parent\" data-id=\"565042ef\" data-element_type=\"container\" data-e-type=\"container\" data-settings=\"{&quot;background_background&quot;:&quot;classic&quot;}\">\n\t\t\t\t\t<div class=\"e-con-inner\">\n\t\t\t\t<div class=\"elementor-element elementor-element-702515e5 elementor-widget elementor-widget-heading\" data-id=\"702515e5\" data-element_type=\"widget\" data-e-type=\"widget\" data-widget_type=\"heading.default\">\n\t\t\t\t<div class=\"elementor-widget-container\">\n\t\t\t\t\t<h4 class=\"elementor-heading-title elementor-size-default\"><a href=\"https:\/\/www.hoeren-und-fuehlen.de\/\" target=\"_blank\">Interessiert an mehr Musik und Technik? Dann:<\/a><\/h4>\t\t\t\t<\/div>\n\t\t\t\t<\/div>\n\t\t\t\t<div class=\"elementor-element elementor-element-3c2bce0e elementor-widget elementor-widget-image\" data-id=\"3c2bce0e\" data-element_type=\"widget\" data-e-type=\"widget\" data-widget_type=\"image.default\">\n\t\t\t\t<div class=\"elementor-widget-container\">\n\t\t\t\t\t\t\t\t\t\t\t\t\t\t\t\t<a href=\"https:\/\/www.hoeren-und-fuehlen.de\/\" target=\"_blank\">\n\t\t\t\t\t\t\t<img loading=\"lazy\" decoding=\"async\" width=\"150\" height=\"47\" src=\"https:\/\/theprogthief.de\/wp-content\/uploads\/2024\/06\/Banner-150x47.jpg\" class=\"attachment-thumbnail size-thumbnail wp-image-5580\" alt=\"\" srcset=\"https:\/\/theprogthief.de\/wp-content\/uploads\/2024\/06\/Banner-150x47.jpg 150w, https:\/\/theprogthief.de\/wp-content\/uploads\/2024\/06\/Banner-300x94.jpg 300w, https:\/\/theprogthief.de\/wp-content\/uploads\/2024\/06\/Banner.jpg 320w\" sizes=\"(max-width: 150px) 100vw, 150px\" \/>\t\t\t\t\t\t\t\t<\/a>\n\t\t\t\t\t\t\t\t\t\t\t\t\t\t\t<\/div>\n\t\t\t\t<\/div>\n\t\t\t\t\t<\/div>\n\t\t\t\t<\/div>\n\t\t<div class=\"elementor-element elementor-element-34d693a8 e-con-full e-flex e-con e-parent\" data-id=\"34d693a8\" data-element_type=\"container\" data-e-type=\"container\" data-settings=\"{&quot;background_background&quot;:&quot;classic&quot;}\">\n\t\t\t\t<div class=\"elementor-element elementor-element-90b17fe elementor-widget__width-initial elementor-widget-mobile__width-initial elementor-widget elementor-widget-text-editor\" data-id=\"90b17fe\" data-element_type=\"widget\" data-e-type=\"widget\" data-widget_type=\"text-editor.default\">\n\t\t\t\t<div class=\"elementor-widget-container\">\n\t\t\t\t\t\t\t\t\t<p style=\"text-align: left;\"><span style=\"color: #000000;\"><strong>J. Specht<br \/><\/strong><\/span>[info@theprogthief.de]<\/p>\t\t\t\t\t\t\t\t<\/div>\n\t\t\t\t<\/div>\n\t\t\t\t<div class=\"elementor-element elementor-element-a434e4f elementor-align-center elementor-widget elementor-widget-button\" data-id=\"a434e4f\" data-element_type=\"widget\" data-e-type=\"widget\" data-widget_type=\"button.default\">\n\t\t\t\t<div class=\"elementor-widget-container\">\n\t\t\t\t\t\t\t\t\t<div class=\"elementor-button-wrapper\">\n\t\t\t\t\t<a class=\"elementor-button elementor-button-link elementor-size-sm\" href=\"https:\/\/theprogthief.de\/impressum\/\">\n\t\t\t\t\t\t<span class=\"elementor-button-content-wrapper\">\n\t\t\t\t\t\t\t\t\t<span class=\"elementor-button-text\">Impressum<\/span>\n\t\t\t\t\t<\/span>\n\t\t\t\t\t<\/a>\n\t\t\t\t<\/div>\n\t\t\t\t\t\t\t\t<\/div>\n\t\t\t\t<\/div>\n\t\t\t\t<div class=\"elementor-element elementor-element-7d03e2e6 elementor-align-center elementor-widget elementor-widget-button\" data-id=\"7d03e2e6\" data-element_type=\"widget\" data-e-type=\"widget\" data-widget_type=\"button.default\">\n\t\t\t\t<div class=\"elementor-widget-container\">\n\t\t\t\t\t\t\t\t\t<div class=\"elementor-button-wrapper\">\n\t\t\t\t\t<a class=\"elementor-button elementor-button-link elementor-size-sm\" href=\"https:\/\/theprogthief.de\/datenschutzerklaerung\/\">\n\t\t\t\t\t\t<span class=\"elementor-button-content-wrapper\">\n\t\t\t\t\t\t\t\t\t<span class=\"elementor-button-text\">Datenschutz<\/span>\n\t\t\t\t\t<\/span>\n\t\t\t\t\t<\/a>\n\t\t\t\t<\/div>\n\t\t\t\t\t\t\t\t<\/div>\n\t\t\t\t<\/div>\n\t\t\t\t<div class=\"elementor-element elementor-element-77666552 elementor-align-center elementor-widget elementor-widget-button\" data-id=\"77666552\" data-element_type=\"widget\" data-e-type=\"widget\" data-widget_type=\"button.default\">\n\t\t\t\t<div class=\"elementor-widget-container\">\n\t\t\t\t\t\t\t\t\t<div class=\"elementor-button-wrapper\">\n\t\t\t\t\t<a class=\"elementor-button elementor-button-link elementor-size-sm\" href=\"https:\/\/theprogthief.de\/gender-hinweis\/\">\n\t\t\t\t\t\t<span class=\"elementor-button-content-wrapper\">\n\t\t\t\t\t\t\t\t\t<span class=\"elementor-button-text\">Gender-Hinweis<\/span>\n\t\t\t\t\t<\/span>\n\t\t\t\t\t<\/a>\n\t\t\t\t<\/div>\n\t\t\t\t\t\t\t\t<\/div>\n\t\t\t\t<\/div>\n\t\t\t\t<\/div>\n\t\t\t\t<\/div>\n\t\t","protected":false},"excerpt":{"rendered":"<p>Review of &#8222;The Dark Side Of The Moon&#8220;.  Black Vinyl, LP, Album, Reissue, Remastered, Stereo, 180g, Gatefold. 2016 (1973). Engineer: Alan Parsons. David Gilmour, Richard Wright, Nick Mason. Roger Waters. Lacquer Cut by BG (Bernard Grundman).<\/p>","protected":false},"author":1,"featured_media":26890,"parent":0,"menu_order":0,"comment_status":"closed","ping_status":"closed","template":"","meta":{"ocean_post_layout":"full-screen","ocean_both_sidebars_style":"","ocean_both_sidebars_content_width":0,"ocean_both_sidebars_sidebars_width":0,"ocean_sidebar":"","ocean_second_sidebar":"","ocean_disable_margins":"enable","ocean_add_body_class":"","ocean_shortcode_before_top_bar":"","ocean_shortcode_after_top_bar":"","ocean_shortcode_before_header":"","ocean_shortcode_after_header":"","ocean_has_shortcode":"","ocean_shortcode_after_title":"","ocean_shortcode_before_footer_widgets":"","ocean_shortcode_after_footer_widgets":"","ocean_shortcode_before_footer_bottom":"","ocean_shortcode_after_footer_bottom":"","ocean_display_top_bar":"off","ocean_display_header":"off","ocean_header_style":"","ocean_center_header_left_menu":"","ocean_custom_header_template":"","ocean_custom_logo":0,"ocean_custom_retina_logo":0,"ocean_custom_logo_max_width":0,"ocean_custom_logo_tablet_max_width":0,"ocean_custom_logo_mobile_max_width":0,"ocean_custom_logo_max_height":0,"ocean_custom_logo_tablet_max_height":0,"ocean_custom_logo_mobile_max_height":0,"ocean_header_custom_menu":"","ocean_menu_typo_font_family":"","ocean_menu_typo_font_subset":"","ocean_menu_typo_font_size":0,"ocean_menu_typo_font_size_tablet":0,"ocean_menu_typo_font_size_mobile":0,"ocean_menu_typo_font_size_unit":"px","ocean_menu_typo_font_weight":"","ocean_menu_typo_font_weight_tablet":"","ocean_menu_typo_font_weight_mobile":"","ocean_menu_typo_transform":"","ocean_menu_typo_transform_tablet":"","ocean_menu_typo_transform_mobile":"","ocean_menu_typo_line_height":0,"ocean_menu_typo_line_height_tablet":0,"ocean_menu_typo_line_height_mobile":0,"ocean_menu_typo_line_height_unit":"","ocean_menu_typo_spacing":0,"ocean_menu_typo_spacing_tablet":0,"ocean_menu_typo_spacing_mobile":0,"ocean_menu_typo_spacing_unit":"","ocean_menu_link_color":"","ocean_menu_link_color_hover":"","ocean_menu_link_color_active":"","ocean_menu_link_background":"","ocean_menu_link_hover_background":"","ocean_menu_link_active_background":"","ocean_menu_social_links_bg":"","ocean_menu_social_hover_links_bg":"","ocean_menu_social_links_color":"","ocean_menu_social_hover_links_color":"","ocean_disable_title":"on","ocean_disable_heading":"default","ocean_post_title":"","ocean_post_subheading":"","ocean_post_title_style":"","ocean_post_title_background_color":"","ocean_post_title_background":0,"ocean_post_title_bg_image_position":"","ocean_post_title_bg_image_attachment":"","ocean_post_title_bg_image_repeat":"","ocean_post_title_bg_image_size":"","ocean_post_title_height":0,"ocean_post_title_bg_overlay":0.5,"ocean_post_title_bg_overlay_color":"","ocean_disable_breadcrumbs":"default","ocean_breadcrumbs_color":"","ocean_breadcrumbs_separator_color":"","ocean_breadcrumbs_links_color":"","ocean_breadcrumbs_links_hover_color":"","ocean_display_footer_widgets":"off","ocean_display_footer_bottom":"off","ocean_custom_footer_template":"","footnotes":""},"class_list":["post-26886","page","type-page","status-publish","has-post-thumbnail","hentry","entry","has-media"],"_links":{"self":[{"href":"https:\/\/theprogthief.de\/en\/wp-json\/wp\/v2\/pages\/26886","targetHints":{"allow":["GET"]}}],"collection":[{"href":"https:\/\/theprogthief.de\/en\/wp-json\/wp\/v2\/pages"}],"about":[{"href":"https:\/\/theprogthief.de\/en\/wp-json\/wp\/v2\/types\/page"}],"author":[{"embeddable":true,"href":"https:\/\/theprogthief.de\/en\/wp-json\/wp\/v2\/users\/1"}],"replies":[{"embeddable":true,"href":"https:\/\/theprogthief.de\/en\/wp-json\/wp\/v2\/comments?post=26886"}],"version-history":[{"count":10,"href":"https:\/\/theprogthief.de\/en\/wp-json\/wp\/v2\/pages\/26886\/revisions"}],"predecessor-version":[{"id":27478,"href":"https:\/\/theprogthief.de\/en\/wp-json\/wp\/v2\/pages\/26886\/revisions\/27478"}],"wp:featuredmedia":[{"embeddable":true,"href":"https:\/\/theprogthief.de\/en\/wp-json\/wp\/v2\/media\/26890"}],"wp:attachment":[{"href":"https:\/\/theprogthief.de\/en\/wp-json\/wp\/v2\/media?parent=26886"}],"curies":[{"name":"wp","href":"https:\/\/api.w.org\/{rel}","templated":true}]}}