{"id":27044,"date":"2026-01-13T23:57:42","date_gmt":"2026-01-13T22:57:42","guid":{"rendered":"https:\/\/theprogthief.de\/?page_id=27044"},"modified":"2026-05-11T16:06:26","modified_gmt":"2026-05-11T14:06:26","slug":"wish-you-were-here-by-pink-floyd","status":"publish","type":"page","link":"https:\/\/theprogthief.de\/en\/wish-you-were-here-by-pink-floyd\/","title":{"rendered":"Wish You Were Here by Pink Floyd"},"content":{"rendered":"\t\t<div data-elementor-type=\"wp-page\" data-elementor-id=\"27044\" class=\"elementor elementor-27044\" data-elementor-post-type=\"page\">\n\t\t\t\t<div class=\"elementor-element elementor-element-5432a8b9 e-con-full e-flex e-con e-parent\" data-id=\"5432a8b9\" data-element_type=\"container\" data-e-type=\"container\" data-settings=\"{&quot;background_background&quot;:&quot;classic&quot;}\">\n\t\t\t\t<div class=\"elementor-element elementor-element-40efe587 elementor-widget elementor-widget-heading\" data-id=\"40efe587\" data-element_type=\"widget\" data-e-type=\"widget\" data-widget_type=\"heading.default\">\n\t\t\t\t<div class=\"elementor-widget-container\">\n\t\t\t\t\t<h2 class=\"elementor-heading-title elementor-size-default\"><a href=\"https:\/\/theprogthief.de\"> The Prog-Thief<\/a><\/h2>\t\t\t\t<\/div>\n\t\t\t\t<\/div>\n\t\t\t\t<\/div>\n\t\t<div class=\"elementor-element elementor-element-1bb7eefb e-flex e-con-boxed e-con e-parent\" data-id=\"1bb7eefb\" data-element_type=\"container\" data-e-type=\"container\" data-settings=\"{&quot;background_background&quot;:&quot;classic&quot;}\">\n\t\t\t\t\t<div class=\"e-con-inner\">\n\t\t\t\t<div class=\"elementor-element elementor-element-70e44481 elementor-nav-menu--stretch elementor-widget__width-initial elementor-nav-menu__text-align-aside elementor-nav-menu--toggle elementor-nav-menu--burger elementor-invisible elementor-widget elementor-widget-global elementor-global-12513 elementor-widget-nav-menu\" data-id=\"70e44481\" data-element_type=\"widget\" data-e-type=\"widget\" data-settings=\"{&quot;layout&quot;:&quot;dropdown&quot;,&quot;submenu_icon&quot;:{&quot;value&quot;:&quot;fas fa-chevron-down&quot;,&quot;library&quot;:&quot;fa-solid&quot;},&quot;full_width&quot;:&quot;stretch&quot;,&quot;_animation&quot;:&quot;fadeInUp&quot;,&quot;toggle&quot;:&quot;burger&quot;}\" data-widget_type=\"nav-menu.default\">\n\t\t\t\t<div class=\"elementor-widget-container\">\n\t\t\t\t\t\t\t<div class=\"elementor-menu-toggle\" role=\"button\" tabindex=\"0\" aria-label=\"Menu Toggle\" aria-expanded=\"false\">\n\t\t\t<i aria-hidden=\"true\" role=\"presentation\" class=\"elementor-menu-toggle__icon--open eicon-menu-bar\"><\/i><i aria-hidden=\"true\" role=\"presentation\" class=\"elementor-menu-toggle__icon--close eicon-close\"><\/i>\t\t<\/div>\n\t\t\t\t\t<nav class=\"elementor-nav-menu--dropdown elementor-nav-menu__container\" aria-hidden=\"true\">\n\t\t\t\t<ul id=\"menu-2-70e44481\" class=\"elementor-nav-menu\"><li class=\"menu-item menu-item-type-post_type menu-item-object-page menu-item-home menu-item-12224\"><a href=\"https:\/\/theprogthief.de\/en\/\" class=\"elementor-item\" tabindex=\"-1\">Home<\/a><\/li>\n<li class=\"menu-item menu-item-type-post_type menu-item-object-page menu-item-24784\"><a href=\"https:\/\/theprogthief.de\/en\/ayreon-alben\/\" class=\"elementor-item\" tabindex=\"-1\">Ayreon<\/a><\/li>\n<li class=\"menu-item menu-item-type-post_type menu-item-object-page menu-item-24610\"><a href=\"https:\/\/theprogthief.de\/en\/porcupine-tree\/\" class=\"elementor-item\" tabindex=\"-1\">Porcupine Tree<\/a><\/li>\n<li class=\"menu-item menu-item-type-post_type menu-item-object-page menu-item-30976\"><a href=\"https:\/\/theprogthief.de\/en\/theatre-of-tragedy\/\" class=\"elementor-item\" tabindex=\"-1\">Theatre Of Tragedy<\/a><\/li>\n<li class=\"menu-item menu-item-type-post_type menu-item-object-page menu-item-has-children menu-item-12227\"><a rel=\"Keine\" href=\"https:\/\/theprogthief.de\/en\/rezensionen\/\" class=\"elementor-item\" tabindex=\"-1\">Rezensionen<\/a>\n<ul class=\"sub-menu elementor-nav-menu--dropdown\">\n\t<li class=\"menu-item menu-item-type-post_type menu-item-object-page menu-item-13299\"><a href=\"https:\/\/theprogthief.de\/en\/reviewsii\/\" class=\"elementor-sub-item\" tabindex=\"-1\">Reviews II<\/a><\/li>\n\t<li class=\"menu-item menu-item-type-post_type menu-item-object-page menu-item-13253\"><a href=\"https:\/\/theprogthief.de\/en\/reviews-iii\/\" class=\"elementor-sub-item\" tabindex=\"-1\">Reviews III<\/a><\/li>\n\t<li class=\"menu-item menu-item-type-post_type menu-item-object-page menu-item-20876\"><a href=\"https:\/\/theprogthief.de\/en\/reviews-iv\/\" class=\"elementor-sub-item\" tabindex=\"-1\">Reviews IV<\/a><\/li>\n\t<li class=\"menu-item menu-item-type-post_type menu-item-object-page menu-item-24240\"><a href=\"https:\/\/theprogthief.de\/en\/reviews-v\/\" class=\"elementor-sub-item\" tabindex=\"-1\">Reviews V<\/a><\/li>\n\t<li class=\"menu-item menu-item-type-post_type menu-item-object-page menu-item-24478\"><a href=\"https:\/\/theprogthief.de\/en\/rezensionen\/\" class=\"elementor-sub-item\" tabindex=\"-1\">Rezensionen A-Z<\/a><\/li>\n<\/ul>\n<\/li>\n<li class=\"menu-item menu-item-type-post_type menu-item-object-page menu-item-19217\"><a href=\"https:\/\/theprogthief.de\/en\/female-driven\/\" class=\"elementor-item\" tabindex=\"-1\">Female Driven<\/a><\/li>\n<li class=\"menu-item menu-item-type-post_type menu-item-object-page menu-item-12223\"><a href=\"https:\/\/theprogthief.de\/en\/was-ist-prog\/\" class=\"elementor-item\" tabindex=\"-1\">Was ist Prog?<\/a><\/li>\n<li class=\"menu-item menu-item-type-post_type menu-item-object-page menu-item-12222\"><a href=\"https:\/\/theprogthief.de\/en\/ueber-mich\/\" class=\"elementor-item\" tabindex=\"-1\">\u00dcber mich<\/a><\/li>\n<\/ul>\t\t\t<\/nav>\n\t\t\t\t\t\t<\/div>\n\t\t\t\t<\/div>\n\t\t\t\t\t<\/div>\n\t\t\t\t<\/div>\n\t\t<div class=\"elementor-element elementor-element-33b6dcf6 e-flex e-con-boxed e-con e-parent\" data-id=\"33b6dcf6\" data-element_type=\"container\" data-e-type=\"container\" data-settings=\"{&quot;background_background&quot;:&quot;classic&quot;}\">\n\t\t\t\t\t<div class=\"e-con-inner\">\n\t\t\t\t<div class=\"elementor-element elementor-element-56035932 elementor-widget elementor-widget-heading\" data-id=\"56035932\" data-element_type=\"widget\" data-e-type=\"widget\" data-widget_type=\"heading.default\">\n\t\t\t\t<div class=\"elementor-widget-container\">\n\t\t\t\t\t<h2 class=\"elementor-heading-title elementor-size-default\">Wish You Were Here by Pink Floyd<\/h2>\t\t\t\t<\/div>\n\t\t\t\t<\/div>\n\t\t\t\t\t<\/div>\n\t\t\t\t<\/div>\n\t\t<div class=\"elementor-element elementor-element-40289238 e-flex e-con-boxed e-con e-parent\" data-id=\"40289238\" data-element_type=\"container\" data-e-type=\"container\" data-settings=\"{&quot;background_background&quot;:&quot;classic&quot;}\">\n\t\t\t\t\t<div class=\"e-con-inner\">\n\t\t<div class=\"elementor-element elementor-element-65df31e1 e-con-full e-flex e-con e-child\" data-id=\"65df31e1\" data-element_type=\"container\" data-e-type=\"container\">\n\t\t<div class=\"elementor-element elementor-element-75c9aae0 e-flex e-con-boxed e-con e-child\" data-id=\"75c9aae0\" data-element_type=\"container\" data-e-type=\"container\">\n\t\t\t\t\t<div class=\"e-con-inner\">\n\t\t\t\t<div class=\"elementor-element elementor-element-1968532f elementor-widget elementor-widget-text-editor\" data-id=\"1968532f\" data-element_type=\"widget\" data-e-type=\"widget\" data-widget_type=\"text-editor.default\">\n\t\t\t\t<div class=\"elementor-widget-container\">\n\t\t\t\t\t\t\t\t\t<p><a href=\"https:\/\/theprogthief.de\/wp-content\/uploads\/2026\/01\/PFWHFC1280.jpg\"><img fetchpriority=\"high\" decoding=\"async\" class=\"aligncenter wp-image-27050 size-full\" src=\"https:\/\/theprogthief.de\/wp-content\/uploads\/2026\/01\/PFWHFC350.jpg\" alt=\"Vinyl Album&quot;Wish you You Were Here&quot; by Pink Floyd. Frontcover\" width=\"350\" height=\"343\" srcset=\"https:\/\/theprogthief.de\/wp-content\/uploads\/2026\/01\/PFWHFC350.jpg 350w, https:\/\/theprogthief.de\/wp-content\/uploads\/2026\/01\/PFWHFC350-300x294.jpg 300w, https:\/\/theprogthief.de\/wp-content\/uploads\/2026\/01\/PFWHFC350-150x147.jpg 150w, https:\/\/theprogthief.de\/wp-content\/uploads\/2026\/01\/PFWHFC350-12x12.jpg 12w\" sizes=\"(max-width: 350px) 100vw, 350px\" \/><\/a>\u00a0<\/p><p><span style=\"text-decoration: underline;\"><a href=\"https:\/\/www.pinkfloyd.com\/\" target=\"_blank\" rel=\"noopener\">Pink Floyd<\/a><\/span><br \/>&#8222;Wish You Were Here&#8220;<br \/>Vinyl, LP, Album, Reissue, Remastered, 180g, 2016 (1975). Prog, Rock, Psychedelic.<\/p><p>1975 erschufen Pink Floyd nach &#8222;The Dark Side Of The Moon&#8220; (1973), gleich ihr n\u00e4chstes Meisterwerk. Damit k\u00f6nnte ich diese &#8222;Rezension&#8220; eigentlich beenden, denn schon Professoren\/Innen haben dieses Album St\u00fcck f\u00fcr St\u00fcck seziert. Zwar gibt es Rezensionen, die WYWH nachsagen, langweilig zu sein oder gar ohne wirklichen Elan einfach lieblos produziert zu sein. Es steht jedem frei, Musik langweilig zu finden, aber elanlose Produktion? Nein. Wenige Alben von Pink Floyd klingen gleich, wer nat\u00fcrlich immer &#8222;Piper At The Gates Of Dawn&#8220; oder &#8222;Dark Side&#8220; erwartet, kann nur entt\u00e4uscht werden.<\/p><p><a href=\"https:\/\/theprogthief.de\/wp-content\/uploads\/2026\/01\/PFWHOCB1280.jpg\"><img decoding=\"async\" class=\"aligncenter wp-image-27054 size-full\" src=\"https:\/\/theprogthief.de\/wp-content\/uploads\/2026\/01\/PFWHOCB350.jpg\" alt=\"Vinyl Album&quot;Wish you You Were Here&quot; by Pink Floyd. Incover\" width=\"350\" height=\"332\" srcset=\"https:\/\/theprogthief.de\/wp-content\/uploads\/2026\/01\/PFWHOCB350.jpg 350w, https:\/\/theprogthief.de\/wp-content\/uploads\/2026\/01\/PFWHOCB350-300x285.jpg 300w, https:\/\/theprogthief.de\/wp-content\/uploads\/2026\/01\/PFWHOCB350-150x142.jpg 150w, https:\/\/theprogthief.de\/wp-content\/uploads\/2026\/01\/PFWHOCB350-13x12.jpg 13w\" sizes=\"(max-width: 350px) 100vw, 350px\" \/><\/a><\/p><p>Ob ich &#8222;WYWH&#8220; nun als grandios oder langweilig einstufe, hat nichts mit der Qualit\u00e4t der Produktion zu tun. Die Musik, erzeugte Stimmung, eingesetzte Instrumente, Ideen, Vocals und Effekte sind von h\u00f6chster Qualit\u00e4t. Das kann und sollte unabh\u00e4ngig vom eigenen Geschmack anerkannt werden.<\/p><p><a href=\"https:\/\/theprogthief.de\/wp-content\/uploads\/2026\/01\/PFLPA1280.jpg\"><img decoding=\"async\" class=\"aligncenter wp-image-27045 size-full\" src=\"https:\/\/theprogthief.de\/wp-content\/uploads\/2026\/01\/PFLPA350.jpg\" alt=\"Vinyl Album&quot;Wish you You Were Here&quot; by Pink Floyd. LPA\/B\" width=\"346\" height=\"350\" srcset=\"https:\/\/theprogthief.de\/wp-content\/uploads\/2026\/01\/PFLPA350.jpg 346w, https:\/\/theprogthief.de\/wp-content\/uploads\/2026\/01\/PFLPA350-297x300.jpg 297w, https:\/\/theprogthief.de\/wp-content\/uploads\/2026\/01\/PFLPA350-148x150.jpg 148w, https:\/\/theprogthief.de\/wp-content\/uploads\/2026\/01\/PFLPA350-12x12.jpg 12w\" sizes=\"(max-width: 346px) 100vw, 346px\" \/><\/a><\/p><p>Zun\u00e4chst klang der Remaster bescheiden, erst nach dem ich die (Neue!) Platte gr\u00fcndlich gereinigt hatte, blieben die knisterigen Ger\u00e4usche aus. Seit dem gibt es von meiner Seite her nichts mehr auszusetzen. Sch\u00f6ne B\u00fchne, gestaffelte Position der Instrumente, klarer Klang. Der vielleicht gerne etwas definierter sein k\u00f6nnte? Nein, aus meiner Sicht gibt es nichts auszusetzen.<\/p><p><a href=\"https:\/\/theprogthief.de\/wp-content\/uploads\/2026\/01\/PFWHOC1280.jpg\"><img loading=\"lazy\" decoding=\"async\" class=\"aligncenter wp-image-27052 size-full\" src=\"https:\/\/theprogthief.de\/wp-content\/uploads\/2026\/01\/PFWHOC350.jpg\" alt=\"Vinyl Album&quot;Wish you You Were Here&quot; by Pink Floyd. Incover\" width=\"350\" height=\"307\" srcset=\"https:\/\/theprogthief.de\/wp-content\/uploads\/2026\/01\/PFWHOC350.jpg 350w, https:\/\/theprogthief.de\/wp-content\/uploads\/2026\/01\/PFWHOC350-300x263.jpg 300w, https:\/\/theprogthief.de\/wp-content\/uploads\/2026\/01\/PFWHOC350-150x132.jpg 150w, https:\/\/theprogthief.de\/wp-content\/uploads\/2026\/01\/PFWHOC350-14x12.jpg 14w\" sizes=\"(max-width: 350px) 100vw, 350px\" \/><\/a><\/p><p>Ein leichtes Fazit f\u00fcr mich. Ich mag und freue mich jedes mal wieder auf jeden einzelnen Song. Op das jetzt Prog sei, oder auch nicht (f\u00fcr mich hat es klare Anteile des Progs), muss jeder selbst entscheiden. F\u00fcr mich ist es ein weiterer Meilenstein von Pink Floyd. Ich zum Beispiel kann mit der Syd Barret Zeit nichts anfangen und auch die Zeit nach Roger Waters ist nicht mein. Daf\u00fcr fehlen mir einfach seine grandiosen Lyrics. Ganz klare Empfehlung.<\/p><p>Was denke ich wirklich?<\/p><p>Meilenstein. Meisterwerk. F\u00fcr mich nie langweilig und ich freue mich, so gute Musik h\u00f6ren zu k\u00f6nnen. Sei es &#8222;Have A Cigar&#8220; oder &#8222;Shine On You Crazy Diamond&#8220;, ich kann dieses ganze Album empfehlen. Insbesondere das Gitarrenspiel von David Gilmour und die analogen Synthesizer (MiniMoog, VCS 3) stechen heraus. Geh\u00f6rt nicht nur in jede Prog Sammlung.<\/p><p><a href=\"https:\/\/theprogthief.de\/wp-content\/uploads\/2026\/01\/PFWHBC1280.jpg\"><img loading=\"lazy\" decoding=\"async\" class=\"aligncenter wp-image-27047 size-full\" src=\"https:\/\/theprogthief.de\/wp-content\/uploads\/2026\/01\/PFWHBC350.jpg\" alt=\"Vinyl Album&quot;Wish you You Were Here&quot; by Pink Floyd. Backcover\" width=\"348\" height=\"350\" srcset=\"https:\/\/theprogthief.de\/wp-content\/uploads\/2026\/01\/PFWHBC350.jpg 348w, https:\/\/theprogthief.de\/wp-content\/uploads\/2026\/01\/PFWHBC350-298x300.jpg 298w, https:\/\/theprogthief.de\/wp-content\/uploads\/2026\/01\/PFWHBC350-150x150.jpg 150w, https:\/\/theprogthief.de\/wp-content\/uploads\/2026\/01\/PFWHBC350-12x12.jpg 12w\" sizes=\"(max-width: 348px) 100vw, 348px\" \/><\/a><\/p><p>David Gilmour \u2013 Vocals, Guitars, pedal steel Guitar, EMS Synthi AKS, additional Bass, glass Harmonica, tape Effects<br \/>Nick Mason \u2013 Drums, Percussion, Timpani, Cymbals, tape Effects<br \/>Roger Waters \u2013 Vocals, Bass Guitar, EMS VCS 3, additional Guitar, glass Harmonica, tape Effects<br \/>Richard Wright \u2013 Hammond Organ, ARP String Ensemble, Minimoog, Steinway Piano, EMS VCS 3, Hohner Clavinet D6, Wurlitzer EP-200 electric piano, Rhodes Piano, glass Harmonica, backing Vocals<br \/>Dick Parry &#8211; Saxophone<br \/>Roy Harper &#8211; Vocals (Have A Cigar)<\/p><p>Die Fotos stammen alle von meiner LP. Die Rechte aller Motive, Logos, Texte und Schriften, die auf den Fotos zu sehen sind, liegen nat\u00fcrlich beim Rechteinhaber.<\/p><p>No AI was used in the making of this Review.<br \/>\u00a911.05.2026<\/p>\t\t\t\t\t\t\t\t<\/div>\n\t\t\t\t<\/div>\n\t\t\t\t\t<\/div>\n\t\t\t\t<\/div>\n\t\t\t\t<\/div>\n\t\t\t\t\t<\/div>\n\t\t\t\t<\/div>\n\t\t<div class=\"elementor-element elementor-element-60ecbeed e-flex e-con-boxed e-con e-parent\" data-id=\"60ecbeed\" data-element_type=\"container\" data-e-type=\"container\" data-settings=\"{&quot;background_background&quot;:&quot;classic&quot;}\">\n\t\t\t\t\t<div class=\"e-con-inner\">\n\t\t<div class=\"elementor-element elementor-element-677e1194 e-con-full e-flex e-con e-child\" data-id=\"677e1194\" data-element_type=\"container\" data-e-type=\"container\">\n\t\t\t\t<div class=\"elementor-element elementor-element-42586a8b elementor-widget elementor-widget-video\" data-id=\"42586a8b\" data-element_type=\"widget\" data-e-type=\"widget\" data-settings=\"{&quot;youtube_url&quot;:&quot;https:\\\/\\\/youtu.be\\\/Tu7oq3VNgpY?list=PLfimnwaZdumgdg-BPofqK8h6cdkxIxe2H&quot;,&quot;video_type&quot;:&quot;youtube&quot;,&quot;controls&quot;:&quot;yes&quot;}\" data-widget_type=\"video.default\">\n\t\t\t\t<div class=\"elementor-widget-container\">\n\t\t\t\t\t\t\t<div class=\"elementor-wrapper elementor-open-inline\">\n\t\t\t<div class=\"elementor-video\"><\/div>\t\t<\/div>\n\t\t\t\t\t\t<\/div>\n\t\t\t\t<\/div>\n\t\t\t\t<\/div>\n\t\t<div class=\"elementor-element elementor-element-56fdec22 e-con-full e-flex e-con e-child\" data-id=\"56fdec22\" data-element_type=\"container\" data-e-type=\"container\">\n\t\t\t\t<div class=\"elementor-element elementor-element-11d156ce elementor-widget elementor-widget-video\" data-id=\"11d156ce\" data-element_type=\"widget\" data-e-type=\"widget\" data-settings=\"{&quot;youtube_url&quot;:&quot;https:\\\/\\\/youtu.be\\\/Eq8ZiZ9xiLw?list=PLfimnwaZdumgdg-BPofqK8h6cdkxIxe2H&quot;,&quot;video_type&quot;:&quot;youtube&quot;,&quot;controls&quot;:&quot;yes&quot;}\" data-widget_type=\"video.default\">\n\t\t\t\t<div class=\"elementor-widget-container\">\n\t\t\t\t\t\t\t<div class=\"elementor-wrapper elementor-open-inline\">\n\t\t\t<div class=\"elementor-video\"><\/div>\t\t<\/div>\n\t\t\t\t\t\t<\/div>\n\t\t\t\t<\/div>\n\t\t\t\t<\/div>\n\t\t<div class=\"elementor-element elementor-element-6caa1b20 e-con-full e-flex e-con e-child\" data-id=\"6caa1b20\" data-element_type=\"container\" data-e-type=\"container\">\n\t\t\t\t<div class=\"elementor-element elementor-element-7c83016d elementor-widget elementor-widget-video\" data-id=\"7c83016d\" data-element_type=\"widget\" data-e-type=\"widget\" data-settings=\"{&quot;youtube_url&quot;:&quot;https:\\\/\\\/youtu.be\\\/4K6cvc27_CE?list=PLfimnwaZdumgdg-BPofqK8h6cdkxIxe2H&quot;,&quot;video_type&quot;:&quot;youtube&quot;,&quot;controls&quot;:&quot;yes&quot;}\" data-widget_type=\"video.default\">\n\t\t\t\t<div class=\"elementor-widget-container\">\n\t\t\t\t\t\t\t<div class=\"elementor-wrapper elementor-open-inline\">\n\t\t\t<div class=\"elementor-video\"><\/div>\t\t<\/div>\n\t\t\t\t\t\t<\/div>\n\t\t\t\t<\/div>\n\t\t\t\t<\/div>\n\t\t\t\t\t<\/div>\n\t\t\t\t<\/div>\n\t\t<div class=\"elementor-element elementor-element-48617606 e-flex e-con-boxed e-con e-parent\" data-id=\"48617606\" data-element_type=\"container\" data-e-type=\"container\" data-settings=\"{&quot;background_background&quot;:&quot;classic&quot;}\">\n\t\t\t\t\t<div class=\"e-con-inner\">\n\t\t\t\t<div class=\"elementor-element elementor-element-6a207bac elementor-widget elementor-widget-heading\" data-id=\"6a207bac\" data-element_type=\"widget\" data-e-type=\"widget\" data-widget_type=\"heading.default\">\n\t\t\t\t<div class=\"elementor-widget-container\">\n\t\t\t\t\t<h4 class=\"elementor-heading-title elementor-size-default\"><a href=\"https:\/\/www.hoeren-und-fuehlen.de\/\" target=\"_blank\">Interessiert an mehr Musik und Technik? Dann:<\/a><\/h4>\t\t\t\t<\/div>\n\t\t\t\t<\/div>\n\t\t\t\t<div class=\"elementor-element elementor-element-7a210bfb elementor-widget elementor-widget-image\" data-id=\"7a210bfb\" data-element_type=\"widget\" data-e-type=\"widget\" data-widget_type=\"image.default\">\n\t\t\t\t<div class=\"elementor-widget-container\">\n\t\t\t\t\t\t\t\t\t\t\t\t\t\t\t\t<a href=\"https:\/\/www.hoeren-und-fuehlen.de\/\" target=\"_blank\">\n\t\t\t\t\t\t\t<img loading=\"lazy\" decoding=\"async\" width=\"150\" height=\"47\" src=\"https:\/\/theprogthief.de\/wp-content\/uploads\/2024\/06\/Banner-150x47.jpg\" class=\"attachment-thumbnail size-thumbnail wp-image-5580\" alt=\"\" srcset=\"https:\/\/theprogthief.de\/wp-content\/uploads\/2024\/06\/Banner-150x47.jpg 150w, https:\/\/theprogthief.de\/wp-content\/uploads\/2024\/06\/Banner-300x94.jpg 300w, https:\/\/theprogthief.de\/wp-content\/uploads\/2024\/06\/Banner.jpg 320w\" sizes=\"(max-width: 150px) 100vw, 150px\" \/>\t\t\t\t\t\t\t\t<\/a>\n\t\t\t\t\t\t\t\t\t\t\t\t\t\t\t<\/div>\n\t\t\t\t<\/div>\n\t\t\t\t\t<\/div>\n\t\t\t\t<\/div>\n\t\t<div class=\"elementor-element elementor-element-68e3e168 e-con-full e-flex e-con e-parent\" data-id=\"68e3e168\" data-element_type=\"container\" data-e-type=\"container\" data-settings=\"{&quot;background_background&quot;:&quot;classic&quot;}\">\n\t\t\t\t<div class=\"elementor-element elementor-element-405c9237 elementor-widget__width-initial elementor-widget-mobile__width-initial elementor-widget elementor-widget-text-editor\" data-id=\"405c9237\" data-element_type=\"widget\" data-e-type=\"widget\" data-widget_type=\"text-editor.default\">\n\t\t\t\t<div class=\"elementor-widget-container\">\n\t\t\t\t\t\t\t\t\t<p style=\"text-align: left;\"><span style=\"color: #000000;\"><strong><br \/><\/strong><\/span>[info@theprogthief.de]<\/p>\t\t\t\t\t\t\t\t<\/div>\n\t\t\t\t<\/div>\n\t\t\t\t<div class=\"elementor-element elementor-element-aa39f7a elementor-align-center elementor-widget elementor-widget-button\" data-id=\"aa39f7a\" data-element_type=\"widget\" data-e-type=\"widget\" data-widget_type=\"button.default\">\n\t\t\t\t<div class=\"elementor-widget-container\">\n\t\t\t\t\t\t\t\t\t<div class=\"elementor-button-wrapper\">\n\t\t\t\t\t<a class=\"elementor-button elementor-button-link elementor-size-sm\" href=\"https:\/\/theprogthief.de\/impressum\/\">\n\t\t\t\t\t\t<span class=\"elementor-button-content-wrapper\">\n\t\t\t\t\t\t\t\t\t<span class=\"elementor-button-text\">Impressum<\/span>\n\t\t\t\t\t<\/span>\n\t\t\t\t\t<\/a>\n\t\t\t\t<\/div>\n\t\t\t\t\t\t\t\t<\/div>\n\t\t\t\t<\/div>\n\t\t\t\t<div class=\"elementor-element elementor-element-11c28e11 elementor-align-center elementor-widget elementor-widget-button\" data-id=\"11c28e11\" data-element_type=\"widget\" data-e-type=\"widget\" data-widget_type=\"button.default\">\n\t\t\t\t<div class=\"elementor-widget-container\">\n\t\t\t\t\t\t\t\t\t<div class=\"elementor-button-wrapper\">\n\t\t\t\t\t<a class=\"elementor-button elementor-button-link elementor-size-sm\" href=\"https:\/\/theprogthief.de\/datenschutzerklaerung\/\">\n\t\t\t\t\t\t<span class=\"elementor-button-content-wrapper\">\n\t\t\t\t\t\t\t\t\t<span class=\"elementor-button-text\">Datenschutz<\/span>\n\t\t\t\t\t<\/span>\n\t\t\t\t\t<\/a>\n\t\t\t\t<\/div>\n\t\t\t\t\t\t\t\t<\/div>\n\t\t\t\t<\/div>\n\t\t\t\t<div class=\"elementor-element elementor-element-6292bba6 elementor-align-center elementor-widget elementor-widget-button\" data-id=\"6292bba6\" data-element_type=\"widget\" data-e-type=\"widget\" data-widget_type=\"button.default\">\n\t\t\t\t<div class=\"elementor-widget-container\">\n\t\t\t\t\t\t\t\t\t<div class=\"elementor-button-wrapper\">\n\t\t\t\t\t<a class=\"elementor-button elementor-button-link elementor-size-sm\" href=\"https:\/\/theprogthief.de\/gender-hinweis\/\">\n\t\t\t\t\t\t<span class=\"elementor-button-content-wrapper\">\n\t\t\t\t\t\t\t\t\t<span class=\"elementor-button-text\">Gender-Hinweis<\/span>\n\t\t\t\t\t<\/span>\n\t\t\t\t\t<\/a>\n\t\t\t\t<\/div>\n\t\t\t\t\t\t\t\t<\/div>\n\t\t\t\t<\/div>\n\t\t\t\t<\/div>\n\t\t\t\t<\/div>\n\t\t","protected":false},"excerpt":{"rendered":"<p>Review of &#8222;Wish You Were Here&#8220;.<br \/>\nVinyl, LP, Album, Reissue, Remastered, Stereo, 180g. Roger Waters, Richard Wright, Nick Mason, David Gilmour. 2016 (1975)<\/p>","protected":false},"author":1,"featured_media":27050,"parent":0,"menu_order":0,"comment_status":"closed","ping_status":"closed","template":"","meta":{"ocean_post_layout":"full-screen","ocean_both_sidebars_style":"","ocean_both_sidebars_content_width":0,"ocean_both_sidebars_sidebars_width":0,"ocean_sidebar":"","ocean_second_sidebar":"","ocean_disable_margins":"enable","ocean_add_body_class":"","ocean_shortcode_before_top_bar":"","ocean_shortcode_after_top_bar":"","ocean_shortcode_before_header":"","ocean_shortcode_after_header":"","ocean_has_shortcode":"","ocean_shortcode_after_title":"","ocean_shortcode_before_footer_widgets":"","ocean_shortcode_after_footer_widgets":"","ocean_shortcode_before_footer_bottom":"","ocean_shortcode_after_footer_bottom":"","ocean_display_top_bar":"off","ocean_display_header":"off","ocean_header_style":"","ocean_center_header_left_menu":"","ocean_custom_header_template":"","ocean_custom_logo":0,"ocean_custom_retina_logo":0,"ocean_custom_logo_max_width":0,"ocean_custom_logo_tablet_max_width":0,"ocean_custom_logo_mobile_max_width":0,"ocean_custom_logo_max_height":0,"ocean_custom_logo_tablet_max_height":0,"ocean_custom_logo_mobile_max_height":0,"ocean_header_custom_menu":"","ocean_menu_typo_font_family":"","ocean_menu_typo_font_subset":"","ocean_menu_typo_font_size":0,"ocean_menu_typo_font_size_tablet":0,"ocean_menu_typo_font_size_mobile":0,"ocean_menu_typo_font_size_unit":"px","ocean_menu_typo_font_weight":"","ocean_menu_typo_font_weight_tablet":"","ocean_menu_typo_font_weight_mobile":"","ocean_menu_typo_transform":"","ocean_menu_typo_transform_tablet":"","ocean_menu_typo_transform_mobile":"","ocean_menu_typo_line_height":0,"ocean_menu_typo_line_height_tablet":0,"ocean_menu_typo_line_height_mobile":0,"ocean_menu_typo_line_height_unit":"","ocean_menu_typo_spacing":0,"ocean_menu_typo_spacing_tablet":0,"ocean_menu_typo_spacing_mobile":0,"ocean_menu_typo_spacing_unit":"","ocean_menu_link_color":"","ocean_menu_link_color_hover":"","ocean_menu_link_color_active":"","ocean_menu_link_background":"","ocean_menu_link_hover_background":"","ocean_menu_link_active_background":"","ocean_menu_social_links_bg":"","ocean_menu_social_hover_links_bg":"","ocean_menu_social_links_color":"","ocean_menu_social_hover_links_color":"","ocean_disable_title":"on","ocean_disable_heading":"default","ocean_post_title":"","ocean_post_subheading":"","ocean_post_title_style":"","ocean_post_title_background_color":"","ocean_post_title_background":0,"ocean_post_title_bg_image_position":"","ocean_post_title_bg_image_attachment":"","ocean_post_title_bg_image_repeat":"","ocean_post_title_bg_image_size":"","ocean_post_title_height":0,"ocean_post_title_bg_overlay":0.5,"ocean_post_title_bg_overlay_color":"","ocean_disable_breadcrumbs":"default","ocean_breadcrumbs_color":"","ocean_breadcrumbs_separator_color":"","ocean_breadcrumbs_links_color":"","ocean_breadcrumbs_links_hover_color":"","ocean_display_footer_widgets":"off","ocean_display_footer_bottom":"off","ocean_custom_footer_template":"","footnotes":""},"class_list":["post-27044","page","type-page","status-publish","has-post-thumbnail","hentry","entry","has-media"],"_links":{"self":[{"href":"https:\/\/theprogthief.de\/en\/wp-json\/wp\/v2\/pages\/27044","targetHints":{"allow":["GET"]}}],"collection":[{"href":"https:\/\/theprogthief.de\/en\/wp-json\/wp\/v2\/pages"}],"about":[{"href":"https:\/\/theprogthief.de\/en\/wp-json\/wp\/v2\/types\/page"}],"author":[{"embeddable":true,"href":"https:\/\/theprogthief.de\/en\/wp-json\/wp\/v2\/users\/1"}],"replies":[{"embeddable":true,"href":"https:\/\/theprogthief.de\/en\/wp-json\/wp\/v2\/comments?post=27044"}],"version-history":[{"count":10,"href":"https:\/\/theprogthief.de\/en\/wp-json\/wp\/v2\/pages\/27044\/revisions"}],"predecessor-version":[{"id":32544,"href":"https:\/\/theprogthief.de\/en\/wp-json\/wp\/v2\/pages\/27044\/revisions\/32544"}],"wp:featuredmedia":[{"embeddable":true,"href":"https:\/\/theprogthief.de\/en\/wp-json\/wp\/v2\/media\/27050"}],"wp:attachment":[{"href":"https:\/\/theprogthief.de\/en\/wp-json\/wp\/v2\/media?parent=27044"}],"curies":[{"name":"wp","href":"https:\/\/api.w.org\/{rel}","templated":true}]}}