{"id":27074,"date":"2026-01-26T19:24:24","date_gmt":"2026-01-26T18:24:24","guid":{"rendered":"https:\/\/theprogthief.de\/?page_id=27074"},"modified":"2026-01-27T14:04:21","modified_gmt":"2026-01-27T13:04:21","slug":"antares-by-martin-stuertzer","status":"publish","type":"page","link":"https:\/\/theprogthief.de\/en\/antares-by-martin-stuertzer\/","title":{"rendered":"Antares Station by Martin St\u00fcrtzer"},"content":{"rendered":"\t\t<div data-elementor-type=\"wp-page\" data-elementor-id=\"27074\" class=\"elementor elementor-27074\" data-elementor-post-type=\"page\">\n\t\t\t\t<div class=\"elementor-element elementor-element-5433f7ae e-con-full e-flex e-con e-parent\" data-id=\"5433f7ae\" data-element_type=\"container\" data-e-type=\"container\" data-settings=\"{&quot;background_background&quot;:&quot;classic&quot;}\">\n\t\t\t\t<div class=\"elementor-element elementor-element-6e505681 elementor-widget elementor-widget-heading\" data-id=\"6e505681\" data-element_type=\"widget\" data-e-type=\"widget\" data-widget_type=\"heading.default\">\n\t\t\t\t<div class=\"elementor-widget-container\">\n\t\t\t\t\t<h2 class=\"elementor-heading-title elementor-size-default\"><a href=\"https:\/\/theprogthief.de\"> The Prog-Thief<\/a><\/h2>\t\t\t\t<\/div>\n\t\t\t\t<\/div>\n\t\t\t\t<\/div>\n\t\t<div class=\"elementor-element elementor-element-558a1dc7 e-flex e-con-boxed e-con e-parent\" data-id=\"558a1dc7\" data-element_type=\"container\" data-e-type=\"container\" data-settings=\"{&quot;background_background&quot;:&quot;classic&quot;}\">\n\t\t\t\t\t<div class=\"e-con-inner\">\n\t\t\t\t<div class=\"elementor-element elementor-element-234f2392 elementor-nav-menu--stretch elementor-widget__width-initial elementor-nav-menu__text-align-aside elementor-nav-menu--toggle elementor-nav-menu--burger elementor-invisible elementor-widget elementor-widget-global elementor-global-12513 elementor-widget-nav-menu\" data-id=\"234f2392\" data-element_type=\"widget\" data-e-type=\"widget\" data-settings=\"{&quot;layout&quot;:&quot;dropdown&quot;,&quot;submenu_icon&quot;:{&quot;value&quot;:&quot;fas fa-chevron-down&quot;,&quot;library&quot;:&quot;fa-solid&quot;},&quot;full_width&quot;:&quot;stretch&quot;,&quot;_animation&quot;:&quot;fadeInUp&quot;,&quot;toggle&quot;:&quot;burger&quot;}\" data-widget_type=\"nav-menu.default\">\n\t\t\t\t<div class=\"elementor-widget-container\">\n\t\t\t\t\t\t\t<div class=\"elementor-menu-toggle\" role=\"button\" tabindex=\"0\" aria-label=\"Menu Toggle\" aria-expanded=\"false\">\n\t\t\t<i aria-hidden=\"true\" role=\"presentation\" class=\"elementor-menu-toggle__icon--open eicon-menu-bar\"><\/i><i aria-hidden=\"true\" role=\"presentation\" class=\"elementor-menu-toggle__icon--close eicon-close\"><\/i>\t\t<\/div>\n\t\t\t\t\t<nav class=\"elementor-nav-menu--dropdown elementor-nav-menu__container\" aria-hidden=\"true\">\n\t\t\t\t<ul id=\"menu-2-234f2392\" class=\"elementor-nav-menu\"><li class=\"menu-item menu-item-type-post_type menu-item-object-page menu-item-home menu-item-12224\"><a href=\"https:\/\/theprogthief.de\/en\/\" class=\"elementor-item\" tabindex=\"-1\">Home<\/a><\/li>\n<li class=\"menu-item menu-item-type-post_type menu-item-object-page menu-item-24784\"><a href=\"https:\/\/theprogthief.de\/en\/ayreon-alben\/\" class=\"elementor-item\" tabindex=\"-1\">Ayreon<\/a><\/li>\n<li class=\"menu-item menu-item-type-post_type menu-item-object-page menu-item-24610\"><a href=\"https:\/\/theprogthief.de\/en\/porcupine-tree\/\" class=\"elementor-item\" tabindex=\"-1\">Porcupine Tree<\/a><\/li>\n<li class=\"menu-item menu-item-type-post_type menu-item-object-page menu-item-30976\"><a href=\"https:\/\/theprogthief.de\/en\/theatre-of-tragedy\/\" class=\"elementor-item\" tabindex=\"-1\">Theatre Of Tragedy<\/a><\/li>\n<li class=\"menu-item menu-item-type-post_type menu-item-object-page menu-item-has-children menu-item-12227\"><a rel=\"Keine\" href=\"https:\/\/theprogthief.de\/en\/rezensionen\/\" class=\"elementor-item\" tabindex=\"-1\">Rezensionen<\/a>\n<ul class=\"sub-menu elementor-nav-menu--dropdown\">\n\t<li class=\"menu-item menu-item-type-post_type menu-item-object-page menu-item-13299\"><a href=\"https:\/\/theprogthief.de\/en\/reviewsii\/\" class=\"elementor-sub-item\" tabindex=\"-1\">Reviews II<\/a><\/li>\n\t<li class=\"menu-item menu-item-type-post_type menu-item-object-page menu-item-13253\"><a href=\"https:\/\/theprogthief.de\/en\/reviews-iii\/\" class=\"elementor-sub-item\" tabindex=\"-1\">Reviews III<\/a><\/li>\n\t<li class=\"menu-item menu-item-type-post_type menu-item-object-page menu-item-20876\"><a href=\"https:\/\/theprogthief.de\/en\/reviews-iv\/\" class=\"elementor-sub-item\" tabindex=\"-1\">Reviews IV<\/a><\/li>\n\t<li class=\"menu-item menu-item-type-post_type menu-item-object-page menu-item-24240\"><a href=\"https:\/\/theprogthief.de\/en\/reviews-v\/\" class=\"elementor-sub-item\" tabindex=\"-1\">Reviews V<\/a><\/li>\n\t<li class=\"menu-item menu-item-type-post_type menu-item-object-page menu-item-24478\"><a href=\"https:\/\/theprogthief.de\/en\/rezensionen\/\" class=\"elementor-sub-item\" tabindex=\"-1\">Rezensionen A-Z<\/a><\/li>\n<\/ul>\n<\/li>\n<li class=\"menu-item menu-item-type-post_type menu-item-object-page menu-item-19217\"><a href=\"https:\/\/theprogthief.de\/en\/female-driven\/\" class=\"elementor-item\" tabindex=\"-1\">Female Driven<\/a><\/li>\n<li class=\"menu-item menu-item-type-post_type menu-item-object-page menu-item-12223\"><a href=\"https:\/\/theprogthief.de\/en\/was-ist-prog\/\" class=\"elementor-item\" tabindex=\"-1\">Was ist Prog?<\/a><\/li>\n<li class=\"menu-item menu-item-type-post_type menu-item-object-page menu-item-12222\"><a href=\"https:\/\/theprogthief.de\/en\/ueber-mich\/\" class=\"elementor-item\" tabindex=\"-1\">\u00dcber mich<\/a><\/li>\n<\/ul>\t\t\t<\/nav>\n\t\t\t\t\t\t<\/div>\n\t\t\t\t<\/div>\n\t\t\t\t\t<\/div>\n\t\t\t\t<\/div>\n\t\t<div class=\"elementor-element elementor-element-70a9839b e-flex e-con-boxed e-con e-parent\" data-id=\"70a9839b\" data-element_type=\"container\" data-e-type=\"container\" data-settings=\"{&quot;background_background&quot;:&quot;classic&quot;}\">\n\t\t\t\t\t<div class=\"e-con-inner\">\n\t\t\t\t<div class=\"elementor-element elementor-element-467f1f9 elementor-widget elementor-widget-heading\" data-id=\"467f1f9\" data-element_type=\"widget\" data-e-type=\"widget\" data-widget_type=\"heading.default\">\n\t\t\t\t<div class=\"elementor-widget-container\">\n\t\t\t\t\t<h2 class=\"elementor-heading-title elementor-size-default\">Antares Station by Martin St\u00fcrtzer<\/h2>\t\t\t\t<\/div>\n\t\t\t\t<\/div>\n\t\t\t\t\t<\/div>\n\t\t\t\t<\/div>\n\t\t<div class=\"elementor-element elementor-element-c95aaa3 e-flex e-con-boxed e-con e-parent\" data-id=\"c95aaa3\" data-element_type=\"container\" data-e-type=\"container\" data-settings=\"{&quot;background_background&quot;:&quot;classic&quot;}\">\n\t\t\t\t\t<div class=\"e-con-inner\">\n\t\t<div class=\"elementor-element elementor-element-28bd7c7d e-con-full e-flex e-con e-child\" data-id=\"28bd7c7d\" data-element_type=\"container\" data-e-type=\"container\">\n\t\t<div class=\"elementor-element elementor-element-2d066076 e-flex e-con-boxed e-con e-child\" data-id=\"2d066076\" data-element_type=\"container\" data-e-type=\"container\">\n\t\t\t\t\t<div class=\"e-con-inner\">\n\t\t\t\t<div class=\"elementor-element elementor-element-39764d9f elementor-widget elementor-widget-text-editor\" data-id=\"39764d9f\" data-element_type=\"widget\" data-e-type=\"widget\" data-widget_type=\"text-editor.default\">\n\t\t\t\t<div class=\"elementor-widget-container\">\n\t\t\t\t\t\t\t\t\t<p><a href=\"https:\/\/theprogthief.de\/wp-content\/uploads\/2026\/01\/MSAFC1280.jpg\"><img fetchpriority=\"high\" decoding=\"async\" class=\"aligncenter wp-image-27079 size-full\" src=\"https:\/\/theprogthief.de\/wp-content\/uploads\/2026\/01\/MSAFC350.jpg\" alt=\"LP Album &quot;Antares&quot;. by Martin St\u00fcrtzer. Frontcover\" width=\"349\" height=\"350\" srcset=\"https:\/\/theprogthief.de\/wp-content\/uploads\/2026\/01\/MSAFC350.jpg 349w, https:\/\/theprogthief.de\/wp-content\/uploads\/2026\/01\/MSAFC350-300x300.jpg 300w, https:\/\/theprogthief.de\/wp-content\/uploads\/2026\/01\/MSAFC350-150x150.jpg 150w, https:\/\/theprogthief.de\/wp-content\/uploads\/2026\/01\/MSAFC350-12x12.jpg 12w\" sizes=\"(max-width: 349px) 100vw, 349px\" \/><\/a><\/p><p><a href=\"https:\/\/martinstuertzer.de\/\" target=\"_blank\" rel=\"noopener\"><span style=\"text-decoration: underline;\">Martin St\u00fcrtzer<\/span><\/a><br \/>&#8222;Antares Station&#8220;<br \/>Black Vinyl, Album, Ambient, Electro. 2025.<\/p><p>Und wieder ist Bandcamp daran &#8222;Schuld&#8220;, dass ich \u00fcber Martin St\u00fcrtzer bei einer Suche nach spacigen Ambient gestolpert bin. Der Wuppertaler macht seit 20 Jahren elektronische Musik und somit geh\u00f6rt &#8222;Antares Station&#8220; aus dem Jahr 2025 zu seinen j\u00fcngeren Werken. Die eigentlichen &#8222;Stars&#8220; sind die Instrumente, wie der von mir sehr veehrte Mini-Moog und der Sub37. Weitere Instrumente auf diesem Album sind: Matriarch, Sequential Prophet 10, Oberheim Xpander &amp; OB-6, Expressive-E Osmose, Udo Super 6, Roland Juno 60, Access Virus TI, Waldorf Microwave &amp; Iridium, Omnisphere, Zebra.<\/p><p>Bei diesem Album wurde Wert auf die vinyle Ausgabe gelegt, von Martin stammt der Mix, das Mastering erledigte Leon B\u00f6lting. Um es vorweg zu sagen: Die LP klingt hervorragend, dazu liegt sie plan auf dem Plattenteller auf. So soll es sein.<\/p><p>Seit 2020 gibt es immer am ersten Sonntag eines Monats ein Home Concert. Reinh\u00f6ren lohnt sich. <a href=\"https:\/\/www.youtube.com\/watch?v=uikbWMT8Rgk\" target=\"_blank\" rel=\"noopener\"><span style=\"text-decoration: underline;\">Home Concert 66<\/span><\/a><\/p><p><a href=\"https:\/\/theprogthief.de\/wp-content\/uploads\/2026\/01\/MSALPA1280.jpg\"><img decoding=\"async\" class=\"aligncenter wp-image-27081 size-full\" src=\"https:\/\/theprogthief.de\/wp-content\/uploads\/2026\/01\/MSALPA350.jpg\" alt=\"LP Album &quot;Antares&quot;. by Martin St\u00fcrtzer. LP A\" width=\"350\" height=\"345\" srcset=\"https:\/\/theprogthief.de\/wp-content\/uploads\/2026\/01\/MSALPA350.jpg 350w, https:\/\/theprogthief.de\/wp-content\/uploads\/2026\/01\/MSALPA350-300x296.jpg 300w, https:\/\/theprogthief.de\/wp-content\/uploads\/2026\/01\/MSALPA350-150x148.jpg 150w, https:\/\/theprogthief.de\/wp-content\/uploads\/2026\/01\/MSALPA350-12x12.jpg 12w\" sizes=\"(max-width: 350px) 100vw, 350px\" \/><\/a><\/p><p>Ich liebe es im Bett zu lesen, oder um konzentriert Musik zu h\u00f6ren. Da ich gerne ScFi Literatur lese, kommt mir ruhige spacige Musik gerade recht. Denn sie lenkt mich nicht ab und l\u00f6st sich in Wohlgefallen auf. Genau so viel Wohlbefinden l\u00f6st konzentriertes zuh\u00f6ren aus. Es sind so viele subtile Ger\u00e4usche zu h\u00f6ren, die auch beim leisen h\u00f6ren immer wieder \u00fcberraschen. Alleine f\u00fcr die tadellose Qualit\u00e4t des Sounds geb\u00fchrt &#8222;Antares Station&#8220; jede Menge Lob. Die beiden Longtracks &#8222;Antares Station&#8220; (17:44) auf Seite A und &#8222;Long Range Signal&#8220; (17:07) auf Seite B stammen beide aus seinen Home Concerts. Abgerundet werden sie durch die beiden k\u00fcrzeren Songs &#8222;Exo Habitat&#8220; (06:38, Seite A) und &#8222;Solar Flare&#8220; (06:51, Seite B). Es ist kein Konzeptalbum im eigentlichen Sinne, jedoch klingt es f\u00fcr mich danach und so behandele ich es auch.<\/p><p><a href=\"https:\/\/theprogthief.de\/wp-content\/uploads\/2026\/01\/MSALPB1280.jpg\"><img decoding=\"async\" class=\"aligncenter wp-image-27083 size-full\" src=\"https:\/\/theprogthief.de\/wp-content\/uploads\/2026\/01\/MSALPB350.jpg\" alt=\"LP Album &quot;Antares&quot;. by Martin St\u00fcrtzer. LP B\" width=\"350\" height=\"344\" srcset=\"https:\/\/theprogthief.de\/wp-content\/uploads\/2026\/01\/MSALPB350.jpg 350w, https:\/\/theprogthief.de\/wp-content\/uploads\/2026\/01\/MSALPB350-300x295.jpg 300w, https:\/\/theprogthief.de\/wp-content\/uploads\/2026\/01\/MSALPB350-150x147.jpg 150w, https:\/\/theprogthief.de\/wp-content\/uploads\/2026\/01\/MSALPB350-12x12.jpg 12w\" sizes=\"(max-width: 350px) 100vw, 350px\" \/><\/a><\/p><p>Besonders die beiden Longtracks entwickeln sich subtil und es gibt immer was neues zu entdecken. Wir werden direkt in den Weltraum gebeamt, manches k\u00f6nnte genauso in Blade Runner erklingen oder in anderen Filmen. Sie regt die eigene Phantasie an. Die beiden &#8222;kurzen&#8220; Tracks bringen Dynamik rein und runden &#8222;Antares Station&#8220; perfekt ab. Fazit? F\u00fcr alle die Ambient m\u00f6gen, ein muss. Und wer wenig Ambient kennt, sei gewarnt: Das kann s\u00fcchtig machen! Klanglich gibt es hier nichts zu meckern.<\/p><p><a href=\"https:\/\/theprogthief.de\/wp-content\/uploads\/2026\/01\/MSABC1280.jpg\"><img loading=\"lazy\" decoding=\"async\" class=\"aligncenter wp-image-27076 size-full\" src=\"https:\/\/theprogthief.de\/wp-content\/uploads\/2026\/01\/MSABC350.jpg\" alt=\"LP Album &quot;Antares&quot;. by Martin St\u00fcrtzer. Backcover\" width=\"350\" height=\"343\" srcset=\"https:\/\/theprogthief.de\/wp-content\/uploads\/2026\/01\/MSABC350.jpg 350w, https:\/\/theprogthief.de\/wp-content\/uploads\/2026\/01\/MSABC350-300x294.jpg 300w, https:\/\/theprogthief.de\/wp-content\/uploads\/2026\/01\/MSABC350-150x147.jpg 150w, https:\/\/theprogthief.de\/wp-content\/uploads\/2026\/01\/MSABC350-12x12.jpg 12w\" sizes=\"(max-width: 350px) 100vw, 350px\" \/><\/a><\/p><p>Die Fotos stammen alle von meiner LP. Die Rechte aller Motive, Logos, Texte und Schriften, die auf den Fotos zu sehen sind, liegen nat\u00fcrlich beim Rechteinhaber.<\/p><p>No AI was used in the making of this Review.<br \/>\u00a927.01.2026<\/p>\t\t\t\t\t\t\t\t<\/div>\n\t\t\t\t<\/div>\n\t\t\t\t\t<\/div>\n\t\t\t\t<\/div>\n\t\t\t\t<\/div>\n\t\t\t\t\t<\/div>\n\t\t\t\t<\/div>\n\t\t<div class=\"elementor-element elementor-element-61957caf e-flex e-con-boxed e-con e-parent\" data-id=\"61957caf\" data-element_type=\"container\" data-e-type=\"container\" data-settings=\"{&quot;background_background&quot;:&quot;classic&quot;}\">\n\t\t\t\t\t<div class=\"e-con-inner\">\n\t\t<div class=\"elementor-element elementor-element-2ba8735a e-con-full e-flex e-con e-child\" data-id=\"2ba8735a\" data-element_type=\"container\" data-e-type=\"container\">\n\t\t\t\t<div class=\"elementor-element elementor-element-4ae293ea elementor-widget elementor-widget-video\" data-id=\"4ae293ea\" data-element_type=\"widget\" data-e-type=\"widget\" data-settings=\"{&quot;youtube_url&quot;:&quot;https:\\\/\\\/youtu.be\\\/sSpR6OENrJU?list=OLAK5uy_kIui6lMB9dJAiDX42EsZrRI3v47l6kOYc&quot;,&quot;video_type&quot;:&quot;youtube&quot;,&quot;controls&quot;:&quot;yes&quot;}\" data-widget_type=\"video.default\">\n\t\t\t\t<div class=\"elementor-widget-container\">\n\t\t\t\t\t\t\t<div class=\"elementor-wrapper elementor-open-inline\">\n\t\t\t<div class=\"elementor-video\"><\/div>\t\t<\/div>\n\t\t\t\t\t\t<\/div>\n\t\t\t\t<\/div>\n\t\t\t\t<\/div>\n\t\t<div class=\"elementor-element elementor-element-84de72 e-con-full e-flex e-con e-child\" data-id=\"84de72\" data-element_type=\"container\" data-e-type=\"container\">\n\t\t\t\t<div class=\"elementor-element elementor-element-44fb5f93 elementor-widget elementor-widget-video\" data-id=\"44fb5f93\" data-element_type=\"widget\" data-e-type=\"widget\" data-settings=\"{&quot;youtube_url&quot;:&quot;https:\\\/\\\/youtu.be\\\/7St8k3w0O3g?list=OLAK5uy_kIui6lMB9dJAiDX42EsZrRI3v47l6kOYc&quot;,&quot;video_type&quot;:&quot;youtube&quot;,&quot;controls&quot;:&quot;yes&quot;}\" data-widget_type=\"video.default\">\n\t\t\t\t<div class=\"elementor-widget-container\">\n\t\t\t\t\t\t\t<div class=\"elementor-wrapper elementor-open-inline\">\n\t\t\t<div class=\"elementor-video\"><\/div>\t\t<\/div>\n\t\t\t\t\t\t<\/div>\n\t\t\t\t<\/div>\n\t\t\t\t<\/div>\n\t\t<div class=\"elementor-element elementor-element-1d2e23c3 e-con-full e-flex e-con e-child\" data-id=\"1d2e23c3\" data-element_type=\"container\" data-e-type=\"container\">\n\t\t\t\t<div class=\"elementor-element elementor-element-ff15705 elementor-widget elementor-widget-video\" data-id=\"ff15705\" data-element_type=\"widget\" data-e-type=\"widget\" data-settings=\"{&quot;youtube_url&quot;:&quot;https:\\\/\\\/youtu.be\\\/Dw3aMpIQasA?list=OLAK5uy_kIui6lMB9dJAiDX42EsZrRI3v47l6kOYc&quot;,&quot;video_type&quot;:&quot;youtube&quot;,&quot;controls&quot;:&quot;yes&quot;}\" data-widget_type=\"video.default\">\n\t\t\t\t<div class=\"elementor-widget-container\">\n\t\t\t\t\t\t\t<div class=\"elementor-wrapper elementor-open-inline\">\n\t\t\t<div class=\"elementor-video\"><\/div>\t\t<\/div>\n\t\t\t\t\t\t<\/div>\n\t\t\t\t<\/div>\n\t\t\t\t<\/div>\n\t\t\t\t\t<\/div>\n\t\t\t\t<\/div>\n\t\t<div class=\"elementor-element elementor-element-1f8d80b3 e-flex e-con-boxed e-con e-parent\" data-id=\"1f8d80b3\" data-element_type=\"container\" data-e-type=\"container\" data-settings=\"{&quot;background_background&quot;:&quot;classic&quot;}\">\n\t\t\t\t\t<div class=\"e-con-inner\">\n\t\t\t\t<div class=\"elementor-element elementor-element-3e0c9c4a elementor-widget elementor-widget-heading\" data-id=\"3e0c9c4a\" data-element_type=\"widget\" data-e-type=\"widget\" data-widget_type=\"heading.default\">\n\t\t\t\t<div class=\"elementor-widget-container\">\n\t\t\t\t\t<h4 class=\"elementor-heading-title elementor-size-default\"><a href=\"https:\/\/www.hoeren-und-fuehlen.de\/\" target=\"_blank\">Interessiert an mehr Musik und Technik? Dann:<\/a><\/h4>\t\t\t\t<\/div>\n\t\t\t\t<\/div>\n\t\t\t\t<div class=\"elementor-element elementor-element-1f03a8d7 elementor-widget elementor-widget-image\" data-id=\"1f03a8d7\" data-element_type=\"widget\" data-e-type=\"widget\" data-widget_type=\"image.default\">\n\t\t\t\t<div class=\"elementor-widget-container\">\n\t\t\t\t\t\t\t\t\t\t\t\t\t\t\t\t<a href=\"https:\/\/www.hoeren-und-fuehlen.de\/\" target=\"_blank\">\n\t\t\t\t\t\t\t<img loading=\"lazy\" decoding=\"async\" width=\"150\" height=\"47\" src=\"https:\/\/theprogthief.de\/wp-content\/uploads\/2024\/06\/Banner-150x47.jpg\" class=\"attachment-thumbnail size-thumbnail wp-image-5580\" alt=\"\" srcset=\"https:\/\/theprogthief.de\/wp-content\/uploads\/2024\/06\/Banner-150x47.jpg 150w, https:\/\/theprogthief.de\/wp-content\/uploads\/2024\/06\/Banner-300x94.jpg 300w, https:\/\/theprogthief.de\/wp-content\/uploads\/2024\/06\/Banner.jpg 320w\" sizes=\"(max-width: 150px) 100vw, 150px\" \/>\t\t\t\t\t\t\t\t<\/a>\n\t\t\t\t\t\t\t\t\t\t\t\t\t\t\t<\/div>\n\t\t\t\t<\/div>\n\t\t\t\t\t<\/div>\n\t\t\t\t<\/div>\n\t\t<div class=\"elementor-element elementor-element-3bfeb1bd e-con-full e-flex e-con e-parent\" data-id=\"3bfeb1bd\" data-element_type=\"container\" data-e-type=\"container\" data-settings=\"{&quot;background_background&quot;:&quot;classic&quot;}\">\n\t\t\t\t<div class=\"elementor-element elementor-element-6341b544 elementor-widget__width-initial elementor-widget-mobile__width-initial elementor-widget elementor-widget-text-editor\" data-id=\"6341b544\" data-element_type=\"widget\" data-e-type=\"widget\" data-widget_type=\"text-editor.default\">\n\t\t\t\t<div class=\"elementor-widget-container\">\n\t\t\t\t\t\t\t\t\t<p style=\"text-align: left;\"><span style=\"color: #000000;\"><strong>J. Specht<br \/><\/strong><\/span>[info@theprogthief.de]<\/p>\t\t\t\t\t\t\t\t<\/div>\n\t\t\t\t<\/div>\n\t\t\t\t<div class=\"elementor-element elementor-element-494e73cf elementor-align-center elementor-widget elementor-widget-button\" data-id=\"494e73cf\" data-element_type=\"widget\" data-e-type=\"widget\" data-widget_type=\"button.default\">\n\t\t\t\t<div class=\"elementor-widget-container\">\n\t\t\t\t\t\t\t\t\t<div class=\"elementor-button-wrapper\">\n\t\t\t\t\t<a class=\"elementor-button elementor-button-link elementor-size-sm\" href=\"https:\/\/theprogthief.de\/impressum\/\">\n\t\t\t\t\t\t<span class=\"elementor-button-content-wrapper\">\n\t\t\t\t\t\t\t\t\t<span class=\"elementor-button-text\">Impressum<\/span>\n\t\t\t\t\t<\/span>\n\t\t\t\t\t<\/a>\n\t\t\t\t<\/div>\n\t\t\t\t\t\t\t\t<\/div>\n\t\t\t\t<\/div>\n\t\t\t\t<div class=\"elementor-element elementor-element-1f59053d elementor-align-center elementor-widget elementor-widget-button\" data-id=\"1f59053d\" data-element_type=\"widget\" data-e-type=\"widget\" data-widget_type=\"button.default\">\n\t\t\t\t<div class=\"elementor-widget-container\">\n\t\t\t\t\t\t\t\t\t<div class=\"elementor-button-wrapper\">\n\t\t\t\t\t<a class=\"elementor-button elementor-button-link elementor-size-sm\" href=\"https:\/\/theprogthief.de\/datenschutzerklaerung\/\">\n\t\t\t\t\t\t<span class=\"elementor-button-content-wrapper\">\n\t\t\t\t\t\t\t\t\t<span class=\"elementor-button-text\">Datenschutz<\/span>\n\t\t\t\t\t<\/span>\n\t\t\t\t\t<\/a>\n\t\t\t\t<\/div>\n\t\t\t\t\t\t\t\t<\/div>\n\t\t\t\t<\/div>\n\t\t\t\t<div class=\"elementor-element elementor-element-59f49ef elementor-align-center elementor-widget elementor-widget-button\" data-id=\"59f49ef\" data-element_type=\"widget\" data-e-type=\"widget\" data-widget_type=\"button.default\">\n\t\t\t\t<div class=\"elementor-widget-container\">\n\t\t\t\t\t\t\t\t\t<div class=\"elementor-button-wrapper\">\n\t\t\t\t\t<a class=\"elementor-button elementor-button-link elementor-size-sm\" href=\"https:\/\/theprogthief.de\/gender-hinweis\/\">\n\t\t\t\t\t\t<span class=\"elementor-button-content-wrapper\">\n\t\t\t\t\t\t\t\t\t<span class=\"elementor-button-text\">Gender-Hinweis<\/span>\n\t\t\t\t\t<\/span>\n\t\t\t\t\t<\/a>\n\t\t\t\t<\/div>\n\t\t\t\t\t\t\t\t<\/div>\n\t\t\t\t<\/div>\n\t\t\t\t<\/div>\n\t\t\t\t<\/div>\n\t\t","protected":false},"excerpt":{"rendered":"<p>Review of &#8222;Antares Station&#8220;. Black Vinyl. Ambient, Electro, 2025. Martin St\u00fcrtzer.<\/p>","protected":false},"author":1,"featured_media":27079,"parent":0,"menu_order":0,"comment_status":"closed","ping_status":"closed","template":"","meta":{"ocean_post_layout":"full-screen","ocean_both_sidebars_style":"","ocean_both_sidebars_content_width":0,"ocean_both_sidebars_sidebars_width":0,"ocean_sidebar":"","ocean_second_sidebar":"","ocean_disable_margins":"enable","ocean_add_body_class":"","ocean_shortcode_before_top_bar":"","ocean_shortcode_after_top_bar":"","ocean_shortcode_before_header":"","ocean_shortcode_after_header":"","ocean_has_shortcode":"","ocean_shortcode_after_title":"","ocean_shortcode_before_footer_widgets":"","ocean_shortcode_after_footer_widgets":"","ocean_shortcode_before_footer_bottom":"","ocean_shortcode_after_footer_bottom":"","ocean_display_top_bar":"off","ocean_display_header":"off","ocean_header_style":"","ocean_center_header_left_menu":"","ocean_custom_header_template":"","ocean_custom_logo":0,"ocean_custom_retina_logo":0,"ocean_custom_logo_max_width":0,"ocean_custom_logo_tablet_max_width":0,"ocean_custom_logo_mobile_max_width":0,"ocean_custom_logo_max_height":0,"ocean_custom_logo_tablet_max_height":0,"ocean_custom_logo_mobile_max_height":0,"ocean_header_custom_menu":"","ocean_menu_typo_font_family":"","ocean_menu_typo_font_subset":"","ocean_menu_typo_font_size":0,"ocean_menu_typo_font_size_tablet":0,"ocean_menu_typo_font_size_mobile":0,"ocean_menu_typo_font_size_unit":"px","ocean_menu_typo_font_weight":"","ocean_menu_typo_font_weight_tablet":"","ocean_menu_typo_font_weight_mobile":"","ocean_menu_typo_transform":"","ocean_menu_typo_transform_tablet":"","ocean_menu_typo_transform_mobile":"","ocean_menu_typo_line_height":0,"ocean_menu_typo_line_height_tablet":0,"ocean_menu_typo_line_height_mobile":0,"ocean_menu_typo_line_height_unit":"","ocean_menu_typo_spacing":0,"ocean_menu_typo_spacing_tablet":0,"ocean_menu_typo_spacing_mobile":0,"ocean_menu_typo_spacing_unit":"","ocean_menu_link_color":"","ocean_menu_link_color_hover":"","ocean_menu_link_color_active":"","ocean_menu_link_background":"","ocean_menu_link_hover_background":"","ocean_menu_link_active_background":"","ocean_menu_social_links_bg":"","ocean_menu_social_hover_links_bg":"","ocean_menu_social_links_color":"","ocean_menu_social_hover_links_color":"","ocean_disable_title":"on","ocean_disable_heading":"default","ocean_post_title":"","ocean_post_subheading":"","ocean_post_title_style":"","ocean_post_title_background_color":"","ocean_post_title_background":0,"ocean_post_title_bg_image_position":"","ocean_post_title_bg_image_attachment":"","ocean_post_title_bg_image_repeat":"","ocean_post_title_bg_image_size":"","ocean_post_title_height":0,"ocean_post_title_bg_overlay":0.5,"ocean_post_title_bg_overlay_color":"","ocean_disable_breadcrumbs":"default","ocean_breadcrumbs_color":"","ocean_breadcrumbs_separator_color":"","ocean_breadcrumbs_links_color":"","ocean_breadcrumbs_links_hover_color":"","ocean_display_footer_widgets":"off","ocean_display_footer_bottom":"off","ocean_custom_footer_template":"","footnotes":""},"class_list":["post-27074","page","type-page","status-publish","has-post-thumbnail","hentry","entry","has-media"],"_links":{"self":[{"href":"https:\/\/theprogthief.de\/en\/wp-json\/wp\/v2\/pages\/27074","targetHints":{"allow":["GET"]}}],"collection":[{"href":"https:\/\/theprogthief.de\/en\/wp-json\/wp\/v2\/pages"}],"about":[{"href":"https:\/\/theprogthief.de\/en\/wp-json\/wp\/v2\/types\/page"}],"author":[{"embeddable":true,"href":"https:\/\/theprogthief.de\/en\/wp-json\/wp\/v2\/users\/1"}],"replies":[{"embeddable":true,"href":"https:\/\/theprogthief.de\/en\/wp-json\/wp\/v2\/comments?post=27074"}],"version-history":[{"count":10,"href":"https:\/\/theprogthief.de\/en\/wp-json\/wp\/v2\/pages\/27074\/revisions"}],"predecessor-version":[{"id":27171,"href":"https:\/\/theprogthief.de\/en\/wp-json\/wp\/v2\/pages\/27074\/revisions\/27171"}],"wp:featuredmedia":[{"embeddable":true,"href":"https:\/\/theprogthief.de\/en\/wp-json\/wp\/v2\/media\/27079"}],"wp:attachment":[{"href":"https:\/\/theprogthief.de\/en\/wp-json\/wp\/v2\/media?parent=27074"}],"curies":[{"name":"wp","href":"https:\/\/api.w.org\/{rel}","templated":true}]}}