{"id":28284,"date":"2026-02-18T14:18:43","date_gmt":"2026-02-18T13:18:43","guid":{"rendered":"https:\/\/theprogthief.de\/?page_id=28284"},"modified":"2026-02-23T21:09:04","modified_gmt":"2026-02-23T20:09:04","slug":"balancing-act-by-vinyl-floor","status":"publish","type":"page","link":"https:\/\/theprogthief.de\/en\/balancing-act-by-vinyl-floor\/","title":{"rendered":"Balancing Act by Vinyl Floor"},"content":{"rendered":"\t\t<div data-elementor-type=\"wp-page\" data-elementor-id=\"28284\" class=\"elementor elementor-28284\" data-elementor-post-type=\"page\">\n\t\t\t\t<div class=\"elementor-element elementor-element-5d84d26e e-con-full e-flex e-con e-parent\" data-id=\"5d84d26e\" data-element_type=\"container\" data-e-type=\"container\" data-settings=\"{&quot;background_background&quot;:&quot;classic&quot;}\">\n\t\t\t\t<div class=\"elementor-element elementor-element-2c89f6c6 elementor-widget elementor-widget-heading\" data-id=\"2c89f6c6\" data-element_type=\"widget\" data-e-type=\"widget\" data-widget_type=\"heading.default\">\n\t\t\t\t<div class=\"elementor-widget-container\">\n\t\t\t\t\t<h2 class=\"elementor-heading-title elementor-size-default\"><a href=\"https:\/\/theprogthief.de\"> The Prog-Thief<\/a><\/h2>\t\t\t\t<\/div>\n\t\t\t\t<\/div>\n\t\t\t\t<\/div>\n\t\t<div class=\"elementor-element elementor-element-62ab4d14 e-flex e-con-boxed e-con e-parent\" data-id=\"62ab4d14\" data-element_type=\"container\" data-e-type=\"container\" data-settings=\"{&quot;background_background&quot;:&quot;classic&quot;}\">\n\t\t\t\t\t<div class=\"e-con-inner\">\n\t\t\t\t<div class=\"elementor-element elementor-element-61f03b4e elementor-nav-menu--stretch elementor-widget__width-initial elementor-nav-menu__text-align-aside elementor-nav-menu--toggle elementor-nav-menu--burger elementor-invisible elementor-widget elementor-widget-global elementor-global-12513 elementor-widget-nav-menu\" data-id=\"61f03b4e\" data-element_type=\"widget\" data-e-type=\"widget\" data-settings=\"{&quot;layout&quot;:&quot;dropdown&quot;,&quot;submenu_icon&quot;:{&quot;value&quot;:&quot;fas fa-chevron-down&quot;,&quot;library&quot;:&quot;fa-solid&quot;},&quot;full_width&quot;:&quot;stretch&quot;,&quot;_animation&quot;:&quot;fadeInUp&quot;,&quot;toggle&quot;:&quot;burger&quot;}\" data-widget_type=\"nav-menu.default\">\n\t\t\t\t<div class=\"elementor-widget-container\">\n\t\t\t\t\t\t\t<div class=\"elementor-menu-toggle\" role=\"button\" tabindex=\"0\" aria-label=\"Menu Toggle\" aria-expanded=\"false\">\n\t\t\t<i aria-hidden=\"true\" role=\"presentation\" class=\"elementor-menu-toggle__icon--open eicon-menu-bar\"><\/i><i aria-hidden=\"true\" role=\"presentation\" class=\"elementor-menu-toggle__icon--close eicon-close\"><\/i>\t\t<\/div>\n\t\t\t\t\t<nav class=\"elementor-nav-menu--dropdown elementor-nav-menu__container\" aria-hidden=\"true\">\n\t\t\t\t<ul id=\"menu-2-61f03b4e\" class=\"elementor-nav-menu\"><li class=\"menu-item menu-item-type-post_type menu-item-object-page menu-item-home menu-item-12224\"><a href=\"https:\/\/theprogthief.de\/en\/\" class=\"elementor-item\" tabindex=\"-1\">Home<\/a><\/li>\n<li class=\"menu-item menu-item-type-post_type menu-item-object-page menu-item-24784\"><a href=\"https:\/\/theprogthief.de\/en\/ayreon-alben\/\" class=\"elementor-item\" tabindex=\"-1\">Ayreon<\/a><\/li>\n<li class=\"menu-item menu-item-type-post_type menu-item-object-page menu-item-24610\"><a href=\"https:\/\/theprogthief.de\/en\/porcupine-tree\/\" class=\"elementor-item\" tabindex=\"-1\">Porcupine Tree<\/a><\/li>\n<li class=\"menu-item menu-item-type-post_type menu-item-object-page menu-item-30976\"><a href=\"https:\/\/theprogthief.de\/en\/theatre-of-tragedy\/\" class=\"elementor-item\" tabindex=\"-1\">Theatre Of Tragedy<\/a><\/li>\n<li class=\"menu-item menu-item-type-post_type menu-item-object-page menu-item-has-children menu-item-12227\"><a rel=\"Keine\" href=\"https:\/\/theprogthief.de\/en\/rezensionen\/\" class=\"elementor-item\" tabindex=\"-1\">Rezensionen<\/a>\n<ul class=\"sub-menu elementor-nav-menu--dropdown\">\n\t<li class=\"menu-item menu-item-type-post_type menu-item-object-page menu-item-13299\"><a href=\"https:\/\/theprogthief.de\/en\/reviewsii\/\" class=\"elementor-sub-item\" tabindex=\"-1\">Reviews II<\/a><\/li>\n\t<li class=\"menu-item menu-item-type-post_type menu-item-object-page menu-item-13253\"><a href=\"https:\/\/theprogthief.de\/en\/reviews-iii\/\" class=\"elementor-sub-item\" tabindex=\"-1\">Reviews III<\/a><\/li>\n\t<li class=\"menu-item menu-item-type-post_type menu-item-object-page menu-item-20876\"><a href=\"https:\/\/theprogthief.de\/en\/reviews-iv\/\" class=\"elementor-sub-item\" tabindex=\"-1\">Reviews IV<\/a><\/li>\n\t<li class=\"menu-item menu-item-type-post_type menu-item-object-page menu-item-24240\"><a href=\"https:\/\/theprogthief.de\/en\/reviews-v\/\" class=\"elementor-sub-item\" tabindex=\"-1\">Reviews V<\/a><\/li>\n\t<li class=\"menu-item menu-item-type-post_type menu-item-object-page menu-item-24478\"><a href=\"https:\/\/theprogthief.de\/en\/rezensionen\/\" class=\"elementor-sub-item\" tabindex=\"-1\">Rezensionen A-Z<\/a><\/li>\n<\/ul>\n<\/li>\n<li class=\"menu-item menu-item-type-post_type menu-item-object-page menu-item-19217\"><a href=\"https:\/\/theprogthief.de\/en\/female-driven\/\" class=\"elementor-item\" tabindex=\"-1\">Female Driven<\/a><\/li>\n<li class=\"menu-item menu-item-type-post_type menu-item-object-page menu-item-12223\"><a href=\"https:\/\/theprogthief.de\/en\/was-ist-prog\/\" class=\"elementor-item\" tabindex=\"-1\">Was ist Prog?<\/a><\/li>\n<li class=\"menu-item menu-item-type-post_type menu-item-object-page menu-item-12222\"><a href=\"https:\/\/theprogthief.de\/en\/ueber-mich\/\" class=\"elementor-item\" tabindex=\"-1\">\u00dcber mich<\/a><\/li>\n<\/ul>\t\t\t<\/nav>\n\t\t\t\t\t\t<\/div>\n\t\t\t\t<\/div>\n\t\t\t\t\t<\/div>\n\t\t\t\t<\/div>\n\t\t<div class=\"elementor-element elementor-element-37ede0d4 e-flex e-con-boxed e-con e-parent\" data-id=\"37ede0d4\" data-element_type=\"container\" data-e-type=\"container\" data-settings=\"{&quot;background_background&quot;:&quot;classic&quot;}\">\n\t\t\t\t\t<div class=\"e-con-inner\">\n\t\t\t\t<div class=\"elementor-element elementor-element-604e6683 elementor-widget elementor-widget-heading\" data-id=\"604e6683\" data-element_type=\"widget\" data-e-type=\"widget\" data-widget_type=\"heading.default\">\n\t\t\t\t<div class=\"elementor-widget-container\">\n\t\t\t\t\t<h2 class=\"elementor-heading-title elementor-size-default\">Balancing Act by Vinyl Floor<\/h2>\t\t\t\t<\/div>\n\t\t\t\t<\/div>\n\t\t\t\t\t<\/div>\n\t\t\t\t<\/div>\n\t\t<div class=\"elementor-element elementor-element-5cbe812b e-flex e-con-boxed e-con e-parent\" data-id=\"5cbe812b\" data-element_type=\"container\" data-e-type=\"container\" data-settings=\"{&quot;background_background&quot;:&quot;classic&quot;}\">\n\t\t\t\t\t<div class=\"e-con-inner\">\n\t\t<div class=\"elementor-element elementor-element-11e59407 e-con-full e-flex e-con e-child\" data-id=\"11e59407\" data-element_type=\"container\" data-e-type=\"container\">\n\t\t<div class=\"elementor-element elementor-element-4dbeac01 e-flex e-con-boxed e-con e-child\" data-id=\"4dbeac01\" data-element_type=\"container\" data-e-type=\"container\">\n\t\t\t\t\t<div class=\"e-con-inner\">\n\t\t\t\t<div class=\"elementor-element elementor-element-5c5c6d39 elementor-widget elementor-widget-text-editor\" data-id=\"5c5c6d39\" data-element_type=\"widget\" data-e-type=\"widget\" data-widget_type=\"text-editor.default\">\n\t\t\t\t<div class=\"elementor-widget-container\">\n\t\t\t\t\t\t\t\t\t<p><a href=\"https:\/\/theprogthief.de\/wp-content\/uploads\/2026\/02\/VFBAFC1280.jpg\"><br \/><img fetchpriority=\"high\" decoding=\"async\" class=\"aligncenter wp-image-28621 size-full\" src=\"https:\/\/theprogthief.de\/wp-content\/uploads\/2026\/02\/VFBAFC350.jpg\" alt=\"CD Album &quot;Balancing Act&quot; by Vinyl Floor. Frontcover\" width=\"350\" height=\"312\" srcset=\"https:\/\/theprogthief.de\/wp-content\/uploads\/2026\/02\/VFBAFC350.jpg 350w, https:\/\/theprogthief.de\/wp-content\/uploads\/2026\/02\/VFBAFC350-300x267.jpg 300w, https:\/\/theprogthief.de\/wp-content\/uploads\/2026\/02\/VFBAFC350-150x134.jpg 150w, https:\/\/theprogthief.de\/wp-content\/uploads\/2026\/02\/VFBAFC350-13x12.jpg 13w\" sizes=\"(max-width: 350px) 100vw, 350px\" \/><\/a><\/p>\n<p>Vinyl Floor<br \/>&#8222;Balancing Act&#8220;<br \/>Retro Pop, Rock. CD, Digipack. 2026, Denmark<\/p>\n<p>Vinyl Floor wurde 2007 in Kopenhagen, D\u00e4nemark gegr\u00fcndet und bestehen derzeit aus den Br\u00fcdern Daniel Pedersen &amp; Thomas Charlie Pedersen. Dazu kommen noch unterschiedliche Gastmusiker. &#8222;Balancing Act&#8220; ist ihr inzwischen sechstes Album.<\/p>\n<p><a href=\"https:\/\/theprogthief.de\/wp-content\/uploads\/2026\/02\/VFBand1280.jpeg\"><img decoding=\"async\" class=\"aligncenter wp-image-28625 size-full\" src=\"https:\/\/theprogthief.de\/wp-content\/uploads\/2026\/02\/VFBand350.jpeg\" alt=\"CD Album &quot;Balancing Act&quot; by Vinyl Floor. Band\" width=\"337\" height=\"350\" srcset=\"https:\/\/theprogthief.de\/wp-content\/uploads\/2026\/02\/VFBand350.jpeg 337w, https:\/\/theprogthief.de\/wp-content\/uploads\/2026\/02\/VFBand350-289x300.jpeg 289w, https:\/\/theprogthief.de\/wp-content\/uploads\/2026\/02\/VFBand350-144x150.jpeg 144w, https:\/\/theprogthief.de\/wp-content\/uploads\/2026\/02\/VFBand350-12x12.jpeg 12w\" sizes=\"(max-width: 337px) 100vw, 337px\" \/><\/a><\/p>\n<p>Auf die d\u00e4nische Combo Vinyl Floor bin ich durch die Band selbst aufmerksam geworden, die mir eine eMail geschickt hat. Da mir &#8222;kleine&#8220; Bands, die ihre Musik noch selber machen am Herzen liegen, egal welchem Genres, mache ich gerne eine Review.<\/p>\n<p><a href=\"https:\/\/theprogthief.de\/wp-content\/uploads\/2026\/02\/VFBAIC1280.jpg\"><img decoding=\"async\" class=\"aligncenter wp-image-28623 size-full\" src=\"https:\/\/theprogthief.de\/wp-content\/uploads\/2026\/02\/VFBAIC350.jpg\" alt=\"CD Album &quot;Balancing Act&quot; by Vinyl Floor. Innercover\" width=\"350\" height=\"151\" srcset=\"https:\/\/theprogthief.de\/wp-content\/uploads\/2026\/02\/VFBAIC350.jpg 350w, https:\/\/theprogthief.de\/wp-content\/uploads\/2026\/02\/VFBAIC350-300x129.jpg 300w, https:\/\/theprogthief.de\/wp-content\/uploads\/2026\/02\/VFBAIC350-150x65.jpg 150w, https:\/\/theprogthief.de\/wp-content\/uploads\/2026\/02\/VFBAIC350-18x8.jpg 18w\" sizes=\"(max-width: 350px) 100vw, 350px\" \/><\/a><\/p>\n<p>\u201eBalancing Act\u201c ist ein Album \u00fcber den Versuch, im Leben ein Gleichgewicht zu finden und in einer Welt voller Chaos, Verrat, Unsicherheit und falscher Versprechungen nach Sch\u00f6nheit und Sinn zu suchen. Eine Welt, die die aus dem Gleichgewicht geraten zu sein scheint.<\/p>\n<p>Ich h\u00f6re auf &#8222;Balancing Act&#8220; viel Retro Pop\/Rock, The Beatles Vibes (&#8222;Puppets Laureate&#8220;, &#8222;Mr. Rubinstein&#8220;, &#8222;I&#8217;m On The Upside&#8220;), Brit-Pop, (Less Dystopian Book) mit leichten progressiven Elementen, die wir in meinem Herzen des Albums, &#8222;Jacaranda Blossoms&#8220;, auch\u00a0 finden. &#8222;Back Of My Hands&#8220; erinnert mich an die Prog-Songs von Phideaux, dessen Schaffen ich sehr verehre. &#8222;Balancing Act&#8220; ist ein sehr guter Rauswerfer. Vergessen m\u00f6chte ich die Ballade &#8222;Swan Of Eileen&#8220; nicht, die mich an RPWL erinnert und mir gut gef\u00e4llt. Das alles ist melodisch verpackt, mit symphonischen und elektronischen Elementen versehen.<\/p>\n<p><a href=\"https:\/\/theprogthief.de\/wp-content\/uploads\/2026\/02\/VFBACD1280.jpg\"><img loading=\"lazy\" decoding=\"async\" class=\"aligncenter wp-image-28618 size-full\" src=\"https:\/\/theprogthief.de\/wp-content\/uploads\/2026\/02\/VFBACD350.jpg\" alt=\"CD Album &quot;Balancing Act&quot; by Vinyl Floor. CD\" width=\"350\" height=\"334\" srcset=\"https:\/\/theprogthief.de\/wp-content\/uploads\/2026\/02\/VFBACD350.jpg 350w, https:\/\/theprogthief.de\/wp-content\/uploads\/2026\/02\/VFBACD350-300x286.jpg 300w, https:\/\/theprogthief.de\/wp-content\/uploads\/2026\/02\/VFBACD350-150x143.jpg 150w, https:\/\/theprogthief.de\/wp-content\/uploads\/2026\/02\/VFBACD350-13x12.jpg 13w\" sizes=\"(max-width: 350px) 100vw, 350px\" \/><\/a><\/p>\n<p>Fazit. Beim ersten h\u00f6ren fand ich das Album f\u00fcr mich nichtssagend und langweilig. Beim zweiten (lauteren) h\u00f6ren \u00f6ffnete sich das Album. Aus nichtssagend, langweilig wurde interessant. Hier klingt es nach The Beatles, dort nach den Beach Boys, hier scheint Phideaux (&#8222;Back Of My Hand&#8220;) durch, dort Progressive Rock, oder Brit-Pop der 90er. Nach 60er, 70er und 80er. Handgemacht und ehrlich. Abwechslungsreicher als gedacht. Und nicht langweilig. Dabei schafft es Vinyl Floor, das mit ihrem eigenen Stil zu versehen. Ein feines Album.<\/p>\n<p><a href=\"https:\/\/theprogthief.de\/wp-content\/uploads\/2026\/02\/VFBABC1280.jpg\"><img loading=\"lazy\" decoding=\"async\" class=\"aligncenter wp-image-28616 size-full\" src=\"https:\/\/theprogthief.de\/wp-content\/uploads\/2026\/02\/VFBABC350.jpg\" alt=\"CD Album &quot;Balancing Act&quot; by Vinyl Floor. Backcover\" width=\"350\" height=\"310\" srcset=\"https:\/\/theprogthief.de\/wp-content\/uploads\/2026\/02\/VFBABC350.jpg 350w, https:\/\/theprogthief.de\/wp-content\/uploads\/2026\/02\/VFBABC350-300x266.jpg 300w, https:\/\/theprogthief.de\/wp-content\/uploads\/2026\/02\/VFBABC350-150x133.jpg 150w, https:\/\/theprogthief.de\/wp-content\/uploads\/2026\/02\/VFBABC350-14x12.jpg 14w\" sizes=\"(max-width: 350px) 100vw, 350px\" \/><\/a><\/p>\n<p>Die Fotos stammen alle von meiner CD, die mir von der Band zur Verf\u00fcgung gestellt wurde. Die Rechte aller Motive, Logos, Texte und Schriften, die auf den Fotos zu sehen sind, liegen nat\u00fcrlich beim Rechteinhaber.<\/p>\n<p>No AI was used in the making of this Review.<br \/>\u00a923.02.2026<\/p>\t\t\t\t\t\t\t\t<\/div>\n\t\t\t\t<\/div>\n\t\t\t\t\t<\/div>\n\t\t\t\t<\/div>\n\t\t\t\t<\/div>\n\t\t\t\t\t<\/div>\n\t\t\t\t<\/div>\n\t\t<div class=\"elementor-element elementor-element-4dcdce8e e-flex e-con-boxed e-con e-parent\" data-id=\"4dcdce8e\" data-element_type=\"container\" data-e-type=\"container\" data-settings=\"{&quot;background_background&quot;:&quot;classic&quot;}\">\n\t\t\t\t\t<div class=\"e-con-inner\">\n\t\t<div class=\"elementor-element elementor-element-2866fbc6 e-con-full e-flex e-con e-child\" data-id=\"2866fbc6\" data-element_type=\"container\" data-e-type=\"container\">\n\t\t\t\t<div class=\"elementor-element elementor-element-24c223f3 elementor-widget elementor-widget-video\" data-id=\"24c223f3\" data-element_type=\"widget\" data-e-type=\"widget\" data-settings=\"{&quot;youtube_url&quot;:&quot;https:\\\/\\\/youtu.be\\\/fdzbaZH0CgM&quot;,&quot;video_type&quot;:&quot;youtube&quot;,&quot;controls&quot;:&quot;yes&quot;}\" data-widget_type=\"video.default\">\n\t\t\t\t<div class=\"elementor-widget-container\">\n\t\t\t\t\t\t\t<div class=\"elementor-wrapper elementor-open-inline\">\n\t\t\t<div class=\"elementor-video\"><\/div>\t\t<\/div>\n\t\t\t\t\t\t<\/div>\n\t\t\t\t<\/div>\n\t\t\t\t<\/div>\n\t\t<div class=\"elementor-element elementor-element-20a04640 e-con-full e-flex e-con e-child\" data-id=\"20a04640\" data-element_type=\"container\" data-e-type=\"container\">\n\t\t\t\t<div class=\"elementor-element elementor-element-1efe8a32 elementor-widget elementor-widget-video\" data-id=\"1efe8a32\" data-element_type=\"widget\" data-e-type=\"widget\" data-settings=\"{&quot;youtube_url&quot;:&quot;https:\\\/\\\/youtu.be\\\/Ggw7mURTRS4&quot;,&quot;video_type&quot;:&quot;youtube&quot;,&quot;controls&quot;:&quot;yes&quot;}\" data-widget_type=\"video.default\">\n\t\t\t\t<div class=\"elementor-widget-container\">\n\t\t\t\t\t\t\t<div class=\"elementor-wrapper elementor-open-inline\">\n\t\t\t<div class=\"elementor-video\"><\/div>\t\t<\/div>\n\t\t\t\t\t\t<\/div>\n\t\t\t\t<\/div>\n\t\t\t\t<\/div>\n\t\t<div class=\"elementor-element elementor-element-7c0c2fbb e-con-full e-flex e-con e-child\" data-id=\"7c0c2fbb\" data-element_type=\"container\" data-e-type=\"container\">\n\t\t\t\t<div class=\"elementor-element elementor-element-1dd97cfb elementor-widget elementor-widget-video\" data-id=\"1dd97cfb\" data-element_type=\"widget\" data-e-type=\"widget\" data-settings=\"{&quot;youtube_url&quot;:&quot;https:\\\/\\\/youtu.be\\\/W7Z1daA7iEg&quot;,&quot;video_type&quot;:&quot;youtube&quot;,&quot;controls&quot;:&quot;yes&quot;}\" data-widget_type=\"video.default\">\n\t\t\t\t<div class=\"elementor-widget-container\">\n\t\t\t\t\t\t\t<div class=\"elementor-wrapper elementor-open-inline\">\n\t\t\t<div class=\"elementor-video\"><\/div>\t\t<\/div>\n\t\t\t\t\t\t<\/div>\n\t\t\t\t<\/div>\n\t\t\t\t<\/div>\n\t\t\t\t\t<\/div>\n\t\t\t\t<\/div>\n\t\t<div class=\"elementor-element elementor-element-4e4e1135 e-flex e-con-boxed e-con e-parent\" data-id=\"4e4e1135\" data-element_type=\"container\" data-e-type=\"container\" data-settings=\"{&quot;background_background&quot;:&quot;classic&quot;}\">\n\t\t\t\t\t<div class=\"e-con-inner\">\n\t\t\t\t<div class=\"elementor-element elementor-element-36bf841e elementor-widget elementor-widget-heading\" data-id=\"36bf841e\" data-element_type=\"widget\" data-e-type=\"widget\" data-widget_type=\"heading.default\">\n\t\t\t\t<div class=\"elementor-widget-container\">\n\t\t\t\t\t<h4 class=\"elementor-heading-title elementor-size-default\"><a href=\"https:\/\/www.hoeren-und-fuehlen.de\/\" target=\"_blank\">Interessiert an mehr Musik und Technik? Dann:<\/a><\/h4>\t\t\t\t<\/div>\n\t\t\t\t<\/div>\n\t\t\t\t<div class=\"elementor-element elementor-element-496464bf elementor-widget elementor-widget-image\" data-id=\"496464bf\" data-element_type=\"widget\" data-e-type=\"widget\" data-widget_type=\"image.default\">\n\t\t\t\t<div class=\"elementor-widget-container\">\n\t\t\t\t\t\t\t\t\t\t\t\t\t\t\t\t<a href=\"https:\/\/www.hoeren-und-fuehlen.de\/\" target=\"_blank\">\n\t\t\t\t\t\t\t<img loading=\"lazy\" decoding=\"async\" width=\"150\" height=\"47\" src=\"https:\/\/theprogthief.de\/wp-content\/uploads\/2024\/06\/Banner-150x47.jpg\" class=\"attachment-thumbnail size-thumbnail wp-image-5580\" alt=\"\" srcset=\"https:\/\/theprogthief.de\/wp-content\/uploads\/2024\/06\/Banner-150x47.jpg 150w, https:\/\/theprogthief.de\/wp-content\/uploads\/2024\/06\/Banner-300x94.jpg 300w, https:\/\/theprogthief.de\/wp-content\/uploads\/2024\/06\/Banner.jpg 320w\" sizes=\"(max-width: 150px) 100vw, 150px\" \/>\t\t\t\t\t\t\t\t<\/a>\n\t\t\t\t\t\t\t\t\t\t\t\t\t\t\t<\/div>\n\t\t\t\t<\/div>\n\t\t\t\t\t<\/div>\n\t\t\t\t<\/div>\n\t\t<div class=\"elementor-element elementor-element-350184d3 e-con-full e-flex e-con e-parent\" data-id=\"350184d3\" data-element_type=\"container\" data-e-type=\"container\" data-settings=\"{&quot;background_background&quot;:&quot;classic&quot;}\">\n\t\t\t\t<div class=\"elementor-element elementor-element-ef61b14 elementor-widget__width-initial elementor-widget-mobile__width-initial elementor-widget elementor-widget-text-editor\" data-id=\"ef61b14\" data-element_type=\"widget\" data-e-type=\"widget\" data-widget_type=\"text-editor.default\">\n\t\t\t\t<div class=\"elementor-widget-container\">\n\t\t\t\t\t\t\t\t\t<p style=\"text-align: left;\"><span style=\"color: #000000;\"><strong>J. Specht<br \/><\/strong><\/span>[info@theprogthief.de]<\/p>\t\t\t\t\t\t\t\t<\/div>\n\t\t\t\t<\/div>\n\t\t\t\t<div class=\"elementor-element elementor-element-4b9c4ff8 elementor-align-center elementor-widget elementor-widget-button\" data-id=\"4b9c4ff8\" data-element_type=\"widget\" data-e-type=\"widget\" data-widget_type=\"button.default\">\n\t\t\t\t<div class=\"elementor-widget-container\">\n\t\t\t\t\t\t\t\t\t<div class=\"elementor-button-wrapper\">\n\t\t\t\t\t<a class=\"elementor-button elementor-button-link elementor-size-sm\" href=\"https:\/\/theprogthief.de\/impressum\/\">\n\t\t\t\t\t\t<span class=\"elementor-button-content-wrapper\">\n\t\t\t\t\t\t\t\t\t<span class=\"elementor-button-text\">Impressum<\/span>\n\t\t\t\t\t<\/span>\n\t\t\t\t\t<\/a>\n\t\t\t\t<\/div>\n\t\t\t\t\t\t\t\t<\/div>\n\t\t\t\t<\/div>\n\t\t\t\t<div class=\"elementor-element elementor-element-7016d60d elementor-align-center elementor-widget elementor-widget-button\" data-id=\"7016d60d\" data-element_type=\"widget\" data-e-type=\"widget\" data-widget_type=\"button.default\">\n\t\t\t\t<div class=\"elementor-widget-container\">\n\t\t\t\t\t\t\t\t\t<div class=\"elementor-button-wrapper\">\n\t\t\t\t\t<a class=\"elementor-button elementor-button-link elementor-size-sm\" href=\"https:\/\/theprogthief.de\/datenschutzerklaerung\/\">\n\t\t\t\t\t\t<span class=\"elementor-button-content-wrapper\">\n\t\t\t\t\t\t\t\t\t<span class=\"elementor-button-text\">Datenschutz<\/span>\n\t\t\t\t\t<\/span>\n\t\t\t\t\t<\/a>\n\t\t\t\t<\/div>\n\t\t\t\t\t\t\t\t<\/div>\n\t\t\t\t<\/div>\n\t\t\t\t<div class=\"elementor-element elementor-element-2510c3ae elementor-align-center elementor-widget elementor-widget-button\" data-id=\"2510c3ae\" data-element_type=\"widget\" data-e-type=\"widget\" data-widget_type=\"button.default\">\n\t\t\t\t<div class=\"elementor-widget-container\">\n\t\t\t\t\t\t\t\t\t<div class=\"elementor-button-wrapper\">\n\t\t\t\t\t<a class=\"elementor-button elementor-button-link elementor-size-sm\" href=\"https:\/\/theprogthief.de\/gender-hinweis\/\">\n\t\t\t\t\t\t<span class=\"elementor-button-content-wrapper\">\n\t\t\t\t\t\t\t\t\t<span class=\"elementor-button-text\">Gender-Hinweis<\/span>\n\t\t\t\t\t<\/span>\n\t\t\t\t\t<\/a>\n\t\t\t\t<\/div>\n\t\t\t\t\t\t\t\t<\/div>\n\t\t\t\t<\/div>\n\t\t\t\t<\/div>\n\t\t\t\t<\/div>\n\t\t","protected":false},"excerpt":{"rendered":"<p>Review of &#8222;Balancing Act&#8220;. Retro Pop, Rock. CD, Digipack. 2026. Vinyl Floor, Denmark.<\/p>","protected":false},"author":1,"featured_media":28621,"parent":0,"menu_order":0,"comment_status":"closed","ping_status":"closed","template":"","meta":{"ocean_post_layout":"full-screen","ocean_both_sidebars_style":"","ocean_both_sidebars_content_width":0,"ocean_both_sidebars_sidebars_width":0,"ocean_sidebar":"","ocean_second_sidebar":"","ocean_disable_margins":"enable","ocean_add_body_class":"","ocean_shortcode_before_top_bar":"","ocean_shortcode_after_top_bar":"","ocean_shortcode_before_header":"","ocean_shortcode_after_header":"","ocean_has_shortcode":"","ocean_shortcode_after_title":"","ocean_shortcode_before_footer_widgets":"","ocean_shortcode_after_footer_widgets":"","ocean_shortcode_before_footer_bottom":"","ocean_shortcode_after_footer_bottom":"","ocean_display_top_bar":"off","ocean_display_header":"off","ocean_header_style":"","ocean_center_header_left_menu":"","ocean_custom_header_template":"","ocean_custom_logo":0,"ocean_custom_retina_logo":0,"ocean_custom_logo_max_width":0,"ocean_custom_logo_tablet_max_width":0,"ocean_custom_logo_mobile_max_width":0,"ocean_custom_logo_max_height":0,"ocean_custom_logo_tablet_max_height":0,"ocean_custom_logo_mobile_max_height":0,"ocean_header_custom_menu":"","ocean_menu_typo_font_family":"","ocean_menu_typo_font_subset":"","ocean_menu_typo_font_size":0,"ocean_menu_typo_font_size_tablet":0,"ocean_menu_typo_font_size_mobile":0,"ocean_menu_typo_font_size_unit":"px","ocean_menu_typo_font_weight":"","ocean_menu_typo_font_weight_tablet":"","ocean_menu_typo_font_weight_mobile":"","ocean_menu_typo_transform":"","ocean_menu_typo_transform_tablet":"","ocean_menu_typo_transform_mobile":"","ocean_menu_typo_line_height":0,"ocean_menu_typo_line_height_tablet":0,"ocean_menu_typo_line_height_mobile":0,"ocean_menu_typo_line_height_unit":"","ocean_menu_typo_spacing":0,"ocean_menu_typo_spacing_tablet":0,"ocean_menu_typo_spacing_mobile":0,"ocean_menu_typo_spacing_unit":"","ocean_menu_link_color":"","ocean_menu_link_color_hover":"","ocean_menu_link_color_active":"","ocean_menu_link_background":"","ocean_menu_link_hover_background":"","ocean_menu_link_active_background":"","ocean_menu_social_links_bg":"","ocean_menu_social_hover_links_bg":"","ocean_menu_social_links_color":"","ocean_menu_social_hover_links_color":"","ocean_disable_title":"on","ocean_disable_heading":"default","ocean_post_title":"","ocean_post_subheading":"","ocean_post_title_style":"","ocean_post_title_background_color":"","ocean_post_title_background":0,"ocean_post_title_bg_image_position":"","ocean_post_title_bg_image_attachment":"","ocean_post_title_bg_image_repeat":"","ocean_post_title_bg_image_size":"","ocean_post_title_height":0,"ocean_post_title_bg_overlay":0.5,"ocean_post_title_bg_overlay_color":"","ocean_disable_breadcrumbs":"default","ocean_breadcrumbs_color":"","ocean_breadcrumbs_separator_color":"","ocean_breadcrumbs_links_color":"","ocean_breadcrumbs_links_hover_color":"","ocean_display_footer_widgets":"off","ocean_display_footer_bottom":"off","ocean_custom_footer_template":"","footnotes":""},"class_list":["post-28284","page","type-page","status-publish","has-post-thumbnail","hentry","entry","has-media"],"_links":{"self":[{"href":"https:\/\/theprogthief.de\/en\/wp-json\/wp\/v2\/pages\/28284","targetHints":{"allow":["GET"]}}],"collection":[{"href":"https:\/\/theprogthief.de\/en\/wp-json\/wp\/v2\/pages"}],"about":[{"href":"https:\/\/theprogthief.de\/en\/wp-json\/wp\/v2\/types\/page"}],"author":[{"embeddable":true,"href":"https:\/\/theprogthief.de\/en\/wp-json\/wp\/v2\/users\/1"}],"replies":[{"embeddable":true,"href":"https:\/\/theprogthief.de\/en\/wp-json\/wp\/v2\/comments?post=28284"}],"version-history":[{"count":10,"href":"https:\/\/theprogthief.de\/en\/wp-json\/wp\/v2\/pages\/28284\/revisions"}],"predecessor-version":[{"id":28736,"href":"https:\/\/theprogthief.de\/en\/wp-json\/wp\/v2\/pages\/28284\/revisions\/28736"}],"wp:featuredmedia":[{"embeddable":true,"href":"https:\/\/theprogthief.de\/en\/wp-json\/wp\/v2\/media\/28621"}],"wp:attachment":[{"href":"https:\/\/theprogthief.de\/en\/wp-json\/wp\/v2\/media?parent=28284"}],"curies":[{"name":"wp","href":"https:\/\/api.w.org\/{rel}","templated":true}]}}