{"id":30000,"date":"2026-03-21T14:23:01","date_gmt":"2026-03-21T13:23:01","guid":{"rendered":"https:\/\/theprogthief.de\/?page_id=30000"},"modified":"2026-03-23T14:12:10","modified_gmt":"2026-03-23T13:12:10","slug":"cmotp-halcyon-phase","status":"publish","type":"page","link":"https:\/\/theprogthief.de\/en\/cmotp-halcyon-phase\/","title":{"rendered":"CMOTP &#8211; Halcyon Phase"},"content":{"rendered":"\t\t<div data-elementor-type=\"wp-page\" data-elementor-id=\"30000\" class=\"elementor elementor-30000\" data-elementor-post-type=\"page\">\n\t\t\t\t<div class=\"elementor-element elementor-element-3b4e27eb e-con-full e-flex e-con e-parent\" data-id=\"3b4e27eb\" data-element_type=\"container\" data-e-type=\"container\" data-settings=\"{&quot;background_background&quot;:&quot;classic&quot;}\">\n\t\t\t\t<div class=\"elementor-element elementor-element-4fd62be7 elementor-widget elementor-widget-heading\" data-id=\"4fd62be7\" data-element_type=\"widget\" data-e-type=\"widget\" data-widget_type=\"heading.default\">\n\t\t\t\t<div class=\"elementor-widget-container\">\n\t\t\t\t\t<h2 class=\"elementor-heading-title elementor-size-default\"><a href=\"https:\/\/theprogthief.de\"> The Prog-Thief<\/a><\/h2>\t\t\t\t<\/div>\n\t\t\t\t<\/div>\n\t\t\t\t<\/div>\n\t\t<div class=\"elementor-element elementor-element-54f8dcbc e-flex e-con-boxed e-con e-parent\" data-id=\"54f8dcbc\" data-element_type=\"container\" data-e-type=\"container\" data-settings=\"{&quot;background_background&quot;:&quot;classic&quot;}\">\n\t\t\t\t\t<div class=\"e-con-inner\">\n\t\t\t\t<div class=\"elementor-element elementor-element-75421e88 elementor-nav-menu--stretch elementor-widget__width-initial elementor-nav-menu__text-align-aside elementor-nav-menu--toggle elementor-nav-menu--burger elementor-invisible elementor-widget elementor-widget-global elementor-global-12513 elementor-widget-nav-menu\" data-id=\"75421e88\" data-element_type=\"widget\" data-e-type=\"widget\" data-settings=\"{&quot;layout&quot;:&quot;dropdown&quot;,&quot;submenu_icon&quot;:{&quot;value&quot;:&quot;fas fa-chevron-down&quot;,&quot;library&quot;:&quot;fa-solid&quot;},&quot;full_width&quot;:&quot;stretch&quot;,&quot;_animation&quot;:&quot;fadeInUp&quot;,&quot;toggle&quot;:&quot;burger&quot;}\" data-widget_type=\"nav-menu.default\">\n\t\t\t\t<div class=\"elementor-widget-container\">\n\t\t\t\t\t\t\t<div class=\"elementor-menu-toggle\" role=\"button\" tabindex=\"0\" aria-label=\"Menu Toggle\" aria-expanded=\"false\">\n\t\t\t<i aria-hidden=\"true\" role=\"presentation\" class=\"elementor-menu-toggle__icon--open eicon-menu-bar\"><\/i><i aria-hidden=\"true\" role=\"presentation\" class=\"elementor-menu-toggle__icon--close eicon-close\"><\/i>\t\t<\/div>\n\t\t\t\t\t<nav class=\"elementor-nav-menu--dropdown elementor-nav-menu__container\" aria-hidden=\"true\">\n\t\t\t\t<ul id=\"menu-2-75421e88\" class=\"elementor-nav-menu\"><li class=\"menu-item menu-item-type-post_type menu-item-object-page menu-item-home menu-item-12224\"><a href=\"https:\/\/theprogthief.de\/en\/\" class=\"elementor-item\" tabindex=\"-1\">Home<\/a><\/li>\n<li class=\"menu-item menu-item-type-post_type menu-item-object-page menu-item-24784\"><a href=\"https:\/\/theprogthief.de\/en\/ayreon-alben\/\" class=\"elementor-item\" tabindex=\"-1\">Ayreon<\/a><\/li>\n<li class=\"menu-item menu-item-type-post_type menu-item-object-page menu-item-24610\"><a href=\"https:\/\/theprogthief.de\/en\/porcupine-tree\/\" class=\"elementor-item\" tabindex=\"-1\">Porcupine Tree<\/a><\/li>\n<li class=\"menu-item menu-item-type-post_type menu-item-object-page menu-item-30976\"><a href=\"https:\/\/theprogthief.de\/en\/theatre-of-tragedy\/\" class=\"elementor-item\" tabindex=\"-1\">Theatre Of Tragedy<\/a><\/li>\n<li class=\"menu-item menu-item-type-post_type menu-item-object-page menu-item-has-children menu-item-12227\"><a rel=\"Keine\" href=\"https:\/\/theprogthief.de\/en\/rezensionen\/\" class=\"elementor-item\" tabindex=\"-1\">Rezensionen<\/a>\n<ul class=\"sub-menu elementor-nav-menu--dropdown\">\n\t<li class=\"menu-item menu-item-type-post_type menu-item-object-page menu-item-13299\"><a href=\"https:\/\/theprogthief.de\/en\/reviewsii\/\" class=\"elementor-sub-item\" tabindex=\"-1\">Reviews II<\/a><\/li>\n\t<li class=\"menu-item menu-item-type-post_type menu-item-object-page menu-item-13253\"><a href=\"https:\/\/theprogthief.de\/en\/reviews-iii\/\" class=\"elementor-sub-item\" tabindex=\"-1\">Reviews III<\/a><\/li>\n\t<li class=\"menu-item menu-item-type-post_type menu-item-object-page menu-item-20876\"><a href=\"https:\/\/theprogthief.de\/en\/reviews-iv\/\" class=\"elementor-sub-item\" tabindex=\"-1\">Reviews IV<\/a><\/li>\n\t<li class=\"menu-item menu-item-type-post_type menu-item-object-page menu-item-24240\"><a href=\"https:\/\/theprogthief.de\/en\/reviews-v\/\" class=\"elementor-sub-item\" tabindex=\"-1\">Reviews V<\/a><\/li>\n\t<li class=\"menu-item menu-item-type-post_type menu-item-object-page menu-item-24478\"><a href=\"https:\/\/theprogthief.de\/en\/rezensionen\/\" class=\"elementor-sub-item\" tabindex=\"-1\">Rezensionen A-Z<\/a><\/li>\n<\/ul>\n<\/li>\n<li class=\"menu-item menu-item-type-post_type menu-item-object-page menu-item-19217\"><a href=\"https:\/\/theprogthief.de\/en\/female-driven\/\" class=\"elementor-item\" tabindex=\"-1\">Female Driven<\/a><\/li>\n<li class=\"menu-item menu-item-type-post_type menu-item-object-page menu-item-12223\"><a href=\"https:\/\/theprogthief.de\/en\/was-ist-prog\/\" class=\"elementor-item\" tabindex=\"-1\">Was ist Prog?<\/a><\/li>\n<li class=\"menu-item menu-item-type-post_type menu-item-object-page menu-item-12222\"><a href=\"https:\/\/theprogthief.de\/en\/ueber-mich\/\" class=\"elementor-item\" tabindex=\"-1\">\u00dcber mich<\/a><\/li>\n<\/ul>\t\t\t<\/nav>\n\t\t\t\t\t\t<\/div>\n\t\t\t\t<\/div>\n\t\t\t\t\t<\/div>\n\t\t\t\t<\/div>\n\t\t<div class=\"elementor-element elementor-element-3ad0b475 e-flex e-con-boxed e-con e-parent\" data-id=\"3ad0b475\" data-element_type=\"container\" data-e-type=\"container\" data-settings=\"{&quot;background_background&quot;:&quot;classic&quot;}\">\n\t\t\t\t\t<div class=\"e-con-inner\">\n\t\t\t\t<div class=\"elementor-element elementor-element-10c1b473 elementor-widget elementor-widget-heading\" data-id=\"10c1b473\" data-element_type=\"widget\" data-e-type=\"widget\" data-widget_type=\"heading.default\">\n\t\t\t\t<div class=\"elementor-widget-container\">\n\t\t\t\t\t<h2 class=\"elementor-heading-title elementor-size-default\">CMOTP by Halcyon Phase<\/h2>\t\t\t\t<\/div>\n\t\t\t\t<\/div>\n\t\t\t\t\t<\/div>\n\t\t\t\t<\/div>\n\t\t<div class=\"elementor-element elementor-element-76334289 e-flex e-con-boxed e-con e-parent\" data-id=\"76334289\" data-element_type=\"container\" data-e-type=\"container\" data-settings=\"{&quot;background_background&quot;:&quot;classic&quot;}\">\n\t\t\t\t\t<div class=\"e-con-inner\">\n\t\t<div class=\"elementor-element elementor-element-69c70563 e-con-full e-flex e-con e-child\" data-id=\"69c70563\" data-element_type=\"container\" data-e-type=\"container\">\n\t\t<div class=\"elementor-element elementor-element-3d65b454 e-flex e-con-boxed e-con e-child\" data-id=\"3d65b454\" data-element_type=\"container\" data-e-type=\"container\">\n\t\t\t\t\t<div class=\"e-con-inner\">\n\t\t\t\t<div class=\"elementor-element elementor-element-78e6e5ed elementor-widget elementor-widget-text-editor\" data-id=\"78e6e5ed\" data-element_type=\"widget\" data-e-type=\"widget\" data-widget_type=\"text-editor.default\">\n\t\t\t\t<div class=\"elementor-widget-container\">\n\t\t\t\t\t\t\t\t\t<p><a href=\"https:\/\/theprogthief.de\/wp-content\/uploads\/2026\/03\/HPCMFC1280.jpg\"><img fetchpriority=\"high\" decoding=\"async\" class=\"aligncenter wp-image-30006 size-full\" src=\"https:\/\/theprogthief.de\/wp-content\/uploads\/2026\/03\/HPCMFC350.jpg\" alt=\"Album &quot;Critical Misunderstandings On The Precipice&quot; by Halcyon Phase. Frontcover\" width=\"350\" height=\"317\" srcset=\"https:\/\/theprogthief.de\/wp-content\/uploads\/2026\/03\/HPCMFC350.jpg 350w, https:\/\/theprogthief.de\/wp-content\/uploads\/2026\/03\/HPCMFC350-300x272.jpg 300w, https:\/\/theprogthief.de\/wp-content\/uploads\/2026\/03\/HPCMFC350-150x136.jpg 150w, https:\/\/theprogthief.de\/wp-content\/uploads\/2026\/03\/HPCMFC350-13x12.jpg 13w\" sizes=\"(max-width: 350px) 100vw, 350px\" \/><\/a><\/p><p><a href=\"https:\/\/halcyonphaseband.com\/\" target=\"_blank\" rel=\"noopener\"><span style=\"text-decoration: underline;\">Halcyon Phase<\/span><\/a><br \/>&#8222;Critical Misunderstandings On The Precipice&#8220;<br \/>CD, Digipack. Folk Rock, a bit Prog. Canada 2024<\/p><p>Halcyon Phase besteht aus Singer\/Songwriter Frank Smith und Multiinstrumentalist Philip Victor Bova. Die beiden Musikveteranen taten sich zusammen und 2021 erschien ihr erstes Album &#8222;Tendrils&#8220;. 2024 erschien dann &#8222;Critical Misunderstandings On The Precipice&#8220; (CMOTP). Folk Rock mit Prog Elementen.<\/p><p><a href=\"https:\/\/theprogthief.de\/wp-content\/uploads\/2026\/03\/HPCMIC1280.jpg\"><img decoding=\"async\" class=\"aligncenter wp-image-30008 size-full\" src=\"https:\/\/theprogthief.de\/wp-content\/uploads\/2026\/03\/HPCMIC350.jpg\" alt=\"Album &quot;Critical Misunderstandings On The Precipice&quot; by Halcyon Phase. Innercover\" width=\"350\" height=\"153\" srcset=\"https:\/\/theprogthief.de\/wp-content\/uploads\/2026\/03\/HPCMIC350.jpg 350w, https:\/\/theprogthief.de\/wp-content\/uploads\/2026\/03\/HPCMIC350-300x131.jpg 300w, https:\/\/theprogthief.de\/wp-content\/uploads\/2026\/03\/HPCMIC350-150x66.jpg 150w, https:\/\/theprogthief.de\/wp-content\/uploads\/2026\/03\/HPCMIC350-18x8.jpg 18w\" sizes=\"(max-width: 350px) 100vw, 350px\" \/><\/a><\/p><p>&#8222;CMOTP&#8220; beschreibt den Zustand unserer Welt. Menschliche Beziehungen. Handeln und Nichthandeln in schwierigen Momenten unserer Historie. Liebeslieder, Trennungslieder, soziale Ungerechtigkeit, Klimawandel, \u00fcerbordende KI\u00a0 und Sucht. Der rote Faden, der sich durch das Album zieht ist die rasante Verg\u00e4nglichkeit der Zeit und die gro\u00dfe Entropie des Geistes.<\/p><p><a href=\"https:\/\/theprogthief.de\/wp-content\/uploads\/2026\/03\/HPCMCD1280.jpg\"><img decoding=\"async\" class=\"aligncenter wp-image-30003 size-full\" src=\"https:\/\/theprogthief.de\/wp-content\/uploads\/2026\/03\/HPCMCD350.jpg\" alt=\"Album &quot;Critical Misunderstandings On The Precipice&quot; by Halcyon Phase. CD\" width=\"350\" height=\"324\" srcset=\"https:\/\/theprogthief.de\/wp-content\/uploads\/2026\/03\/HPCMCD350.jpg 350w, https:\/\/theprogthief.de\/wp-content\/uploads\/2026\/03\/HPCMCD350-300x278.jpg 300w, https:\/\/theprogthief.de\/wp-content\/uploads\/2026\/03\/HPCMCD350-150x139.jpg 150w, https:\/\/theprogthief.de\/wp-content\/uploads\/2026\/03\/HPCMCD350-13x12.jpg 13w\" sizes=\"(max-width: 350px) 100vw, 350px\" \/><\/a><\/p><p>13 absolut sauber produzierte Songs zieren dieses Album. Als Highlights rate ich gleich zum\u00a0 ersten Song &#8222;Mean Street&#8220;. Er hat etwas dunkles und ist mit seiner Komplexit\u00e4t f\u00fcr mich mit im Prog verwurzelt. &#8222;AI World&#8220;, ein rockiger Song, wenngleich nicht ungew\u00f6hnlich, besticht dadurch wie die Lyrics sich in den Rhythmus schmiegen. Highlight zwei. &#8222;Not Enough&#8220; ist mit seinen Breaks im Rhythmus Highlight drei. Insgesamt sind die weiteren Songs melodisch und lyrisch wunderbar aufgebaut, das Tempo eher ruhig. Selbst die Balladen sind nicht kitschig und das ist schon eine Leistung &#8211; siehe &#8222;The Room Spins Around&#8220;. Den Rest mag sich der neugierige Leser selbst erobern. Die (Gast) Musiker und S\u00e4ngeinnen verstehen ihr Fach und sind gut ausgew\u00e4hlt.<\/p><p>Drums \u2013 Gord Finley<br \/>Electric Guitar, Lead Guitar, Acoustic Guitar, 12-String Acoustic Guitar, Keyboards, Piano, Harmony Vocals \u2013 John Fraser Findlay<br \/>Recorded, Produced, Mixed and Mastered &#8211; Philip Victor Bova<br \/>Electric Bass, Keyboards, Electric Guitar, Acoustic Guitar, 12-String Acoustic Guitar &#8211; Phillip Victor Bova<br \/>Words, Music, Lead Vocals &#8211; Frank Smith<br \/>Additional male and female Vocals &#8211; Shannon Ross, Tara Holloway, Kellylee Evans, Mike Belanger, Jeremy Abboud<\/p><p><a href=\"https:\/\/theprogthief.de\/wp-content\/uploads\/2026\/03\/HPCMBC1280.jpg\"><img loading=\"lazy\" decoding=\"async\" class=\"aligncenter wp-image-30001 size-full\" src=\"https:\/\/theprogthief.de\/wp-content\/uploads\/2026\/03\/HPCMBC350.jpg\" alt=\"Album &quot;Critical Misunderstandings On The Precipice&quot; by Halcyon Phase. Backcover\" width=\"350\" height=\"313\" srcset=\"https:\/\/theprogthief.de\/wp-content\/uploads\/2026\/03\/HPCMBC350.jpg 350w, https:\/\/theprogthief.de\/wp-content\/uploads\/2026\/03\/HPCMBC350-300x268.jpg 300w, https:\/\/theprogthief.de\/wp-content\/uploads\/2026\/03\/HPCMBC350-150x134.jpg 150w, https:\/\/theprogthief.de\/wp-content\/uploads\/2026\/03\/HPCMBC350-13x12.jpg 13w\" sizes=\"(max-width: 350px) 100vw, 350px\" \/><\/a><\/p><p>Folk-Rock wird diesem Album fast gerecht und ich bin kein gro\u00dfer Folk-Rock H\u00f6rer, um es gleich vorweg zu nehmen. Allerdings hat dieses Album beim mehrmaligen spielen seinen Weg in meinen Geh\u00f6rgang gefunden. Es ist eben kein &#8222;reiner&#8220; Folk Rock, es finden sich Elemente des Progs und psychedelische Momente. Dazu ist die Produktion sehr sauber, die Musiker wissen was sie tun. Besonders gut gef\u00e4llt mir, wie die Lyrics in die Songs eingebettet wurden. Nicht nur f\u00fcr Folk-Rock Fans zu empfehlen.<\/p><p>Die Fotos stammen alle von meiner CD, die mir von Halcyon Phase zur Verf\u00fcgung gestellt wurde. Die Rechte aller Motive, Logos, Texte und Schriften, die auf den Fotos zu sehen sind, liegen nat\u00fcrlich beim Rechteinhaber.<\/p><p>No AI was used in the making of this Review.<br \/>\u00a923.03.2026<\/p>\t\t\t\t\t\t\t\t<\/div>\n\t\t\t\t<\/div>\n\t\t\t\t\t<\/div>\n\t\t\t\t<\/div>\n\t\t\t\t<\/div>\n\t\t\t\t\t<\/div>\n\t\t\t\t<\/div>\n\t\t<div class=\"elementor-element elementor-element-59ad6c1a e-flex e-con-boxed e-con e-parent\" data-id=\"59ad6c1a\" data-element_type=\"container\" data-e-type=\"container\" data-settings=\"{&quot;background_background&quot;:&quot;classic&quot;}\">\n\t\t\t\t\t<div class=\"e-con-inner\">\n\t\t<div class=\"elementor-element elementor-element-6350cafe e-con-full e-flex e-con e-child\" data-id=\"6350cafe\" data-element_type=\"container\" data-e-type=\"container\">\n\t\t\t\t<div class=\"elementor-element elementor-element-46b486f2 elementor-widget elementor-widget-video\" data-id=\"46b486f2\" data-element_type=\"widget\" data-e-type=\"widget\" data-settings=\"{&quot;youtube_url&quot;:&quot;https:\\\/\\\/youtu.be\\\/OaJa_43Mhgs&quot;,&quot;video_type&quot;:&quot;youtube&quot;,&quot;controls&quot;:&quot;yes&quot;}\" data-widget_type=\"video.default\">\n\t\t\t\t<div class=\"elementor-widget-container\">\n\t\t\t\t\t\t\t<div class=\"elementor-wrapper elementor-open-inline\">\n\t\t\t<div class=\"elementor-video\"><\/div>\t\t<\/div>\n\t\t\t\t\t\t<\/div>\n\t\t\t\t<\/div>\n\t\t\t\t<\/div>\n\t\t<div class=\"elementor-element elementor-element-7f5bdf72 e-con-full e-flex e-con e-child\" data-id=\"7f5bdf72\" data-element_type=\"container\" data-e-type=\"container\">\n\t\t\t\t<div class=\"elementor-element elementor-element-6d46cc86 elementor-widget elementor-widget-video\" data-id=\"6d46cc86\" data-element_type=\"widget\" data-e-type=\"widget\" data-settings=\"{&quot;youtube_url&quot;:&quot;https:\\\/\\\/youtu.be\\\/45ImHgv-iQY&quot;,&quot;video_type&quot;:&quot;youtube&quot;,&quot;controls&quot;:&quot;yes&quot;}\" data-widget_type=\"video.default\">\n\t\t\t\t<div class=\"elementor-widget-container\">\n\t\t\t\t\t\t\t<div class=\"elementor-wrapper elementor-open-inline\">\n\t\t\t<div class=\"elementor-video\"><\/div>\t\t<\/div>\n\t\t\t\t\t\t<\/div>\n\t\t\t\t<\/div>\n\t\t\t\t<\/div>\n\t\t<div class=\"elementor-element elementor-element-253d1659 e-con-full e-flex e-con e-child\" data-id=\"253d1659\" data-element_type=\"container\" data-e-type=\"container\">\n\t\t\t\t<div class=\"elementor-element elementor-element-a52848c elementor-widget elementor-widget-video\" data-id=\"a52848c\" data-element_type=\"widget\" data-e-type=\"widget\" data-settings=\"{&quot;youtube_url&quot;:&quot;https:\\\/\\\/youtu.be\\\/hzn3hP8KN_E&quot;,&quot;video_type&quot;:&quot;youtube&quot;,&quot;controls&quot;:&quot;yes&quot;}\" data-widget_type=\"video.default\">\n\t\t\t\t<div class=\"elementor-widget-container\">\n\t\t\t\t\t\t\t<div class=\"elementor-wrapper elementor-open-inline\">\n\t\t\t<div class=\"elementor-video\"><\/div>\t\t<\/div>\n\t\t\t\t\t\t<\/div>\n\t\t\t\t<\/div>\n\t\t\t\t<\/div>\n\t\t\t\t\t<\/div>\n\t\t\t\t<\/div>\n\t\t<div class=\"elementor-element elementor-element-2286777d e-flex e-con-boxed e-con e-parent\" data-id=\"2286777d\" data-element_type=\"container\" data-e-type=\"container\" data-settings=\"{&quot;background_background&quot;:&quot;classic&quot;}\">\n\t\t\t\t\t<div class=\"e-con-inner\">\n\t\t\t\t<div class=\"elementor-element elementor-element-4c78ed2d elementor-widget elementor-widget-heading\" data-id=\"4c78ed2d\" data-element_type=\"widget\" data-e-type=\"widget\" data-widget_type=\"heading.default\">\n\t\t\t\t<div class=\"elementor-widget-container\">\n\t\t\t\t\t<h4 class=\"elementor-heading-title elementor-size-default\"><a href=\"https:\/\/www.hoeren-und-fuehlen.de\/\" target=\"_blank\">Interessiert an mehr Musik und Technik? Dann:<\/a><\/h4>\t\t\t\t<\/div>\n\t\t\t\t<\/div>\n\t\t\t\t<div class=\"elementor-element elementor-element-1d232680 elementor-widget elementor-widget-image\" data-id=\"1d232680\" data-element_type=\"widget\" data-e-type=\"widget\" data-widget_type=\"image.default\">\n\t\t\t\t<div class=\"elementor-widget-container\">\n\t\t\t\t\t\t\t\t\t\t\t\t\t\t\t\t<a href=\"https:\/\/www.hoeren-und-fuehlen.de\/\" target=\"_blank\">\n\t\t\t\t\t\t\t<img loading=\"lazy\" decoding=\"async\" width=\"150\" height=\"47\" src=\"https:\/\/theprogthief.de\/wp-content\/uploads\/2024\/06\/Banner-150x47.jpg\" class=\"attachment-thumbnail size-thumbnail wp-image-5580\" alt=\"\" srcset=\"https:\/\/theprogthief.de\/wp-content\/uploads\/2024\/06\/Banner-150x47.jpg 150w, https:\/\/theprogthief.de\/wp-content\/uploads\/2024\/06\/Banner-300x94.jpg 300w, https:\/\/theprogthief.de\/wp-content\/uploads\/2024\/06\/Banner.jpg 320w\" sizes=\"(max-width: 150px) 100vw, 150px\" \/>\t\t\t\t\t\t\t\t<\/a>\n\t\t\t\t\t\t\t\t\t\t\t\t\t\t\t<\/div>\n\t\t\t\t<\/div>\n\t\t\t\t\t<\/div>\n\t\t\t\t<\/div>\n\t\t<div class=\"elementor-element elementor-element-3f330449 e-con-full e-flex e-con e-parent\" data-id=\"3f330449\" data-element_type=\"container\" data-e-type=\"container\" data-settings=\"{&quot;background_background&quot;:&quot;classic&quot;}\">\n\t\t\t\t<div class=\"elementor-element elementor-element-77ce3ff4 elementor-widget__width-initial elementor-widget-mobile__width-initial elementor-widget elementor-widget-text-editor\" data-id=\"77ce3ff4\" data-element_type=\"widget\" data-e-type=\"widget\" data-widget_type=\"text-editor.default\">\n\t\t\t\t<div class=\"elementor-widget-container\">\n\t\t\t\t\t\t\t\t\t<p style=\"text-align: left;\"><span style=\"color: #000000;\"><strong>J. Specht<br \/><\/strong><\/span>[info@theprogthief.de]<\/p>\t\t\t\t\t\t\t\t<\/div>\n\t\t\t\t<\/div>\n\t\t\t\t<div class=\"elementor-element elementor-element-1cb26b32 elementor-align-center elementor-widget elementor-widget-button\" data-id=\"1cb26b32\" data-element_type=\"widget\" data-e-type=\"widget\" data-widget_type=\"button.default\">\n\t\t\t\t<div class=\"elementor-widget-container\">\n\t\t\t\t\t\t\t\t\t<div class=\"elementor-button-wrapper\">\n\t\t\t\t\t<a class=\"elementor-button elementor-button-link elementor-size-sm\" href=\"https:\/\/theprogthief.de\/impressum\/\">\n\t\t\t\t\t\t<span class=\"elementor-button-content-wrapper\">\n\t\t\t\t\t\t\t\t\t<span class=\"elementor-button-text\">Impressum<\/span>\n\t\t\t\t\t<\/span>\n\t\t\t\t\t<\/a>\n\t\t\t\t<\/div>\n\t\t\t\t\t\t\t\t<\/div>\n\t\t\t\t<\/div>\n\t\t\t\t<div class=\"elementor-element elementor-element-d10e707 elementor-align-center elementor-widget elementor-widget-button\" data-id=\"d10e707\" data-element_type=\"widget\" data-e-type=\"widget\" data-widget_type=\"button.default\">\n\t\t\t\t<div class=\"elementor-widget-container\">\n\t\t\t\t\t\t\t\t\t<div class=\"elementor-button-wrapper\">\n\t\t\t\t\t<a class=\"elementor-button elementor-button-link elementor-size-sm\" href=\"https:\/\/theprogthief.de\/datenschutzerklaerung\/\">\n\t\t\t\t\t\t<span class=\"elementor-button-content-wrapper\">\n\t\t\t\t\t\t\t\t\t<span class=\"elementor-button-text\">Datenschutz<\/span>\n\t\t\t\t\t<\/span>\n\t\t\t\t\t<\/a>\n\t\t\t\t<\/div>\n\t\t\t\t\t\t\t\t<\/div>\n\t\t\t\t<\/div>\n\t\t\t\t<div class=\"elementor-element elementor-element-373f0384 elementor-align-center elementor-widget elementor-widget-button\" data-id=\"373f0384\" data-element_type=\"widget\" data-e-type=\"widget\" data-widget_type=\"button.default\">\n\t\t\t\t<div class=\"elementor-widget-container\">\n\t\t\t\t\t\t\t\t\t<div class=\"elementor-button-wrapper\">\n\t\t\t\t\t<a class=\"elementor-button elementor-button-link elementor-size-sm\" href=\"https:\/\/theprogthief.de\/gender-hinweis\/\">\n\t\t\t\t\t\t<span class=\"elementor-button-content-wrapper\">\n\t\t\t\t\t\t\t\t\t<span class=\"elementor-button-text\">Gender-Hinweis<\/span>\n\t\t\t\t\t<\/span>\n\t\t\t\t\t<\/a>\n\t\t\t\t<\/div>\n\t\t\t\t\t\t\t\t<\/div>\n\t\t\t\t<\/div>\n\t\t\t\t<\/div>\n\t\t\t\t<\/div>\n\t\t","protected":false},"excerpt":{"rendered":"<p>Review of &#8222;Critical Misunderstandings On The Precipice&#8220; (CMOTP). Folk Rock, a bit Prog. CD, Digipack 2024. Frank Smith &#038; Philip Victor Bova. Halcyon Phase<\/p>","protected":false},"author":1,"featured_media":30006,"parent":0,"menu_order":0,"comment_status":"closed","ping_status":"closed","template":"","meta":{"ocean_post_layout":"full-screen","ocean_both_sidebars_style":"","ocean_both_sidebars_content_width":0,"ocean_both_sidebars_sidebars_width":0,"ocean_sidebar":"","ocean_second_sidebar":"","ocean_disable_margins":"enable","ocean_add_body_class":"","ocean_shortcode_before_top_bar":"","ocean_shortcode_after_top_bar":"","ocean_shortcode_before_header":"","ocean_shortcode_after_header":"","ocean_has_shortcode":"","ocean_shortcode_after_title":"","ocean_shortcode_before_footer_widgets":"","ocean_shortcode_after_footer_widgets":"","ocean_shortcode_before_footer_bottom":"","ocean_shortcode_after_footer_bottom":"","ocean_display_top_bar":"off","ocean_display_header":"off","ocean_header_style":"","ocean_center_header_left_menu":"","ocean_custom_header_template":"","ocean_custom_logo":0,"ocean_custom_retina_logo":0,"ocean_custom_logo_max_width":0,"ocean_custom_logo_tablet_max_width":0,"ocean_custom_logo_mobile_max_width":0,"ocean_custom_logo_max_height":0,"ocean_custom_logo_tablet_max_height":0,"ocean_custom_logo_mobile_max_height":0,"ocean_header_custom_menu":"","ocean_menu_typo_font_family":"","ocean_menu_typo_font_subset":"","ocean_menu_typo_font_size":0,"ocean_menu_typo_font_size_tablet":0,"ocean_menu_typo_font_size_mobile":0,"ocean_menu_typo_font_size_unit":"px","ocean_menu_typo_font_weight":"","ocean_menu_typo_font_weight_tablet":"","ocean_menu_typo_font_weight_mobile":"","ocean_menu_typo_transform":"","ocean_menu_typo_transform_tablet":"","ocean_menu_typo_transform_mobile":"","ocean_menu_typo_line_height":0,"ocean_menu_typo_line_height_tablet":0,"ocean_menu_typo_line_height_mobile":0,"ocean_menu_typo_line_height_unit":"","ocean_menu_typo_spacing":0,"ocean_menu_typo_spacing_tablet":0,"ocean_menu_typo_spacing_mobile":0,"ocean_menu_typo_spacing_unit":"","ocean_menu_link_color":"","ocean_menu_link_color_hover":"","ocean_menu_link_color_active":"","ocean_menu_link_background":"","ocean_menu_link_hover_background":"","ocean_menu_link_active_background":"","ocean_menu_social_links_bg":"","ocean_menu_social_hover_links_bg":"","ocean_menu_social_links_color":"","ocean_menu_social_hover_links_color":"","ocean_disable_title":"on","ocean_disable_heading":"default","ocean_post_title":"","ocean_post_subheading":"","ocean_post_title_style":"","ocean_post_title_background_color":"","ocean_post_title_background":0,"ocean_post_title_bg_image_position":"","ocean_post_title_bg_image_attachment":"","ocean_post_title_bg_image_repeat":"","ocean_post_title_bg_image_size":"","ocean_post_title_height":0,"ocean_post_title_bg_overlay":0.5,"ocean_post_title_bg_overlay_color":"","ocean_disable_breadcrumbs":"default","ocean_breadcrumbs_color":"","ocean_breadcrumbs_separator_color":"","ocean_breadcrumbs_links_color":"","ocean_breadcrumbs_links_hover_color":"","ocean_display_footer_widgets":"off","ocean_display_footer_bottom":"off","ocean_custom_footer_template":"","footnotes":""},"class_list":["post-30000","page","type-page","status-publish","has-post-thumbnail","hentry","entry","has-media"],"_links":{"self":[{"href":"https:\/\/theprogthief.de\/en\/wp-json\/wp\/v2\/pages\/30000","targetHints":{"allow":["GET"]}}],"collection":[{"href":"https:\/\/theprogthief.de\/en\/wp-json\/wp\/v2\/pages"}],"about":[{"href":"https:\/\/theprogthief.de\/en\/wp-json\/wp\/v2\/types\/page"}],"author":[{"embeddable":true,"href":"https:\/\/theprogthief.de\/en\/wp-json\/wp\/v2\/users\/1"}],"replies":[{"embeddable":true,"href":"https:\/\/theprogthief.de\/en\/wp-json\/wp\/v2\/comments?post=30000"}],"version-history":[{"count":10,"href":"https:\/\/theprogthief.de\/en\/wp-json\/wp\/v2\/pages\/30000\/revisions"}],"predecessor-version":[{"id":30129,"href":"https:\/\/theprogthief.de\/en\/wp-json\/wp\/v2\/pages\/30000\/revisions\/30129"}],"wp:featuredmedia":[{"embeddable":true,"href":"https:\/\/theprogthief.de\/en\/wp-json\/wp\/v2\/media\/30006"}],"wp:attachment":[{"href":"https:\/\/theprogthief.de\/en\/wp-json\/wp\/v2\/media?parent=30000"}],"curies":[{"name":"wp","href":"https:\/\/api.w.org\/{rel}","templated":true}]}}