{"id":3344,"date":"2024-04-05T14:36:24","date_gmt":"2024-04-05T12:36:24","guid":{"rendered":"https:\/\/theprogthief.de\/?page_id=3344"},"modified":"2026-04-08T14:53:16","modified_gmt":"2026-04-08T12:53:16","slug":"anthropocene-by-behind-your-fear","status":"publish","type":"page","link":"https:\/\/theprogthief.de\/en\/anthropocene-by-behind-your-fear\/","title":{"rendered":"Anthropocene by Behind Your Fear"},"content":{"rendered":"\t\t<div data-elementor-type=\"wp-page\" data-elementor-id=\"3344\" class=\"elementor elementor-3344\" data-elementor-post-type=\"page\">\n\t\t\t\t<div class=\"elementor-element elementor-element-3e2e0e9b e-con-full e-flex e-con e-parent\" data-id=\"3e2e0e9b\" data-element_type=\"container\" data-e-type=\"container\" data-settings=\"{&quot;background_background&quot;:&quot;classic&quot;}\">\n\t\t\t\t<div class=\"elementor-element elementor-element-6ca500be elementor-widget elementor-widget-heading\" data-id=\"6ca500be\" data-element_type=\"widget\" data-e-type=\"widget\" data-widget_type=\"heading.default\">\n\t\t\t\t<div class=\"elementor-widget-container\">\n\t\t\t\t\t<h2 class=\"elementor-heading-title elementor-size-default\"><a href=\"https:\/\/theprogthief.de\"> The Prog-Thief<\/a><\/h2>\t\t\t\t<\/div>\n\t\t\t\t<\/div>\n\t\t\t\t<\/div>\n\t\t<div class=\"elementor-element elementor-element-66370460 e-con-full e-flex e-con e-parent\" data-id=\"66370460\" data-element_type=\"container\" data-e-type=\"container\" data-settings=\"{&quot;background_background&quot;:&quot;classic&quot;}\">\n\t\t\t\t<div class=\"elementor-element elementor-element-a6f47cd elementor-nav-menu--stretch elementor-widget__width-initial elementor-nav-menu__text-align-aside elementor-nav-menu--toggle elementor-nav-menu--burger elementor-invisible elementor-widget elementor-widget-global elementor-global-12513 elementor-widget-nav-menu\" data-id=\"a6f47cd\" data-element_type=\"widget\" data-e-type=\"widget\" data-settings=\"{&quot;layout&quot;:&quot;dropdown&quot;,&quot;submenu_icon&quot;:{&quot;value&quot;:&quot;fas fa-chevron-down&quot;,&quot;library&quot;:&quot;fa-solid&quot;},&quot;full_width&quot;:&quot;stretch&quot;,&quot;_animation&quot;:&quot;fadeInUp&quot;,&quot;toggle&quot;:&quot;burger&quot;}\" data-widget_type=\"nav-menu.default\">\n\t\t\t\t<div class=\"elementor-widget-container\">\n\t\t\t\t\t\t\t<div class=\"elementor-menu-toggle\" role=\"button\" tabindex=\"0\" aria-label=\"Menu Toggle\" aria-expanded=\"false\">\n\t\t\t<i aria-hidden=\"true\" role=\"presentation\" class=\"elementor-menu-toggle__icon--open eicon-menu-bar\"><\/i><i aria-hidden=\"true\" role=\"presentation\" class=\"elementor-menu-toggle__icon--close eicon-close\"><\/i>\t\t<\/div>\n\t\t\t\t\t<nav class=\"elementor-nav-menu--dropdown elementor-nav-menu__container\" aria-hidden=\"true\">\n\t\t\t\t<ul id=\"menu-2-a6f47cd\" class=\"elementor-nav-menu\"><li class=\"menu-item menu-item-type-post_type menu-item-object-page menu-item-home menu-item-12224\"><a href=\"https:\/\/theprogthief.de\/en\/\" class=\"elementor-item\" tabindex=\"-1\">Home<\/a><\/li>\n<li class=\"menu-item menu-item-type-post_type menu-item-object-page menu-item-24784\"><a href=\"https:\/\/theprogthief.de\/en\/ayreon-alben\/\" class=\"elementor-item\" tabindex=\"-1\">Ayreon<\/a><\/li>\n<li class=\"menu-item menu-item-type-post_type menu-item-object-page menu-item-24610\"><a href=\"https:\/\/theprogthief.de\/en\/porcupine-tree\/\" class=\"elementor-item\" tabindex=\"-1\">Porcupine Tree<\/a><\/li>\n<li class=\"menu-item menu-item-type-post_type menu-item-object-page menu-item-30976\"><a href=\"https:\/\/theprogthief.de\/en\/theatre-of-tragedy\/\" class=\"elementor-item\" tabindex=\"-1\">Theatre Of Tragedy<\/a><\/li>\n<li class=\"menu-item menu-item-type-post_type menu-item-object-page menu-item-has-children menu-item-12227\"><a rel=\"Keine\" href=\"https:\/\/theprogthief.de\/en\/rezensionen\/\" class=\"elementor-item\" tabindex=\"-1\">Rezensionen<\/a>\n<ul class=\"sub-menu elementor-nav-menu--dropdown\">\n\t<li class=\"menu-item menu-item-type-post_type menu-item-object-page menu-item-13299\"><a href=\"https:\/\/theprogthief.de\/en\/reviewsii\/\" class=\"elementor-sub-item\" tabindex=\"-1\">Reviews II<\/a><\/li>\n\t<li class=\"menu-item menu-item-type-post_type menu-item-object-page menu-item-13253\"><a href=\"https:\/\/theprogthief.de\/en\/reviews-iii\/\" class=\"elementor-sub-item\" tabindex=\"-1\">Reviews III<\/a><\/li>\n\t<li class=\"menu-item menu-item-type-post_type menu-item-object-page menu-item-20876\"><a href=\"https:\/\/theprogthief.de\/en\/reviews-iv\/\" class=\"elementor-sub-item\" tabindex=\"-1\">Reviews IV<\/a><\/li>\n\t<li class=\"menu-item menu-item-type-post_type menu-item-object-page menu-item-24240\"><a href=\"https:\/\/theprogthief.de\/en\/reviews-v\/\" class=\"elementor-sub-item\" tabindex=\"-1\">Reviews V<\/a><\/li>\n\t<li class=\"menu-item menu-item-type-post_type menu-item-object-page menu-item-24478\"><a href=\"https:\/\/theprogthief.de\/en\/rezensionen\/\" class=\"elementor-sub-item\" tabindex=\"-1\">Rezensionen A-Z<\/a><\/li>\n<\/ul>\n<\/li>\n<li class=\"menu-item menu-item-type-post_type menu-item-object-page menu-item-19217\"><a href=\"https:\/\/theprogthief.de\/en\/female-driven\/\" class=\"elementor-item\" tabindex=\"-1\">Female Driven<\/a><\/li>\n<li class=\"menu-item menu-item-type-post_type menu-item-object-page menu-item-12223\"><a href=\"https:\/\/theprogthief.de\/en\/was-ist-prog\/\" class=\"elementor-item\" tabindex=\"-1\">Was ist Prog?<\/a><\/li>\n<li class=\"menu-item menu-item-type-post_type menu-item-object-page menu-item-12222\"><a href=\"https:\/\/theprogthief.de\/en\/ueber-mich\/\" class=\"elementor-item\" tabindex=\"-1\">\u00dcber mich<\/a><\/li>\n<\/ul>\t\t\t<\/nav>\n\t\t\t\t\t\t<\/div>\n\t\t\t\t<\/div>\n\t\t\t\t<\/div>\n\t\t<div class=\"elementor-element elementor-element-1c51aaf5 e-flex e-con-boxed e-con e-parent\" data-id=\"1c51aaf5\" data-element_type=\"container\" data-e-type=\"container\" data-settings=\"{&quot;background_background&quot;:&quot;classic&quot;}\">\n\t\t\t\t\t<div class=\"e-con-inner\">\n\t\t<div class=\"elementor-element elementor-element-7c3e75f7 e-con-full e-flex e-con e-child\" data-id=\"7c3e75f7\" data-element_type=\"container\" data-e-type=\"container\">\n\t\t\t\t<\/div>\n\t\t<div class=\"elementor-element elementor-element-2fb45549 e-con-full e-flex e-con e-child\" data-id=\"2fb45549\" data-element_type=\"container\" data-e-type=\"container\">\n\t\t\t\t<div class=\"elementor-element elementor-element-2701e895 elementor-widget elementor-widget-text-editor\" data-id=\"2701e895\" data-element_type=\"widget\" data-e-type=\"widget\" data-widget_type=\"text-editor.default\">\n\t\t\t\t<div class=\"elementor-widget-container\">\n\t\t\t\t\t\t\t\t\t<p style=\"text-align: center;\">Behind Your Fear<a href=\"https:\/\/theprogthief.de\/ophelia-by-behind-your-fear\/\"><img decoding=\"async\" class=\"aligncenter wp-image-4485\" src=\"https:\/\/theprogthief.de\/wp-content\/uploads\/2024\/05\/ByFOFC350x.jpg\" alt=\"Ophelia LP Frontcover der Band Behind your Fear\" width=\"100\" height=\"100\" srcset=\"https:\/\/theprogthief.de\/wp-content\/uploads\/2024\/05\/ByFOFC350x.jpg 350w, https:\/\/theprogthief.de\/wp-content\/uploads\/2024\/05\/ByFOFC350x-300x300.jpg 300w, https:\/\/theprogthief.de\/wp-content\/uploads\/2024\/05\/ByFOFC350x-150x150.jpg 150w\" sizes=\"(max-width: 100px) 100vw, 100px\" \/><\/a>&#8222;Ophelia&#8220;<\/p>\t\t\t\t\t\t\t\t<\/div>\n\t\t\t\t<\/div>\n\t\t\t\t<\/div>\n\t\t<div class=\"elementor-element elementor-element-2e55cab e-con-full e-flex e-con e-child\" data-id=\"2e55cab\" data-element_type=\"container\" data-e-type=\"container\">\n\t\t\t\t<\/div>\n\t\t\t\t\t<\/div>\n\t\t\t\t<\/div>\n\t\t<div class=\"elementor-element elementor-element-4cf09e7c e-flex e-con-boxed e-con e-parent\" data-id=\"4cf09e7c\" data-element_type=\"container\" data-e-type=\"container\" data-settings=\"{&quot;background_background&quot;:&quot;classic&quot;}\">\n\t\t\t\t\t<div class=\"e-con-inner\">\n\t\t\t\t<div class=\"elementor-element elementor-element-48f65417 elementor-widget elementor-widget-heading\" data-id=\"48f65417\" data-element_type=\"widget\" data-e-type=\"widget\" data-widget_type=\"heading.default\">\n\t\t\t\t<div class=\"elementor-widget-container\">\n\t\t\t\t\t<h2 class=\"elementor-heading-title elementor-size-default\">Anthropocene by Behind Your Fear<\/h2>\t\t\t\t<\/div>\n\t\t\t\t<\/div>\n\t\t\t\t\t<\/div>\n\t\t\t\t<\/div>\n\t\t<div class=\"elementor-element elementor-element-327a25db e-flex e-con-boxed e-con e-parent\" data-id=\"327a25db\" data-element_type=\"container\" data-e-type=\"container\" data-settings=\"{&quot;background_background&quot;:&quot;classic&quot;}\">\n\t\t\t\t\t<div class=\"e-con-inner\">\n\t\t<div class=\"elementor-element elementor-element-55ac80a4 e-con-full e-flex e-con e-child\" data-id=\"55ac80a4\" data-element_type=\"container\" data-e-type=\"container\">\n\t\t<div class=\"elementor-element elementor-element-39713f8d e-flex e-con-boxed e-con e-child\" data-id=\"39713f8d\" data-element_type=\"container\" data-e-type=\"container\">\n\t\t\t\t\t<div class=\"e-con-inner\">\n\t\t\t\t<div class=\"elementor-element elementor-element-309c89c8 elementor-widget elementor-widget-text-editor\" data-id=\"309c89c8\" data-element_type=\"widget\" data-e-type=\"widget\" data-widget_type=\"text-editor.default\">\n\t\t\t\t<div class=\"elementor-widget-container\">\n\t\t\t\t\t\t\t\t\t<p><a href=\"https:\/\/theprogthief.de\/wp-content\/uploads\/2024\/04\/ByFAFC1280x.jpg\"><img fetchpriority=\"high\" decoding=\"async\" class=\"aligncenter wp-image-3349 size-full\" src=\"https:\/\/theprogthief.de\/wp-content\/uploads\/2024\/04\/ByFAFC350x.jpg\" alt=\"Frontcover LP Anthropocene von Behind Your Fear\" width=\"350\" height=\"343\" srcset=\"https:\/\/theprogthief.de\/wp-content\/uploads\/2024\/04\/ByFAFC350x.jpg 350w, https:\/\/theprogthief.de\/wp-content\/uploads\/2024\/04\/ByFAFC350x-300x294.jpg 300w, https:\/\/theprogthief.de\/wp-content\/uploads\/2024\/04\/ByFAFC350x-150x147.jpg 150w\" sizes=\"(max-width: 350px) 100vw, 350px\" \/><\/a><\/p><p><span style=\"text-decoration: underline;\"><a href=\"https:\/\/behindyourfear.bandcamp.com\/\" target=\"_blank\" rel=\"noopener\">Behind Your Fear<\/a><\/span><br \/>&#8222;Anthropocene&#8220;<br \/>Gothic-Rock\/Metal. Blue-Marbled Vinyl 2022<\/p><p>Ist das jetzt noch Flowing Tears oder schon Behind Your Fear? Wer wie ich immer noch ziemlich begeistert Flowing Tears h\u00f6rt (egal ob mit Stefanie Duch\u00eane oder sp\u00e4ter mit Helen Vogt), k\u00f6nnte eventuell die Hoffnung hegen, das noch viel FT in ByF stecken. Oder eben gerade nicht. Lassen wir uns also nicht verwirren und versuchen, &#8222;neutral&#8220; zu bleiben.<\/p><p><a href=\"https:\/\/theprogthief.de\/wp-content\/uploads\/2024\/04\/ByFABC1280x.jpg\"><img decoding=\"async\" class=\"aligncenter wp-image-3346 size-full\" src=\"https:\/\/theprogthief.de\/wp-content\/uploads\/2024\/04\/ByFABC350x.jpg\" alt=\"Backcover Anthropocene von Behind Your Fear\" width=\"350\" height=\"347\" srcset=\"https:\/\/theprogthief.de\/wp-content\/uploads\/2024\/04\/ByFABC350x.jpg 350w, https:\/\/theprogthief.de\/wp-content\/uploads\/2024\/04\/ByFABC350x-300x297.jpg 300w, https:\/\/theprogthief.de\/wp-content\/uploads\/2024\/04\/ByFABC350x-150x150.jpg 150w\" sizes=\"(max-width: 350px) 100vw, 350px\" \/><\/a><\/p><p>Ohne Widerspruch ist ganz klar die Stimme von Stefanie die st\u00e4rkste Erinnerung an FT. Einigen wir uns darauf, das weder FT noch ByF etwas anderes als Gothic-Rock\/Metal machen bzw. gemacht haben. Der erste Song &#8222;One Day&#8220; geht gleich gut los und klingt eigenst\u00e4ndig. Und dann kommt &#8222;The Mask&#8220;. Und das ist FT. Klingt gemein, ist aber so. Der Song ist gut, kein Zweifel, eigenst\u00e4ndig aber nicht. &#8222;New Ways&#8220; haut daf\u00fcr sch\u00f6n in den Magen und ist f\u00fcr mich ein Highlight, auch wenn er von FT h\u00e4tte stammen k\u00f6nnen. Genug davon, der Song ist einfach stark. &#8222;Bandaged Eyes&#8220; f\u00e4ngt an wie Gothic-Pop und bleibt auch dabei. Ab der Mitte allerdings wird der Song deutlich besser. &#8222;Little While&#8220; gef\u00e4llt mit sch\u00f6ner Melodie, ist mir dann aber doch zu glatt? Nicht schlecht, denn er hat auch starke Momente. &#8222;Heartbeats&#8220; mit Piano wird getragen von Stefanies sch\u00f6ner Stimme.<\/p><p><a href=\"https:\/\/theprogthief.de\/wp-content\/uploads\/2024\/04\/ByFAPLPA1280x.jpg\"><img loading=\"lazy\" decoding=\"async\" class=\"aligncenter wp-image-3353 size-full\" src=\"https:\/\/theprogthief.de\/wp-content\/uploads\/2024\/04\/ByFAPLPA350x.jpg\" alt=\"Seite A Anthropocene von Behind Your Fear\" width=\"350\" height=\"350\" srcset=\"https:\/\/theprogthief.de\/wp-content\/uploads\/2024\/04\/ByFAPLPA350x.jpg 350w, https:\/\/theprogthief.de\/wp-content\/uploads\/2024\/04\/ByFAPLPA350x-300x300.jpg 300w, https:\/\/theprogthief.de\/wp-content\/uploads\/2024\/04\/ByFAPLPA350x-150x150.jpg 150w\" sizes=\"(max-width: 350px) 100vw, 350px\" \/><\/a><\/p><p>&#8222;Weakness&#8220;, mit 5:43 der l\u00e4ngste Song, f\u00fcr mich auch der atmosph\u00e4rischte. Klares Highlight und f\u00fcr mich der st\u00e4rkste Song. &#8222;Hollow&#8220; lebt klar von Stefanies Gesang. Mag ich. &#8222;Schattered Mirrors&#8220;. Mit dem kann ich nicht so ganz viel anfangen. Er wirft mich aber nicht raus und f\u00e4ngt mich irgendwie immer wieder ein. &#8222;DNR&#8220; ist wieder ein Highlight. Beginnt mit Piano. Manchmal sehe ich mich mit einem Gin-Tonic in einer Jazz-Bar sitzen, am Ende der Apokalypse und der Song l\u00e4uft. Morbide, ich wei\u00df. Mit morbiden Gedanken geht es zum symphonischen Rauswerfer &#8222;Lullaby&#8220;. Leider zu kurz, denn er ist gut.<\/p><p><a href=\"https:\/\/theprogthief.de\/wp-content\/uploads\/2024\/04\/ByFALPB1280.jpg\"><img loading=\"lazy\" decoding=\"async\" class=\"aligncenter wp-image-3351 size-full\" src=\"https:\/\/theprogthief.de\/wp-content\/uploads\/2024\/04\/ByFALPB350x.jpg\" alt=\"Seite B Anthropocene von Behind Your Fear\" width=\"350\" height=\"350\" srcset=\"https:\/\/theprogthief.de\/wp-content\/uploads\/2024\/04\/ByFALPB350x.jpg 350w, https:\/\/theprogthief.de\/wp-content\/uploads\/2024\/04\/ByFALPB350x-300x300.jpg 300w, https:\/\/theprogthief.de\/wp-content\/uploads\/2024\/04\/ByFALPB350x-150x150.jpg 150w\" sizes=\"(max-width: 350px) 100vw, 350px\" \/><\/a><\/p><p>Es gibt Alben, die ich komplett durchh\u00f6ren mag. Das ist schon einmal positiv, denn Anthropocene geh\u00f6rt dazu. Ich mag diese Art von Musik. Die Musiker sind gut, die S\u00e4ngerin ist gut. Hier wurde nat\u00fcrlich nichts neu erfunden, muss auch gar nicht. Das Album ist gut. Und Flowing Tears? Scheint durch und ich finde es gut. Trotzdem ist es Behind Your Fear und eben nicht Flowing Tears und auch das finde ich gut. Wer Gothic mag, sollte zugreifen.<\/p><p>Anthropocene, 2022.<\/p><p>Stefanie -Vocals, Piano.<br \/>Scorpius &#8211; Bass.<br \/>Michael &#8211; Drums.<br \/>Moritz &#8211; Guitar.<br \/>David &#8211; Keyboards<br \/>T. &#8211; Guitar, Keyboards.<\/p><p>Leider ist die mir vorliegende Limited Blue-Marbeld Vinyl, trotz intensiver Reinigung, immer noch voll mit knisternden Ger\u00e4uschen. Deutlich besser als am Anfang, aber immer noch nervig in den leisen Passagen. Kann nat\u00fcrlich nur an meinem Exemplar liegen. Musik gut, meine Vinyl leider nicht so ganz.<\/p><p>Die Fotos stammen alle von meiner LP. Die Rechte aller Motive, Logos, Texte und Schriften, die auf den Fotos zu sehen sind, liegen nat\u00fcrlich beim Rechteinhaber.<\/p><p>No AI was used in the making of this Review.<br \/>\u00a905.04.2024<\/p>\t\t\t\t\t\t\t\t<\/div>\n\t\t\t\t<\/div>\n\t\t\t\t\t<\/div>\n\t\t\t\t<\/div>\n\t\t\t\t<\/div>\n\t\t\t\t\t<\/div>\n\t\t\t\t<\/div>\n\t\t<div class=\"elementor-element elementor-element-2072a884 e-flex e-con-boxed e-con e-parent\" data-id=\"2072a884\" data-element_type=\"container\" data-e-type=\"container\" data-settings=\"{&quot;background_background&quot;:&quot;classic&quot;}\">\n\t\t\t\t\t<div class=\"e-con-inner\">\n\t\t\t\t<div class=\"elementor-element elementor-element-2a2b2300 elementor-widget elementor-widget-heading\" data-id=\"2a2b2300\" data-element_type=\"widget\" data-e-type=\"widget\" data-widget_type=\"heading.default\">\n\t\t\t\t<div class=\"elementor-widget-container\">\n\t\t\t\t\t<h2 class=\"elementor-heading-title elementor-size-default\">Offizielle Youtube Videos<\/h2>\t\t\t\t<\/div>\n\t\t\t\t<\/div>\n\t\t\t\t\t<\/div>\n\t\t\t\t<\/div>\n\t\t<div class=\"elementor-element elementor-element-365b31fc e-flex e-con-boxed e-con e-parent\" data-id=\"365b31fc\" data-element_type=\"container\" data-e-type=\"container\" data-settings=\"{&quot;background_background&quot;:&quot;classic&quot;}\">\n\t\t\t\t\t<div class=\"e-con-inner\">\n\t\t<div class=\"elementor-element elementor-element-4eae38fb e-con-full e-flex e-con e-child\" data-id=\"4eae38fb\" data-element_type=\"container\" data-e-type=\"container\">\n\t\t\t\t<div class=\"elementor-element elementor-element-61a8e640 elementor-widget elementor-widget-video\" data-id=\"61a8e640\" data-element_type=\"widget\" data-e-type=\"widget\" data-settings=\"{&quot;youtube_url&quot;:&quot;https:\\\/\\\/youtu.be\\\/opm60gbAUH0&quot;,&quot;video_type&quot;:&quot;youtube&quot;,&quot;controls&quot;:&quot;yes&quot;}\" data-widget_type=\"video.default\">\n\t\t\t\t<div class=\"elementor-widget-container\">\n\t\t\t\t\t\t\t<div class=\"elementor-wrapper elementor-open-inline\">\n\t\t\t<div class=\"elementor-video\"><\/div>\t\t<\/div>\n\t\t\t\t\t\t<\/div>\n\t\t\t\t<\/div>\n\t\t\t\t<\/div>\n\t\t<div class=\"elementor-element elementor-element-f4ea601 e-con-full e-flex e-con e-child\" data-id=\"f4ea601\" data-element_type=\"container\" data-e-type=\"container\">\n\t\t\t\t<div class=\"elementor-element elementor-element-3f9e3d9a elementor-widget elementor-widget-video\" data-id=\"3f9e3d9a\" data-element_type=\"widget\" data-e-type=\"widget\" data-settings=\"{&quot;youtube_url&quot;:&quot;https:\\\/\\\/youtu.be\\\/PKJHZY7Fctc&quot;,&quot;video_type&quot;:&quot;youtube&quot;,&quot;controls&quot;:&quot;yes&quot;}\" data-widget_type=\"video.default\">\n\t\t\t\t<div class=\"elementor-widget-container\">\n\t\t\t\t\t\t\t<div class=\"elementor-wrapper elementor-open-inline\">\n\t\t\t<div class=\"elementor-video\"><\/div>\t\t<\/div>\n\t\t\t\t\t\t<\/div>\n\t\t\t\t<\/div>\n\t\t\t\t<\/div>\n\t\t\t\t\t<\/div>\n\t\t\t\t<\/div>\n\t\t<div class=\"elementor-element elementor-element-3e569ca5 e-flex e-con-boxed e-con e-parent\" data-id=\"3e569ca5\" data-element_type=\"container\" data-e-type=\"container\" data-settings=\"{&quot;background_background&quot;:&quot;classic&quot;}\">\n\t\t\t\t\t<div class=\"e-con-inner\">\n\t\t\t\t<div class=\"elementor-element elementor-element-13a88449 elementor-widget elementor-widget-heading\" data-id=\"13a88449\" data-element_type=\"widget\" data-e-type=\"widget\" data-widget_type=\"heading.default\">\n\t\t\t\t<div class=\"elementor-widget-container\">\n\t\t\t\t\t<h4 class=\"elementor-heading-title elementor-size-default\"><a href=\"https:\/\/www.hoeren-und-fuehlen.de\/\" target=\"_blank\">Interessiert an mehr Musik und Technik? Dann:<\/a><\/h4>\t\t\t\t<\/div>\n\t\t\t\t<\/div>\n\t\t\t\t<div class=\"elementor-element elementor-element-dd37bd2 elementor-widget elementor-widget-image\" data-id=\"dd37bd2\" data-element_type=\"widget\" data-e-type=\"widget\" data-widget_type=\"image.default\">\n\t\t\t\t<div class=\"elementor-widget-container\">\n\t\t\t\t\t\t\t\t\t\t\t\t\t\t\t\t<a href=\"https:\/\/www.hoeren-und-fuehlen.de\/\" target=\"_blank\">\n\t\t\t\t\t\t\t<img loading=\"lazy\" decoding=\"async\" width=\"150\" height=\"47\" src=\"https:\/\/theprogthief.de\/wp-content\/uploads\/2024\/06\/Banner-150x47.jpg\" class=\"attachment-thumbnail size-thumbnail wp-image-5580\" alt=\"\" srcset=\"https:\/\/theprogthief.de\/wp-content\/uploads\/2024\/06\/Banner-150x47.jpg 150w, https:\/\/theprogthief.de\/wp-content\/uploads\/2024\/06\/Banner-300x94.jpg 300w, https:\/\/theprogthief.de\/wp-content\/uploads\/2024\/06\/Banner.jpg 320w\" sizes=\"(max-width: 150px) 100vw, 150px\" \/>\t\t\t\t\t\t\t\t<\/a>\n\t\t\t\t\t\t\t\t\t\t\t\t\t\t\t<\/div>\n\t\t\t\t<\/div>\n\t\t\t\t\t<\/div>\n\t\t\t\t<\/div>\n\t\t<div class=\"elementor-element elementor-element-2d1f4f08 e-con-full e-flex e-con e-parent\" data-id=\"2d1f4f08\" data-element_type=\"container\" data-e-type=\"container\" data-settings=\"{&quot;background_background&quot;:&quot;classic&quot;}\">\n\t\t\t\t<div class=\"elementor-element elementor-element-63427fb7 elementor-widget__width-initial elementor-widget-mobile__width-initial elementor-widget elementor-widget-text-editor\" data-id=\"63427fb7\" data-element_type=\"widget\" data-e-type=\"widget\" data-widget_type=\"text-editor.default\">\n\t\t\t\t<div class=\"elementor-widget-container\">\n\t\t\t\t\t\t\t\t\t<p style=\"text-align: left;\"><span style=\"color: #000000;\"><strong><br \/><\/strong><\/span>[info@theprogthief.de]<\/p>\t\t\t\t\t\t\t\t<\/div>\n\t\t\t\t<\/div>\n\t\t\t\t<div class=\"elementor-element elementor-element-1cb58343 elementor-align-center elementor-widget elementor-widget-button\" data-id=\"1cb58343\" data-element_type=\"widget\" data-e-type=\"widget\" data-widget_type=\"button.default\">\n\t\t\t\t<div class=\"elementor-widget-container\">\n\t\t\t\t\t\t\t\t\t<div class=\"elementor-button-wrapper\">\n\t\t\t\t\t<a class=\"elementor-button elementor-button-link elementor-size-sm\" href=\"https:\/\/theprogthief.de\/impressum\/\">\n\t\t\t\t\t\t<span class=\"elementor-button-content-wrapper\">\n\t\t\t\t\t\t\t\t\t<span class=\"elementor-button-text\">Impressum<\/span>\n\t\t\t\t\t<\/span>\n\t\t\t\t\t<\/a>\n\t\t\t\t<\/div>\n\t\t\t\t\t\t\t\t<\/div>\n\t\t\t\t<\/div>\n\t\t\t\t<div class=\"elementor-element elementor-element-60be17b elementor-align-center elementor-widget elementor-widget-button\" data-id=\"60be17b\" data-element_type=\"widget\" data-e-type=\"widget\" data-widget_type=\"button.default\">\n\t\t\t\t<div class=\"elementor-widget-container\">\n\t\t\t\t\t\t\t\t\t<div class=\"elementor-button-wrapper\">\n\t\t\t\t\t<a class=\"elementor-button elementor-button-link elementor-size-sm\" href=\"https:\/\/theprogthief.de\/datenschutzerklaerung\/\">\n\t\t\t\t\t\t<span class=\"elementor-button-content-wrapper\">\n\t\t\t\t\t\t\t\t\t<span class=\"elementor-button-text\">Datenschutz<\/span>\n\t\t\t\t\t<\/span>\n\t\t\t\t\t<\/a>\n\t\t\t\t<\/div>\n\t\t\t\t\t\t\t\t<\/div>\n\t\t\t\t<\/div>\n\t\t\t\t<div class=\"elementor-element elementor-element-539ef9bd elementor-align-center elementor-widget elementor-widget-button\" data-id=\"539ef9bd\" data-element_type=\"widget\" data-e-type=\"widget\" data-widget_type=\"button.default\">\n\t\t\t\t<div class=\"elementor-widget-container\">\n\t\t\t\t\t\t\t\t\t<div class=\"elementor-button-wrapper\">\n\t\t\t\t\t<a class=\"elementor-button elementor-button-link elementor-size-sm\" href=\"https:\/\/theprogthief.de\/gender-hinweis\/\">\n\t\t\t\t\t\t<span class=\"elementor-button-content-wrapper\">\n\t\t\t\t\t\t\t\t\t<span class=\"elementor-button-text\">Gender-Hinweis<\/span>\n\t\t\t\t\t<\/span>\n\t\t\t\t\t<\/a>\n\t\t\t\t<\/div>\n\t\t\t\t\t\t\t\t<\/div>\n\t\t\t\t<\/div>\n\t\t\t\t<\/div>\n\t\t\t\t<\/div>\n\t\t","protected":false},"excerpt":{"rendered":"<p>Review of Anthropocene. Gothic-Metal. Vinyl. 2022.<\/p>","protected":false},"author":1,"featured_media":3349,"parent":0,"menu_order":0,"comment_status":"closed","ping_status":"closed","template":"","meta":{"ocean_post_layout":"full-screen","ocean_both_sidebars_style":"","ocean_both_sidebars_content_width":0,"ocean_both_sidebars_sidebars_width":0,"ocean_sidebar":"","ocean_second_sidebar":"","ocean_disable_margins":"enable","ocean_add_body_class":"","ocean_shortcode_before_top_bar":"","ocean_shortcode_after_top_bar":"","ocean_shortcode_before_header":"","ocean_shortcode_after_header":"","ocean_has_shortcode":"","ocean_shortcode_after_title":"","ocean_shortcode_before_footer_widgets":"","ocean_shortcode_after_footer_widgets":"","ocean_shortcode_before_footer_bottom":"","ocean_shortcode_after_footer_bottom":"","ocean_display_top_bar":"off","ocean_display_header":"off","ocean_header_style":"","ocean_center_header_left_menu":"","ocean_custom_header_template":"","ocean_custom_logo":0,"ocean_custom_retina_logo":0,"ocean_custom_logo_max_width":0,"ocean_custom_logo_tablet_max_width":0,"ocean_custom_logo_mobile_max_width":0,"ocean_custom_logo_max_height":0,"ocean_custom_logo_tablet_max_height":0,"ocean_custom_logo_mobile_max_height":0,"ocean_header_custom_menu":"","ocean_menu_typo_font_family":"","ocean_menu_typo_font_subset":"","ocean_menu_typo_font_size":0,"ocean_menu_typo_font_size_tablet":0,"ocean_menu_typo_font_size_mobile":0,"ocean_menu_typo_font_size_unit":"px","ocean_menu_typo_font_weight":"","ocean_menu_typo_font_weight_tablet":"","ocean_menu_typo_font_weight_mobile":"","ocean_menu_typo_transform":"","ocean_menu_typo_transform_tablet":"","ocean_menu_typo_transform_mobile":"","ocean_menu_typo_line_height":0,"ocean_menu_typo_line_height_tablet":0,"ocean_menu_typo_line_height_mobile":0,"ocean_menu_typo_line_height_unit":"","ocean_menu_typo_spacing":0,"ocean_menu_typo_spacing_tablet":0,"ocean_menu_typo_spacing_mobile":0,"ocean_menu_typo_spacing_unit":"","ocean_menu_link_color":"","ocean_menu_link_color_hover":"","ocean_menu_link_color_active":"","ocean_menu_link_background":"","ocean_menu_link_hover_background":"","ocean_menu_link_active_background":"","ocean_menu_social_links_bg":"","ocean_menu_social_hover_links_bg":"","ocean_menu_social_links_color":"","ocean_menu_social_hover_links_color":"","ocean_disable_title":"on","ocean_disable_heading":"default","ocean_post_title":"","ocean_post_subheading":"","ocean_post_title_style":"","ocean_post_title_background_color":"","ocean_post_title_background":0,"ocean_post_title_bg_image_position":"","ocean_post_title_bg_image_attachment":"","ocean_post_title_bg_image_repeat":"","ocean_post_title_bg_image_size":"","ocean_post_title_height":0,"ocean_post_title_bg_overlay":0.5,"ocean_post_title_bg_overlay_color":"","ocean_disable_breadcrumbs":"default","ocean_breadcrumbs_color":"","ocean_breadcrumbs_separator_color":"","ocean_breadcrumbs_links_color":"","ocean_breadcrumbs_links_hover_color":"","ocean_display_footer_widgets":"off","ocean_display_footer_bottom":"off","ocean_custom_footer_template":"","footnotes":""},"class_list":["post-3344","page","type-page","status-publish","has-post-thumbnail","hentry","entry","has-media"],"_links":{"self":[{"href":"https:\/\/theprogthief.de\/en\/wp-json\/wp\/v2\/pages\/3344","targetHints":{"allow":["GET"]}}],"collection":[{"href":"https:\/\/theprogthief.de\/en\/wp-json\/wp\/v2\/pages"}],"about":[{"href":"https:\/\/theprogthief.de\/en\/wp-json\/wp\/v2\/types\/page"}],"author":[{"embeddable":true,"href":"https:\/\/theprogthief.de\/en\/wp-json\/wp\/v2\/users\/1"}],"replies":[{"embeddable":true,"href":"https:\/\/theprogthief.de\/en\/wp-json\/wp\/v2\/comments?post=3344"}],"version-history":[{"count":10,"href":"https:\/\/theprogthief.de\/en\/wp-json\/wp\/v2\/pages\/3344\/revisions"}],"predecessor-version":[{"id":31601,"href":"https:\/\/theprogthief.de\/en\/wp-json\/wp\/v2\/pages\/3344\/revisions\/31601"}],"wp:featuredmedia":[{"embeddable":true,"href":"https:\/\/theprogthief.de\/en\/wp-json\/wp\/v2\/media\/3349"}],"wp:attachment":[{"href":"https:\/\/theprogthief.de\/en\/wp-json\/wp\/v2\/media?parent=3344"}],"curies":[{"name":"wp","href":"https:\/\/api.w.org\/{rel}","templated":true}]}}