{"id":4478,"date":"2024-05-04T14:54:26","date_gmt":"2024-05-04T12:54:26","guid":{"rendered":"https:\/\/theprogthief.de\/?page_id=4478"},"modified":"2026-04-08T14:59:11","modified_gmt":"2026-04-08T12:59:11","slug":"ophelia-by-behind-your-fear","status":"publish","type":"page","link":"https:\/\/theprogthief.de\/en\/ophelia-by-behind-your-fear\/","title":{"rendered":"Ophelia by Behind Your Fear"},"content":{"rendered":"\t\t<div data-elementor-type=\"wp-page\" data-elementor-id=\"4478\" class=\"elementor elementor-4478\" data-elementor-post-type=\"page\">\n\t\t\t\t<div class=\"elementor-element elementor-element-732b766f e-con-full e-flex e-con e-parent\" data-id=\"732b766f\" data-element_type=\"container\" data-e-type=\"container\" data-settings=\"{&quot;background_background&quot;:&quot;classic&quot;}\">\n\t\t\t\t<div class=\"elementor-element elementor-element-353ff20b elementor-widget elementor-widget-heading\" data-id=\"353ff20b\" data-element_type=\"widget\" data-e-type=\"widget\" data-widget_type=\"heading.default\">\n\t\t\t\t<div class=\"elementor-widget-container\">\n\t\t\t\t\t<h2 class=\"elementor-heading-title elementor-size-default\"><a href=\"https:\/\/theprogthief.de\/\"> The Prog-Thief<\/a><\/h2>\t\t\t\t<\/div>\n\t\t\t\t<\/div>\n\t\t\t\t<\/div>\n\t\t<div class=\"elementor-element elementor-element-4781e84b e-con-full e-flex e-con e-parent\" data-id=\"4781e84b\" data-element_type=\"container\" data-e-type=\"container\" data-settings=\"{&quot;background_background&quot;:&quot;classic&quot;}\">\n\t\t\t\t<div class=\"elementor-element elementor-element-7811a42 elementor-nav-menu--stretch elementor-widget__width-initial elementor-nav-menu__text-align-aside elementor-nav-menu--toggle elementor-nav-menu--burger elementor-invisible elementor-widget elementor-widget-global elementor-global-12513 elementor-widget-nav-menu\" data-id=\"7811a42\" data-element_type=\"widget\" data-e-type=\"widget\" data-settings=\"{&quot;layout&quot;:&quot;dropdown&quot;,&quot;submenu_icon&quot;:{&quot;value&quot;:&quot;fas fa-chevron-down&quot;,&quot;library&quot;:&quot;fa-solid&quot;},&quot;full_width&quot;:&quot;stretch&quot;,&quot;_animation&quot;:&quot;fadeInUp&quot;,&quot;toggle&quot;:&quot;burger&quot;}\" data-widget_type=\"nav-menu.default\">\n\t\t\t\t<div class=\"elementor-widget-container\">\n\t\t\t\t\t\t\t<div class=\"elementor-menu-toggle\" role=\"button\" tabindex=\"0\" aria-label=\"Menu Toggle\" aria-expanded=\"false\">\n\t\t\t<i aria-hidden=\"true\" role=\"presentation\" class=\"elementor-menu-toggle__icon--open eicon-menu-bar\"><\/i><i aria-hidden=\"true\" role=\"presentation\" class=\"elementor-menu-toggle__icon--close eicon-close\"><\/i>\t\t<\/div>\n\t\t\t\t\t<nav class=\"elementor-nav-menu--dropdown elementor-nav-menu__container\" aria-hidden=\"true\">\n\t\t\t\t<ul id=\"menu-2-7811a42\" class=\"elementor-nav-menu\"><li class=\"menu-item menu-item-type-post_type menu-item-object-page menu-item-home menu-item-12224\"><a href=\"https:\/\/theprogthief.de\/en\/\" class=\"elementor-item\" tabindex=\"-1\">Home<\/a><\/li>\n<li class=\"menu-item menu-item-type-post_type menu-item-object-page menu-item-24784\"><a href=\"https:\/\/theprogthief.de\/en\/ayreon-alben\/\" class=\"elementor-item\" tabindex=\"-1\">Ayreon<\/a><\/li>\n<li class=\"menu-item menu-item-type-post_type menu-item-object-page menu-item-24610\"><a href=\"https:\/\/theprogthief.de\/en\/porcupine-tree\/\" class=\"elementor-item\" tabindex=\"-1\">Porcupine Tree<\/a><\/li>\n<li class=\"menu-item menu-item-type-post_type menu-item-object-page menu-item-30976\"><a href=\"https:\/\/theprogthief.de\/en\/theatre-of-tragedy\/\" class=\"elementor-item\" tabindex=\"-1\">Theatre Of Tragedy<\/a><\/li>\n<li class=\"menu-item menu-item-type-post_type menu-item-object-page menu-item-has-children menu-item-12227\"><a rel=\"Keine\" href=\"https:\/\/theprogthief.de\/en\/rezensionen\/\" class=\"elementor-item\" tabindex=\"-1\">Rezensionen<\/a>\n<ul class=\"sub-menu elementor-nav-menu--dropdown\">\n\t<li class=\"menu-item menu-item-type-post_type menu-item-object-page menu-item-13299\"><a href=\"https:\/\/theprogthief.de\/en\/reviewsii\/\" class=\"elementor-sub-item\" tabindex=\"-1\">Reviews II<\/a><\/li>\n\t<li class=\"menu-item menu-item-type-post_type menu-item-object-page menu-item-13253\"><a href=\"https:\/\/theprogthief.de\/en\/reviews-iii\/\" class=\"elementor-sub-item\" tabindex=\"-1\">Reviews III<\/a><\/li>\n\t<li class=\"menu-item menu-item-type-post_type menu-item-object-page menu-item-20876\"><a href=\"https:\/\/theprogthief.de\/en\/reviews-iv\/\" class=\"elementor-sub-item\" tabindex=\"-1\">Reviews IV<\/a><\/li>\n\t<li class=\"menu-item menu-item-type-post_type menu-item-object-page menu-item-24240\"><a href=\"https:\/\/theprogthief.de\/en\/reviews-v\/\" class=\"elementor-sub-item\" tabindex=\"-1\">Reviews V<\/a><\/li>\n\t<li class=\"menu-item menu-item-type-post_type menu-item-object-page menu-item-24478\"><a href=\"https:\/\/theprogthief.de\/en\/rezensionen\/\" class=\"elementor-sub-item\" tabindex=\"-1\">Rezensionen A-Z<\/a><\/li>\n<\/ul>\n<\/li>\n<li class=\"menu-item menu-item-type-post_type menu-item-object-page menu-item-19217\"><a href=\"https:\/\/theprogthief.de\/en\/female-driven\/\" class=\"elementor-item\" tabindex=\"-1\">Female Driven<\/a><\/li>\n<li class=\"menu-item menu-item-type-post_type menu-item-object-page menu-item-12223\"><a href=\"https:\/\/theprogthief.de\/en\/was-ist-prog\/\" class=\"elementor-item\" tabindex=\"-1\">Was ist Prog?<\/a><\/li>\n<li class=\"menu-item menu-item-type-post_type menu-item-object-page menu-item-12222\"><a href=\"https:\/\/theprogthief.de\/en\/ueber-mich\/\" class=\"elementor-item\" tabindex=\"-1\">\u00dcber mich<\/a><\/li>\n<\/ul>\t\t\t<\/nav>\n\t\t\t\t\t\t<\/div>\n\t\t\t\t<\/div>\n\t\t\t\t<\/div>\n\t\t<div class=\"elementor-element elementor-element-2af58056 e-flex e-con-boxed e-con e-parent\" data-id=\"2af58056\" data-element_type=\"container\" data-e-type=\"container\" data-settings=\"{&quot;background_background&quot;:&quot;classic&quot;}\">\n\t\t\t\t\t<div class=\"e-con-inner\">\n\t\t<div class=\"elementor-element elementor-element-400c3a9c e-con-full e-flex e-con e-child\" data-id=\"400c3a9c\" data-element_type=\"container\" data-e-type=\"container\">\n\t\t\t\t<\/div>\n\t\t<div class=\"elementor-element elementor-element-5d1d289 e-con-full e-flex e-con e-child\" data-id=\"5d1d289\" data-element_type=\"container\" data-e-type=\"container\">\n\t\t\t\t<div class=\"elementor-element elementor-element-37b97c35 elementor-widget elementor-widget-text-editor\" data-id=\"37b97c35\" data-element_type=\"widget\" data-e-type=\"widget\" data-widget_type=\"text-editor.default\">\n\t\t\t\t<div class=\"elementor-widget-container\">\n\t\t\t\t\t\t\t\t\t<p style=\"text-align: center;\">Behind Your Fear<a href=\"https:\/\/theprogthief.de\/anthropocene-by-behind-your-fear\/\"><img decoding=\"async\" class=\"aligncenter wp-image-3349\" src=\"https:\/\/theprogthief.de\/wp-content\/uploads\/2024\/04\/ByFAFC350x.jpg\" alt=\"Frontcover LP Anthropocene von Behind Your Fear\" width=\"100\" height=\"98\" srcset=\"https:\/\/theprogthief.de\/wp-content\/uploads\/2024\/04\/ByFAFC350x.jpg 350w, https:\/\/theprogthief.de\/wp-content\/uploads\/2024\/04\/ByFAFC350x-300x294.jpg 300w, https:\/\/theprogthief.de\/wp-content\/uploads\/2024\/04\/ByFAFC350x-150x147.jpg 150w\" sizes=\"(max-width: 100px) 100vw, 100px\" \/><\/a>&#8222;Anthropocene&#8220;<\/p>\t\t\t\t\t\t\t\t<\/div>\n\t\t\t\t<\/div>\n\t\t\t\t<\/div>\n\t\t<div class=\"elementor-element elementor-element-f6b335c e-con-full e-flex e-con e-child\" data-id=\"f6b335c\" data-element_type=\"container\" data-e-type=\"container\">\n\t\t\t\t<\/div>\n\t\t\t\t\t<\/div>\n\t\t\t\t<\/div>\n\t\t<div class=\"elementor-element elementor-element-b450733 e-flex e-con-boxed e-con e-parent\" data-id=\"b450733\" data-element_type=\"container\" data-e-type=\"container\" data-settings=\"{&quot;background_background&quot;:&quot;classic&quot;}\">\n\t\t\t\t\t<div class=\"e-con-inner\">\n\t\t\t\t<div class=\"elementor-element elementor-element-42227cc6 elementor-widget elementor-widget-heading\" data-id=\"42227cc6\" data-element_type=\"widget\" data-e-type=\"widget\" data-widget_type=\"heading.default\">\n\t\t\t\t<div class=\"elementor-widget-container\">\n\t\t\t\t\t<h2 class=\"elementor-heading-title elementor-size-default\">Ophelia by Behind Your Fear<\/h2>\t\t\t\t<\/div>\n\t\t\t\t<\/div>\n\t\t\t\t\t<\/div>\n\t\t\t\t<\/div>\n\t\t<div class=\"elementor-element elementor-element-1c99c833 e-flex e-con-boxed e-con e-parent\" data-id=\"1c99c833\" data-element_type=\"container\" data-e-type=\"container\" data-settings=\"{&quot;background_background&quot;:&quot;classic&quot;}\">\n\t\t\t\t\t<div class=\"e-con-inner\">\n\t\t<div class=\"elementor-element elementor-element-781e1700 e-con-full e-flex e-con e-child\" data-id=\"781e1700\" data-element_type=\"container\" data-e-type=\"container\">\n\t\t<div class=\"elementor-element elementor-element-51327833 e-flex e-con-boxed e-con e-child\" data-id=\"51327833\" data-element_type=\"container\" data-e-type=\"container\">\n\t\t\t\t\t<div class=\"e-con-inner\">\n\t\t\t\t<div class=\"elementor-element elementor-element-1d0c6e33 elementor-widget elementor-widget-text-editor\" data-id=\"1d0c6e33\" data-element_type=\"widget\" data-e-type=\"widget\" data-widget_type=\"text-editor.default\">\n\t\t\t\t<div class=\"elementor-widget-container\">\n\t\t\t\t\t\t\t\t\t<p><a href=\"https:\/\/theprogthief.de\/wp-content\/uploads\/2024\/05\/ByFOFC1280x.jpg\"><img fetchpriority=\"high\" decoding=\"async\" class=\"aligncenter wp-image-4485 size-medium\" src=\"https:\/\/theprogthief.de\/wp-content\/uploads\/2024\/05\/ByFOFC350x-300x300.jpg\" alt=\"Ophelia LP Frontcover der Band Behind your Fear\" width=\"300\" height=\"300\" srcset=\"https:\/\/theprogthief.de\/wp-content\/uploads\/2024\/05\/ByFOFC350x-300x300.jpg 300w, https:\/\/theprogthief.de\/wp-content\/uploads\/2024\/05\/ByFOFC350x-150x150.jpg 150w, https:\/\/theprogthief.de\/wp-content\/uploads\/2024\/05\/ByFOFC350x.jpg 350w\" sizes=\"(max-width: 300px) 100vw, 300px\" \/><\/a><\/p><p>Rund um die ehemalige S\u00e4ngerin der Flowing Tears, Stefanie Duch\u00eane, sammelten sich Michael Stein (Drums), Scorpios (Bass) und T. (Gitarre) zur Gothic-Rock\/Metal Band Behind Your Fear zusammen. Mit Freude vernahm ich damals das die sch\u00f6ne Stimme Stefanies wieder auf Vinyl erscheinen w\u00fcrde, doch irgendwie gerieten ByF wieder aus meinem Fokus. Nicht weil ich Ophelia nicht mochte, ganz im Gegenteil. F\u00fcr eine &#8222;Newcomer&#8220; Band war es einfach zu still, was schade ist. Dark Ambient, Gothic-Rock\/Metal\u00a0 gibt es zu hauf, da aus der Masse herauszustechen, ist nicht einfach. Auf alle F\u00e4lle wissen die Bandmitglieder wie es geht, an der Professionalit\u00e4t und Qualit\u00e4t gibt es nichts zu r\u00fctteln. Haupterkennungsmerkmal bleibt dennoch die Stimme von Stefanie. Nicht zu hell. Melodisch. Ausdrucksstark und sauber. F\u00fcr mich perfekt f\u00fcr Gothic. Geschmackssache, ich wei\u00df.<\/p><p><a href=\"https:\/\/theprogthief.de\/wp-content\/uploads\/2024\/05\/ByFOLPA1280x.jpg\"><img decoding=\"async\" class=\"aligncenter wp-image-4487 size-medium\" src=\"https:\/\/theprogthief.de\/wp-content\/uploads\/2024\/05\/ByFOLPA350x-300x297.jpg\" alt=\"Ophelia LP\" width=\"300\" height=\"297\" srcset=\"https:\/\/theprogthief.de\/wp-content\/uploads\/2024\/05\/ByFOLPA350x-300x297.jpg 300w, https:\/\/theprogthief.de\/wp-content\/uploads\/2024\/05\/ByFOLPA350x-150x150.jpg 150w, https:\/\/theprogthief.de\/wp-content\/uploads\/2024\/05\/ByFOLPA350x.jpg 350w\" sizes=\"(max-width: 300px) 100vw, 300px\" \/><\/a><\/p><p>Was hat der Erstling denn zu bieten? Mit nur 20:23 Minuten arg kurz f\u00fcr 7 Songs, eher eine EP oder Promo-LP. Die auf alle F\u00e4lle Laune und Appetit auf mehr macht. &#8222;Violence&#8220; beginnt mit Piano, ein ruhiger Anfang, der ab 01:50 metallen in die Glieder f\u00e4hrt. Und bei 02:51 schon wieder zu Ende ist. Mein erstes Highlight ist, mit 04:12 der l\u00e4ngste Song, &#8222;Wintersun&#8220;, treibend und melodisch. &#8222;Deep Blue&#8220; beginnt sph\u00e4risch und geht in einen gef\u00e4lligen Song \u00fcber, der dann von E-Klampfe und Schlagzeug nebst Bass dominiert wird. Mein zweites Highlight. Was ist eigentlich mit &#8222;Phi&#8220;? Ist das jetzt ein L\u00fcckenf\u00fcller? Reine Promo? Verbindet es den vorherigen Song mit dem folgenden? Das ist proggig gedacht von mir, passiert leider aber nicht. Also kommen wir zu &#8222;From the North&#8220;. Highlight Nummer drei. Vielleicht zu seicht? Zu melodisch? Mag sein, mir gef\u00e4llt es. Ich kann so richtig in den Gesang eintauchen, ohne irgendwo wieder rausgeworfen zu werden. Spricht f\u00fcr die Qualit\u00e4t. Gesang und Piano dann im entsetzlich kurzem &#8222;Tine&#8217;s Walk&#8220;. Der Rauswerfer &#8222;Polaroid&#8220; ist mit 02:16 noch k\u00fcrzer. Stefanies Stimme im Vordergrund, das passt.<\/p><p>Und das war es dann auch schon. Ophelia zeigt die Richtung der Band an. Flowing Tears schwingen mit, geschuldet Stefanies Gesang. Gibt es denn etwas besonderes? Gothic gibt es wie gesagt wie Sand am Meer. Es ist diese Stimme, die gibt es nicht wie Sand am Meer. Diese Simme sorgt f\u00fcr Atmosph\u00e4re und Ausdruck. Dazu gute Musiker und es klingt wie aus einem Guss. Nirgendwo werde ich rausgeworfen. Es geht mir nicht um k\u00fcnstlerische Ecken und Kanten, die sind ok, es geht um unpassende Ecken und Kanten. Und die gibt es nicht .Geh\u00f6rt in Vinyl Black<\/p><p>Stefanie Duch\u00eane &#8211; Piano, Vocals<br \/>Michael Stein &#8211; Drums<br \/>Scorpios &#8211; Bass <br \/>T. &#8211; Guitar<\/p><p><a href=\"https:\/\/theprogthief.de\/wp-content\/uploads\/2024\/05\/ByFOBC1280x.jpg\"><img loading=\"lazy\" decoding=\"async\" class=\"aligncenter wp-image-4482 size-medium\" src=\"https:\/\/theprogthief.de\/wp-content\/uploads\/2024\/05\/ByFOBC350x-300x300.jpg\" alt=\"Ophelia LP Frontcover der Band Behind your Fear\" width=\"300\" height=\"300\" srcset=\"https:\/\/theprogthief.de\/wp-content\/uploads\/2024\/05\/ByFOBC350x-300x300.jpg 300w, https:\/\/theprogthief.de\/wp-content\/uploads\/2024\/05\/ByFOBC350x-150x150.jpg 150w, https:\/\/theprogthief.de\/wp-content\/uploads\/2024\/05\/ByFOBC350x.jpg 350w\" sizes=\"(max-width: 300px) 100vw, 300px\" \/><\/a><\/p><p>Die Fotos stammen alle von meiner LP. Die Rechte aller Motive, Logos, Texte und Schriften, die auf den Fotos zu sehen sind, liegen nat\u00fcrlich beim Rechteinhaber.<\/p><p>No AI was used in the making of this Review.<br \/>\u00a904.05.2024<\/p>\t\t\t\t\t\t\t\t<\/div>\n\t\t\t\t<\/div>\n\t\t\t\t\t<\/div>\n\t\t\t\t<\/div>\n\t\t\t\t<\/div>\n\t\t\t\t\t<\/div>\n\t\t\t\t<\/div>\n\t\t<div class=\"elementor-element elementor-element-6bf2ad89 e-flex e-con-boxed e-con e-parent\" data-id=\"6bf2ad89\" data-element_type=\"container\" data-e-type=\"container\" data-settings=\"{&quot;background_background&quot;:&quot;classic&quot;}\">\n\t\t\t\t\t<div class=\"e-con-inner\">\n\t\t\t\t<div class=\"elementor-element elementor-element-93ae13 elementor-widget elementor-widget-heading\" data-id=\"93ae13\" data-element_type=\"widget\" data-e-type=\"widget\" data-widget_type=\"heading.default\">\n\t\t\t\t<div class=\"elementor-widget-container\">\n\t\t\t\t\t<h2 class=\"elementor-heading-title elementor-size-default\">Video vom offiziellen YouTube Kanal<\/h2>\t\t\t\t<\/div>\n\t\t\t\t<\/div>\n\t\t\t\t\t<\/div>\n\t\t\t\t<\/div>\n\t\t<div class=\"elementor-element elementor-element-48ef3a3e e-flex e-con-boxed e-con e-parent\" data-id=\"48ef3a3e\" data-element_type=\"container\" data-e-type=\"container\" data-settings=\"{&quot;background_background&quot;:&quot;classic&quot;}\">\n\t\t\t\t\t<div class=\"e-con-inner\">\n\t\t<div class=\"elementor-element elementor-element-631d7af3 e-con-full e-flex e-con e-child\" data-id=\"631d7af3\" data-element_type=\"container\" data-e-type=\"container\">\n\t\t\t\t<\/div>\n\t\t<div class=\"elementor-element elementor-element-7649c2de e-con-full e-flex e-con e-child\" data-id=\"7649c2de\" data-element_type=\"container\" data-e-type=\"container\">\n\t\t\t\t<div class=\"elementor-element elementor-element-e5954f8 elementor-widget elementor-widget-video\" data-id=\"e5954f8\" data-element_type=\"widget\" data-e-type=\"widget\" data-settings=\"{&quot;youtube_url&quot;:&quot;https:\\\/\\\/youtu.be\\\/CLiYVwKNvQ4?list=RDCLiYVwKNvQ4&quot;,&quot;video_type&quot;:&quot;youtube&quot;,&quot;controls&quot;:&quot;yes&quot;}\" data-widget_type=\"video.default\">\n\t\t\t\t<div class=\"elementor-widget-container\">\n\t\t\t\t\t\t\t<div class=\"elementor-wrapper elementor-open-inline\">\n\t\t\t<div class=\"elementor-video\"><\/div>\t\t<\/div>\n\t\t\t\t\t\t<\/div>\n\t\t\t\t<\/div>\n\t\t\t\t<\/div>\n\t\t<div class=\"elementor-element elementor-element-4ab446a e-con-full e-flex e-con e-child\" data-id=\"4ab446a\" data-element_type=\"container\" data-e-type=\"container\">\n\t\t\t\t<\/div>\n\t\t\t\t\t<\/div>\n\t\t\t\t<\/div>\n\t\t<div class=\"elementor-element elementor-element-633c3aff e-flex e-con-boxed e-con e-parent\" data-id=\"633c3aff\" data-element_type=\"container\" data-e-type=\"container\" data-settings=\"{&quot;background_background&quot;:&quot;classic&quot;}\">\n\t\t\t\t\t<div class=\"e-con-inner\">\n\t\t\t\t<div class=\"elementor-element elementor-element-7953a37e elementor-widget elementor-widget-heading\" data-id=\"7953a37e\" data-element_type=\"widget\" data-e-type=\"widget\" data-widget_type=\"heading.default\">\n\t\t\t\t<div class=\"elementor-widget-container\">\n\t\t\t\t\t<h4 class=\"elementor-heading-title elementor-size-default\"><a href=\"https:\/\/www.hoeren-und-fuehlen.de\/\" target=\"_blank\">Interessiert an mehr Musik und Technik? Dann:<\/a><\/h4>\t\t\t\t<\/div>\n\t\t\t\t<\/div>\n\t\t\t\t<div class=\"elementor-element elementor-element-32c451e9 elementor-widget elementor-widget-image\" data-id=\"32c451e9\" data-element_type=\"widget\" data-e-type=\"widget\" data-widget_type=\"image.default\">\n\t\t\t\t<div class=\"elementor-widget-container\">\n\t\t\t\t\t\t\t\t\t\t\t\t\t\t\t\t<a href=\"https:\/\/www.hoeren-und-fuehlen.de\/\" target=\"_blank\">\n\t\t\t\t\t\t\t<img loading=\"lazy\" decoding=\"async\" width=\"150\" height=\"47\" src=\"https:\/\/theprogthief.de\/wp-content\/uploads\/2024\/06\/Banner-150x47.jpg\" class=\"attachment-thumbnail size-thumbnail wp-image-5580\" alt=\"\" srcset=\"https:\/\/theprogthief.de\/wp-content\/uploads\/2024\/06\/Banner-150x47.jpg 150w, https:\/\/theprogthief.de\/wp-content\/uploads\/2024\/06\/Banner-300x94.jpg 300w, https:\/\/theprogthief.de\/wp-content\/uploads\/2024\/06\/Banner.jpg 320w\" sizes=\"(max-width: 150px) 100vw, 150px\" \/>\t\t\t\t\t\t\t\t<\/a>\n\t\t\t\t\t\t\t\t\t\t\t\t\t\t\t<\/div>\n\t\t\t\t<\/div>\n\t\t\t\t\t<\/div>\n\t\t\t\t<\/div>\n\t\t<div class=\"elementor-element elementor-element-4a99fd7 e-con-full e-flex e-con e-parent\" data-id=\"4a99fd7\" data-element_type=\"container\" data-e-type=\"container\" data-settings=\"{&quot;background_background&quot;:&quot;classic&quot;}\">\n\t\t\t\t<div class=\"elementor-element elementor-element-39af96e3 elementor-widget__width-initial elementor-widget-mobile__width-initial elementor-widget elementor-widget-text-editor\" data-id=\"39af96e3\" data-element_type=\"widget\" data-e-type=\"widget\" data-widget_type=\"text-editor.default\">\n\t\t\t\t<div class=\"elementor-widget-container\">\n\t\t\t\t\t\t\t\t\t<p style=\"text-align: left;\"><span style=\"color: #000000;\"><strong><br \/><\/strong><\/span>[info@theprogthief.de]<\/p>\t\t\t\t\t\t\t\t<\/div>\n\t\t\t\t<\/div>\n\t\t\t\t<div class=\"elementor-element elementor-element-53515e3d elementor-align-center elementor-widget elementor-widget-button\" data-id=\"53515e3d\" data-element_type=\"widget\" data-e-type=\"widget\" data-widget_type=\"button.default\">\n\t\t\t\t<div class=\"elementor-widget-container\">\n\t\t\t\t\t\t\t\t\t<div class=\"elementor-button-wrapper\">\n\t\t\t\t\t<a class=\"elementor-button elementor-button-link elementor-size-sm\" href=\"https:\/\/theprogthief.de\/impressum\/\">\n\t\t\t\t\t\t<span class=\"elementor-button-content-wrapper\">\n\t\t\t\t\t\t\t\t\t<span class=\"elementor-button-text\">Impressum<\/span>\n\t\t\t\t\t<\/span>\n\t\t\t\t\t<\/a>\n\t\t\t\t<\/div>\n\t\t\t\t\t\t\t\t<\/div>\n\t\t\t\t<\/div>\n\t\t\t\t<div class=\"elementor-element elementor-element-5bd7ce8d elementor-align-center elementor-widget elementor-widget-button\" data-id=\"5bd7ce8d\" data-element_type=\"widget\" data-e-type=\"widget\" data-widget_type=\"button.default\">\n\t\t\t\t<div class=\"elementor-widget-container\">\n\t\t\t\t\t\t\t\t\t<div class=\"elementor-button-wrapper\">\n\t\t\t\t\t<a class=\"elementor-button elementor-button-link elementor-size-sm\" href=\"https:\/\/theprogthief.de\/datenschutzerklaerung\/\">\n\t\t\t\t\t\t<span class=\"elementor-button-content-wrapper\">\n\t\t\t\t\t\t\t\t\t<span class=\"elementor-button-text\">Datenschutz<\/span>\n\t\t\t\t\t<\/span>\n\t\t\t\t\t<\/a>\n\t\t\t\t<\/div>\n\t\t\t\t\t\t\t\t<\/div>\n\t\t\t\t<\/div>\n\t\t\t\t<div class=\"elementor-element elementor-element-1100082a elementor-align-center elementor-widget elementor-widget-button\" data-id=\"1100082a\" data-element_type=\"widget\" data-e-type=\"widget\" data-widget_type=\"button.default\">\n\t\t\t\t<div class=\"elementor-widget-container\">\n\t\t\t\t\t\t\t\t\t<div class=\"elementor-button-wrapper\">\n\t\t\t\t\t<a class=\"elementor-button elementor-button-link elementor-size-sm\" href=\"https:\/\/theprogthief.de\/gender-hinweis\/\">\n\t\t\t\t\t\t<span class=\"elementor-button-content-wrapper\">\n\t\t\t\t\t\t\t\t\t<span class=\"elementor-button-text\">Gender-Hinweis<\/span>\n\t\t\t\t\t<\/span>\n\t\t\t\t\t<\/a>\n\t\t\t\t<\/div>\n\t\t\t\t\t\t\t\t<\/div>\n\t\t\t\t<\/div>\n\t\t\t\t<\/div>\n\t\t\t\t<\/div>\n\t\t","protected":false},"excerpt":{"rendered":"<p>Review Ophelia. Goth-Rock-Metal. Germany. Vinyl. 2018. Debut Album.<\/p>","protected":false},"author":1,"featured_media":4485,"parent":0,"menu_order":0,"comment_status":"closed","ping_status":"closed","template":"","meta":{"ocean_post_layout":"full-screen","ocean_both_sidebars_style":"","ocean_both_sidebars_content_width":0,"ocean_both_sidebars_sidebars_width":0,"ocean_sidebar":"","ocean_second_sidebar":"","ocean_disable_margins":"enable","ocean_add_body_class":"","ocean_shortcode_before_top_bar":"","ocean_shortcode_after_top_bar":"","ocean_shortcode_before_header":"","ocean_shortcode_after_header":"","ocean_has_shortcode":"","ocean_shortcode_after_title":"","ocean_shortcode_before_footer_widgets":"","ocean_shortcode_after_footer_widgets":"","ocean_shortcode_before_footer_bottom":"","ocean_shortcode_after_footer_bottom":"","ocean_display_top_bar":"off","ocean_display_header":"off","ocean_header_style":"","ocean_center_header_left_menu":"","ocean_custom_header_template":"","ocean_custom_logo":0,"ocean_custom_retina_logo":0,"ocean_custom_logo_max_width":0,"ocean_custom_logo_tablet_max_width":0,"ocean_custom_logo_mobile_max_width":0,"ocean_custom_logo_max_height":0,"ocean_custom_logo_tablet_max_height":0,"ocean_custom_logo_mobile_max_height":0,"ocean_header_custom_menu":"","ocean_menu_typo_font_family":"","ocean_menu_typo_font_subset":"","ocean_menu_typo_font_size":0,"ocean_menu_typo_font_size_tablet":0,"ocean_menu_typo_font_size_mobile":0,"ocean_menu_typo_font_size_unit":"px","ocean_menu_typo_font_weight":"","ocean_menu_typo_font_weight_tablet":"","ocean_menu_typo_font_weight_mobile":"","ocean_menu_typo_transform":"","ocean_menu_typo_transform_tablet":"","ocean_menu_typo_transform_mobile":"","ocean_menu_typo_line_height":0,"ocean_menu_typo_line_height_tablet":0,"ocean_menu_typo_line_height_mobile":0,"ocean_menu_typo_line_height_unit":"","ocean_menu_typo_spacing":0,"ocean_menu_typo_spacing_tablet":0,"ocean_menu_typo_spacing_mobile":0,"ocean_menu_typo_spacing_unit":"","ocean_menu_link_color":"","ocean_menu_link_color_hover":"","ocean_menu_link_color_active":"","ocean_menu_link_background":"","ocean_menu_link_hover_background":"","ocean_menu_link_active_background":"","ocean_menu_social_links_bg":"","ocean_menu_social_hover_links_bg":"","ocean_menu_social_links_color":"","ocean_menu_social_hover_links_color":"","ocean_disable_title":"on","ocean_disable_heading":"default","ocean_post_title":"","ocean_post_subheading":"","ocean_post_title_style":"","ocean_post_title_background_color":"","ocean_post_title_background":0,"ocean_post_title_bg_image_position":"","ocean_post_title_bg_image_attachment":"","ocean_post_title_bg_image_repeat":"","ocean_post_title_bg_image_size":"","ocean_post_title_height":0,"ocean_post_title_bg_overlay":0.5,"ocean_post_title_bg_overlay_color":"","ocean_disable_breadcrumbs":"default","ocean_breadcrumbs_color":"","ocean_breadcrumbs_separator_color":"","ocean_breadcrumbs_links_color":"","ocean_breadcrumbs_links_hover_color":"","ocean_display_footer_widgets":"off","ocean_display_footer_bottom":"off","ocean_custom_footer_template":"","footnotes":""},"class_list":["post-4478","page","type-page","status-publish","has-post-thumbnail","hentry","entry","has-media"],"_links":{"self":[{"href":"https:\/\/theprogthief.de\/en\/wp-json\/wp\/v2\/pages\/4478","targetHints":{"allow":["GET"]}}],"collection":[{"href":"https:\/\/theprogthief.de\/en\/wp-json\/wp\/v2\/pages"}],"about":[{"href":"https:\/\/theprogthief.de\/en\/wp-json\/wp\/v2\/types\/page"}],"author":[{"embeddable":true,"href":"https:\/\/theprogthief.de\/en\/wp-json\/wp\/v2\/users\/1"}],"replies":[{"embeddable":true,"href":"https:\/\/theprogthief.de\/en\/wp-json\/wp\/v2\/comments?post=4478"}],"version-history":[{"count":10,"href":"https:\/\/theprogthief.de\/en\/wp-json\/wp\/v2\/pages\/4478\/revisions"}],"predecessor-version":[{"id":31608,"href":"https:\/\/theprogthief.de\/en\/wp-json\/wp\/v2\/pages\/4478\/revisions\/31608"}],"wp:featuredmedia":[{"embeddable":true,"href":"https:\/\/theprogthief.de\/en\/wp-json\/wp\/v2\/media\/4485"}],"wp:attachment":[{"href":"https:\/\/theprogthief.de\/en\/wp-json\/wp\/v2\/media?parent=4478"}],"curies":[{"name":"wp","href":"https:\/\/api.w.org\/{rel}","templated":true}]}}