{"id":5747,"date":"2024-06-16T16:21:27","date_gmt":"2024-06-16T14:21:27","guid":{"rendered":"https:\/\/theprogthief.de\/?page_id=5747"},"modified":"2026-04-01T01:43:52","modified_gmt":"2026-03-31T23:43:52","slug":"intourist-by-refestramus","status":"publish","type":"page","link":"https:\/\/theprogthief.de\/en\/intourist-by-refestramus\/","title":{"rendered":"Intourist by Refestramus"},"content":{"rendered":"\t\t<div data-elementor-type=\"wp-page\" data-elementor-id=\"5747\" class=\"elementor elementor-5747\" data-elementor-post-type=\"page\">\n\t\t\t\t<div class=\"elementor-element elementor-element-9170d3a e-con-full e-flex e-con e-parent\" data-id=\"9170d3a\" data-element_type=\"container\" data-e-type=\"container\" data-settings=\"{&quot;background_background&quot;:&quot;classic&quot;}\">\n\t\t\t\t<div class=\"elementor-element elementor-element-7d2e0949 elementor-widget-mobile__width-inherit elementor-widget elementor-widget-heading\" data-id=\"7d2e0949\" data-element_type=\"widget\" data-e-type=\"widget\" data-widget_type=\"heading.default\">\n\t\t\t\t<div class=\"elementor-widget-container\">\n\t\t\t\t\t<h2 class=\"elementor-heading-title elementor-size-default\"><a href=\"https:\/\/theprogthief.de\"> The Prog-Thief<\/a><\/h2>\t\t\t\t<\/div>\n\t\t\t\t<\/div>\n\t\t\t\t<\/div>\n\t\t<div class=\"elementor-element elementor-element-1e81551c e-con-full e-flex e-con e-parent\" data-id=\"1e81551c\" data-element_type=\"container\" data-e-type=\"container\" data-settings=\"{&quot;background_background&quot;:&quot;classic&quot;}\">\n\t\t\t\t<div class=\"elementor-element elementor-element-e256733 elementor-nav-menu--stretch elementor-widget__width-initial elementor-nav-menu__text-align-aside elementor-nav-menu--toggle elementor-nav-menu--burger elementor-invisible elementor-widget elementor-widget-global elementor-global-12513 elementor-widget-nav-menu\" data-id=\"e256733\" data-element_type=\"widget\" data-e-type=\"widget\" data-settings=\"{&quot;layout&quot;:&quot;dropdown&quot;,&quot;submenu_icon&quot;:{&quot;value&quot;:&quot;fas fa-chevron-down&quot;,&quot;library&quot;:&quot;fa-solid&quot;},&quot;full_width&quot;:&quot;stretch&quot;,&quot;_animation&quot;:&quot;fadeInUp&quot;,&quot;toggle&quot;:&quot;burger&quot;}\" data-widget_type=\"nav-menu.default\">\n\t\t\t\t<div class=\"elementor-widget-container\">\n\t\t\t\t\t\t\t<div class=\"elementor-menu-toggle\" role=\"button\" tabindex=\"0\" aria-label=\"Menu Toggle\" aria-expanded=\"false\">\n\t\t\t<i aria-hidden=\"true\" role=\"presentation\" class=\"elementor-menu-toggle__icon--open eicon-menu-bar\"><\/i><i aria-hidden=\"true\" role=\"presentation\" class=\"elementor-menu-toggle__icon--close eicon-close\"><\/i>\t\t<\/div>\n\t\t\t\t\t<nav class=\"elementor-nav-menu--dropdown elementor-nav-menu__container\" aria-hidden=\"true\">\n\t\t\t\t<ul id=\"menu-2-e256733\" class=\"elementor-nav-menu\"><li class=\"menu-item menu-item-type-post_type menu-item-object-page menu-item-home menu-item-12224\"><a href=\"https:\/\/theprogthief.de\/en\/\" class=\"elementor-item\" tabindex=\"-1\">Home<\/a><\/li>\n<li class=\"menu-item menu-item-type-post_type menu-item-object-page menu-item-24784\"><a href=\"https:\/\/theprogthief.de\/en\/ayreon-alben\/\" class=\"elementor-item\" tabindex=\"-1\">Ayreon<\/a><\/li>\n<li class=\"menu-item menu-item-type-post_type menu-item-object-page menu-item-24610\"><a href=\"https:\/\/theprogthief.de\/en\/porcupine-tree\/\" class=\"elementor-item\" tabindex=\"-1\">Porcupine Tree<\/a><\/li>\n<li class=\"menu-item menu-item-type-post_type menu-item-object-page menu-item-30976\"><a href=\"https:\/\/theprogthief.de\/en\/theatre-of-tragedy\/\" class=\"elementor-item\" tabindex=\"-1\">Theatre Of Tragedy<\/a><\/li>\n<li class=\"menu-item menu-item-type-post_type menu-item-object-page menu-item-has-children menu-item-12227\"><a rel=\"Keine\" href=\"https:\/\/theprogthief.de\/en\/rezensionen\/\" class=\"elementor-item\" tabindex=\"-1\">Rezensionen<\/a>\n<ul class=\"sub-menu elementor-nav-menu--dropdown\">\n\t<li class=\"menu-item menu-item-type-post_type menu-item-object-page menu-item-13299\"><a href=\"https:\/\/theprogthief.de\/en\/reviewsii\/\" class=\"elementor-sub-item\" tabindex=\"-1\">Reviews II<\/a><\/li>\n\t<li class=\"menu-item menu-item-type-post_type menu-item-object-page menu-item-13253\"><a href=\"https:\/\/theprogthief.de\/en\/reviews-iii\/\" class=\"elementor-sub-item\" tabindex=\"-1\">Reviews III<\/a><\/li>\n\t<li class=\"menu-item menu-item-type-post_type menu-item-object-page menu-item-20876\"><a href=\"https:\/\/theprogthief.de\/en\/reviews-iv\/\" class=\"elementor-sub-item\" tabindex=\"-1\">Reviews IV<\/a><\/li>\n\t<li class=\"menu-item menu-item-type-post_type menu-item-object-page menu-item-24240\"><a href=\"https:\/\/theprogthief.de\/en\/reviews-v\/\" class=\"elementor-sub-item\" tabindex=\"-1\">Reviews V<\/a><\/li>\n\t<li class=\"menu-item menu-item-type-post_type menu-item-object-page menu-item-24478\"><a href=\"https:\/\/theprogthief.de\/en\/rezensionen\/\" class=\"elementor-sub-item\" tabindex=\"-1\">Rezensionen A-Z<\/a><\/li>\n<\/ul>\n<\/li>\n<li class=\"menu-item menu-item-type-post_type menu-item-object-page menu-item-19217\"><a href=\"https:\/\/theprogthief.de\/en\/female-driven\/\" class=\"elementor-item\" tabindex=\"-1\">Female Driven<\/a><\/li>\n<li class=\"menu-item menu-item-type-post_type menu-item-object-page menu-item-12223\"><a href=\"https:\/\/theprogthief.de\/en\/was-ist-prog\/\" class=\"elementor-item\" tabindex=\"-1\">Was ist Prog?<\/a><\/li>\n<li class=\"menu-item menu-item-type-post_type menu-item-object-page menu-item-12222\"><a href=\"https:\/\/theprogthief.de\/en\/ueber-mich\/\" class=\"elementor-item\" tabindex=\"-1\">\u00dcber mich<\/a><\/li>\n<\/ul>\t\t\t<\/nav>\n\t\t\t\t\t\t<\/div>\n\t\t\t\t<\/div>\n\t\t\t\t<\/div>\n\t\t<div class=\"elementor-element elementor-element-41e55ba8 e-flex e-con-boxed e-con e-parent\" data-id=\"41e55ba8\" data-element_type=\"container\" data-e-type=\"container\" data-settings=\"{&quot;background_background&quot;:&quot;classic&quot;}\">\n\t\t\t\t\t<div class=\"e-con-inner\">\n\t\t\t\t<div class=\"elementor-element elementor-element-4d849e8 elementor-widget elementor-widget-heading\" data-id=\"4d849e8\" data-element_type=\"widget\" data-e-type=\"widget\" data-widget_type=\"heading.default\">\n\t\t\t\t<div class=\"elementor-widget-container\">\n\t\t\t\t\t<h2 class=\"elementor-heading-title elementor-size-default\">Intourist by Refestramus<\/h2>\t\t\t\t<\/div>\n\t\t\t\t<\/div>\n\t\t\t\t\t<\/div>\n\t\t\t\t<\/div>\n\t\t<div class=\"elementor-element elementor-element-167ffac4 e-flex e-con-boxed e-con e-parent\" data-id=\"167ffac4\" data-element_type=\"container\" data-e-type=\"container\" data-settings=\"{&quot;background_background&quot;:&quot;classic&quot;}\">\n\t\t\t\t\t<div class=\"e-con-inner\">\n\t\t<div class=\"elementor-element elementor-element-71419b7f e-con-full e-flex e-con e-child\" data-id=\"71419b7f\" data-element_type=\"container\" data-e-type=\"container\">\n\t\t<div class=\"elementor-element elementor-element-3deeb1d2 e-flex e-con-boxed e-con e-child\" data-id=\"3deeb1d2\" data-element_type=\"container\" data-e-type=\"container\">\n\t\t\t\t\t<div class=\"e-con-inner\">\n\t\t\t\t<div class=\"elementor-element elementor-element-7f9ccd6 elementor-widget elementor-widget-text-editor\" data-id=\"7f9ccd6\" data-element_type=\"widget\" data-e-type=\"widget\" data-widget_type=\"text-editor.default\">\n\t\t\t\t<div class=\"elementor-widget-container\">\n\t\t\t\t\t\t\t\t\t<p><a href=\"https:\/\/theprogthief.de\/wp-content\/uploads\/2024\/06\/RIFC1280x.jpg\"><img fetchpriority=\"high\" decoding=\"async\" class=\"aligncenter wp-image-5606 size-medium\" src=\"https:\/\/theprogthief.de\/wp-content\/uploads\/2024\/06\/RIFC350x-300x273.jpg\" alt=\"CD Frontcover Intourist von Refestramus.\" width=\"300\" height=\"273\" srcset=\"https:\/\/theprogthief.de\/wp-content\/uploads\/2024\/06\/RIFC350x-300x273.jpg 300w, https:\/\/theprogthief.de\/wp-content\/uploads\/2024\/06\/RIFC350x-150x136.jpg 150w, https:\/\/theprogthief.de\/wp-content\/uploads\/2024\/06\/RIFC350x.jpg 350w\" sizes=\"(max-width: 300px) 100vw, 300px\" \/><\/a><\/p><p><a href=\"https:\/\/refestramus.com\/\" target=\"_blank\" rel=\"noopener\"><span style=\"text-decoration: underline;\">Refestramus<\/span><\/a><br \/>&#8222;Intourist&#8220;<br \/>CD, Digipack. 2024. Vintage Rock, Prog.<\/p><p>2024 ver\u00f6ffentlichte Derek Ferguson mit seiner Band Refestramus das Album &#8222;Intourist&#8220;. Vintage Prog der angenehmen Art schl\u00e4gt einen ins Gesicht. Etwas mit der Nase r\u00fcmpfend und nach einem roten Faden suchend frage ich mich: Prog aus den USA? Geht das? Klar geht das!<\/p><p>Das Artwork der mir zur Verf\u00fcgung gestellten CD ist farbenfroh und erinnert mich an SciFi Cover und Bilder aus den 60\/70er Jahren. Vintage und ich mag das. Die Musik empfinde ich als von 70\/80er Jahre inspipirierten Prog-Rock. Ausgepr\u00e4gte Frickel Orgien gibt es hier nur im Ansatz.\u00a0 Der rote Faden ist nicht konsistent, dennoch vorhanden.\u00a0<\/p><p><a href=\"https:\/\/theprogthief.de\/wp-content\/uploads\/2024\/06\/RIBC1280x.jpg\"><img decoding=\"async\" class=\"aligncenter wp-image-5600 size-medium\" src=\"https:\/\/theprogthief.de\/wp-content\/uploads\/2024\/06\/RIBC350x-300x272.jpg\" alt=\"R\u00fcckseite Album Intourist von Refestramus\" width=\"300\" height=\"272\" srcset=\"https:\/\/theprogthief.de\/wp-content\/uploads\/2024\/06\/RIBC350x-300x272.jpg 300w, https:\/\/theprogthief.de\/wp-content\/uploads\/2024\/06\/RIBC350x-150x136.jpg 150w, https:\/\/theprogthief.de\/wp-content\/uploads\/2024\/06\/RIBC350x.jpg 350w\" sizes=\"(max-width: 300px) 100vw, 300px\" \/><\/a><\/p><p>11 Songs, wobei die ersten 8 das Hauptwerk bilden. &#8222;DMK&#8220; f\u00e4ngt klassisch proggig an, geht \u00fcber in 70er Hard-Rock. Grundthema ist eine dystopische Endzeit. Wobei der Protagonist DMK sich in der verfallenen Hollywood Bowl wiederfindet und in unserer Vorstellung die Zombies mit Rock Musik zur\u00fcckdr\u00e4ngt. Inspiriert vom Zombie Film &#8222;Night of the Comet&#8220;.<br \/>&#8222;Asunci\u00f3n&#8220; ist eine Hommage an die Stadt. Andere Bands sind &#8222;Big in Japan&#8220;, Refestramus in Paraguay.<br \/>&#8222;The Devils Return&#8220; beschreibt den inneren Kampf und die Transformation des Protagonisten, der ausgel\u00f6st durch Religion, mit Schuld und Bu\u00dfe daherkommt.<br \/>Mit &#8222;Intourist&#8220; kommt der namensgebende dreiteilige Titel Song daher, mit 11:30 auch der l\u00e4ngste Track. Inspiriert vom russischen Spielzeug &#8222;Nevalyashka&#8220; geht um die F\u00e4higkeit, immer wieder aufzustehen, auch wenn man immer wieder runter gedr\u00fcckt wird. Widerstand. <br \/>Part II, &#8222;Agent M vs. The Sex Lizards&#8220;, inspiriert von einem evangelischen Fernsehsender, in der ein bizarrer d\u00e4monischer au\u00dferirdischer Gargoyle dargestellt wurde. Es geht eigentlich um Versuchung und dem inneren Konflikt darum.<br \/>Part III, &#8222;Zombie Love&#8220; betrachtet eine Zombie Romance, die fort besteht vor dem Hintergrund der Probleme mit der Unsterblichkeit.<br \/>Song 5,&#8220;Mr. Darwin&#8220;, reflektiert risikorbereites Verhalten und die Konsequenzen auf humorvolle Weise.<br \/>In &#8222;Side Hustle&#8220; finden wir absichtlich Genderneutrale Sprache. Es geht um Anziehung und Versuchung am Arbeitsplatz. Jethro Tull l\u00e4sst musikalisch Gr\u00fc\u00dfen.<\/p><p><a href=\"https:\/\/theprogthief.de\/wp-content\/uploads\/2024\/06\/RIICW1280x.jpg\"><img decoding=\"async\" class=\"aligncenter wp-image-5612 size-medium\" src=\"https:\/\/theprogthief.de\/wp-content\/uploads\/2024\/06\/RIICW350x-300x89.jpg\" alt=\"Innencover des Albums Intourist von Refestramus\" width=\"300\" height=\"89\" srcset=\"https:\/\/theprogthief.de\/wp-content\/uploads\/2024\/06\/RIICW350x-300x89.jpg 300w, https:\/\/theprogthief.de\/wp-content\/uploads\/2024\/06\/RIICW350x-150x45.jpg 150w, https:\/\/theprogthief.de\/wp-content\/uploads\/2024\/06\/RIICW350x.jpg 350w\" sizes=\"(max-width: 300px) 100vw, 300px\" \/><\/a><br \/>Song 7, &#8222;The Red Apple&#8220;, beschreibt zur\u00fcckgewiesene Liebe und Sehnsucht, basierend auf einer Story von Maxim Gorki.<br \/>&#8222;Smiling&#8220; ist ein Song der sich mit unseren soziologischen Masken befasst, des einen versteckte Traurigkeit gew\u00e4hrt des anderen Gl\u00fccklichkeit.<br \/>&#8222;Mr. Skin&#8220; ist eine Hommage an die unbekannte Band Spirit. Dieser Song, ebenso Song 10 und 11, sind nur auf der CD enthalten. <br \/>Song 10 ist eine akustische Versione von &#8222;The Red Apple&#8220; und Song 11 eine spanische Version von &#8222;Asunci\u00f3n&#8220;.<\/p><p><a href=\"https:\/\/theprogthief.de\/wp-content\/uploads\/2024\/06\/RICD1280x.jpg\"><img loading=\"lazy\" decoding=\"async\" class=\"aligncenter wp-image-5602 size-medium\" src=\"https:\/\/theprogthief.de\/wp-content\/uploads\/2024\/06\/RICD350x-300x283.jpg\" alt=\"CD Intourist von Refestramus\" width=\"300\" height=\"283\" srcset=\"https:\/\/theprogthief.de\/wp-content\/uploads\/2024\/06\/RICD350x-300x283.jpg 300w, https:\/\/theprogthief.de\/wp-content\/uploads\/2024\/06\/RICD350x-150x141.jpg 150w, https:\/\/theprogthief.de\/wp-content\/uploads\/2024\/06\/RICD350x.jpg 350w\" sizes=\"(max-width: 300px) 100vw, 300px\" \/><\/a><br \/>Ein Fazit. Ist das wirklich Prog im altem Sinne? Nein. Ist so eine Art Neo-Prog? Nein. Aber es ist Prog? Ja, also teilweise. Es gibt ein Konzept, immer wieder aufstehen, gegenl\u00e4ufige Emotionen, die Menschen bremsen. Gefangen zwischen &#8222;Schuld&#8220; und &#8222;S\u00fchne&#8220;. teils surreal. Die Musik mischt alle m\u00f6glichen Spielarten von Rock, beh\u00e4lt seinen Vintage Charme aber bei. In meinen Ohren klingt die Musik, trotz Zombie Apokalypse, hell, fast schon fr\u00f6hlich. Butter bei die Fische: &#8222;DMK&#8220;, &#8222;The Devils Return&#8220;, &#8222;Intourist Suite&#8220; sind meine Highlights. Die Mischung des Albums ist nicht ganz so meins (musikalisch). Aber immer noch interessant genug, das Album auch durchlaufen zu lassen. Also eher Daumen hoch. An der Qualit\u00e4t der Produktion und der Musiker gibt es nichts auszusetzen. Die CD ist makellos und das Design ansprechend, der Druck ist sauber (das kennen wir auch anders).<\/p><div class=\"wp-block-image\"><a href=\"https:\/\/theprogthief.de\/wp-content\/uploads\/2024\/06\/RICOx1280.jpg\"><img loading=\"lazy\" decoding=\"async\" class=\"aligncenter wp-image-5604 size-medium\" src=\"https:\/\/theprogthief.de\/wp-content\/uploads\/2024\/06\/RICOx350-300x89.jpg\" alt=\"Aufgeklappte Vorderseite der CD Intourist von Refestramus.\" width=\"300\" height=\"89\" data-warning=\"Missing alt text\" srcset=\"https:\/\/theprogthief.de\/wp-content\/uploads\/2024\/06\/RICOx350-300x89.jpg 300w, https:\/\/theprogthief.de\/wp-content\/uploads\/2024\/06\/RICOx350-150x45.jpg 150w, https:\/\/theprogthief.de\/wp-content\/uploads\/2024\/06\/RICOx350.jpg 350w\" sizes=\"(max-width: 300px) 100vw, 300px\" \/><\/a><\/div><div>\u00a0<\/div><div>Die Fotos stammen alle von meiner CD. Die Rechte aller Motive, Logos, Texte und Schriften, die auf den Fotos zu sehen sind, liegen nat\u00fcrlich beim Rechteinhaber.<br \/><br \/>No AI was used in the making of this Review.<br \/>\u00a916.06.2024<\/div>\t\t\t\t\t\t\t\t<\/div>\n\t\t\t\t<\/div>\n\t\t\t\t\t<\/div>\n\t\t\t\t<\/div>\n\t\t\t\t<\/div>\n\t\t\t\t\t<\/div>\n\t\t\t\t<\/div>\n\t\t<div class=\"elementor-element elementor-element-140afba7 e-flex e-con-boxed e-con e-parent\" data-id=\"140afba7\" data-element_type=\"container\" data-e-type=\"container\" data-settings=\"{&quot;background_background&quot;:&quot;classic&quot;}\">\n\t\t\t\t\t<div class=\"e-con-inner\">\n\t\t<div class=\"elementor-element elementor-element-78fd8295 e-con-full e-flex e-con e-child\" data-id=\"78fd8295\" data-element_type=\"container\" data-e-type=\"container\">\n\t\t\t\t<div class=\"elementor-element elementor-element-73df4915 elementor-widget elementor-widget-video\" data-id=\"73df4915\" data-element_type=\"widget\" data-e-type=\"widget\" data-settings=\"{&quot;youtube_url&quot;:&quot;https:\\\/\\\/youtu.be\\\/VJ1EIIUFH8E?list=OLAK5uy_miZQS0Nvnq0LmG8SV44AqxkilH00sxgec&quot;,&quot;video_type&quot;:&quot;youtube&quot;,&quot;controls&quot;:&quot;yes&quot;}\" data-widget_type=\"video.default\">\n\t\t\t\t<div class=\"elementor-widget-container\">\n\t\t\t\t\t\t\t<div class=\"elementor-wrapper elementor-open-inline\">\n\t\t\t<div class=\"elementor-video\"><\/div>\t\t<\/div>\n\t\t\t\t\t\t<\/div>\n\t\t\t\t<\/div>\n\t\t\t\t<\/div>\n\t\t<div class=\"elementor-element elementor-element-2197fb5 e-con-full e-flex e-con e-child\" data-id=\"2197fb5\" data-element_type=\"container\" data-e-type=\"container\">\n\t\t\t\t<div class=\"elementor-element elementor-element-7425da28 elementor-widget elementor-widget-video\" data-id=\"7425da28\" data-element_type=\"widget\" data-e-type=\"widget\" data-settings=\"{&quot;youtube_url&quot;:&quot;https:\\\/\\\/youtu.be\\\/nf3rzsTSn68?list=OLAK5uy_miZQS0Nvnq0LmG8SV44AqxkilH00sxgec&quot;,&quot;video_type&quot;:&quot;youtube&quot;,&quot;controls&quot;:&quot;yes&quot;}\" data-widget_type=\"video.default\">\n\t\t\t\t<div class=\"elementor-widget-container\">\n\t\t\t\t\t\t\t<div class=\"elementor-wrapper elementor-open-inline\">\n\t\t\t<div class=\"elementor-video\"><\/div>\t\t<\/div>\n\t\t\t\t\t\t<\/div>\n\t\t\t\t<\/div>\n\t\t\t\t<\/div>\n\t\t<div class=\"elementor-element elementor-element-bfa3e7a e-con-full e-flex e-con e-child\" data-id=\"bfa3e7a\" data-element_type=\"container\" data-e-type=\"container\">\n\t\t\t\t<div class=\"elementor-element elementor-element-7f809c1c elementor-widget elementor-widget-video\" data-id=\"7f809c1c\" data-element_type=\"widget\" data-e-type=\"widget\" data-settings=\"{&quot;youtube_url&quot;:&quot;https:\\\/\\\/youtu.be\\\/JGHMUUumOWQ?list=OLAK5uy_miZQS0Nvnq0LmG8SV44AqxkilH00sxgec&quot;,&quot;video_type&quot;:&quot;youtube&quot;,&quot;controls&quot;:&quot;yes&quot;}\" data-widget_type=\"video.default\">\n\t\t\t\t<div class=\"elementor-widget-container\">\n\t\t\t\t\t\t\t<div class=\"elementor-wrapper elementor-open-inline\">\n\t\t\t<div class=\"elementor-video\"><\/div>\t\t<\/div>\n\t\t\t\t\t\t<\/div>\n\t\t\t\t<\/div>\n\t\t\t\t<\/div>\n\t\t\t\t\t<\/div>\n\t\t\t\t<\/div>\n\t\t<div class=\"elementor-element elementor-element-5a3abd16 e-flex e-con-boxed e-con e-parent\" data-id=\"5a3abd16\" data-element_type=\"container\" data-e-type=\"container\" data-settings=\"{&quot;background_background&quot;:&quot;classic&quot;}\">\n\t\t\t\t\t<div class=\"e-con-inner\">\n\t\t\t\t<div class=\"elementor-element elementor-element-1d90d0ef elementor-widget elementor-widget-heading\" data-id=\"1d90d0ef\" data-element_type=\"widget\" data-e-type=\"widget\" data-widget_type=\"heading.default\">\n\t\t\t\t<div class=\"elementor-widget-container\">\n\t\t\t\t\t<h4 class=\"elementor-heading-title elementor-size-default\"><a href=\"https:\/\/www.hoeren-und-fuehlen.de\/\" target=\"_blank\">Interessiert an mehr Musik und Technik? Dann:<\/a><\/h4>\t\t\t\t<\/div>\n\t\t\t\t<\/div>\n\t\t\t\t<div class=\"elementor-element elementor-element-f82721e elementor-widget elementor-widget-image\" data-id=\"f82721e\" data-element_type=\"widget\" data-e-type=\"widget\" data-widget_type=\"image.default\">\n\t\t\t\t<div class=\"elementor-widget-container\">\n\t\t\t\t\t\t\t\t\t\t\t\t\t\t\t\t<a href=\"https:\/\/www.hoeren-und-fuehlen.de\/\" target=\"_blank\">\n\t\t\t\t\t\t\t<img loading=\"lazy\" decoding=\"async\" width=\"150\" height=\"47\" src=\"https:\/\/theprogthief.de\/wp-content\/uploads\/2024\/06\/Banner-150x47.jpg\" class=\"attachment-thumbnail size-thumbnail wp-image-5580\" alt=\"\" srcset=\"https:\/\/theprogthief.de\/wp-content\/uploads\/2024\/06\/Banner-150x47.jpg 150w, https:\/\/theprogthief.de\/wp-content\/uploads\/2024\/06\/Banner-300x94.jpg 300w, https:\/\/theprogthief.de\/wp-content\/uploads\/2024\/06\/Banner.jpg 320w\" sizes=\"(max-width: 150px) 100vw, 150px\" \/>\t\t\t\t\t\t\t\t<\/a>\n\t\t\t\t\t\t\t\t\t\t\t\t\t\t\t<\/div>\n\t\t\t\t<\/div>\n\t\t\t\t\t<\/div>\n\t\t\t\t<\/div>\n\t\t<div class=\"elementor-element elementor-element-2d3aa755 e-con-full e-flex e-con e-parent\" data-id=\"2d3aa755\" data-element_type=\"container\" data-e-type=\"container\" data-settings=\"{&quot;background_background&quot;:&quot;classic&quot;}\">\n\t\t\t\t<div class=\"elementor-element elementor-element-4572c3eb elementor-widget__width-initial elementor-widget-mobile__width-initial elementor-widget elementor-widget-text-editor\" data-id=\"4572c3eb\" data-element_type=\"widget\" data-e-type=\"widget\" data-widget_type=\"text-editor.default\">\n\t\t\t\t<div class=\"elementor-widget-container\">\n\t\t\t\t\t\t\t\t\t<p style=\"text-align: left;\"><span style=\"color: #000000;\"><strong>J. Specht<br \/><\/strong><\/span>[info@theprogthief.de]<\/p>\t\t\t\t\t\t\t\t<\/div>\n\t\t\t\t<\/div>\n\t\t\t\t<div class=\"elementor-element elementor-element-3b17a4c3 elementor-align-center elementor-widget elementor-widget-button\" data-id=\"3b17a4c3\" data-element_type=\"widget\" data-e-type=\"widget\" data-widget_type=\"button.default\">\n\t\t\t\t<div class=\"elementor-widget-container\">\n\t\t\t\t\t\t\t\t\t<div class=\"elementor-button-wrapper\">\n\t\t\t\t\t<a class=\"elementor-button elementor-button-link elementor-size-sm\" href=\"https:\/\/theprogthief.de\/impressum\/\">\n\t\t\t\t\t\t<span class=\"elementor-button-content-wrapper\">\n\t\t\t\t\t\t\t\t\t<span class=\"elementor-button-text\">Impressum<\/span>\n\t\t\t\t\t<\/span>\n\t\t\t\t\t<\/a>\n\t\t\t\t<\/div>\n\t\t\t\t\t\t\t\t<\/div>\n\t\t\t\t<\/div>\n\t\t\t\t<div class=\"elementor-element elementor-element-5108c8f6 elementor-align-center elementor-widget elementor-widget-button\" data-id=\"5108c8f6\" data-element_type=\"widget\" data-e-type=\"widget\" data-widget_type=\"button.default\">\n\t\t\t\t<div class=\"elementor-widget-container\">\n\t\t\t\t\t\t\t\t\t<div class=\"elementor-button-wrapper\">\n\t\t\t\t\t<a class=\"elementor-button elementor-button-link elementor-size-sm\" href=\"https:\/\/theprogthief.de\/datenschutzerklaerung\/\">\n\t\t\t\t\t\t<span class=\"elementor-button-content-wrapper\">\n\t\t\t\t\t\t\t\t\t<span class=\"elementor-button-text\">Datenschutz<\/span>\n\t\t\t\t\t<\/span>\n\t\t\t\t\t<\/a>\n\t\t\t\t<\/div>\n\t\t\t\t\t\t\t\t<\/div>\n\t\t\t\t<\/div>\n\t\t\t\t<div class=\"elementor-element elementor-element-62ee0941 elementor-align-center elementor-widget elementor-widget-button\" data-id=\"62ee0941\" data-element_type=\"widget\" data-e-type=\"widget\" data-widget_type=\"button.default\">\n\t\t\t\t<div class=\"elementor-widget-container\">\n\t\t\t\t\t\t\t\t\t<div class=\"elementor-button-wrapper\">\n\t\t\t\t\t<a class=\"elementor-button elementor-button-link elementor-size-sm\" href=\"https:\/\/theprogthief.de\/gender-hinweis\/\">\n\t\t\t\t\t\t<span class=\"elementor-button-content-wrapper\">\n\t\t\t\t\t\t\t\t\t<span class=\"elementor-button-text\">Gender-Hinweis<\/span>\n\t\t\t\t\t<\/span>\n\t\t\t\t\t<\/a>\n\t\t\t\t<\/div>\n\t\t\t\t\t\t\t\t<\/div>\n\t\t\t\t<\/div>\n\t\t\t\t<\/div>\n\t\t\t\t<\/div>\n\t\t","protected":false},"excerpt":{"rendered":"<p>Review of Intourist. CD. 2024. Vintage Rock, Progressive Rock.<\/p>","protected":false},"author":1,"featured_media":5606,"parent":0,"menu_order":0,"comment_status":"closed","ping_status":"closed","template":"","meta":{"ocean_post_layout":"full-screen","ocean_both_sidebars_style":"","ocean_both_sidebars_content_width":0,"ocean_both_sidebars_sidebars_width":0,"ocean_sidebar":"","ocean_second_sidebar":"","ocean_disable_margins":"enable","ocean_add_body_class":"","ocean_shortcode_before_top_bar":"","ocean_shortcode_after_top_bar":"","ocean_shortcode_before_header":"","ocean_shortcode_after_header":"","ocean_has_shortcode":"","ocean_shortcode_after_title":"","ocean_shortcode_before_footer_widgets":"","ocean_shortcode_after_footer_widgets":"","ocean_shortcode_before_footer_bottom":"","ocean_shortcode_after_footer_bottom":"","ocean_display_top_bar":"off","ocean_display_header":"off","ocean_header_style":"","ocean_center_header_left_menu":"","ocean_custom_header_template":"","ocean_custom_logo":0,"ocean_custom_retina_logo":0,"ocean_custom_logo_max_width":0,"ocean_custom_logo_tablet_max_width":0,"ocean_custom_logo_mobile_max_width":0,"ocean_custom_logo_max_height":0,"ocean_custom_logo_tablet_max_height":0,"ocean_custom_logo_mobile_max_height":0,"ocean_header_custom_menu":"","ocean_menu_typo_font_family":"","ocean_menu_typo_font_subset":"","ocean_menu_typo_font_size":0,"ocean_menu_typo_font_size_tablet":0,"ocean_menu_typo_font_size_mobile":0,"ocean_menu_typo_font_size_unit":"px","ocean_menu_typo_font_weight":"","ocean_menu_typo_font_weight_tablet":"","ocean_menu_typo_font_weight_mobile":"","ocean_menu_typo_transform":"","ocean_menu_typo_transform_tablet":"","ocean_menu_typo_transform_mobile":"","ocean_menu_typo_line_height":0,"ocean_menu_typo_line_height_tablet":0,"ocean_menu_typo_line_height_mobile":0,"ocean_menu_typo_line_height_unit":"","ocean_menu_typo_spacing":0,"ocean_menu_typo_spacing_tablet":0,"ocean_menu_typo_spacing_mobile":0,"ocean_menu_typo_spacing_unit":"","ocean_menu_link_color":"","ocean_menu_link_color_hover":"","ocean_menu_link_color_active":"","ocean_menu_link_background":"","ocean_menu_link_hover_background":"","ocean_menu_link_active_background":"","ocean_menu_social_links_bg":"","ocean_menu_social_hover_links_bg":"","ocean_menu_social_links_color":"","ocean_menu_social_hover_links_color":"","ocean_disable_title":"on","ocean_disable_heading":"default","ocean_post_title":"","ocean_post_subheading":"","ocean_post_title_style":"","ocean_post_title_background_color":"","ocean_post_title_background":0,"ocean_post_title_bg_image_position":"","ocean_post_title_bg_image_attachment":"","ocean_post_title_bg_image_repeat":"","ocean_post_title_bg_image_size":"","ocean_post_title_height":0,"ocean_post_title_bg_overlay":0.5,"ocean_post_title_bg_overlay_color":"","ocean_disable_breadcrumbs":"default","ocean_breadcrumbs_color":"","ocean_breadcrumbs_separator_color":"","ocean_breadcrumbs_links_color":"","ocean_breadcrumbs_links_hover_color":"","ocean_display_footer_widgets":"off","ocean_display_footer_bottom":"off","ocean_custom_footer_template":"","footnotes":""},"class_list":["post-5747","page","type-page","status-publish","has-post-thumbnail","hentry","entry","has-media"],"_links":{"self":[{"href":"https:\/\/theprogthief.de\/en\/wp-json\/wp\/v2\/pages\/5747","targetHints":{"allow":["GET"]}}],"collection":[{"href":"https:\/\/theprogthief.de\/en\/wp-json\/wp\/v2\/pages"}],"about":[{"href":"https:\/\/theprogthief.de\/en\/wp-json\/wp\/v2\/types\/page"}],"author":[{"embeddable":true,"href":"https:\/\/theprogthief.de\/en\/wp-json\/wp\/v2\/users\/1"}],"replies":[{"embeddable":true,"href":"https:\/\/theprogthief.de\/en\/wp-json\/wp\/v2\/comments?post=5747"}],"version-history":[{"count":10,"href":"https:\/\/theprogthief.de\/en\/wp-json\/wp\/v2\/pages\/5747\/revisions"}],"predecessor-version":[{"id":30710,"href":"https:\/\/theprogthief.de\/en\/wp-json\/wp\/v2\/pages\/5747\/revisions\/30710"}],"wp:featuredmedia":[{"embeddable":true,"href":"https:\/\/theprogthief.de\/en\/wp-json\/wp\/v2\/media\/5606"}],"wp:attachment":[{"href":"https:\/\/theprogthief.de\/en\/wp-json\/wp\/v2\/media?parent=5747"}],"curies":[{"name":"wp","href":"https:\/\/api.w.org\/{rel}","templated":true}]}}