{"id":6756,"date":"2024-07-06T13:43:54","date_gmt":"2024-07-06T11:43:54","guid":{"rendered":"https:\/\/theprogthief.de\/?page_id=6756"},"modified":"2025-07-23T16:25:47","modified_gmt":"2025-07-23T14:25:47","slug":"the-unknown-by-the-vision-bleak","status":"publish","type":"page","link":"https:\/\/theprogthief.de\/en\/the-unknown-by-the-vision-bleak\/","title":{"rendered":"The Unknown by The Vision Bleak"},"content":{"rendered":"<div data-elementor-type=\"wp-page\" data-elementor-id=\"6756\" class=\"elementor elementor-6756\" data-elementor-post-type=\"page\">\n\t\t\t\t<div class=\"elementor-element elementor-element-ce21817 e-con-full e-flex e-con e-parent\" data-id=\"ce21817\" data-element_type=\"container\" data-e-type=\"container\" data-settings=\"{&quot;background_background&quot;:&quot;classic&quot;}\">\n\t\t\t\t<div class=\"elementor-element elementor-element-1a2f39e5 elementor-widget elementor-widget-heading\" data-id=\"1a2f39e5\" data-element_type=\"widget\" data-e-type=\"widget\" data-widget_type=\"heading.default\">\n\t\t\t\t<div class=\"elementor-widget-container\">\n\t\t\t\t\t<h2 class=\"elementor-heading-title elementor-size-default\"><a href=\"https:\/\/theprogthief.de\/en\/\"> The Prog-Thief<\/a><\/h2>\t\t\t\t<\/div>\n\t\t\t\t<\/div>\n\t\t\t\t<\/div>\n\t\t<div class=\"elementor-element elementor-element-5f71fcb4 e-con-full e-flex e-con e-parent\" data-id=\"5f71fcb4\" data-element_type=\"container\" data-e-type=\"container\" data-settings=\"{&quot;background_background&quot;:&quot;classic&quot;}\">\n\t\t\t\t<div class=\"elementor-element elementor-element-8e2f61f elementor-nav-menu--stretch elementor-widget__width-initial elementor-nav-menu__text-align-aside elementor-nav-menu--toggle elementor-nav-menu--burger elementor-invisible elementor-widget elementor-widget-global elementor-global-12513 elementor-widget-nav-menu\" data-id=\"8e2f61f\" data-element_type=\"widget\" data-e-type=\"widget\" data-settings=\"{&quot;layout&quot;:&quot;dropdown&quot;,&quot;submenu_icon&quot;:{&quot;value&quot;:&quot;fas fa-chevron-down&quot;,&quot;library&quot;:&quot;fa-solid&quot;},&quot;full_width&quot;:&quot;stretch&quot;,&quot;_animation&quot;:&quot;fadeInUp&quot;,&quot;toggle&quot;:&quot;burger&quot;}\" data-widget_type=\"nav-menu.default\">\n\t\t\t\t<div class=\"elementor-widget-container\">\n\t\t\t\t\t\t\t<div class=\"elementor-menu-toggle\" role=\"button\" tabindex=\"0\" aria-label=\"Menu Toggle\" aria-expanded=\"false\">\n\t\t\t<i aria-hidden=\"true\" role=\"presentation\" class=\"elementor-menu-toggle__icon--open eicon-menu-bar\"><\/i><i aria-hidden=\"true\" role=\"presentation\" class=\"elementor-menu-toggle__icon--close eicon-close\"><\/i>\t\t<\/div>\n\t\t\t\t\t<nav class=\"elementor-nav-menu--dropdown elementor-nav-menu__container\" aria-hidden=\"true\">\n\t\t\t\t<ul id=\"menu-2-8e2f61f\" class=\"elementor-nav-menu\"><li class=\"menu-item menu-item-type-post_type menu-item-object-page menu-item-home menu-item-12224\"><a href=\"https:\/\/theprogthief.de\/en\/\" class=\"elementor-item\" tabindex=\"-1\">Home<\/a><\/li>\n<li class=\"menu-item menu-item-type-post_type menu-item-object-page menu-item-24784\"><a href=\"https:\/\/theprogthief.de\/en\/ayreon-alben\/\" class=\"elementor-item\" tabindex=\"-1\">Ayreon<\/a><\/li>\n<li class=\"menu-item menu-item-type-post_type menu-item-object-page menu-item-24610\"><a href=\"https:\/\/theprogthief.de\/en\/porcupine-tree\/\" class=\"elementor-item\" tabindex=\"-1\">Porcupine Tree<\/a><\/li>\n<li class=\"menu-item menu-item-type-post_type menu-item-object-page menu-item-30976\"><a href=\"https:\/\/theprogthief.de\/en\/theatre-of-tragedy\/\" class=\"elementor-item\" tabindex=\"-1\">Theatre Of Tragedy<\/a><\/li>\n<li class=\"menu-item menu-item-type-post_type menu-item-object-page menu-item-has-children menu-item-12227\"><a rel=\"Keine\" href=\"https:\/\/theprogthief.de\/en\/rezensionen\/\" class=\"elementor-item\" tabindex=\"-1\">Reviews<\/a>\n<ul class=\"sub-menu elementor-nav-menu--dropdown\">\n\t<li class=\"menu-item menu-item-type-post_type menu-item-object-page menu-item-13299\"><a href=\"https:\/\/theprogthief.de\/en\/reviewsii\/\" class=\"elementor-sub-item\" tabindex=\"-1\">Reviews II<\/a><\/li>\n\t<li class=\"menu-item menu-item-type-post_type menu-item-object-page menu-item-13253\"><a href=\"https:\/\/theprogthief.de\/en\/reviews-iii\/\" class=\"elementor-sub-item\" tabindex=\"-1\">Reviews III<\/a><\/li>\n\t<li class=\"menu-item menu-item-type-post_type menu-item-object-page menu-item-20876\"><a href=\"https:\/\/theprogthief.de\/en\/reviews-iv\/\" class=\"elementor-sub-item\" tabindex=\"-1\">Reviews IV<\/a><\/li>\n\t<li class=\"menu-item menu-item-type-post_type menu-item-object-page menu-item-24240\"><a href=\"https:\/\/theprogthief.de\/en\/reviews-v\/\" class=\"elementor-sub-item\" tabindex=\"-1\">Reviews V<\/a><\/li>\n\t<li class=\"menu-item menu-item-type-post_type menu-item-object-page menu-item-24478\"><a href=\"https:\/\/theprogthief.de\/en\/rezensionen\/\" class=\"elementor-sub-item\" tabindex=\"-1\">Reviews A-Z<\/a><\/li>\n<\/ul>\n<\/li>\n<li class=\"menu-item menu-item-type-post_type menu-item-object-page menu-item-19217\"><a href=\"https:\/\/theprogthief.de\/en\/female-driven\/\" class=\"elementor-item\" tabindex=\"-1\">Female Driven<\/a><\/li>\n<li class=\"menu-item menu-item-type-post_type menu-item-object-page menu-item-12223\"><a href=\"https:\/\/theprogthief.de\/en\/was-ist-prog\/\" class=\"elementor-item\" tabindex=\"-1\">What is \"Prog\"?<\/a><\/li>\n<li class=\"menu-item menu-item-type-post_type menu-item-object-page menu-item-12222\"><a href=\"https:\/\/theprogthief.de\/en\/ueber-mich\/\" class=\"elementor-item\" tabindex=\"-1\">About Me<\/a><\/li>\n<\/ul>\t\t\t<\/nav>\n\t\t\t\t\t\t<\/div>\n\t\t\t\t<\/div>\n\t\t\t\t<\/div>\n\t\t<div class=\"elementor-element elementor-element-7805246c e-flex e-con-boxed e-con e-parent\" data-id=\"7805246c\" data-element_type=\"container\" data-e-type=\"container\" data-settings=\"{&quot;background_background&quot;:&quot;classic&quot;}\">\n\t\t\t\t\t<div class=\"e-con-inner\">\n\t\t\t\t<div class=\"elementor-element elementor-element-62fb2975 elementor-widget elementor-widget-heading\" data-id=\"62fb2975\" data-element_type=\"widget\" data-e-type=\"widget\" data-widget_type=\"heading.default\">\n\t\t\t\t<div class=\"elementor-widget-container\">\n\t\t\t\t\t<h2 class=\"elementor-heading-title elementor-size-default\">The Unknown by The Vision Bleak<\/h2>\t\t\t\t<\/div>\n\t\t\t\t<\/div>\n\t\t\t\t\t<\/div>\n\t\t\t\t<\/div>\n\t\t<div class=\"elementor-element elementor-element-1d719abb e-flex e-con-boxed e-con e-parent\" data-id=\"1d719abb\" data-element_type=\"container\" data-e-type=\"container\" data-settings=\"{&quot;background_background&quot;:&quot;classic&quot;}\">\n\t\t\t\t\t<div class=\"e-con-inner\">\n\t\t<div class=\"elementor-element elementor-element-60b7d606 e-con-full e-flex e-con e-child\" data-id=\"60b7d606\" data-element_type=\"container\" data-e-type=\"container\">\n\t\t<div class=\"elementor-element elementor-element-2a6200f e-flex e-con-boxed e-con e-child\" data-id=\"2a6200f\" data-element_type=\"container\" data-e-type=\"container\">\n\t\t\t\t\t<div class=\"e-con-inner\">\n\t\t\t\t<div class=\"elementor-element elementor-element-6f224706 elementor-widget elementor-widget-text-editor\" data-id=\"6f224706\" data-element_type=\"widget\" data-e-type=\"widget\" data-widget_type=\"text-editor.default\">\n\t\t\t\t<div class=\"elementor-widget-container\">\n\t\t\t\t\t\t\t\t\t<p><a href=\"https:\/\/theprogthief.de\/wp-content\/uploads\/2024\/07\/TVBTUFC1280.jpg\"><img fetchpriority=\"high\" decoding=\"async\" class=\"aligncenter wp-image-6775 size-medium\" src=\"https:\/\/theprogthief.de\/wp-content\/uploads\/2024\/07\/TVBTUFC350-300x267.jpg\" alt=\"Horror-Metal: The Unknown von The Vision Bleak CD\" width=\"300\" height=\"267\" srcset=\"https:\/\/theprogthief.de\/wp-content\/uploads\/2024\/07\/TVBTUFC350-300x267.jpg 300w, https:\/\/theprogthief.de\/wp-content\/uploads\/2024\/07\/TVBTUFC350-150x134.jpg 150w, https:\/\/theprogthief.de\/wp-content\/uploads\/2024\/07\/TVBTUFC350.jpg 350w\" sizes=\"(max-width: 300px) 100vw, 300px\" \/><\/a><\/p><p>I come from the dark German forest. Quickly calling the charming Gothic metal itself horror metal. Although the name means something like \"gloomy prospects\", the quality is not. Even if the sound seems a bit overloaded to me and the print on the cover and the booklet could be better. Actually, that already belongs in the conclusion, so let's talk about the two musicians and the music.<\/p><p><a href=\"https:\/\/theprogthief.de\/wp-content\/uploads\/2024\/07\/TVKTUIC1280.jpg\"><img decoding=\"async\" class=\"aligncenter wp-image-6777 size-medium\" src=\"https:\/\/theprogthief.de\/wp-content\/uploads\/2024\/07\/TVKTUIC350-300x147.jpg\" alt=\"Die Band im Schnee im Wald\" width=\"300\" height=\"147\" srcset=\"https:\/\/theprogthief.de\/wp-content\/uploads\/2024\/07\/TVKTUIC350-300x147.jpg 300w, https:\/\/theprogthief.de\/wp-content\/uploads\/2024\/07\/TVKTUIC350-150x73.jpg 150w, https:\/\/theprogthief.de\/wp-content\/uploads\/2024\/07\/TVKTUIC350.jpg 350w\" sizes=\"(max-width: 300px) 100vw, 300px\" \/><\/a><\/p><p>In the year 2000, the musicians Ulf Theodor Schwadorf (Markus Stock) and Allen B. Konstanz (Tobias Sch\u00f6nemann) founded The Vision-Bleak. They describe their music as horror metal, and their albums are stylistically based on horror films and literature. The Unknown was released in 2016 and is the first work by the band that I have heard. Powerful. Good vocals. Good melody and rhythm. Drama and theatricality are convincing. Smoother than the earlier albums, but still edgy enough. As a prog head, I liked the many prog elements right away, such as the lack of verse-chorus structure. For me, The Unknown is more than gothic metal.<\/p><p><a href=\"https:\/\/theprogthief.de\/wp-content\/uploads\/2024\/07\/TVLTUCD1280.jpg\"><img decoding=\"async\" class=\"aligncenter wp-image-6779 size-medium\" src=\"https:\/\/theprogthief.de\/wp-content\/uploads\/2024\/07\/TVLTUCD350-297x300.jpg\" alt=\"CD The Unknown von The Vision Bleak\" width=\"297\" height=\"300\" srcset=\"https:\/\/theprogthief.de\/wp-content\/uploads\/2024\/07\/TVLTUCD350-297x300.jpg 297w, https:\/\/theprogthief.de\/wp-content\/uploads\/2024\/07\/TVLTUCD350-148x150.jpg 148w, https:\/\/theprogthief.de\/wp-content\/uploads\/2024\/07\/TVLTUCD350.jpg 350w\" sizes=\"(max-width: 297px) 100vw, 297px\" \/><\/a><\/p><p>It starts off quietly with the short opener \u201cSpirits of the Dead\u201d, which is devoured by the wolf in the 07:08 long \u201cFrom Wolf to Peacock\u201d. Fat riffs, strong drums, beautifully flowing lyrics, symphonic black metal. The following \u201cThe Kindred of the Sunset\u201d has a nice speed, good short growls in the second voice and thus a dense atmosphere. Quiet break in the middle and then give it a go! The title song comes with 06:35. \u201cInto the Unknown\u201d takes us into the unknown, not musically of course. Beautiful sound, like a rock legend. Theatrical and wide. Together with \u201cKindred of the Sunset\u201d my first two highlights.<br \/>\u201cAncient Heart\u201d and \u201cThe whine of the Cementory Hound\u201d are doom and progressive. Definitely another highlight for me. Since the whole album is a highlight, I'll spare you that. \u201cHow Deep lies Tartaros\u201d and \u201cWho may oppose me\u201d are in no way inferior, although the latter gives us time to breathe purely instrumentally. Before we get to the closer \u201cThe Fragrancy of Soil Unearthed\u201d. What can I say? Another highlight, \u201chere I am King\u201d, and quite rightly so.<\/p><p><a href=\"https:\/\/theprogthief.de\/wp-content\/uploads\/2024\/07\/TVBTUBC1280.jpg\"><img loading=\"lazy\" decoding=\"async\" class=\"aligncenter wp-image-6772 size-medium\" src=\"https:\/\/theprogthief.de\/wp-content\/uploads\/2024\/07\/TVBTUBC350-300x135.jpg\" alt=\"Ruckseite der CD The Unknown von The Vision Bleak\" width=\"300\" height=\"135\" srcset=\"https:\/\/theprogthief.de\/wp-content\/uploads\/2024\/07\/TVBTUBC350-300x135.jpg 300w, https:\/\/theprogthief.de\/wp-content\/uploads\/2024\/07\/TVBTUBC350-150x67.jpg 150w, https:\/\/theprogthief.de\/wp-content\/uploads\/2024\/07\/TVBTUBC350.jpg 350w\" sizes=\"(max-width: 300px) 100vw, 300px\" \/><\/a><\/p><p>Conclusion? For prog-heads: buy it. And for gothic and metal fans, even more so.<\/p><p>The photos are all from my CD. The rights to all motifs, logos, texts and fonts that can be seen in the photos are of course owned by the copyright holder.<\/p>\t\t\t\t\t\t\t\t<\/div>\n\t\t\t\t<\/div>\n\t\t\t\t\t<\/div>\n\t\t\t\t<\/div>\n\t\t\t\t<\/div>\n\t\t\t\t\t<\/div>\n\t\t\t\t<\/div>\n\t\t<div class=\"elementor-element elementor-element-769f1580 e-flex e-con-boxed e-con e-parent\" data-id=\"769f1580\" data-element_type=\"container\" data-e-type=\"container\" data-settings=\"{&quot;background_background&quot;:&quot;classic&quot;}\">\n\t\t\t\t\t<div class=\"e-con-inner\">\n\t\t<div class=\"elementor-element elementor-element-22d827e3 e-con-full e-flex e-con e-child\" data-id=\"22d827e3\" data-element_type=\"container\" data-e-type=\"container\">\n\t\t\t\t<div class=\"elementor-element elementor-element-4760c34b elementor-widget elementor-widget-video\" data-id=\"4760c34b\" data-element_type=\"widget\" data-e-type=\"widget\" data-settings=\"{&quot;youtube_url&quot;:&quot;https:\\\/\\\/www.youtube.com\\\/watch?v=nzPj3bE7Dwo&quot;,&quot;video_type&quot;:&quot;youtube&quot;,&quot;controls&quot;:&quot;yes&quot;}\" data-widget_type=\"video.default\">\n\t\t\t\t<div class=\"elementor-widget-container\">\n\t\t\t\t\t\t\t<div class=\"elementor-wrapper elementor-open-inline\">\n\t\t\t<div class=\"elementor-video\"><\/div>\t\t<\/div>\n\t\t\t\t\t\t<\/div>\n\t\t\t\t<\/div>\n\t\t\t\t<\/div>\n\t\t<div class=\"elementor-element elementor-element-68e63ac7 e-con-full e-flex e-con e-child\" data-id=\"68e63ac7\" data-element_type=\"container\" data-e-type=\"container\">\n\t\t\t\t<div class=\"elementor-element elementor-element-3e6d72f5 elementor-widget elementor-widget-video\" data-id=\"3e6d72f5\" data-element_type=\"widget\" data-e-type=\"widget\" data-settings=\"{&quot;youtube_url&quot;:&quot;https:\\\/\\\/www.youtube.com\\\/watch?v=0j3L7ASQRxM&amp;list=OLAK5uy_kpFh-E7f82EKHx3Jn53PPeZcCUIFuj-dk&amp;index=3&quot;,&quot;video_type&quot;:&quot;youtube&quot;,&quot;controls&quot;:&quot;yes&quot;}\" data-widget_type=\"video.default\">\n\t\t\t\t<div class=\"elementor-widget-container\">\n\t\t\t\t\t\t\t<div class=\"elementor-wrapper elementor-open-inline\">\n\t\t\t<div class=\"elementor-video\"><\/div>\t\t<\/div>\n\t\t\t\t\t\t<\/div>\n\t\t\t\t<\/div>\n\t\t\t\t<\/div>\n\t\t<div class=\"elementor-element elementor-element-4af1a80a e-con-full e-flex e-con e-child\" data-id=\"4af1a80a\" data-element_type=\"container\" data-e-type=\"container\">\n\t\t\t\t<div class=\"elementor-element elementor-element-b39b9a1 elementor-widget elementor-widget-video\" data-id=\"b39b9a1\" data-element_type=\"widget\" data-e-type=\"widget\" data-settings=\"{&quot;youtube_url&quot;:&quot;https:\\\/\\\/www.youtube.com\\\/watch?v=B4uRm2d3QQk&amp;list=OLAK5uy_kpFh-E7f82EKHx3Jn53PPeZcCUIFuj-dk&amp;index=9&quot;,&quot;video_type&quot;:&quot;youtube&quot;,&quot;controls&quot;:&quot;yes&quot;}\" data-widget_type=\"video.default\">\n\t\t\t\t<div class=\"elementor-widget-container\">\n\t\t\t\t\t\t\t<div class=\"elementor-wrapper elementor-open-inline\">\n\t\t\t<div class=\"elementor-video\"><\/div>\t\t<\/div>\n\t\t\t\t\t\t<\/div>\n\t\t\t\t<\/div>\n\t\t\t\t<\/div>\n\t\t\t\t\t<\/div>\n\t\t\t\t<\/div>\n\t\t<div class=\"elementor-element elementor-element-205de1a1 e-con-full e-flex e-con e-parent\" data-id=\"205de1a1\" data-element_type=\"container\" data-e-type=\"container\" data-settings=\"{&quot;background_background&quot;:&quot;classic&quot;}\">\n\t\t\t\t<div class=\"elementor-element elementor-element-7248f568 elementor-widget__width-initial elementor-widget-mobile__width-initial elementor-widget elementor-widget-text-editor\" data-id=\"7248f568\" data-element_type=\"widget\" data-e-type=\"widget\" data-widget_type=\"text-editor.default\">\n\t\t\t\t<div class=\"elementor-widget-container\">\n\t\t\t\t\t\t\t\t\t<p style=\"text-align: left;\"><span style=\"color: #000000;\"><strong>J. Specht<br \/><\/strong><\/span>info@theprogthief.de<\/p>\t\t\t\t\t\t\t\t<\/div>\n\t\t\t\t<\/div>\n\t\t\t\t<div class=\"elementor-element elementor-element-2e40948e elementor-align-center elementor-widget elementor-widget-button\" data-id=\"2e40948e\" data-element_type=\"widget\" data-e-type=\"widget\" data-widget_type=\"button.default\">\n\t\t\t\t<div class=\"elementor-widget-container\">\n\t\t\t\t\t\t\t\t\t<div class=\"elementor-button-wrapper\">\n\t\t\t\t\t<a class=\"elementor-button elementor-button-link elementor-size-sm\" href=\"https:\/\/theprogthief.de\/en\/impressum\/\">\n\t\t\t\t\t\t<span class=\"elementor-button-content-wrapper\">\n\t\t\t\t\t\t\t\t\t<span class=\"elementor-button-text\">Imprint<\/span>\n\t\t\t\t\t<\/span>\n\t\t\t\t\t<\/a>\n\t\t\t\t<\/div>\n\t\t\t\t\t\t\t\t<\/div>\n\t\t\t\t<\/div>\n\t\t\t\t<div class=\"elementor-element elementor-element-54c17707 elementor-align-center elementor-widget elementor-widget-button\" data-id=\"54c17707\" data-element_type=\"widget\" data-e-type=\"widget\" data-widget_type=\"button.default\">\n\t\t\t\t<div class=\"elementor-widget-container\">\n\t\t\t\t\t\t\t\t\t<div class=\"elementor-button-wrapper\">\n\t\t\t\t\t<a class=\"elementor-button elementor-button-link elementor-size-sm\" href=\"https:\/\/theprogthief.de\/en\/datenschutzerklaerung\/\">\n\t\t\t\t\t\t<span class=\"elementor-button-content-wrapper\">\n\t\t\t\t\t\t\t\t\t<span class=\"elementor-button-text\">Privacy Policy<\/span>\n\t\t\t\t\t<\/span>\n\t\t\t\t\t<\/a>\n\t\t\t\t<\/div>\n\t\t\t\t\t\t\t\t<\/div>\n\t\t\t\t<\/div>\n\t\t\t\t<div class=\"elementor-element elementor-element-4a4d5f elementor-align-center elementor-widget elementor-widget-button\" data-id=\"4a4d5f\" data-element_type=\"widget\" data-e-type=\"widget\" data-widget_type=\"button.default\">\n\t\t\t\t<div class=\"elementor-widget-container\">\n\t\t\t\t\t\t\t\t\t<div class=\"elementor-button-wrapper\">\n\t\t\t\t\t<a class=\"elementor-button elementor-button-link elementor-size-sm\" href=\"https:\/\/theprogthief.de\/en\/gender-hinweis\/\">\n\t\t\t\t\t\t<span class=\"elementor-button-content-wrapper\">\n\t\t\t\t\t\t\t\t\t<span class=\"elementor-button-text\">Gender Reference<\/span>\n\t\t\t\t\t<\/span>\n\t\t\t\t\t<\/a>\n\t\t\t\t<\/div>\n\t\t\t\t\t\t\t\t<\/div>\n\t\t\t\t<\/div>\n\t\t\t\t<\/div>\n\t\t\t\t<\/div>","protected":false},"excerpt":{"rendered":"<p>The Prog-Thief The Unknown by The Vision Bleak Vom dunklen deutschen Wald, da komm ich her. Flugs den charmanten Gothic-Metal selbst Horror-Metal nennen. Obwohl der Name ungef\u00e4hr &#8222;d\u00fcstere Aussichten&#8220; bedeutet, ist die Qualit\u00e4t es nicht. Auch wenn mir der Sound etwas zu \u00fcberladen scheint und der Druck der H\u00fclle und des Booklets besser sein k\u00f6nnte. [&hellip;]<\/p>\n","protected":false},"author":1,"featured_media":0,"parent":0,"menu_order":0,"comment_status":"closed","ping_status":"closed","template":"","meta":{"ocean_post_layout":"full-screen","ocean_both_sidebars_style":"","ocean_both_sidebars_content_width":0,"ocean_both_sidebars_sidebars_width":0,"ocean_sidebar":"","ocean_second_sidebar":"","ocean_disable_margins":"enable","ocean_add_body_class":"","ocean_shortcode_before_top_bar":"","ocean_shortcode_after_top_bar":"","ocean_shortcode_before_header":"","ocean_shortcode_after_header":"","ocean_has_shortcode":"","ocean_shortcode_after_title":"","ocean_shortcode_before_footer_widgets":"","ocean_shortcode_after_footer_widgets":"","ocean_shortcode_before_footer_bottom":"","ocean_shortcode_after_footer_bottom":"","ocean_display_top_bar":"off","ocean_display_header":"off","ocean_header_style":"","ocean_center_header_left_menu":"","ocean_custom_header_template":"","ocean_custom_logo":0,"ocean_custom_retina_logo":0,"ocean_custom_logo_max_width":0,"ocean_custom_logo_tablet_max_width":0,"ocean_custom_logo_mobile_max_width":0,"ocean_custom_logo_max_height":0,"ocean_custom_logo_tablet_max_height":0,"ocean_custom_logo_mobile_max_height":0,"ocean_header_custom_menu":"","ocean_menu_typo_font_family":"","ocean_menu_typo_font_subset":"","ocean_menu_typo_font_size":0,"ocean_menu_typo_font_size_tablet":0,"ocean_menu_typo_font_size_mobile":0,"ocean_menu_typo_font_size_unit":"px","ocean_menu_typo_font_weight":"","ocean_menu_typo_font_weight_tablet":"","ocean_menu_typo_font_weight_mobile":"","ocean_menu_typo_transform":"","ocean_menu_typo_transform_tablet":"","ocean_menu_typo_transform_mobile":"","ocean_menu_typo_line_height":0,"ocean_menu_typo_line_height_tablet":0,"ocean_menu_typo_line_height_mobile":0,"ocean_menu_typo_line_height_unit":"","ocean_menu_typo_spacing":0,"ocean_menu_typo_spacing_tablet":0,"ocean_menu_typo_spacing_mobile":0,"ocean_menu_typo_spacing_unit":"","ocean_menu_link_color":"","ocean_menu_link_color_hover":"","ocean_menu_link_color_active":"","ocean_menu_link_background":"","ocean_menu_link_hover_background":"","ocean_menu_link_active_background":"","ocean_menu_social_links_bg":"","ocean_menu_social_hover_links_bg":"","ocean_menu_social_links_color":"","ocean_menu_social_hover_links_color":"","ocean_disable_title":"on","ocean_disable_heading":"default","ocean_post_title":"","ocean_post_subheading":"","ocean_post_title_style":"","ocean_post_title_background_color":"","ocean_post_title_background":0,"ocean_post_title_bg_image_position":"","ocean_post_title_bg_image_attachment":"","ocean_post_title_bg_image_repeat":"","ocean_post_title_bg_image_size":"","ocean_post_title_height":0,"ocean_post_title_bg_overlay":0.5,"ocean_post_title_bg_overlay_color":"","ocean_disable_breadcrumbs":"default","ocean_breadcrumbs_color":"","ocean_breadcrumbs_separator_color":"","ocean_breadcrumbs_links_color":"","ocean_breadcrumbs_links_hover_color":"","ocean_display_footer_widgets":"off","ocean_display_footer_bottom":"off","ocean_custom_footer_template":"","footnotes":""},"class_list":["post-6756","page","type-page","status-publish","hentry","entry"],"_links":{"self":[{"href":"https:\/\/theprogthief.de\/en\/wp-json\/wp\/v2\/pages\/6756","targetHints":{"allow":["GET"]}}],"collection":[{"href":"https:\/\/theprogthief.de\/en\/wp-json\/wp\/v2\/pages"}],"about":[{"href":"https:\/\/theprogthief.de\/en\/wp-json\/wp\/v2\/types\/page"}],"author":[{"embeddable":true,"href":"https:\/\/theprogthief.de\/en\/wp-json\/wp\/v2\/users\/1"}],"replies":[{"embeddable":true,"href":"https:\/\/theprogthief.de\/en\/wp-json\/wp\/v2\/comments?post=6756"}],"version-history":[{"count":10,"href":"https:\/\/theprogthief.de\/en\/wp-json\/wp\/v2\/pages\/6756\/revisions"}],"predecessor-version":[{"id":20984,"href":"https:\/\/theprogthief.de\/en\/wp-json\/wp\/v2\/pages\/6756\/revisions\/20984"}],"wp:attachment":[{"href":"https:\/\/theprogthief.de\/en\/wp-json\/wp\/v2\/media?parent=6756"}],"curies":[{"name":"wp","href":"https:\/\/api.w.org\/{rel}","templated":true}]}}